{"id":29,"date":"2024-01-08T13:10:46","date_gmt":"2024-01-08T11:10:46","guid":{"rendered":"https:\/\/cmu-edu.eu\/achizitii\/?page_id=29"},"modified":"2024-01-09T10:35:25","modified_gmt":"2024-01-09T08:35:25","slug":"inv-participare-simplificate","status":"publish","type":"page","link":"https:\/\/cmu-edu.eu\/achizitii\/achizitii-publice\/inv-participare-simplificate\/","title":{"rendered":"Invita\u021bii de participare\/Anunturi de participare simplificate"},"content":{"rendered":"<ul class=\"lista-doi\">\n<li>08.09.2021 -&#8222;Extindere (construire) spatii de \u00eenv\u0103\u021b\u0103m\u00e2nt \u0219i laboratoare &#8211; parter, str. Cuartului, nr. 2, Constanta&#8221; &#8211;\u00a0 Anunt de participare simplificat nr <a href=\"https:\/\/cmu-edu.eu\/wp-content\/uploads\/2021\/09\/SCN1092602-Anunt-de-participare-simplificat.pdf\">SCN1092602 <\/a><\/li>\n<li>30.07.2021 &#8211; &#8222;Extindere (construire) spatii de \u00eenv\u0103\u021b\u0103m\u00e2nt \u0219i laboratoare &#8211; parter, str. Cuartului, nr. 2, Constanta&#8221; &#8211;\u00a0 Anunt de participare simplificat nr<a href=\"https:\/\/cmu-edu.eu\/wp-content\/uploads\/2021\/08\/SCN1090277-Anunt-de-participare-simplificat.pdf\">SCN1090277 <\/a><span style=\"color: #ff0000;\">(ANULATA: NU S-AU DEPUS OFERTE)<\/span><\/li>\n<li>08.04.2021-,,Furnizare gaze naturale, inclusiv transport, distributie si alte asemenea\u201d &#8211;\u00a0 Anunt de participare simplificat nr <a href=\"https:\/\/cmu-edu.eu\/wp-content\/uploads\/2021\/05\/SCN1084267-Anunt-de-participare-simplificat-gaze-.pdf\">SCN1084267<\/a><\/li>\n<li>07.04.2021-,,Furnizare energie electric\u0103, inclusiv transport, sistem \u0219i distribu\u021bie\u201d &#8211;\u00a0 Anunt de participare simplificat nr <a href=\"https:\/\/cmu-edu.eu\/wp-content\/uploads\/2021\/05\/SCN1084207-Anunt-de-participare-simplificat-energie.pdf\">SCN1084207<\/a><\/li>\n<li>17.03.2020 -,,Furnizare energie electric\u0103, inclusiv transport, sistem \u0219i distribu\u021bie\u201d &#8211;\u00a0 Anunt de participare simplificat nr <a href=\"https:\/\/cmu-edu.eu\/wp-content\/uploads\/2020\/03\/SCN1065320-Anunt-de-participare-simplificat-1.pdf\">SCN1065320<\/a><\/li>\n<li>12.03.2020 &#8211; ,,Furnizare gaze naturale, inclusiv transport, distribu\u0163ie \u015fi altele asemenea\u201d-\u00a0 Anunt de participare simplificat nr <a href=\"https:\/\/cmu-edu.eu\/wp-content\/uploads\/2020\/03\/SCN1065047-Anunt-de-participare-simplificat-1.pdf\">SCN1065047 \/12.03.2020<\/a><\/li>\n<li>13.12.2019 &#8211; LOT 1_MICROBUZ nou tip M2, 19+1+1 LOCURI -1 buc; LOT 2_MICROBUZ nou tip M2, 22+1+1 LOCURI\u00a0 -1 buc &#8211;\u00a0 Anunt de participare simplificat nr <a href=\"https:\/\/cmu-edu.eu\/wp-content\/uploads\/2019\/12\/SCN1059692-Anunt-de-participare-simplificat.pdf\">SCN1059692\/02.12.2019<\/a><\/li>\n<li>14.10.2019 &#8211; &#8222;Servicii de paz\u0103 \u0219i protec\u021bie, monitorizare \u0219i interven\u021bie, mentenan\u021b\u0103 preventiv\u0103 \u0219i corectiv\u0103; Servicii de paz\u0103 a transporturilor de bunuri \u0219i valori &#8211; Anunt de participare simplificat nr<a href=\"https:\/\/cmu-edu.eu\/wp-content\/uploads\/2019\/09\/Anunt-de-participare-simplificat-nr-SCN1054356-30.09.2019.pdf\"> SCN1054356\/30.09.2019<\/a><\/li>\n<li>08.03.2019 -&#8222;Servicii de formare profesional\u0103 \u00een domeniul Dynamic positioning (DP)\u201d &#8211; Anunt de participare simplificat <a href=\"https:\/\/cmu-edu.eu\/wp-content\/uploads\/2019\/03\/Anunt-de-publicitate-simplificat-si-Fisa-de-date-a-achizitiei.pdf\">SCN1039243\/08.03.2019<\/a><\/li>\n<li>22.02.2019 &#8211; Furnizare gaze naturale, inclusiv transport, distribu\u0163ie \u015fi altele asemenea &#8211; Anun\u021b de participare simplificat <a href=\"https:\/\/cmu-edu.eu\/wp-content\/uploads\/2019\/02\/Anunt-de-participare-si-Fisa-de-date-a-achizitiei.pdf\">SCN1038266\/22.02.2019<\/a><\/li>\n<li>19.02.2019 &#8211; Furnizare energie electric\u0103, inclusiv transport, sistem \u0219i distribu\u021bie &#8211; Anun\u021b de participare simplificat <a href=\"https:\/\/cmu-edu.eu\/wp-content\/uploads\/2019\/02\/Invitatie-de-participare-si-fisa-de-date-a-achizitiei.pdf\">SCN1037988\/19.02.2019<\/a><\/li>\n<li>29.10.2018 &#8211; Servicii de paza si protectie, monitorizare si interventie, mentenanta preventiva si corectiva; Servicii de paza a transporturilor de bunuri si valori &#8211; Anunt de participare simplificat <a href=\"https:\/\/cmu-edu.eu\/wp-content\/uploads\/2018\/10\/Servicii-de-paza.pdf\">SCN1019285\/05.10.2018<\/a><\/li>\n<li>05.04.2018-Furnizare gaze naturale, inclusiv transport, distributie \u0219i altele asemenea-Anunt de participare simplificat <a href=\"https:\/\/cmu-edu.eu\/wp-content\/uploads\/2018\/04\/Anunt-de-participare-simplificat-nr.-SCN1000007-05.04.2018.pdf\">SCN1000007-05.04.2018<\/a><\/li>\n<li><a href=\"https:\/\/cmu-edu.eu\/wp-content\/uploads\/2018\/03\/Detaliu-anunt-simplificat-si-Fisa-de-date-Acord-cadru-Furnizare-energie-electrica-inclusiv-transport-sistem-si-distributie.pdf\">19.03.2018_Acord-cadru Furnizare energie electrica, inclusiv transport, sistem si distributie-Invitatie de participare si Fisa de date a achizitiei<\/a><\/li>\n<li><a href=\"https:\/\/cmu-edu.eu\/wp-content\/uploads\/2018\/03\/Invitatie-de-participare-si-Fisa-de-date-a-achizitiei-Furnizare-gaze-naturale-inclusiv-transport-distributie-si-altele-asemenea.pdf\">13.03.2018 &#8211; Furnizare gaze naturale, inclusiv transport, distributie si altele asemenea-Anunt de participare simplificat si Fisa de date a achizitiei<\/a><\/li>\n<li><a href=\"https:\/\/cmu-edu.eu\/wp-content\/uploads\/2018\/10\/Anunt-de-participare-simplificat-415072-05.10.2017.pdf\">05.10.2017 -Servicii de paz\u0103 \u0219i protec\u021bie, monitorizare \u0219i interven\u021bie; Servicii de paz\u0103 a transporturilor de bunuri \u0219i valori &#8211; Anunt de participare simplificat 415072-05.10.2017<\/a><\/li>\n<li><a href=\"https:\/\/cmu-edu.eu\/wp-content\/uploads\/2015\/05\/Procedura-simplificata_Acord-cadru-Furnizare-energie-electrica-inclusiv-transport-sistem-si-distributie.pdf\">28.04.2017-Acord-cadru Furnizare energie electrica, inclusiv transport, sistem si distributie<\/a><\/li>\n<li><a href=\"https:\/\/cmu-edu.eu\/wp-content\/uploads\/2015\/05\/20.03.2017-Hartie-art-de-birotica-si-papetarie-Lot-1-Cartuse-si-tonere-Lot-2-Unitati-de-imagine-Lot-3-Cerneala-tipografica-Lot-4.pdf\">20.03.2017-Hartie, art de birotica si papetarie Lot 1, Cartuse si tonere Lot 2, Unitati de imagine Lot 3, Cerneala tipografica Lot 4<\/a><\/li>\n<li><a href=\"https:\/\/cmu-edu.eu\/wp-content\/uploads\/2016\/05\/achizitie-hartie.pdf\" target=\"_blank\" rel=\"noopener noreferrer\">17.05.2016-Hartie, articole de birotica si papetarie, consumabile pentru tehnica de calcul: LOT I si LOT II.<\/a><\/li>\n<li><a href=\"https:\/\/cmu-edu.eu\/wp-content\/uploads\/2015\/05\/25.11.2015-Echipamente-informatice_LotILotII-si-LotIII.pdf\" target=\"_blank\" rel=\"noopener noreferrer\">25.11.2015-Echipamente informatice_LotI,LotII si LotIII<\/a><\/li>\n<li><a href=\"https:\/\/cmu-edu.eu\/wp-content\/uploads\/2015\/07\/08.07.2015-Consumabile-pentru-tehnica-de-calcul-Invitatie-de-participare-SEAP-nr-375684.pdf\" target=\"_blank\" rel=\"noopener noreferrer\">08.07.2015-Consumabile pentru tehnica de calcul -Invitatie de participare SEAP nr. 375684<\/a><\/li>\n<li><a href=\"https:\/\/cmu-edu.eu\/achiziti\/12.05.2015%20-%20Update-upgrade-software.pdf\" target=\"_blank\" rel=\"noopener noreferrer\">12.05.2015 &#8211; Update si upgrade software Complex de Simulare DP2-K-POS si servicii de mentenanta<\/a><\/li>\n<li><a href=\"https:\/\/cmu-edu.eu\/achiziti\/16.10.2014%20-%20Mobilier%20pentru%20sali%20de%20curs,%20laboratoare%20si%20semniarii.pdf\" target=\"_blank\" rel=\"noopener noreferrer\">16.10.2014 &#8211; Mobilier pentru sali de curs, laboratoare si semniarii<\/a><\/li>\n<li><a href=\"https:\/\/cmu-edu.eu\/achiziti\/29.07.2014%20-%20Complex%20de%20simulare%20ECDIS%20%28Electronic%20Chart%20Display%20and%20Information%20System%29.pdf\" target=\"_blank\" rel=\"noopener noreferrer\">29.07.2014 &#8211; Complex de simulare ECDIS (Electronic Chart Display and Information System)<\/a><\/li>\n<li><a href=\"https:\/\/cmu-edu.eu\/achiziti\/02.06.2014%20-%20Mobilier%20pentru%20salile%20de%20curs.pdf\" target=\"_blank\" rel=\"noopener noreferrer\">02.06.2014 &#8211; Mobilier pentru salile de curs<\/a><\/li>\n<li><a href=\"https:\/\/cmu-edu.eu\/achiziti\/22.04.2014%20-%20Consumabile%20pentru%20tehnica%20de%20calcul%20hartie%20articole%20de%20birotica%20si%20papetarie.pdf\" target=\"_blank\" rel=\"noopener noreferrer\">22.04.2014 &#8211; Consumabile pentru tehnica de calcul, h\u00e2rtie, articole de birotic\u0103 \u015fi papet\u0103rie<\/a><\/li>\n<li><a href=\"https:\/\/cmu-edu.eu\/achiziti\/17.03.2014%20-%20Consumabile%20pentru%20tehnica%20de%20calcul,%20hartie,%20articole%20de%20birotica%20si%20papetarie.pdf\" target=\"_blank\" rel=\"noopener noreferrer\">17.03.2014 &#8211; Consumabile pentru tehnica de calcul, hartie, articole de birotica si papetarie<\/a><\/li>\n<\/ul>\n","protected":false},"excerpt":{"rendered":"<p>08.09.2021 -&#8222;Extindere (construire) spatii de \u00eenv\u0103\u021b\u0103m\u00e2nt \u0219i laboratoare &#8211; parter, str. Cuartului, nr. 2, Constanta&#8221; &#8211;\u00a0 Anunt de participare simplificat nr SCN1092602 30.07.2021 &#8211; &#8222;Extindere (construire) spatii de \u00eenv\u0103\u021b\u0103m\u00e2nt \u0219i laboratoare &#8211; parter, str. Cuartului, nr. 2, Constanta&#8221; &#8211;\u00a0 Anunt de participare simplificat nrSCN1090277 (ANULATA: NU S-AU DEPUS OFERTE) 08.04.2021-,,Furnizare gaze naturale, inclusiv transport, distributie [&hellip;]<\/p>\n","protected":false},"author":4,"featured_media":0,"parent":18,"menu_order":0,"comment_status":"closed","ping_status":"closed","template":"","meta":{"footnotes":""},"class_list":["post-29","page","type-page","status-publish","hentry"],"_links":{"self":[{"href":"https:\/\/cmu-edu.eu\/achizitii\/wp-json\/wp\/v2\/pages\/29","targetHints":{"allow":["GET"]}}],"collection":[{"href":"https:\/\/cmu-edu.eu\/achizitii\/wp-json\/wp\/v2\/pages"}],"about":[{"href":"https:\/\/cmu-edu.eu\/achizitii\/wp-json\/wp\/v2\/types\/page"}],"author":[{"embeddable":true,"href":"https:\/\/cmu-edu.eu\/achizitii\/wp-json\/wp\/v2\/users\/4"}],"replies":[{"embeddable":true,"href":"https:\/\/cmu-edu.eu\/achizitii\/wp-json\/wp\/v2\/comments?post=29"}],"version-history":[{"count":2,"href":"https:\/\/cmu-edu.eu\/achizitii\/wp-json\/wp\/v2\/pages\/29\/revisions"}],"predecessor-version":[{"id":59,"href":"https:\/\/cmu-edu.eu\/achizitii\/wp-json\/wp\/v2\/pages\/29\/revisions\/59"}],"up":[{"embeddable":true,"href":"https:\/\/cmu-edu.eu\/achizitii\/wp-json\/wp\/v2\/pages\/18"}],"wp:attachment":[{"href":"https:\/\/cmu-edu.eu\/achizitii\/wp-json\/wp\/v2\/media?parent=29"}],"curies":[{"name":"wp","href":"https:\/\/api.w.org\/{rel}","templated":true}]}}