{"id":46,"date":"2024-01-08T13:20:58","date_gmt":"2024-01-08T11:20:58","guid":{"rendered":"https:\/\/cmu-edu.eu\/achizitii\/?page_id=46"},"modified":"2024-01-09T10:54:00","modified_gmt":"2024-01-09T08:54:00","slug":"por-extindere-corp-bn","status":"publish","type":"page","link":"https:\/\/cmu-edu.eu\/achizitii\/achizitii-publice\/por-extindere-corp-bn\/","title":{"rendered":"POR 2014-2020 Extindere Corp B-Baza Nautic\u0103"},"content":{"rendered":"<p>06.07.2023<strong>&#8211; <span style=\"color: #0000ff\"><a style=\"color: #0000ff\" href=\"https:\/\/cmu-edu.eu\/wp-content\/uploads\/2023\/07\/ADV1373171.pdf\">ADV1373171<\/a><\/span><\/strong> \u0219i <span style=\"color: #0000ff\"><strong><a style=\"color: #0000ff\" href=\"https:\/\/cmu-edu.eu\/wp-content\/uploads\/2023\/07\/Fise-tehnice-produse.pdf\">Fise tehnice produse <\/a><\/strong><span style=\"color: #000000\">p<\/span><\/span>entru &#8222;Pichei PSI complet echipat, 1 buc; Sting\u0103tor de incendiu portabil tip P6, 13 buc; Sting\u0103tor incendiu cu spuma tip SM6, 5 buc&#8221;, proiect <em>\u201dExtindere, Reabilitare, Modernizare si Echipare Infrastructura Educationala Universitara Corp B-Baza Nautica (Sediul Lac Mamaia) Str.Cuartului nr.2, Constanta, cod SMIS 120979<\/em><\/p>\n<p>10.04.2023<strong>&#8211;<\/strong><a href=\"https:\/\/cmu-edu.eu\/wp-content\/uploads\/2023\/04\/Contract-TUTTO-MOBILI_Redacted.pdf\"><strong>Contract TUTTO MOBILI<\/strong> <\/a><em>MOBILIER: Mas\u0103 modular\u0103 amfiteatru mare; Mas\u0103 consiliu; Cuiere cu ag\u0103\u021b\u0103tori; Rastele metalice; Dulapuri prev\u0103zute cu u\u0219i, pentru materiale de cur\u0103\u021benie; Stendere mobile pentru umera\u0219e pentru investitie \u201dExtindere, Reabilitare, Modernizare si Echipare Infrastructura Educationala Universitara Corp B-Baza Nautica (Sediul Lac Mamaia) Str.Cuartului nr.2, Constanta, cod SMIS 120979<\/em><\/p>\n<p>28.03.2023<strong>&#8211;<a href=\"https:\/\/cmu-edu.eu\/wp-content\/uploads\/2023\/03\/Contract-QUARTZ-MATRIX-.pdf\">Contract QUARTZ MATRIX <\/a><\/strong>\u201c<em>VIDEOPROIECTOARE CU SUPORTURI \u0218I ECRANE DE PROIEC\u021aIE; SISTEME DE SONORIZARE; FOTOCOPIATOR \u0218I IMPRIMANT\u0102<\/em>\u201d pentru investitie \u201dExtindere, Reabilitare, Modernizare si Echipare Infrastructura Educationala Universitara Corp B-Baza Nautica (Sediul Lac Mamaia) Str.Cuartului nr.2, Constanta, cod SMIS 120979<\/p>\n<p>23.02.2023-<strong><a href=\"https:\/\/cmu-edu.eu\/wp-content\/uploads\/2023\/03\/Contract-subsecvent-mobilier-ONAC-pentru-POR-.pdf\">Contract subsecvent 2 mobilier ONAC pentru POR<\/a><\/strong> \u0219i <a href=\"https:\/\/cmu-edu.eu\/wp-content\/uploads\/2023\/03\/Contract-subsecvent-4-scaune-ONAC-pentru-POR.pdf\"><strong>Contract subsecvent 4 scaune ONAC pentru POR<\/strong><\/a> si <strong><a href=\"https:\/\/cmu-edu.eu\/wp-content\/uploads\/2023\/03\/Proces-verbal-de-receptie-mobilier-contract-subsecvent-4.pdf\">Proces verbal de receptie mobilier contract subsecvent 4<\/a><\/strong> pentru investitie \u201dExtindere, Reabilitare, Modernizare si Echipare Infrastructura Educationala Universitara Corp B-Baza Nautica (Sediul Lac Mamaia) Str.Cuartului nr.2, Constanta, cod SMIS 120979<\/p>\n<p>30.01.2023- \u201cVIDEOPROIECTOARE CU SUPORTURI \u0218I ECRANE DE PROIEC\u021aIE; SISTEME DE SONORIZARE; FOTOCOPIATOR \u0218I IMPRIMANT\u0102\u201d pentru investitie \u201dExtindere, Reabilitare, Modernizare si Echipare Infrastructura Educationala Universitara Corp B-Baza Nautica (Sediul Lac Mamaia) Str.Cuartului nr.2, Constanta, cod SMIS 120979 <a href=\"https:\/\/cmu-edu.eu\/wp-content\/uploads\/2023\/02\/SCN1119822-Anunt-de-participare-simplificat.pdf\">SCN1119822 Anunt de participare simplificat<\/a><\/p>\n<p>20.01.2023 -\u201cMOBILIER: Mas\u0103 modular\u0103 amfiteatru mare; Mas\u0103 consiliu; Cuiere cu ag\u0103\u021b\u0103tori; Rastele metalice; Dulapuri prev\u0103zute cu u\u0219i, pentru materiale de cur\u0103\u021benie; Stendere mobile pentru umera\u0219e\u201d pentru investitie \u201dExtindere, Reabilitare, Modernizare si Echipare Infrastructura Educationala Universitara Corp B-Baza Nautica (Sediul Lac Mamaia) Str.Cuartului nr.2, Constanta, cod SMIS 120979 <a href=\"https:\/\/cmu-edu.eu\/wp-content\/uploads\/2023\/01\/CN1051278-Anunt-de-participare.pdf\">CN1051278 Anunt de participare<\/a><\/p>\n<p>12.01.2023- \u201cDOTARI &#8211; LABORATOR MULTIFUNC\u021aIONAL_STAND DE TESTAT MOTOARE TERMICE\u201d pentru investitie \u201dExtindere, Reabilitare, Modernizare si Echipare Infrastructura Educationala Universitara Corp B-Baza Nautica (Sediul Lac Mamaia) Str.Cuartului nr.2, Constanta, cod SMIS 120979<a href=\"https:\/\/cmu-edu.eu\/wp-content\/uploads\/2023\/01\/CAN1095802-Anunt-de-atribuire-la-anunt-de-participare.pdf\"> CAN1095802 Anunt de atribuire la anunt de participare<\/a><\/p>\n<p>10.01.2023 &#8211; PROGRAMUL ACHIZITIILOR PUBLICE SMIS 120979<a href=\"https:\/\/cmu-edu.eu\/wp-content\/uploads\/2023\/01\/1.PAP-POR-SMIS-120979.xlsx\"> PAP POR SMIS 120979 la 10.01.2023<\/a><\/p>\n<p>06.01.2023- \u201cECHIPAMENTE INFORMATICE; VIDEOPROIECTOARE CU SUPORTURI \u0218I ECRANE DE PROIEC\u021aIE; SISTEME DE SONORIZARE; FOTOCOPIATOR \u0218I IMPRIMANT\u0102\u201d pentru investitie \u201dExtindere, Reabilitare, Modernizare si Echipare Infrastructura Educationala Universitara Corp B-Baza Nautica (Sediul Lac Mamaia) Str.Cuartului nr.2, Constanta, cod SMIS 120979 <a href=\"https:\/\/cmu-edu.eu\/wp-content\/uploads\/2023\/01\/CAN1094142-Anunt-de-atribuire-la-anunt-de-participare.pdf\">CAN1094142 Anunt de atribuire la anunt de participare<\/a><\/p>\n<p>29.12.2022-<strong><a href=\"https:\/\/cmu-edu.eu\/wp-content\/uploads\/2023\/01\/Contract-PRODENERGO-SERVICE-1.docx\">Contract PRODENERGO SERVICE<\/a><\/strong> \u201cLOT 1_ECHIPAMENTE INFORMATICE\u201d \u0219i <strong><a href=\"https:\/\/cmu-edu.eu\/wp-content\/uploads\/2023\/02\/Proces-verbal-de-recetie-CANTITATIVA-SI-CALITATIVA-PRODENERGO-SERVICE-SRL_Redacted.pdf\">Proces verbal de recetie calitativ\u0103<\/a><\/strong>\u00a0pentru investitie \u201dExtindere, Reabilitare, Modernizare si Echipare Infrastructura Educationala Universitara Corp B-Baza Nautica (Sediul Lac Mamaia) Str.Cuartului nr.2, Constanta, cod SMIS 120979<\/p>\n<p>28.12.2022-<strong><a href=\"https:\/\/cmu-edu.eu\/wp-content\/uploads\/2022\/12\/Contract-SITE.pdf\">Contract WATT DISTRIBUTOR<\/a><\/strong>_\u201cLABORATOR MULTIFUNCTIONAL_STAND DE TESTAT MOTOARE TERMICE\u201d pentru investitie \u201dExtindere, Reabilitare, Modernizare si Echipare Infrastructura Educationala Universitara Corp B-Baza Nautica (Sediul Lac Mamaia) Str.Cuartului nr.2, Constanta, cod SMIS 120979<\/p>\n<p>15.12.2022- \u201cMOBILIER (LOT 1, LOT 2, LOT 3)\u201d pentru investitie \u201dExtindere, Reabilitare, Modernizare si Echipare Infrastructura Educationala Universitara Corp B-Baza Nautica (Sediul Lac Mamaia) Str.Cuartului nr.2, Constanta, cod SMIS 120979 <a href=\"https:\/\/cmu-edu.eu\/wp-content\/uploads\/2022\/12\/CAN1094142-Anunt-de-atribuire-la-anunt-de-participare-1.pdf\">CAN1094142 Anunt de atribuire la anunt de participare<\/a><\/p>\n<p>07.12.2022 &#8211; Contract <a href=\"https:\/\/cmu-edu.eu\/wp-content\/uploads\/2022\/12\/Contract-mobilier-LOT-1-si-LOT-2-.docx\"><strong>Contract OVO DESIGN FURNITURE GROUP<\/strong> <\/a>LOT 1 \u2013 Mobilier student (pupitre+scaune) \u0219i LOT 2 \u2013 Scaune amfiteatre<\/p>\n<p>04.10.2022-\u201cECHIPAMENTE INFORMATICE; VIDEOPROIECTOARE CU SUPORTURI \u0218I ECRANE DE PROIEC\u021aIE; SISTEME DE SONORIZARE; FOTOCOPIATOR \u0218I IMPRIMANT\u0102\u201d, \u00een conformitate cu arhitectura stabilit\u0103 \u00een cadrul proiectului POR, Cod SMIS 2014+: 120979 <a href=\"https:\/\/cmu-edu.eu\/wp-content\/uploads\/2022\/10\/SCN1115097-Anunt-de-participare-simplificat.pdf\">SCN1115097 Anunt de participare simplificat<\/a><\/p>\n<p>28.09.2022 &#8211; PROGRAMUL ACHIZITIILOR PUBLICE SMIS 120979<a href=\"https:\/\/cmu-edu.eu\/wp-content\/uploads\/2022\/12\/PAP-POR-SMIS-120979-28.09.2022.xlsx\"> \u00a0POR 2014-2020 rev. la 28.09.2022<\/a><\/p>\n<p>09.09.2022-&#8222;LABORATOR MULTIFUNC\u021aIONAL-STAND DE TESTAT MOTOARE TERMICE&#8221;pentru investitie \u201dExtindere, Reabilitare, Modernizare si Echipare Infrastructura Educationala Universitara Corp B-Baza Nautica (Sediul Lac Mamaia) Str.Cuartului nr.2, Constanta, cod SMIS 120979 <a href=\"https:\/\/cmu-edu.eu\/wp-content\/uploads\/2022\/09\/CN1046908-Anunt-de-participare.pdf\">CN1046908 Anunt de participare<\/a><\/p>\n<p>26.08.2022 -\u201cMOBILIER (LOT 1, LOT 2, LOT 3)\u201d pentru investitie \u201dExtindere, Reabilitare, Modernizare si Echipare Infrastructura Educationala Universitara Corp B-Baza Nautica (Sediul Lac Mamaia) Str.Cuartului nr.2, Constanta, cod SMIS 120979 <a href=\"https:\/\/cmu-edu.eu\/wp-content\/uploads\/2022\/08\/CN1046329-Anunt-de-participare.pdf\">CN1046329 Anunt de participare<\/a><\/p>\n<p>12.08.2022 &#8211; PROGRAMUL ACHIZITIILOR PUBLICE SMIS 120979 <a href=\"https:\/\/cmu-edu.eu\/wp-content\/uploads\/2022\/12\/2.PAAP-proiect-rev.-la-12.08.2022.pdf\">POR 2014-2020 rev. la 12.08.2022<\/a><\/p>\n<p>18.06.2022 &#8211; &#8222;Simulatoare: LOT 1_Simulator de instruire \u00een manipularea general\u0103 a m\u0103rfurilor \u0219i operarea specific\u0103 a macaralelor; opera\u021biuni combinate de \u00eenc\u0103rcare \u0219i desc\u0103rcare a navelor; LOT 2_Simulator ballast\u201d pentru investitie \u201dExtindere, Reabilitare, Modernizare si Echipare Infrastructura Educationala Universitara Corp B-Baza Nautica (Sediul Lac Mamaia) Str.Cuartului nr.2, Constanta, cod SMIS 120979 <a href=\"https:\/\/cmu-edu.eu\/wp-content\/uploads\/2022\/06\/CAN1081174-Anunt-de-atribuire-la-anunt-de-participare-.pdf\">CAN1081174 Anunt de atribuire la anunt de participare<\/a><\/p>\n<p>09.06.2022 &#8211; Contract \u201dSimulatoare: LOT 1_Simulator de instruire \u00een manipularea general\u0103 a m\u0103rfurilor \u0219i operarea specific\u0103 a macaralelor; opera\u021biuni combinate de \u00eenc\u0103rcare \u0219i desc\u0103rcare a navelor;\u00a0 LOT 2_Simulator ballast\u201d <a href=\"https:\/\/cmu-edu.eu\/wp-content\/uploads\/2022\/08\/Contract-LOT-1-semnat-de-UMC.pdf\"><strong>Contract NAVTRON LOT 1<\/strong> semnat de UMC<\/a> \u0219i <a href=\"https:\/\/cmu-edu.eu\/wp-content\/uploads\/2022\/08\/Contract-LOT-2-semnat-de-UMC.pdf\"><strong>Contract NAVTRON LOT 2<\/strong> semnat de UMC<\/a><\/p>\n<p>13.02.2022 &#8211; Furnizare &#8222;Simulatoare: LOT 1_Simulator de instruire \u00een manipularea general\u0103 a m\u0103rfurilor \u0219i operarea specific\u0103 a macaralelor; LOT 2_Simulator ballast&#8221; pentru investitie \u201dExtindere, Reabilitare, Modernizare si Echipare Infrastructura Educationala Universitara Corp B-Baza Nautica (Sediul Lac Mamaia) Str.Cuartului nr.2, Constanta, cod SMIS 120979<a href=\"https:\/\/cmu-edu.eu\/wp-content\/uploads\/2022\/02\/CN1039309-Anunt-de-participare.pdf\"> CN1039309 Anunt de participare<\/a><\/p>\n<p>01.02.2022 &#8211; PROGRAMUL ACHIZITIILOR PUBLICE SMIS 120979 <a href=\"https:\/\/cmu-edu.eu\/wp-content\/uploads\/2022\/12\/1.PAAP_803_-rev-8_proiect.pdf\">POR_2014-2020 rev la 01.02.2022<\/a><\/p>\n<p>18.02.2021 &#8211; Lucrari obiectiv de investitie \u201dExtindere, Reabilitare, Modernizare si Echipare Infrastructura Educationala Universitara Corp B-Baza Nautica (Sediul Lac Mamaia) Str.Cuartului nr.2, Constanta, cod SMIS 120979 <a href=\"https:\/\/cmu-edu.eu\/wp-content\/uploads\/2021\/02\/SCNA1049771-Anunt-de-atribuire-simplificat-1.pdf\">SCNA1049771 Anunt de atribuire simplificat<\/a><\/p>\n<p>17.02.2021 &#8211; Contract Lucrari obiectiv de investitie \u201dExtindere, Reabilitare, Modernizare si Echipare Infrastructura Educationala Universitara Corp B-Baza Nautica (Sediul Lac Mamaia) Str.Cuartului nr.2, Constanta, cod SMIS 120979 <a href=\"https:\/\/cmu-edu.eu\/wp-content\/uploads\/2022\/08\/Contract-executie-lucrari-ICCO_1097_02.2021.pdf\">Contract executie lucrari ICCO_1097_02.2021<\/a><\/p>\n<p>27.01.2021 &#8211; Servicii de coordonare in materie de securitate si sanatate pentru santier, pe durata realizarii lucrarilor &#8222;Extindere, reabilitare, modernizare si echipare infrastructura educationala universitara corp B &#8211; Baza Nautica (Sediul Lac Mamaia) str Cuartului nr 2, Constanta cod SMIS 120979 &#8211; Anunt publicitate SEAP nr <a href=\"https:\/\/cmu-edu.eu\/wp-content\/uploads\/2021\/01\/ADV1194959.zip\">ADV1194959<\/a><\/p>\n<p>20.10.2020 &#8211; Lucrari obiectiv de investitie \u201dExtindere, Reabilitare, Modernizare si Echipare Infrastructura Educationala Universitara Corp B-Baza Nautica (Sediul Lac Mamaia) Str.Cuartului nr.2, Constanta, cod SMIS 120979 <a href=\"https:\/\/cmu-edu.eu\/wp-content\/uploads\/2020\/10\/SCN1077285-Anunt-de-participare-simplificat.pdf\">SCN1077285 Anunt de participare simplificat<\/a><\/p>\n<p>03.07.2020 &#8211; Servicii de dirigentie de santier pentru obiectivul de investitie &#8222;Extindere, Reabilitare, Modernizare si Echipare Infrastructura Educationala Universitara Corp B-Baza Nautica (Sediul Lac Mamamia) Str. Cuartului nr.2, Constanta, cod SMIS 120979 &#8211; Anunt de atribuire nr. <a href=\"https:\/\/cmu-edu.eu\/wp-content\/uploads\/2020\/07\/SCNA1039062-Anunt-de-atribuire-simplificat.pdf\">SCNA1039062<\/a><\/p>\n<p>18.05.2020 &#8211; Servicii de dirigentie de santier pentru obiectivul de investitie &#8222;EXTINDERE, REABILITARE, MODERNIZARE SI ECHIPARE INFRASTRUCTURA EDUCATIONALA UNIVERSITARA CORP B &#8211; BAZA NAUTICA (SEDIU LAC MAMAIA) STR CUARTULUI NR 2 CONSTANTA&#8221;, cod SMIS 120979 &#8211; Anunt de participare simplificat nr <a href=\"https:\/\/cmu-edu.eu\/wp-content\/uploads\/2020\/05\/SCN1067407-Anunt-de-participare-simplificat-1.pdf\">SCN1067407<\/a><\/p>\n<p>Servicii de verificare tehnica de specialitate a proiectului tehnic de catre verificatori autorizati proiect &#8222;Extindere, reabilitare, modernizare si echipare infrastructura educationala universitara corp B &#8211; Baza Nautica (Sediul Lac Mamaia) str Cuartului nr 2, Constanta, cod SMIS 120979 &#8211; Anunt publicitate SEAP nr <a href=\"https:\/\/cmu-edu.eu\/wp-content\/uploads\/2020\/01\/ADV1125701.zip\">ADV1125701<\/a><\/p>\n<p>02.12.2019 &#8211; Anunt de atribuire Servicii de proiectare pentru investitia &#8222;Extindere, reabilitate, modernizare si echipare infrastructura educationala universitara Corp B &#8211; Baza Nautica (Sediul Lac Mamaia) str Cuartului nr 2 Constanta&#8221;, finantat din POR 2014-2020_cod SMIS 120979 &#8211; Anunt de atribuire simplificat nr <a href=\"https:\/\/cmu-edu.eu\/wp-content\/uploads\/2019\/12\/SCNA1028520-Anunt-de-atribuire-simplificat.pdf\">SCNA1028520<\/a><\/p>\n<p>Servicii de proiectare pentru investitia &#8222;Extindere, reabilitate, modernizare si echipare infrastructura educationala universitara Corp B &#8211; Baza Nautica (Sediul Lac Mamaia) str Cuartului nr 2 Constanta, finantat din POR 2014-2020_cod SMIS 120979 &#8211; Anunt\u00a0SEAP nr <a href=\"https:\/\/cmu-edu.eu\/wp-content\/uploads\/2019\/09\/SCN1054008-Anunt-de-participare-simplificat.pdf\">SCN1054008 Anunt de participare simplificat<\/a><\/p>\n<p>Servicii audit financiar aferente proiectului &#8222;Extindere, reabilitate, modernizare si echipare infrastructura educationala universitara Corp B &#8211; Baza Nautica (Sediul Lac Mamaia) str Cuartului nr 2 Constanta, finantat din POR 2014-2020_cod SMIS 120979 &#8211; Anunt publicitate SEAP nr <a href=\"https:\/\/cmu-edu.eu\/wp-content\/uploads\/2019\/09\/ADV1100573-1.zip\">ADV1100573<\/a><\/p>\n<p>Servicii de informare si publicitate aferente proiectului &#8222;Extindere, reabilitate, modernizare si echipare infrastructura educationala universitara Corp B &#8211; Baza Nautica (Sediul Lac Mamaia) str Cuartului nr 2 Constanta, finantat din POR 2014-2020_cod SMIS 120979 &#8211; Anunt publicitate SEAP nr <a href=\"https:\/\/cmu-edu.eu\/wp-content\/uploads\/2019\/09\/ADV1098919.zip\">ADV1098919<\/a><\/p>\n<p>2. Programul achizitiilor publice SMIS 120979 la 30.09.2020 &#8211; <a href=\"https:\/\/cmu-edu.eu\/wp-content\/uploads\/2020\/10\/1.PAP-SMIS-120979_POR-2014-2020-rev6.xlsx\">PAP SMIS 120979_POR 2014-2020 rev6<\/a><\/p>\n<p><a href=\"https:\/\/cmu-edu.eu\/wp-content\/uploads\/2020\/07\/PAP-SMIS-120979_POR-2014-2020.xlsx\">1.PROGRAMUL ACHIZITIILOR PUBLICE SMIS 120979_POR 2014-2020<\/a><\/p>\n","protected":false},"excerpt":{"rendered":"<p>06.07.2023&#8211; ADV1373171 \u0219i Fise tehnice produse pentru &#8222;Pichei PSI complet echipat, 1 buc; Sting\u0103tor de incendiu portabil tip P6, 13 buc; Sting\u0103tor incendiu cu spuma tip SM6, 5 buc&#8221;, proiect \u201dExtindere, Reabilitare, Modernizare si Echipare Infrastructura Educationala Universitara Corp B-Baza Nautica (Sediul Lac Mamaia) Str.Cuartului nr.2, Constanta, cod SMIS 120979 10.04.2023&#8211;Contract TUTTO MOBILI MOBILIER: Mas\u0103 [&hellip;]<\/p>\n","protected":false},"author":4,"featured_media":0,"parent":18,"menu_order":0,"comment_status":"closed","ping_status":"closed","template":"","meta":{"footnotes":""},"class_list":["post-46","page","type-page","status-publish","hentry"],"_links":{"self":[{"href":"https:\/\/cmu-edu.eu\/achizitii\/wp-json\/wp\/v2\/pages\/46","targetHints":{"allow":["GET"]}}],"collection":[{"href":"https:\/\/cmu-edu.eu\/achizitii\/wp-json\/wp\/v2\/pages"}],"about":[{"href":"https:\/\/cmu-edu.eu\/achizitii\/wp-json\/wp\/v2\/types\/page"}],"author":[{"embeddable":true,"href":"https:\/\/cmu-edu.eu\/achizitii\/wp-json\/wp\/v2\/users\/4"}],"replies":[{"embeddable":true,"href":"https:\/\/cmu-edu.eu\/achizitii\/wp-json\/wp\/v2\/comments?post=46"}],"version-history":[{"count":2,"href":"https:\/\/cmu-edu.eu\/achizitii\/wp-json\/wp\/v2\/pages\/46\/revisions"}],"predecessor-version":[{"id":77,"href":"https:\/\/cmu-edu.eu\/achizitii\/wp-json\/wp\/v2\/pages\/46\/revisions\/77"}],"up":[{"embeddable":true,"href":"https:\/\/cmu-edu.eu\/achizitii\/wp-json\/wp\/v2\/pages\/18"}],"wp:attachment":[{"href":"https:\/\/cmu-edu.eu\/achizitii\/wp-json\/wp\/v2\/media?parent=46"}],"curies":[{"name":"wp","href":"https:\/\/api.w.org\/{rel}","templated":true}]}}