{"id":10,"date":"2016-01-14T10:13:23","date_gmt":"2016-01-14T08:13:23","guid":{"rendered":"https:\/\/cmu-edu.eu\/anale\/?page_id=10"},"modified":"2016-01-14T10:13:23","modified_gmt":"2016-01-14T08:13:23","slug":"comitet-stiintific","status":"publish","type":"page","link":"https:\/\/cmu-edu.eu\/anale\/comitet-stiintific\/","title":{"rendered":"Comitet \u015etiin\u0163ific"},"content":{"rendered":"<table border=\"0\" width=\"601\" cellspacing=\"1\" cellpadding=\"3\" align=\"center\">\n<tbody>\n<tr>\n<td align=\"center\" valign=\"middle\" bgcolor=\"#FFFFCC\" width=\"114\"><strong>Nume \u015fi prenume<\/strong><\/td>\n<td align=\"center\" valign=\"middle\" bgcolor=\"#FFFFCC\" width=\"205\"><strong>Titlu didactic \u015fi \/ sau \u015ftiin\u0163ific\/Titlu academic (dac\u0103 este cazul)<\/strong><\/td>\n<td align=\"center\" valign=\"middle\" bgcolor=\"#FFFFCC\" width=\"256\"><strong>Universitatea \/ institutul de provenien\u0163\u0103<\/strong><\/td>\n<\/tr>\n<tr>\n<td align=\"center\" valign=\"middle\" bgcolor=\"#FFFFCC\">Cornel Panait<\/td>\n<td align=\"center\" valign=\"middle\" bgcolor=\"#FFFFCC\">Rector, Prof.univ.dr.ing.<\/td>\n<td align=\"center\" valign=\"middle\" bgcolor=\"#FFFFCC\">\n<p style=\"text-align: left\" align=\"center\">Universitatea Maritima din Constanta<\/p>\n<\/td>\n<\/tr>\n<tr>\n<td align=\"center\" valign=\"middle\" bgcolor=\"#FFFFCC\">Arturo Fern\u00e1ndez Arias<\/td>\n<td align=\"center\" valign=\"middle\" bgcolor=\"#FFFFCC\">Prof.univ.dr.<\/td>\n<td align=\"center\" valign=\"middle\" bgcolor=\"#FFFFCC\">\n<p style=\"text-align: left\" align=\"center\">Facultad de Ciencias UNED Departamento Matem\u00e1ticas Fundamentales<\/p>\n<\/td>\n<\/tr>\n<tr>\n<td align=\"center\" valign=\"middle\" bgcolor=\"#FFFFCC\">Corneliu Mihail Alexandrescu<\/td>\n<td align=\"center\" valign=\"middle\" bgcolor=\"#FFFFCC\">Prof.univ.dr.ing\/Decan<\/td>\n<td style=\"text-align: left\" align=\"center\" valign=\"middle\" bgcolor=\"#FFFFCC\">Universitatea Politehnica Bucure\u015fti, Facultatea Transporturi<\/td>\n<\/tr>\n<tr>\n<td align=\"center\" valign=\"middle\" bgcolor=\"#FFFFCC\">Toader Munteanu<\/td>\n<td align=\"center\" valign=\"middle\" bgcolor=\"#FFFFCC\">Prof.univ.dr.ing\/Prorector<\/td>\n<td align=\"center\" valign=\"middle\" bgcolor=\"#FFFFCC\">Universitatea \u201eDun\u0103rea de Jos\u201d Gala\u0163i<\/td>\n<\/tr>\n<tr>\n<td align=\"center\" valign=\"middle\" bgcolor=\"#FFFFCC\">George Caruntu<\/td>\n<td align=\"center\" valign=\"middle\" bgcolor=\"#FFFFCC\">Decan, Prof.univ.dr.ing.<\/td>\n<td align=\"center\" valign=\"middle\" bgcolor=\"#FFFFCC\">Universitatea Maritima din Constanta<\/td>\n<\/tr>\n<tr>\n<td align=\"center\" valign=\"middle\" bgcolor=\"#FFFFCC\">Corneliu Burileanu<\/td>\n<td align=\"center\" valign=\"middle\" bgcolor=\"#FFFFCC\">Prof.univ.dr.ing.\/Prorector<\/td>\n<td align=\"center\" valign=\"middle\" bgcolor=\"#FFFFCC\">Universitatea Politehnica Bucure\u015fti<\/td>\n<\/tr>\n<tr>\n<td align=\"center\" valign=\"middle\" bgcolor=\"#FFFFCC\">Marian Dr\u0103gulinescu<\/td>\n<td align=\"center\" valign=\"middle\" bgcolor=\"#FFFFCC\">Prof.univ.dr.ing.<\/td>\n<td align=\"center\" valign=\"middle\" bgcolor=\"#FFFFCC\">Universitatea Politehnica Bucure\u015fti<\/td>\n<\/tr>\n<tr>\n<td align=\"center\" valign=\"middle\" bgcolor=\"#FFFFCC\">Ovidiu Dragomirescu<\/td>\n<td align=\"center\" valign=\"middle\" bgcolor=\"#FFFFCC\">Prof.univ.dr.ing.<\/td>\n<td align=\"center\" valign=\"middle\" bgcolor=\"#FFFFCC\">Universitatea Politehnica Bucure\u015fti<\/td>\n<\/tr>\n<tr>\n<td align=\"center\" valign=\"middle\" bgcolor=\"#FFFFCC\">Silviu Ciochin\u0103<\/td>\n<td align=\"center\" valign=\"middle\" bgcolor=\"#FFFFCC\">Prof.univ.dr.ing.<\/td>\n<td align=\"center\" valign=\"middle\" bgcolor=\"#FFFFCC\">Universitatea Politehnica Bucure\u015fti<\/td>\n<\/tr>\n<tr>\n<td align=\"center\" valign=\"middle\" bgcolor=\"#FFFFCC\">Mariana Jurian<\/td>\n<td align=\"center\" valign=\"middle\" bgcolor=\"#FFFFCC\">Prof.univ.dr.ing.<\/td>\n<td align=\"center\" valign=\"middle\" bgcolor=\"#FFFFCC\">Universitatea din Pite\u015fti, Facultatea<\/td>\n<\/tr>\n<tr>\n<td align=\"center\" valign=\"middle\" bgcolor=\"#FFFFCC\">Alexandru Jipa<\/td>\n<td align=\"center\" valign=\"middle\" bgcolor=\"#FFFFCC\">Prof.univ.dr.ing.\/Decan<\/td>\n<td align=\"center\" valign=\"middle\" bgcolor=\"#FFFFCC\">Universitatea din Bucure\u015fti\/Facultatea de Fizic\u0103<\/td>\n<\/tr>\n<tr>\n<td align=\"center\" valign=\"middle\" bgcolor=\"#FFFFCC\">Dan Stoichescu<\/td>\n<td align=\"center\" valign=\"middle\" bgcolor=\"#FFFFCC\">Prof.univ.dr.ing.\/\u015eef catedr\u0103<\/td>\n<td align=\"center\" valign=\"middle\" bgcolor=\"#FFFFCC\">Universitatea Politehnica Bucure\u015fti \/Facultatea de Electronic\u0103, Telecomunica\u0163ii \u015fi Tehnologia Informa\u0163iei<\/td>\n<\/tr>\n<tr>\n<td align=\"center\" valign=\"middle\" bgcolor=\"#FFFFCC\">Teodor Petrescu<\/td>\n<td align=\"center\" valign=\"middle\" bgcolor=\"#FFFFCC\">Prof.univ.dr.ing.\/Decan<\/td>\n<td align=\"center\" valign=\"middle\" bgcolor=\"#FFFFCC\">Universitatea Politehnica Bucure\u015fti\/ Facultatea de Electronic\u0103, Telecomunica\u0163ii \u015fi Tehnologia Informa\u0163iei<\/td>\n<\/tr>\n<tr>\n<td align=\"center\" valign=\"middle\" bgcolor=\"#FFFFCC\">Ricardo Rodr\u00edguez-Martos<\/td>\n<td align=\"center\" valign=\"middle\" bgcolor=\"#FFFFCC\">Prof.dr\/Director DepartamentStiinte Ingineresti si Navale<\/td>\n<td align=\"center\" valign=\"middle\" bgcolor=\"#FFFFCC\">Universitatea Politehnica din Catalonia, Spania<\/td>\n<\/tr>\n<tr>\n<td align=\"center\" valign=\"middle\" bgcolor=\"#FFFFCC\">Donna J. Nincic<\/td>\n<td align=\"center\" valign=\"middle\" bgcolor=\"#FFFFCC\">Prof.\/\u015eef catedr\u0103<\/td>\n<td align=\"center\" valign=\"middle\" bgcolor=\"#FFFFCC\">Department of Maritime Policy and Management, California Maritime Academy, California State University<\/td>\n<\/tr>\n<tr>\n<td align=\"center\" valign=\"middle\" bgcolor=\"#FFFFCC\">Anto Raukas<\/td>\n<td align=\"center\" valign=\"middle\" bgcolor=\"#FFFFCC\">Prof.univ.dr.ing<\/td>\n<td align=\"center\" valign=\"middle\" bgcolor=\"#FFFFCC\">Estonia Maritime Academy<\/td>\n<\/tr>\n<tr>\n<td align=\"center\" valign=\"middle\" bgcolor=\"#FFFFCC\">Wang Zuwen<\/td>\n<td align=\"center\" valign=\"middle\" bgcolor=\"#FFFFCC\">Prof.dr.\/ Rector<\/td>\n<td align=\"center\" valign=\"middle\" bgcolor=\"#FFFFCC\">Dalian Maritime University<\/td>\n<\/tr>\n<tr>\n<td align=\"center\" valign=\"middle\" bgcolor=\"#FFFFCC\">De Melo German<\/td>\n<td align=\"center\" valign=\"middle\" bgcolor=\"#FFFFCC\">Profesor<\/td>\n<td align=\"center\" valign=\"middle\" bgcolor=\"#FFFFCC\">Faculty of Nautical Studies- Polytechnical University of Catalonia, Spain<\/td>\n<\/tr>\n<tr>\n<td align=\"center\" valign=\"middle\" bgcolor=\"#FFFFCC\">Mykhaylo V.Miyusov<\/td>\n<td align=\"center\" valign=\"middle\" bgcolor=\"#FFFFCC\">Prof.dr.\/ Rector<\/td>\n<td align=\"center\" valign=\"middle\" bgcolor=\"#FFFFCC\">Odesa National Maritime Academy<\/td>\n<\/tr>\n<tr>\n<td align=\"center\" valign=\"middle\" bgcolor=\"#FFFFCC\">Guler Nil<\/td>\n<td align=\"center\" valign=\"middle\" bgcolor=\"#FFFFCC\">Prof.dr.\/ Decan<\/td>\n<td align=\"center\" valign=\"middle\" bgcolor=\"#FFFFCC\">Maritime Faculty, Istanbul Technical University, Turkey<\/td>\n<\/tr>\n<tr>\n<td align=\"center\" valign=\"middle\" bgcolor=\"#FFFFCC\">Cwilewicz Romuald<\/td>\n<td align=\"center\" valign=\"middle\" bgcolor=\"#FFFFCC\">Prof.dr.\/ Rector<\/td>\n<td align=\"center\" valign=\"middle\" bgcolor=\"#FFFFCC\">Gdynia Maritime University, Poland<\/td>\n<\/tr>\n<tr>\n<td align=\"center\" valign=\"middle\" bgcolor=\"#FFFFCC\">Sag Osman Kamil<\/td>\n<td align=\"center\" valign=\"middle\" bgcolor=\"#FFFFCC\">Prof.dr.\/ Rector<\/td>\n<td align=\"center\" valign=\"middle\" bgcolor=\"#FFFFCC\">Piri Reis Maritime University, Turkey<\/td>\n<\/tr>\n<tr>\n<td align=\"center\" valign=\"middle\" bgcolor=\"#FFFFCC\">Gruenwald Norbert<\/td>\n<td align=\"center\" valign=\"middle\" bgcolor=\"#FFFFCC\">Prof.dr.\/ Rector<\/td>\n<td align=\"center\" valign=\"middle\" bgcolor=\"#FFFFCC\">Hochschule Wismar, University of Technology, Business and Design, Germany<\/td>\n<\/tr>\n<tr>\n<td align=\"center\" valign=\"middle\" bgcolor=\"#FFFFCC\">Dimitar Angelov<\/td>\n<td align=\"center\" valign=\"middle\" bgcolor=\"#FFFFCC\">Prof.dr.\/ Rector<\/td>\n<td align=\"center\" valign=\"middle\" bgcolor=\"#FFFFCC\">N.Y. Vaptsarov Naval Academy<\/td>\n<\/tr>\n<tr>\n<td align=\"center\" valign=\"middle\" bgcolor=\"#FFFFCC\">Oh Keo-Don<\/td>\n<td align=\"center\" valign=\"middle\" bgcolor=\"#FFFFCC\">Prof.dr.\/ Rector<\/td>\n<td align=\"center\" valign=\"middle\" bgcolor=\"#FFFFCC\">Korea Maritime University, Korea<\/td>\n<\/tr>\n<tr>\n<td align=\"center\" valign=\"middle\" bgcolor=\"#FFFFCC\">Eisenhardt Wiliam<\/td>\n<td align=\"center\" valign=\"middle\" bgcolor=\"#FFFFCC\">Prof.dr.\/ Rector<\/td>\n<td align=\"center\" valign=\"middle\" bgcolor=\"#FFFFCC\">California Maritime Academy,USA<\/td>\n<\/tr>\n<tr>\n<td align=\"center\" valign=\"middle\" bgcolor=\"#FFFFCC\">Laczynski Bogumil<\/td>\n<td align=\"center\" valign=\"middle\" bgcolor=\"#FFFFCC\">Profesor<\/td>\n<td align=\"center\" valign=\"middle\" bgcolor=\"#FFFFCC\">Faculty of Navigation-Gdynia Maritime University, Polonia<\/td>\n<\/tr>\n<tr>\n<td align=\"center\" valign=\"middle\" bgcolor=\"#FFFFCC\">Malek Pourzanjani<\/td>\n<td align=\"center\" valign=\"middle\" bgcolor=\"#FFFFCC\">Prof.dr.\/ Rector<\/td>\n<td align=\"center\" valign=\"middle\" bgcolor=\"#FFFFCC\">Australian Maritime College<\/td>\n<\/tr>\n<tr>\n<td align=\"center\" valign=\"middle\" bgcolor=\"#FFFFCC\">Yu Schicheng<\/td>\n<td align=\"center\" valign=\"middle\" bgcolor=\"#FFFFCC\">Prof.dr.\/ Rector<\/td>\n<td align=\"center\" valign=\"middle\" bgcolor=\"#FFFFCC\">Shanghai Maritime University, China<\/td>\n<\/tr>\n<tr>\n<td align=\"center\" valign=\"middle\" bgcolor=\"#FFFFCC\">Jessen Torben<\/td>\n<td align=\"center\" valign=\"middle\" bgcolor=\"#FFFFCC\">Prof.dr.\/ Rector<\/td>\n<td align=\"center\" valign=\"middle\" bgcolor=\"#FFFFCC\">Danish Maritime University, Denmark<\/td>\n<\/tr>\n<tr>\n<td align=\"center\" valign=\"middle\" bgcolor=\"#FFFFCC\">Cornel Ioana<\/td>\n<td align=\"center\" valign=\"middle\" bgcolor=\"#FFFFCC\">Conf.dr.\/Cercetator<\/td>\n<td align=\"center\" valign=\"middle\" bgcolor=\"#FFFFCC\">Grenoble INP\/ENSE3, GIPSA-lab, Department Images-Signal, France<\/td>\n<\/tr>\n<\/tbody>\n<\/table>\n","protected":false},"excerpt":{"rendered":"<p>Nume \u015fi prenume Titlu didactic \u015fi \/ sau \u015ftiin\u0163ific\/Titlu academic (dac\u0103 este cazul) Universitatea \/ institutul de provenien\u0163\u0103 Cornel Panait Rector, Prof.univ.dr.ing. Universitatea Maritima din Constanta Arturo Fern\u00e1ndez Arias Prof.univ.dr. Facultad de Ciencias UNED Departamento Matem\u00e1ticas Fundamentales Corneliu Mihail Alexandrescu Prof.univ.dr.ing\/Decan Universitatea Politehnica Bucure\u015fti, Facultatea Transporturi Toader Munteanu Prof.univ.dr.ing\/Prorector Universitatea \u201eDun\u0103rea de Jos\u201d Gala\u0163i George [&hellip;]<\/p>\n","protected":false},"author":4,"featured_media":0,"parent":0,"menu_order":0,"comment_status":"closed","ping_status":"closed","template":"","meta":{"footnotes":""},"class_list":["post-10","page","type-page","status-publish","hentry"],"_links":{"self":[{"href":"https:\/\/cmu-edu.eu\/anale\/wp-json\/wp\/v2\/pages\/10","targetHints":{"allow":["GET"]}}],"collection":[{"href":"https:\/\/cmu-edu.eu\/anale\/wp-json\/wp\/v2\/pages"}],"about":[{"href":"https:\/\/cmu-edu.eu\/anale\/wp-json\/wp\/v2\/types\/page"}],"author":[{"embeddable":true,"href":"https:\/\/cmu-edu.eu\/anale\/wp-json\/wp\/v2\/users\/4"}],"replies":[{"embeddable":true,"href":"https:\/\/cmu-edu.eu\/anale\/wp-json\/wp\/v2\/comments?post=10"}],"version-history":[{"count":2,"href":"https:\/\/cmu-edu.eu\/anale\/wp-json\/wp\/v2\/pages\/10\/revisions"}],"predecessor-version":[{"id":12,"href":"https:\/\/cmu-edu.eu\/anale\/wp-json\/wp\/v2\/pages\/10\/revisions\/12"}],"wp:attachment":[{"href":"https:\/\/cmu-edu.eu\/anale\/wp-json\/wp\/v2\/media?parent=10"}],"curies":[{"name":"wp","href":"https:\/\/api.w.org\/{rel}","templated":true}]}}