{"id":18,"date":"2016-01-14T10:18:28","date_gmt":"2016-01-14T08:18:28","guid":{"rendered":"https:\/\/cmu-edu.eu\/anale\/?page_id=18"},"modified":"2016-10-23T23:28:13","modified_gmt":"2016-10-23T21:28:13","slug":"acceptul-comitetului-stiintific","status":"publish","type":"page","link":"https:\/\/cmu-edu.eu\/anale\/comitet-stiintific\/acceptul-comitetului-stiintific\/","title":{"rendered":"Acceptul Comitetului \u0218tiin\u021bific"},"content":{"rendered":"<table border=\"0\" width=\"601\" cellspacing=\"1\" cellpadding=\"3\">\n<tbody>\n<tr>\n<td align=\"center\" valign=\"middle\" bgcolor=\"#FFFFCC\"><strong>Nume \u015fi prenume<\/strong><\/td>\n<td align=\"center\" valign=\"middle\" bgcolor=\"#FFFFCC\"><strong>Titlu didactic \u015fi \/ sau \u015ftiin\u0163ific\/Titlu academic (dac\u0103 este cazul)<\/strong><\/td>\n<td align=\"center\" valign=\"middle\" bgcolor=\"#FFFFCC\"><strong>Universitatea \/ institutul de provenien\u0163\u0103<\/strong><\/td>\n<\/tr>\n<tr>\n<td align=\"center\" valign=\"middle\" bgcolor=\"#FFFFCC\">Cornel Panait<\/td>\n<td align=\"center\" valign=\"middle\" bgcolor=\"#FFFFCC\">Rector, Prof.univ.dr.ing.<\/td>\n<td align=\"center\" valign=\"middle\" bgcolor=\"#FFFFCC\">\n<p align=\"center\">Universitatea Maritima din Constanta<\/p>\n<\/td>\n<\/tr>\n<tr>\n<td align=\"center\" valign=\"middle\" bgcolor=\"#FFFFCC\"><a href=\"\/George\/anale\/comitet\/Arturo%20Fernandez%20Arias_2011.pdf\" target=\"_blank\">Arturo Fern\u00e1ndez Arias<\/a><\/td>\n<td align=\"center\" valign=\"middle\" bgcolor=\"#FFFFCC\">Profesor<\/td>\n<td align=\"center\" valign=\"middle\" bgcolor=\"#FFFFCC\">Facultad de Ciencias UNED Departamento Matem\u00e1ticas Fundamentales<\/td>\n<\/tr>\n<tr>\n<td align=\"center\" valign=\"middle\" bgcolor=\"#FFFFCC\"><a href=\"\/George\/anale\/comitet\/corneliu.pdf\" target=\"_blank\">Corneliu Mihail Alexandrescu<\/a><\/td>\n<td align=\"center\" valign=\"middle\" bgcolor=\"#FFFFCC\">Prof.univ.dr.ing\/Decan<\/td>\n<td align=\"center\" valign=\"middle\" bgcolor=\"#FFFFCC\">Universitatea Politehnica Bucure\u015fti, Facultatea Transporturi<\/td>\n<\/tr>\n<tr>\n<td align=\"center\" valign=\"middle\" bgcolor=\"#FFFFCC\"><a href=\"\/George\/anale\/comitet\/munteanu.pdf\" target=\"_blank\">Toader Munteanu<\/a><\/td>\n<td align=\"center\" valign=\"middle\" bgcolor=\"#FFFFCC\">Prof.univ.dr.ing\/Prorector<\/td>\n<td align=\"center\" valign=\"middle\" bgcolor=\"#FFFFCC\">Universitatea \u201eDun\u0103rea de Jos\u201d Gala\u0163i<\/td>\n<\/tr>\n<tr>\n<td align=\"center\" valign=\"middle\" bgcolor=\"#FFFFCC\"><a href=\"\/George\/anale\/comitet\/jurian.pdf\" target=\"_blank\">Mariana Jurian<\/a><\/td>\n<td align=\"center\" valign=\"middle\" bgcolor=\"#FFFFCC\">Prof.univ.dr.ing.<\/td>\n<td align=\"center\" valign=\"middle\" bgcolor=\"#FFFFCC\">Universitatea din Pite\u015fti, Facultatea<\/td>\n<\/tr>\n<tr>\n<td align=\"center\" valign=\"middle\" bgcolor=\"#FFFFCC\">Constantinescu Eliodor<\/td>\n<td align=\"center\" valign=\"middle\" bgcolor=\"#FFFFCC\">Prof.dr.<\/td>\n<td align=\"center\" valign=\"middle\" bgcolor=\"#FFFFCC\">Universitatea Maritima din Constanta<\/td>\n<\/tr>\n<tr>\n<td align=\"center\" valign=\"middle\" bgcolor=\"#FFFFCC\"><a href=\"\/George\/anale\/comitet\/corneliu.pdf\" target=\"_blank\">Corneliu Burileanu<\/a><\/td>\n<td align=\"center\" valign=\"middle\" bgcolor=\"#FFFFCC\">Prof.univ.dr.ing.\/Prorector<\/td>\n<td align=\"center\" valign=\"middle\" bgcolor=\"#FFFFCC\">Universitatea Politehnica Bucure\u015fti<\/td>\n<\/tr>\n<tr>\n<td align=\"center\" valign=\"middle\" bgcolor=\"#FFFFCC\">Batranca Ghiorghe<\/td>\n<td align=\"center\" valign=\"middle\" bgcolor=\"#FFFFCC\">Conf.dr.ing.<\/td>\n<td align=\"center\" valign=\"middle\" bgcolor=\"#FFFFCC\">Universitatea Maritima din Constanta<\/td>\n<\/tr>\n<tr>\n<td align=\"center\" valign=\"middle\" bgcolor=\"#FFFFCC\"><a href=\"\/George\/anale\/comitet\/marin%20dragulinescu.pdf\">Marian Dr\u0103gulinescu<\/a><\/td>\n<td align=\"center\" valign=\"middle\" bgcolor=\"#FFFFCC\">Prof.univ.dr.ing.<\/td>\n<td align=\"center\" valign=\"middle\" bgcolor=\"#FFFFCC\">Universitatea Politehnica Bucure\u015fti<\/td>\n<\/tr>\n<tr>\n<td align=\"center\" valign=\"middle\" bgcolor=\"#FFFFCC\"><a href=\"\/George\/anale\/comitet\/dragomirescu.pdf\" target=\"_blank\">Ovidiu Dragomirescu<\/a><\/td>\n<td align=\"center\" valign=\"middle\" bgcolor=\"#FFFFCC\">Prof.univ.dr.ing.<\/td>\n<td align=\"center\" valign=\"middle\" bgcolor=\"#FFFFCC\">Universitatea Politehnica Bucure\u015fti<\/td>\n<\/tr>\n<tr>\n<td align=\"center\" valign=\"middle\" bgcolor=\"#FFFFCC\"><a href=\"\/George\/anale\/comitet\/ciochina.pdf\" target=\"_blank\">Silviu Ciochin\u0103<\/a><\/td>\n<td align=\"center\" valign=\"middle\" bgcolor=\"#FFFFCC\">Prof.univ.dr.ing.<\/td>\n<td align=\"center\" valign=\"middle\" bgcolor=\"#FFFFCC\">Universitatea Politehnica Bucure\u015fti<\/td>\n<\/tr>\n<tr>\n<td align=\"center\" valign=\"middle\" bgcolor=\"#FFFFCC\">Argintaru Danut<\/td>\n<td align=\"center\" valign=\"middle\" bgcolor=\"#FFFFCC\">S.l.dr.<\/td>\n<td align=\"center\" valign=\"middle\" bgcolor=\"#FFFFCC\">Universitatea Maritima din Constanta<\/td>\n<\/tr>\n<tr>\n<td align=\"center\" valign=\"middle\" bgcolor=\"#FFFFCC\">Alexandru Jipa<\/td>\n<td align=\"center\" valign=\"middle\" bgcolor=\"#FFFFCC\">Prof.univ.dr.ing.\/Decan<\/td>\n<td align=\"center\" valign=\"middle\" bgcolor=\"#FFFFCC\">Universitatea din Bucure\u015fti\/Facultatea de Fizic\u0103<\/td>\n<\/tr>\n<tr>\n<td align=\"center\" valign=\"middle\" bgcolor=\"#FFFFCC\"><a href=\"\/George\/anale\/comitet\/stoicescu.pdf\" target=\"_blank\">Dan Stoichescu<\/a><\/td>\n<td align=\"center\" valign=\"middle\" bgcolor=\"#FFFFCC\">Prof.univ.dr.ing.\/\u015eef catedr\u0103<\/td>\n<td align=\"center\" valign=\"middle\" bgcolor=\"#FFFFCC\">Universitatea Politehnica Bucure\u015fti \/Facultatea de Electronic\u0103, Telecomunica\u0163ii \u015fi Tehnologia Informa\u0163iei<\/td>\n<\/tr>\n<tr>\n<td align=\"center\" valign=\"middle\" bgcolor=\"#FFFFCC\">Barsan Eugen<\/td>\n<td align=\"center\" valign=\"middle\" bgcolor=\"#FFFFCC\">Conf.dr.ing.<\/td>\n<td align=\"center\" valign=\"middle\" bgcolor=\"#FFFFCC\">Universitatea Maritima din Constanta<\/td>\n<\/tr>\n<tr>\n<td align=\"center\" valign=\"middle\" bgcolor=\"#FFFFCC\"><a href=\"\/George\/anale\/comitet\/petrescu.pdf\" target=\"_blank\">Teodor Petrescu<\/a><\/td>\n<td align=\"center\" valign=\"middle\" bgcolor=\"#FFFFCC\">Prof.univ.dr.ing.\/Decan<\/td>\n<td align=\"center\" valign=\"middle\" bgcolor=\"#FFFFCC\">Universitatea Politehnica Bucure\u015fti\/ Facultatea de Electronic\u0103, Telecomunica\u0163ii \u015fi Tehnologia Informa\u0163iei<\/td>\n<\/tr>\n<tr>\n<td align=\"center\" valign=\"middle\" bgcolor=\"#FFFFCC\"><a href=\"\/George\/anale\/comitet\/rodigruez.pdf\" target=\"_blank\">Ricardo Rodr\u00edguez-Martos <\/a><\/td>\n<td align=\"center\" valign=\"middle\" bgcolor=\"#FFFFCC\">Prof.dr\/Director DepartamentStiinte Ingineresti si Navale<\/td>\n<td align=\"center\" valign=\"middle\" bgcolor=\"#FFFFCC\">Universitatea Politehnica din Catalonia, Spania<\/td>\n<\/tr>\n<tr>\n<td align=\"center\" valign=\"middle\" bgcolor=\"#FFFFCC\"><a href=\"\/George\/anale\/comitet\/donna.pdf\" target=\"_blank\">Donna J. Nincic <\/a><\/td>\n<td align=\"center\" valign=\"middle\" bgcolor=\"#FFFFCC\">Prof.\/\u015eef catedr\u0103<\/td>\n<td align=\"center\" valign=\"middle\" bgcolor=\"#FFFFCC\">Department of Maritime Policy and Management, California Maritime Academy, California State University<\/td>\n<\/tr>\n<tr>\n<td align=\"center\" valign=\"middle\" bgcolor=\"#FFFFCC\">Radu Hanzu<\/td>\n<td align=\"center\" valign=\"middle\" bgcolor=\"#FFFFCC\">Conf. dr. ing.<\/td>\n<td align=\"center\" valign=\"middle\" bgcolor=\"#FFFFCC\">Universitatea Maritima din Constanta<\/td>\n<\/tr>\n<tr>\n<td align=\"center\" valign=\"middle\" bgcolor=\"#FFFFCC\">Anto Raukas<\/td>\n<td align=\"center\" valign=\"middle\" bgcolor=\"#FFFFCC\">Prof.univ.dr.ing<\/td>\n<td align=\"center\" valign=\"middle\" bgcolor=\"#FFFFCC\">Estonia Maritime Academy<\/td>\n<\/tr>\n<tr>\n<td align=\"center\" valign=\"middle\" bgcolor=\"#FFFFCC\">Buzbuchi Nicolae<\/td>\n<td align=\"center\" valign=\"middle\" bgcolor=\"#FFFFCC\">Prof.dr.ing.<\/td>\n<td align=\"center\" valign=\"middle\" bgcolor=\"#FFFFCC\">Universitatea Maritima din Constanta<\/td>\n<\/tr>\n<tr>\n<td align=\"center\" valign=\"middle\" bgcolor=\"#FFFFCC\">Wang Zuwen<\/td>\n<td align=\"center\" valign=\"middle\" bgcolor=\"#FFFFCC\">Prof.dr.\/ Rector<\/td>\n<td align=\"center\" valign=\"middle\" bgcolor=\"#FFFFCC\">Dalian Maritime University<\/td>\n<\/tr>\n<tr>\n<td align=\"center\" valign=\"middle\" bgcolor=\"#FFFFCC\"><a href=\"\/George\/anale\/comitet\/melo.pdf\" target=\"_blank\">De Melo German<\/a><\/td>\n<td align=\"center\" valign=\"middle\" bgcolor=\"#FFFFCC\">Profesor<\/td>\n<td align=\"center\" valign=\"middle\" bgcolor=\"#FFFFCC\">Faculty of Nautical Studies- Polytechnical University of Catalonia, Spain<\/td>\n<\/tr>\n<tr>\n<td align=\"center\" valign=\"middle\" bgcolor=\"#FFFFCC\">Zagan Remus<\/td>\n<td align=\"center\" valign=\"middle\" bgcolor=\"#FFFFCC\">Prof.dr.ing.<\/td>\n<td align=\"center\" valign=\"middle\" bgcolor=\"#FFFFCC\">Universitatea Maritima din Constanta<\/td>\n<\/tr>\n<tr>\n<td align=\"center\" valign=\"middle\" bgcolor=\"#FFFFCC\"><a href=\"\/George\/anale\/comitet\/myk.pdf\" target=\"_blank\">Mykhaylo V.Miyusov<\/a><\/td>\n<td align=\"center\" valign=\"middle\" bgcolor=\"#FFFFCC\">Prof.dr.\/ Rector<\/td>\n<td align=\"center\" valign=\"middle\" bgcolor=\"#FFFFCC\">Odesa National Maritime Academy<\/td>\n<\/tr>\n<tr>\n<td align=\"center\" valign=\"middle\" bgcolor=\"#FFFFCC\"><a href=\"\/George\/anale\/comitet\/guler.pdf\">Guler Nil<\/a><\/td>\n<td align=\"center\" valign=\"middle\" bgcolor=\"#FFFFCC\">Prof.dr.\/ Decan<\/td>\n<td align=\"center\" valign=\"middle\" bgcolor=\"#FFFFCC\">Maritime Faculty, Istanbul Technical University, Turkey<\/td>\n<\/tr>\n<tr>\n<td align=\"center\" valign=\"middle\" bgcolor=\"#FFFFCC\">Panaitescu Viorel<\/td>\n<td align=\"center\" valign=\"middle\" bgcolor=\"#FFFFCC\">Conf.dr.ing<\/td>\n<td align=\"center\" valign=\"middle\" bgcolor=\"#FFFFCC\">Universitatea Maritima din Constanta<\/td>\n<\/tr>\n<tr>\n<td align=\"center\" valign=\"middle\" bgcolor=\"#FFFFCC\"><a href=\"\/George\/anale\/comitet\/romuald.pdf\" target=\"_blank\">Cwilewicz Romuald<\/a><\/td>\n<td align=\"center\" valign=\"middle\" bgcolor=\"#FFFFCC\">Prof.dr.\/ Rector<\/td>\n<td align=\"center\" valign=\"middle\" bgcolor=\"#FFFFCC\">Gdynia Maritime University, Poland<\/td>\n<\/tr>\n<tr>\n<td align=\"center\" valign=\"middle\" bgcolor=\"#FFFFCC\"><a href=\"\/George\/anale\/comitet\/osman.pdf\" target=\"_blank\">Sag Osman Kamil<\/a><\/td>\n<td align=\"center\" valign=\"middle\" bgcolor=\"#FFFFCC\">Prof.dr.\/ Rector<\/td>\n<td align=\"center\" valign=\"middle\" bgcolor=\"#FFFFCC\">Piri Reis Maritime University, Turkey<\/td>\n<\/tr>\n<tr>\n<td align=\"center\" valign=\"middle\" bgcolor=\"#FFFFCC\"><a href=\"\/George\/anale\/comitet\/norbert.pdf\" target=\"_blank\">Gruenwald Norbert<\/a><\/td>\n<td align=\"center\" valign=\"middle\" bgcolor=\"#FFFFCC\">Prof.dr.\/ Rector<\/td>\n<td align=\"center\" valign=\"middle\" bgcolor=\"#FFFFCC\">Hochschule Wismar, University of Technology, Business and Design, Germany<\/td>\n<\/tr>\n<tr>\n<td align=\"center\" valign=\"middle\" bgcolor=\"#FFFFCC\">Oanta Emil<\/td>\n<td align=\"center\" valign=\"middle\" bgcolor=\"#FFFFCC\">Conf.dr.ing.<\/td>\n<td align=\"center\" valign=\"middle\" bgcolor=\"#FFFFCC\">Universitatea Maritima din Constanta<\/td>\n<\/tr>\n<tr>\n<td align=\"center\" valign=\"middle\" bgcolor=\"#FFFFCC\"><a href=\"\/George\/anale\/comitet\/angelov.pdf\" target=\"_blank\">Dimitar Angelov<\/a><\/td>\n<td align=\"center\" valign=\"middle\" bgcolor=\"#FFFFCC\">Prof.dr.\/ Rector<\/td>\n<td align=\"center\" valign=\"middle\" bgcolor=\"#FFFFCC\">N.Y. Vaptsarov Naval Academy<\/td>\n<\/tr>\n<tr>\n<td align=\"center\" valign=\"middle\" bgcolor=\"#FFFFCC\"><a href=\"\/George\/anale\/comitet\/keo-don.pdf\" target=\"_blank\">Oh Keo-Don<\/a><\/td>\n<td align=\"center\" valign=\"middle\" bgcolor=\"#FFFFCC\">Prof.dr.\/ Rector<\/td>\n<td align=\"center\" valign=\"middle\" bgcolor=\"#FFFFCC\">Korea Maritime University, Korea<\/td>\n<\/tr>\n<tr>\n<td align=\"center\" valign=\"middle\" bgcolor=\"#FFFFCC\">Sintea Sorin<\/td>\n<td align=\"center\" valign=\"middle\" bgcolor=\"#FFFFCC\">S.l.dr.ing.<\/td>\n<td align=\"center\" valign=\"middle\" bgcolor=\"#FFFFCC\">Universitatea Maritima din Constanta<\/td>\n<\/tr>\n<tr>\n<td align=\"center\" valign=\"middle\" bgcolor=\"#FFFFCC\"><a href=\"\/George\/anale\/comitet\/wiliam.pdf\" target=\"_blank\">Eisenhardt Wiliam<\/a><\/td>\n<td align=\"center\" valign=\"middle\" bgcolor=\"#FFFFCC\">Prof.dr.\/ Rector<\/td>\n<td align=\"center\" valign=\"middle\" bgcolor=\"#FFFFCC\">California Maritime Academy,USA<\/td>\n<\/tr>\n<tr>\n<td align=\"center\" valign=\"middle\" bgcolor=\"#FFFFCC\"><a href=\"\/George\/anale\/comitet\/bogumil.pdf\" target=\"_blank\">Laczynski Bogumil<\/a><\/td>\n<td align=\"center\" valign=\"middle\" bgcolor=\"#FFFFCC\">Profesor<\/td>\n<td align=\"center\" valign=\"middle\" bgcolor=\"#FFFFCC\">Faculty of Navigation-Gdynia Maritime University, Polonia<\/td>\n<\/tr>\n<tr>\n<td align=\"center\" valign=\"middle\" bgcolor=\"#FFFFCC\">Popa Dan<\/td>\n<td align=\"center\" valign=\"middle\" bgcolor=\"#FFFFCC\">Prof.dr.ing.<\/td>\n<td align=\"center\" valign=\"middle\" bgcolor=\"#FFFFCC\">Universitatea Maritima din Constanta<\/td>\n<\/tr>\n<tr>\n<td align=\"center\" valign=\"middle\" bgcolor=\"#FFFFCC\"><a href=\"\/George\/anale\/comitet\/malek.pdf\" target=\"_blank\">Malek Pourzanjani<\/a><\/td>\n<td align=\"center\" valign=\"middle\" bgcolor=\"#FFFFCC\">Prof.dr.\/ Rector<\/td>\n<td align=\"center\" valign=\"middle\" bgcolor=\"#FFFFCC\">Australian Maritime College<\/td>\n<\/tr>\n<tr>\n<td align=\"center\" valign=\"middle\" bgcolor=\"#FFFFCC\"><a href=\"\/George\/anale\/comitet\/Yu.pdf\" target=\"_blank\">Yu Schicheng<\/a><\/td>\n<td align=\"center\" valign=\"middle\" bgcolor=\"#FFFFCC\">Prof.dr.\/ Rector<\/td>\n<td align=\"center\" valign=\"middle\" bgcolor=\"#FFFFCC\">Shanghai Maritime University, China<\/td>\n<\/tr>\n<tr>\n<td align=\"center\" valign=\"middle\" bgcolor=\"#FFFFCC\">Ciucur Violeta<\/td>\n<td align=\"center\" valign=\"middle\" bgcolor=\"#FFFFCC\">Conf.dr.ing.<\/td>\n<td align=\"center\" valign=\"middle\" bgcolor=\"#FFFFCC\">Universitatea Maritima din Constanta<\/td>\n<\/tr>\n<tr>\n<td align=\"center\" valign=\"middle\" bgcolor=\"#FFFFCC\"><a href=\"\/George\/anale\/comitet\/torben.pdf\" target=\"_blank\">Jessen Torben<\/a><\/td>\n<td align=\"center\" valign=\"middle\" bgcolor=\"#FFFFCC\">Prof.dr.\/ Rector<\/td>\n<td align=\"center\" valign=\"middle\" bgcolor=\"#FFFFCC\">Danish Maritime University, Denmark<\/td>\n<\/tr>\n<tr>\n<td align=\"center\" valign=\"middle\" bgcolor=\"#FFFFCC\"><a href=\"\/George\/anale\/comitet\/cornel.pdf\" target=\"_blank\">Cornel Ioana<\/a><\/td>\n<td align=\"center\" valign=\"middle\" bgcolor=\"#FFFFCC\">Conf.dr.\/Cercetator<\/td>\n<td align=\"center\" valign=\"middle\" bgcolor=\"#FFFFCC\">Grenoble INP\/ENSE3, GIPSA-lab, Department Images-Signal, France<\/td>\n<\/tr>\n<tr>\n<td align=\"center\" valign=\"middle\" bgcolor=\"#FFFFCC\">Tamas Razvan<\/td>\n<td align=\"center\" valign=\"middle\" bgcolor=\"#FFFFCC\">Prof.univ.dr.ing.<\/td>\n<td align=\"center\" valign=\"middle\" bgcolor=\"#FFFFCC\">\n<p style=\"text-align: left;\" align=\"center\">Universitatea Maritima din Constanta<\/p>\n<\/td>\n<\/tr>\n<\/tbody>\n<\/table>\n","protected":false},"excerpt":{"rendered":"<p>Nume \u015fi prenume Titlu didactic \u015fi \/ sau \u015ftiin\u0163ific\/Titlu academic (dac\u0103 este cazul) Universitatea \/ institutul de provenien\u0163\u0103 Cornel Panait Rector, Prof.univ.dr.ing. Universitatea Maritima din Constanta Arturo Fern\u00e1ndez Arias Profesor Facultad de Ciencias UNED Departamento Matem\u00e1ticas Fundamentales Corneliu Mihail Alexandrescu Prof.univ.dr.ing\/Decan Universitatea Politehnica Bucure\u015fti, Facultatea Transporturi Toader Munteanu Prof.univ.dr.ing\/Prorector Universitatea \u201eDun\u0103rea de Jos\u201d Gala\u0163i Mariana [&hellip;]<\/p>\n","protected":false},"author":4,"featured_media":0,"parent":10,"menu_order":0,"comment_status":"closed","ping_status":"closed","template":"","meta":{"footnotes":""},"class_list":["post-18","page","type-page","status-publish","hentry"],"_links":{"self":[{"href":"https:\/\/cmu-edu.eu\/anale\/wp-json\/wp\/v2\/pages\/18","targetHints":{"allow":["GET"]}}],"collection":[{"href":"https:\/\/cmu-edu.eu\/anale\/wp-json\/wp\/v2\/pages"}],"about":[{"href":"https:\/\/cmu-edu.eu\/anale\/wp-json\/wp\/v2\/types\/page"}],"author":[{"embeddable":true,"href":"https:\/\/cmu-edu.eu\/anale\/wp-json\/wp\/v2\/users\/4"}],"replies":[{"embeddable":true,"href":"https:\/\/cmu-edu.eu\/anale\/wp-json\/wp\/v2\/comments?post=18"}],"version-history":[{"count":3,"href":"https:\/\/cmu-edu.eu\/anale\/wp-json\/wp\/v2\/pages\/18\/revisions"}],"predecessor-version":[{"id":141,"href":"https:\/\/cmu-edu.eu\/anale\/wp-json\/wp\/v2\/pages\/18\/revisions\/141"}],"up":[{"embeddable":true,"href":"https:\/\/cmu-edu.eu\/anale\/wp-json\/wp\/v2\/pages\/10"}],"wp:attachment":[{"href":"https:\/\/cmu-edu.eu\/anale\/wp-json\/wp\/v2\/media?parent=18"}],"curies":[{"name":"wp","href":"https:\/\/api.w.org\/{rel}","templated":true}]}}