{"id":1009,"date":"2026-01-15T06:21:11","date_gmt":"2026-01-15T06:21:11","guid":{"rendered":"https:\/\/cmu-edu.eu\/calitate\/?page_id=1009"},"modified":"2026-03-14T06:39:19","modified_gmt":"2026-03-14T06:39:19","slug":"evaluarea-externa-institutionala","status":"publish","type":"page","link":"https:\/\/cmu-edu.eu\/calitate\/evaluarea-externa-institutionala\/","title":{"rendered":"Evaluarea extern\u0103 institu\u021bional\u0103"},"content":{"rendered":"\n<h4 class=\"wp-block-heading\"><a href=\"https:\/\/www.aracis.ro\/ev_institutionala\/universitatea-maritima-din-constanta-2023\/\">Raport evaluare extern\u0103 2023<\/a><\/h4>\n\n\n\n<h4 class=\"wp-block-heading\"><a href=\"https:\/\/www.aracis.ro\/ev_institutionala\/universitatea-maritima-din-constanta-2016\/\">Raport evaluare extern\u0103 2016<\/a><\/h4>\n\n\n\n<h4 class=\"wp-block-heading\"><a href=\"https:\/\/www.aracis.ro\/ev_institutionala\/universitatea-maritima-din-constanta-2009\/\">Raport evaluare extern\u0103 2009<\/a><\/h4>\n","protected":false},"excerpt":{"rendered":"<p>Raport evaluare extern\u0103 2023 Raport evaluare extern\u0103 2016 Raport evaluare extern\u0103 2009<\/p>\n","protected":false},"author":6,"featured_media":0,"parent":0,"menu_order":0,"comment_status":"closed","ping_status":"closed","template":"","meta":{"neve_meta_sidebar":"","neve_meta_container":"","neve_meta_enable_content_width":"","neve_meta_content_width":0,"neve_meta_title_alignment":"","neve_meta_author_avatar":"","neve_post_elements_order":"","neve_meta_disable_header":"","neve_meta_disable_footer":"","neve_meta_disable_title":"","footnotes":""},"class_list":["post-1009","page","type-page","status-publish","hentry"],"_links":{"self":[{"href":"https:\/\/cmu-edu.eu\/calitate\/wp-json\/wp\/v2\/pages\/1009","targetHints":{"allow":["GET"]}}],"collection":[{"href":"https:\/\/cmu-edu.eu\/calitate\/wp-json\/wp\/v2\/pages"}],"about":[{"href":"https:\/\/cmu-edu.eu\/calitate\/wp-json\/wp\/v2\/types\/page"}],"author":[{"embeddable":true,"href":"https:\/\/cmu-edu.eu\/calitate\/wp-json\/wp\/v2\/users\/6"}],"replies":[{"embeddable":true,"href":"https:\/\/cmu-edu.eu\/calitate\/wp-json\/wp\/v2\/comments?post=1009"}],"version-history":[{"count":2,"href":"https:\/\/cmu-edu.eu\/calitate\/wp-json\/wp\/v2\/pages\/1009\/revisions"}],"predecessor-version":[{"id":1205,"href":"https:\/\/cmu-edu.eu\/calitate\/wp-json\/wp\/v2\/pages\/1009\/revisions\/1205"}],"wp:attachment":[{"href":"https:\/\/cmu-edu.eu\/calitate\/wp-json\/wp\/v2\/media?parent=1009"}],"curies":[{"name":"wp","href":"https:\/\/api.w.org\/{rel}","templated":true}]}}