{"id":101,"date":"2015-05-22T05:26:25","date_gmt":"2015-05-22T05:26:25","guid":{"rendered":"https:\/\/cmu-edu.eu\/calitate\/?page_id=101"},"modified":"2026-03-14T13:44:47","modified_gmt":"2026-03-14T13:44:47","slug":"rapoarte-anuale-privind-calitatea-academica","status":"publish","type":"page","link":"https:\/\/cmu-edu.eu\/calitate\/rapoarte-anuale-privind-calitatea-academica\/","title":{"rendered":"Rapoarte anuale privind calitatea academic\u0103"},"content":{"rendered":"<p><a href=\"https:\/\/cmu-edu.eu\/calitate\/wp-content\/uploads\/sites\/6\/2026\/03\/Raport-intern-de-evaluare-a-calitatii-in-UMC_2024-2025.pdf\">Raport anual privind calitatea academic\u0103 2024-2025<\/a><\/p>\n<p><a href=\"https:\/\/cmu-edu.eu\/calitate\/wp-content\/uploads\/sites\/6\/2026\/03\/Raport-anual-privind-calitatea-academica-2023-2024.pdf\">Raport anual privind calitatea academic\u0103 2023-2024<\/a><\/p>\n<p><a href=\"https:\/\/cmu-edu.eu\/calitate\/wp-content\/uploads\/sites\/6\/2025\/03\/Raport-anual-privind-calitatea-academica-2022-2023.pdf\">Raport anual privind calitatea academic\u0103 2022-2023<\/a><\/p>\n<p><a href=\"https:\/\/cmu-edu.eu\/calitate\/wp-content\/uploads\/sites\/6\/2025\/03\/Raport-anual-privind-calitatea-academica-2021-2022.pdf\">Raport anual privind calitatea academic\u0103 2021-2022<\/a><\/p>\n<p><a href=\"https:\/\/cmu-edu.eu\/calitate\/wp-content\/uploads\/sites\/6\/2022\/05\/Raport-anual-privind-calitatea-academica.pdf\">Raport anual privind calitatea academic\u0103 2020-2021<\/a><\/p>\n<p><a href=\"https:\/\/cmu-edu.eu\/calitate\/wp-content\/uploads\/sites\/6\/2022\/03\/Raport-anual-privind-calitatea-academica-2019-2020.pdf\">Raport anual privind calitatea academica 2019-2020<\/a><\/p>\n<p><a href=\"https:\/\/cmu-edu.eu\/calitate\/wp-content\/uploads\/sites\/6\/2021\/11\/Raport-anual-privind-calitatea-academica-2018-2019.pdf\">Raport anual privind calitatea academica 2018-2019<\/a><\/p>\n<p><a href=\"https:\/\/cmu-edu.eu\/calitate\/wp-content\/uploads\/sites\/6\/2019\/11\/Raport-anual-privind-calitatea-academica-2017-2018.pdf\">Raport anual privind calitatea academica 2017-2018<\/a><\/p>\n<p><a href=\"https:\/\/cmu-edu.eu\/calitate\/wp-content\/uploads\/sites\/6\/2018\/12\/Raport-anual-privind-calitatea-academica-2016-2017.pdf\" target=\"_blank\" rel=\"noopener noreferrer\">Raport anual privind calitatea academica 2016-2017<\/a><\/p>\n<p><a href=\"https:\/\/cmu-edu.eu\/calitate\/wp-content\/uploads\/sites\/6\/2015\/05\/Raport-anual-de-evaluare-interna-a-calitatii-educatiei.pdf\">Raport anual privind calitatea academica 2015-2016<\/a><\/p>\n<p><a href=\"https:\/\/cmu-edu.eu\/calitate\/wp-content\/uploads\/sites\/6\/2015\/05\/Raport-anual-privind-calitatea-academica-2014-2015.pdf\" target=\"_blank\" rel=\"noopener noreferrer\">Raport anual privind calitatea academica 2014-2015<\/a><\/p>\n<p><a href=\"https:\/\/cmu-edu.eu\/calitate\/wp-content\/uploads\/sites\/6\/2015\/05\/Raport-anual-privind-calitatea-academica-2013-2014.pdf\" target=\"_blank\" rel=\"noopener noreferrer\">Raport anual privind calitatea academica 2013-2014<\/a><\/p>\n<p><a href=\"https:\/\/cmu-edu.eu\/calitate\/wp-content\/uploads\/sites\/6\/2015\/05\/Raport-anual-privind-calitatea-academica-2012-2013.pdf\">Raport anual privind calitatea academica 2012-2013<\/a><\/p>\n<p><a href=\"https:\/\/cmu-edu.eu\/calitate\/wp-content\/uploads\/sites\/6\/2015\/05\/Raport-anual-privind-calitatea-academica-20011-2012.pdf\" target=\"_blank\" rel=\"noopener noreferrer\">Raport anual privind calitatea academic\u0103 2011-2012<\/a><\/p>\n","protected":false},"excerpt":{"rendered":"<p>Raport anual privind calitatea academic\u0103 2024-2025 Raport anual privind calitatea academic\u0103 2023-2024 Raport anual privind calitatea academic\u0103 2022-2023 Raport anual privind calitatea academic\u0103 2021-2022 Raport anual privind calitatea academic\u0103 2020-2021 Raport anual privind calitatea academica 2019-2020 Raport anual privind calitatea academica 2018-2019 Raport anual privind calitatea academica 2017-2018 Raport anual privind calitatea academica 2016-2017 Raport&hellip;&nbsp;<a href=\"https:\/\/cmu-edu.eu\/calitate\/rapoarte-anuale-privind-calitatea-academica\/\" rel=\"bookmark\"><span class=\"screen-reader-text\">Rapoarte anuale privind calitatea academic\u0103<\/span><\/a><\/p>\n","protected":false},"author":6,"featured_media":0,"parent":0,"menu_order":0,"comment_status":"closed","ping_status":"closed","template":"","meta":{"neve_meta_sidebar":"","neve_meta_container":"","neve_meta_enable_content_width":"","neve_meta_content_width":0,"neve_meta_title_alignment":"","neve_meta_author_avatar":"","neve_post_elements_order":"","neve_meta_disable_header":"","neve_meta_disable_footer":"","neve_meta_disable_title":"","footnotes":""},"class_list":["post-101","page","type-page","status-publish","hentry"],"_links":{"self":[{"href":"https:\/\/cmu-edu.eu\/calitate\/wp-json\/wp\/v2\/pages\/101","targetHints":{"allow":["GET"]}}],"collection":[{"href":"https:\/\/cmu-edu.eu\/calitate\/wp-json\/wp\/v2\/pages"}],"about":[{"href":"https:\/\/cmu-edu.eu\/calitate\/wp-json\/wp\/v2\/types\/page"}],"author":[{"embeddable":true,"href":"https:\/\/cmu-edu.eu\/calitate\/wp-json\/wp\/v2\/users\/6"}],"replies":[{"embeddable":true,"href":"https:\/\/cmu-edu.eu\/calitate\/wp-json\/wp\/v2\/comments?post=101"}],"version-history":[{"count":17,"href":"https:\/\/cmu-edu.eu\/calitate\/wp-json\/wp\/v2\/pages\/101\/revisions"}],"predecessor-version":[{"id":1234,"href":"https:\/\/cmu-edu.eu\/calitate\/wp-json\/wp\/v2\/pages\/101\/revisions\/1234"}],"wp:attachment":[{"href":"https:\/\/cmu-edu.eu\/calitate\/wp-json\/wp\/v2\/media?parent=101"}],"curies":[{"name":"wp","href":"https:\/\/api.w.org\/{rel}","templated":true}]}}