{"id":1298,"date":"2026-03-19T08:40:13","date_gmt":"2026-03-19T08:40:13","guid":{"rendered":"https:\/\/cmu-edu.eu\/calitate\/?page_id=1298"},"modified":"2026-04-01T10:34:15","modified_gmt":"2026-04-01T10:34:15","slug":"domeniul-de-studii-universitare-de-masterat-inginerie-mecanica","status":"publish","type":"page","link":"https:\/\/cmu-edu.eu\/calitate\/domeniul-de-studii-universitare-de-masterat-inginerie-mecanica\/","title":{"rendered":"Domeniul de studii universitare de masterat Inginerie mecanic\u0103"},"content":{"rendered":"\n<p><a href=\"https:\/\/cmu-edu.eu\/calitate\/wp-content\/uploads\/sites\/6\/2026\/03\/Raport-de-autoevaluare-Inginerie-mecanica-2026-site.pdf\">Raport de autoevaluare DSUM Inginerie mecanic\u0103<\/a><\/p>\n\n\n\n<p><a href=\"https:\/\/cmu-edu.eu\/calitate\/wp-content\/uploads\/sites\/6\/2026\/03\/Plan-de-invatamant-IMMA_redacted.pdf\">Plan de \u00eenv\u0103\u021b\u0103m\u00e2nt<\/a><\/p>\n\n\n\n<p><a href=\"https:\/\/univmaritima.sharepoint.com\/:f:\/g\/IgDTkn6znKvvR5SddgndkCTJAXvNVFPsiCKxCdbRNRsseIQ?e=h4Y7sf\">Cadre didactice program de studii<\/a><\/p>\n\n\n\n<p><a href=\"https:\/\/cmu-edu.eu\/calitate\/fise-de-disciplina-inginerie-mecanica-maritima-avansata\/\">Fi\u0219e de disciplin\u0103<\/a><\/p>\n\n\n\n<p><a href=\"https:\/\/cmu-edu.eu\/calitate\/wp-content\/uploads\/sites\/6\/2026\/03\/Cerere-Acreditare-DSUM-Inginerie-mecanica_redacted.pdf\">Cerere demarare activit\u0103\u021bi de evaluare<\/a><\/p>\n\n\n\n<p><a href=\"https:\/\/cmu-edu.eu\/calitate\/wp-content\/uploads\/sites\/6\/2026\/03\/Hotararea-Senatului-IMMA_redacted.pdf\">Hot\u0103r\u00e2re de Senat<\/a><\/p>\n","protected":false},"excerpt":{"rendered":"<p>Raport de autoevaluare DSUM Inginerie mecanic\u0103 Plan de \u00eenv\u0103\u021b\u0103m\u00e2nt Cadre didactice program de studii Fi\u0219e de disciplin\u0103 Cerere demarare activit\u0103\u021bi de evaluare Hot\u0103r\u00e2re de Senat<\/p>\n","protected":false},"author":6,"featured_media":0,"parent":0,"menu_order":0,"comment_status":"closed","ping_status":"closed","template":"","meta":{"neve_meta_sidebar":"","neve_meta_container":"","neve_meta_enable_content_width":"","neve_meta_content_width":0,"neve_meta_title_alignment":"","neve_meta_author_avatar":"","neve_post_elements_order":"","neve_meta_disable_header":"","neve_meta_disable_footer":"","neve_meta_disable_title":"","footnotes":""},"class_list":["post-1298","page","type-page","status-publish","hentry"],"_links":{"self":[{"href":"https:\/\/cmu-edu.eu\/calitate\/wp-json\/wp\/v2\/pages\/1298","targetHints":{"allow":["GET"]}}],"collection":[{"href":"https:\/\/cmu-edu.eu\/calitate\/wp-json\/wp\/v2\/pages"}],"about":[{"href":"https:\/\/cmu-edu.eu\/calitate\/wp-json\/wp\/v2\/types\/page"}],"author":[{"embeddable":true,"href":"https:\/\/cmu-edu.eu\/calitate\/wp-json\/wp\/v2\/users\/6"}],"replies":[{"embeddable":true,"href":"https:\/\/cmu-edu.eu\/calitate\/wp-json\/wp\/v2\/comments?post=1298"}],"version-history":[{"count":8,"href":"https:\/\/cmu-edu.eu\/calitate\/wp-json\/wp\/v2\/pages\/1298\/revisions"}],"predecessor-version":[{"id":1401,"href":"https:\/\/cmu-edu.eu\/calitate\/wp-json\/wp\/v2\/pages\/1298\/revisions\/1401"}],"wp:attachment":[{"href":"https:\/\/cmu-edu.eu\/calitate\/wp-json\/wp\/v2\/media?parent=1298"}],"curies":[{"name":"wp","href":"https:\/\/api.w.org\/{rel}","templated":true}]}}