{"id":1356,"date":"2026-03-24T06:50:28","date_gmt":"2026-03-24T06:50:28","guid":{"rendered":"https:\/\/cmu-edu.eu\/calitate\/?page_id=1356"},"modified":"2026-04-01T10:32:14","modified_gmt":"2026-04-01T10:32:14","slug":"engineering-and-management-in-transport-and-logistics-2026","status":"publish","type":"page","link":"https:\/\/cmu-edu.eu\/calitate\/engineering-and-management-in-transport-and-logistics-2026\/","title":{"rendered":"Engineering and Management in Transport and Logistics 2026"},"content":{"rendered":"\n<p class=\"has-text-align-center\">Raport de autoevaluare<\/p>\n\n\n\n<hr class=\"wp-block-separator has-alpha-channel-opacity\" \/>\n\n\n\n<p class=\"has-text-align-center\"><a href=\"https:\/\/cmu-edu.eu\/calitate\/wp-content\/uploads\/sites\/6\/2026\/03\/Plan-EMTL.pdf\">Plan de \u00eenv\u0103\u021b\u0103m\u00e2nt<\/a><\/p>\n\n\n\n<hr class=\"wp-block-separator has-alpha-channel-opacity\" \/>\n\n\n\n<p class=\"has-text-align-center\"><a href=\"https:\/\/univmaritima.sharepoint.com\/:f:\/g\/IgD0A2qJpsTQTqIipGRL2yeyAZBODbVQyALudrByMsaHGMo?e=uWDJhl\">Cadre didactice program de studii<\/a><\/p>\n\n\n\n<hr class=\"wp-block-separator has-alpha-channel-opacity\" \/>\n\n\n\n<p class=\"has-text-align-center\">Fi\u0219e de disciplin\u0103<\/p>\n\n\n\n<div class=\"wp-block-columns is-layout-flex wp-container-core-columns-is-layout-9d6595d7 wp-block-columns-is-layout-flex\">\n<div class=\"wp-block-column is-layout-flow wp-block-column-is-layout-flow\">\n<div class=\"wp-block-columns is-layout-flex wp-container-core-columns-is-layout-9d6595d7 wp-block-columns-is-layout-flex\">\n<div class=\"wp-block-column is-layout-flow wp-block-column-is-layout-flow\">\n<p class=\"has-text-align-center\"><a href=\"https:\/\/univmaritima.sharepoint.com\/:f:\/g\/IgBmFfuyVMkdSIICUBfqpiEbAdOIDUaWrZ4LTOQz3kyx14o?e=tu0LkJ\">Anul I<\/a><\/p>\n<\/div>\n\n\n\n<div class=\"wp-block-column is-layout-flow wp-block-column-is-layout-flow\">\n<p class=\"has-text-align-center\"><a href=\"https:\/\/univmaritima.sharepoint.com\/:f:\/g\/IgDaSmwqScoLS7Hy2F_FKhwtAbs_JMXBo-nbqtjqT9atYAk?e=rJobY4\">Anul II<\/a><\/p>\n<\/div>\n<\/div>\n<\/div>\n\n\n\n<div class=\"wp-block-column is-layout-flow wp-block-column-is-layout-flow\">\n<div class=\"wp-block-columns is-layout-flex wp-container-core-columns-is-layout-9d6595d7 wp-block-columns-is-layout-flex\">\n<div class=\"wp-block-column is-layout-flow wp-block-column-is-layout-flow\">\n<p class=\"has-text-align-center\"><a href=\"https:\/\/univmaritima.sharepoint.com\/:f:\/g\/IgA8DIu7eZ-eQYf3zFh7q-ShAQZKrkCgDlHboQJIW6H5Qyc?e=M3WS1C\">Anul III<\/a><\/p>\n<\/div>\n\n\n\n<div class=\"wp-block-column is-layout-flow wp-block-column-is-layout-flow\">\n<p class=\"has-text-align-center\"><a href=\"https:\/\/univmaritima.sharepoint.com\/:f:\/g\/IgB-mH8fRGFdR6y37yAVSqqvAfWC8Gg8o99EH9ts80ZynLA?e=2KDTBa\">Anul IV<\/a><\/p>\n<\/div>\n<\/div>\n<\/div>\n<\/div>\n\n\n\n<hr class=\"wp-block-separator has-alpha-channel-opacity\" \/>\n\n\n\n<p class=\"has-text-align-center\"><a href=\"https:\/\/cmu-edu.eu\/calitate\/wp-content\/uploads\/sites\/6\/2026\/03\/Cerere-infiintare-program-de-studii-universitare-de-licenta-EMTL_redacted.pdf\">Cerere \u00eenfiin\u021bare program de studii universitare de licen\u021b\u0103<\/a><\/p>\n\n\n\n<hr class=\"wp-block-separator has-alpha-channel-opacity\" \/>\n\n\n\n<p class=\"has-text-align-center\"><a href=\"https:\/\/cmu-edu.eu\/calitate\/wp-content\/uploads\/sites\/6\/2026\/03\/Hotarare-de-Senat-A.3.-17.12.2025_redacted.pdf\">Hot\u0103r\u00e2re de Senat<\/a><\/p>\n\n\n\n<hr class=\"wp-block-separator has-alpha-channel-opacity\" \/>\n\n\n\n<p><\/p>\n","protected":false},"excerpt":{"rendered":"<p>Raport de autoevaluare Plan de \u00eenv\u0103\u021b\u0103m\u00e2nt Cadre didactice program de studii Fi\u0219e de disciplin\u0103 Anul I Anul II Anul III Anul IV Cerere \u00eenfiin\u021bare program de studii universitare de licen\u021b\u0103 Hot\u0103r\u00e2re de Senat<\/p>\n","protected":false},"author":6,"featured_media":0,"parent":0,"menu_order":0,"comment_status":"closed","ping_status":"closed","template":"","meta":{"neve_meta_sidebar":"","neve_meta_container":"","neve_meta_enable_content_width":"","neve_meta_content_width":0,"neve_meta_title_alignment":"","neve_meta_author_avatar":"","neve_post_elements_order":"","neve_meta_disable_header":"","neve_meta_disable_footer":"","neve_meta_disable_title":"","footnotes":""},"class_list":["post-1356","page","type-page","status-publish","hentry"],"_links":{"self":[{"href":"https:\/\/cmu-edu.eu\/calitate\/wp-json\/wp\/v2\/pages\/1356","targetHints":{"allow":["GET"]}}],"collection":[{"href":"https:\/\/cmu-edu.eu\/calitate\/wp-json\/wp\/v2\/pages"}],"about":[{"href":"https:\/\/cmu-edu.eu\/calitate\/wp-json\/wp\/v2\/types\/page"}],"author":[{"embeddable":true,"href":"https:\/\/cmu-edu.eu\/calitate\/wp-json\/wp\/v2\/users\/6"}],"replies":[{"embeddable":true,"href":"https:\/\/cmu-edu.eu\/calitate\/wp-json\/wp\/v2\/comments?post=1356"}],"version-history":[{"count":16,"href":"https:\/\/cmu-edu.eu\/calitate\/wp-json\/wp\/v2\/pages\/1356\/revisions"}],"predecessor-version":[{"id":1400,"href":"https:\/\/cmu-edu.eu\/calitate\/wp-json\/wp\/v2\/pages\/1356\/revisions\/1400"}],"wp:attachment":[{"href":"https:\/\/cmu-edu.eu\/calitate\/wp-json\/wp\/v2\/media?parent=1356"}],"curies":[{"name":"wp","href":"https:\/\/api.w.org\/{rel}","templated":true}]}}