{"id":307,"date":"2019-11-15T07:27:31","date_gmt":"2019-11-15T07:27:31","guid":{"rendered":"https:\/\/cmu-edu.eu\/calitate\/?page_id=307"},"modified":"2026-04-07T10:29:37","modified_gmt":"2026-04-07T10:29:37","slug":"regulamente","status":"publish","type":"page","link":"https:\/\/cmu-edu.eu\/calitate\/regulamente\/","title":{"rendered":"Regulamente"},"content":{"rendered":"\n<h6 class=\"wp-block-heading\"><a href=\"https:\/\/cmu-edu.eu\/wp-content\/uploads\/2025\/01\/Carta-UMC_Redacted.pdf\">Carta UMC<\/a><\/h6>\n\n\n\n<p class=\"has-small-font-size\"><a href=\"https:\/\/cmu-edu.eu\/calitate\/wp-content\/uploads\/sites\/6\/2026\/03\/Aviz-Carta-MEC-2025.pdf\"><strong>Aviz Carta UMC<\/strong><\/a><\/p>\n\n\n\n<h6 class=\"wp-block-heading\"><a href=\"https:\/\/cmu-edu.eu\/calitate\/wp-content\/uploads\/sites\/6\/2026\/03\/Codul-calitatii-UMC.pdf\">Codul Calit\u0103\u021bii<\/a><\/h6>\n\n\n\n<h6 class=\"wp-block-heading\"><a href=\"https:\/\/cmu-edu.eu\/calitate\/wp-content\/uploads\/sites\/6\/2025\/03\/Regulament-Sistem-management-integrat_2025.pdf\">Regulament Sistem management integrat<\/a><\/h6>\n\n\n\n<h6 class=\"wp-block-heading\"><a href=\"https:\/\/cmu-edu.eu\/calitate\/wp-content\/uploads\/sites\/6\/2026\/04\/PO_07_01-I_3.pdf\">Procedura opera\u021bional\u0103 privind ini\u021bierea, monitorizarea \u0219i revizuirea periodic\u0103 a programelor \u0219i domeniilor de studii<\/a><a href=\"https:\/\/cmu-edu.eu\/calitate\/wp-content\/uploads\/sites\/6\/2025\/03\/Procedura-monitorizare-programe-de-studii.pdf\">&nbsp;<\/a><\/h6>\n\n\n\n<h6 class=\"wp-block-heading\"><a href=\"https:\/\/cmu-edu.eu\/calitate\/wp-content\/uploads\/sites\/6\/2026\/03\/PO_01_01_D-II_3_redacted.pdf\">Procedura privind organizarea activit\u0103\u021bilor didactice pentru programele de studii cu frecven\u021b\u0103 <\/a><\/h6>\n\n\n\n<h6 class=\"wp-block-heading\"><a href=\"https:\/\/cmu-edu.eu\/calitate\/wp-content\/uploads\/sites\/6\/2025\/03\/Metodologie-de-evaluare-a-performantelor-personalului-didactic-in-UMC_2025.pdf\">Metodologie de evaluare a performantelor personalului didactic \u00een UMC<\/a><\/h6>\n\n\n\n<h6 class=\"wp-block-heading\"><a href=\"https:\/\/cmu-edu.eu\/calitate\/wp-content\/uploads\/sites\/6\/2025\/12\/PO_07_02-II_1_Evaluare-cadre-didactice.pdf\">Procedur\u0103 opera\u021bional\u0103 privind evaluarea cadrelor didactice<\/a><\/h6>\n\n\n\n<h6 class=\"wp-block-heading\"><a href=\"https:\/\/cmu-edu.eu\/calitate\/wp-content\/uploads\/sites\/6\/2025\/03\/Procedura-elaborarea-planului-de-invatamant.pdf\">Procedur\u0103 elaborarea planului de \u00eenv\u0103\u021b\u0103m\u00e2nt<\/a><\/h6>\n\n\n\n<h6 class=\"wp-block-heading\"><a href=\"https:\/\/cmu-edu.eu\/calitate\/wp-content\/uploads\/sites\/6\/2025\/03\/Procedura-initiere-proiectare-reproiectare-implementare-si-evaluare-a-fisei-disciplinei.pdf\">Procedur\u0103 ini\u021biere, proiectare\/reproiectare, implementare \u0219i evaluare a fi\u0219ei disciplinei<\/a><\/h6>\n\n\n\n<h6 class=\"wp-block-heading\"><a href=\"https:\/\/cmu-edu.eu\/calitate\/wp-content\/uploads\/sites\/6\/2026\/03\/PO_07_04-II_0_redacted.pdf\">Procedur\u0103 privind elaborarea documentelor pentru aprobarea, acreditarea \u0219i evaluarea periodic\u0103 extern\u0103 a programelor de studii<\/a><\/h6>\n\n\n\n<h6 class=\"wp-block-heading\"><a href=\"https:\/\/cmu-edu.eu\/calitate\/wp-content\/uploads\/sites\/6\/2026\/03\/PO-de-asigurare-si-respectarea-a-normelor-de-etica-in-UMC_redacted.pdf\">Procedura opera\u021bional\u0103 privind preven\u021bia \u0219i asigurarea respect\u0103rii normelor de etic\u0103 \u0219i integritate academic\u0103 \u00een Cadrul Universit\u0103\u021bii Maritime din Constan\u021ba<\/a>&nbsp;<\/h6>\n\n\n\n<h6 class=\"wp-block-heading\"><a href=\"https:\/\/cmu-edu.eu\/calitate\/wp-content\/uploads\/sites\/6\/2026\/03\/PO_01_03_D-I_4_redacted.pdf\">Procedura privind organizarea activit\u0103\u021bii didactice pentru programele de studii cu frecven\u021b\u0103 redus\u0103<\/a><\/h6>\n\n\n\n<h6 class=\"wp-block-heading\"><a href=\"https:\/\/cmu-edu.eu\/calitate\/wp-content\/uploads\/sites\/6\/2026\/03\/PO_07_07-I_0_redacted.pdf\">Procedura privind monitorizarea \u0219i asigurarea echivalen\u021bei activit\u0103\u021bilor de la programele de studii cu frecven\u021b\u0103 redus\u0103 cu cele de la IF<\/a><\/h6>\n\n\n\n<h6 class=\"wp-block-heading\"><a href=\"https:\/\/cmu-edu.eu\/calitate\/wp-content\/uploads\/sites\/6\/2026\/03\/PO_07_10-II_0_redacted.pdf\">Procedura privind perfec\u021bionarea \u0219i instruirea cadrelor didactice de la programele de studii IFR<\/a><\/h6>\n\n\n\n<h6 class=\"wp-block-heading\"><a href=\"https:\/\/cmu-edu.eu\/calitate\/wp-content\/uploads\/sites\/6\/2026\/03\/PO_07_08-monitorizare-activitate-didactica-IFR_redacted.pdf\">Procedura privind monitorizarea programelor de studii IFR<\/a><\/h6>\n\n\n\n<details class=\"wp-block-details is-layout-flow wp-block-details-is-layout-flow\"><summary>Fi\u0219e de disciplin\u0103<\/summary>\n<ul class=\"wp-block-list\">\n<li class=\"has-small-font-size\"><a href=\"https:\/\/cmu-edu.eu\/calitate\/wp-content\/uploads\/sites\/6\/2026\/03\/PO_07_05_F1-III_1-FD-licenta.pdf\">Fi\u0219\u0103 disciplin\u0103 programe de studii licen\u021b\u0103 IF<\/a><\/li>\n\n\n\n<li class=\"has-small-font-size\"><a href=\"https:\/\/cmu-edu.eu\/calitate\/wp-content\/uploads\/sites\/6\/2026\/03\/PO_07_05_F3-III_1-FD-licenta-IFR-.pdf\">Fi\u0219\u0103 disciplin\u0103 programe de studii licen\u021b\u0103 IFR<\/a><\/li>\n\n\n\n<li class=\"has-small-font-size\"><a href=\"https:\/\/cmu-edu.eu\/calitate\/wp-content\/uploads\/sites\/6\/2026\/03\/PO_07_05_F2-FD-licenta-cu-frecventa-eng-.pdf\">Fi\u0219\u0103 disciplin\u0103 programe de studii licen\u021b\u0103 limba englez\u0103<\/a><\/li>\n\n\n\n<li class=\"has-small-font-size\"><a href=\"https:\/\/cmu-edu.eu\/calitate\/wp-content\/uploads\/sites\/6\/2026\/03\/PO_07_05_F4-FD-masterat-.pdf\">Fi\u0219\u0103 disciplin\u0103 programe de studii masterat<\/a><\/li>\n\n\n\n<li class=\"has-small-font-size\"><a href=\"https:\/\/cmu-edu.eu\/calitate\/wp-content\/uploads\/sites\/6\/2026\/03\/PO_07_05_F5-FD-masterat-eng-.pdf\">Fi\u0219\u0103 disciplin\u0103 programe de studii masterat limba englez\u0103<\/a><\/li>\n<\/ul>\n<\/details>\n\n\n\n<details class=\"wp-block-details is-layout-flow wp-block-details-is-layout-flow\"><summary>Planuri de \u00eenv\u0103\u021b\u0103m\u00e2nt<\/summary>\n<ul class=\"wp-block-list\">\n<li class=\"has-small-font-size\"><a href=\"https:\/\/cmu-edu.eu\/calitate\/wp-content\/uploads\/sites\/6\/2026\/04\/PO_07_06_F1-III_1-Plan-invatamant-studii-licenta-cu-frecventa-2025-2026.pdf\">Plan de \u00eenv\u0103\u021b\u0103m\u00e2nt IF rom\u00e2n\u0103<\/a><\/li>\n\n\n\n<li class=\"has-small-font-size\"><a href=\"https:\/\/cmu-edu.eu\/calitate\/wp-content\/uploads\/sites\/6\/2026\/04\/PO_07_06_F2-III_1-cu-frecventa-eng-2025.pdf\">Plan de \u00eenv\u0103\u021b\u0103m\u00e2nt IF englez\u0103<\/a><\/li>\n\n\n\n<li class=\"has-small-font-size\"><a href=\"https:\/\/cmu-edu.eu\/calitate\/wp-content\/uploads\/sites\/6\/2026\/04\/PO_07_06_F3-III_1-master-2025.pdf\">Plan de \u00eenv\u0103\u021b\u0103m\u00e2nt masterat rom\u00e2n\u0103<\/a><\/li>\n\n\n\n<li class=\"has-small-font-size\"><a href=\"https:\/\/cmu-edu.eu\/calitate\/wp-content\/uploads\/sites\/6\/2026\/04\/PO_07_06_F4-III_1-master-eng-2025.pdf\">Plan de \u00eenv\u0103\u021b\u0103m\u00e2nt master englez\u0103<\/a><\/li>\n\n\n\n<li class=\"has-small-font-size\"><a href=\"https:\/\/cmu-edu.eu\/calitate\/wp-content\/uploads\/sites\/6\/2026\/04\/PO_07_06_F5-III_1-Plan-de-invatamant-frecventa-redusa-2025.pdf\">Plan de \u00eenv\u0103\u021b\u0103m\u00e2nt IFR<\/a><\/li>\n\n\n\n<li class=\"has-small-font-size\"><a href=\"https:\/\/cmu-edu.eu\/calitate\/wp-content\/uploads\/sites\/6\/2026\/04\/PO_07_06_F6-III_1-calendarul-disciplinei.pdf\">Calendarul disciplinei<\/a><\/li>\n\n\n\n<li class=\"has-small-font-size\"><a href=\"https:\/\/cmu-edu.eu\/calitate\/wp-content\/uploads\/sites\/6\/2026\/04\/PO_07_06_F7-III_1-abreviere-programe-de-studii.doc.pdf\">Abreviere programe de studii<\/a><\/li>\n<\/ul>\n\n\n\n<div style=\"height:100px\" aria-hidden=\"true\" class=\"wp-block-spacer\"><\/div>\n<\/details>\n\n\n\n<div style=\"height:154px\" aria-hidden=\"true\" class=\"wp-block-spacer\"><\/div>\n","protected":false},"excerpt":{"rendered":"<p>Carta UMC Aviz Carta UMC Codul Calit\u0103\u021bii Regulament Sistem management integrat Procedura opera\u021bional\u0103 privind ini\u021bierea, monitorizarea \u0219i revizuirea periodic\u0103 a programelor \u0219i domeniilor de studii&nbsp; Procedura privind organizarea activit\u0103\u021bilor didactice pentru programele de studii cu frecven\u021b\u0103 Metodologie de evaluare a performantelor personalului didactic \u00een UMC Procedur\u0103 opera\u021bional\u0103 privind evaluarea cadrelor didactice Procedur\u0103 elaborarea planului de&hellip;&nbsp;<a href=\"https:\/\/cmu-edu.eu\/calitate\/regulamente\/\" rel=\"bookmark\"><span class=\"screen-reader-text\">Regulamente<\/span><\/a><\/p>\n","protected":false},"author":6,"featured_media":0,"parent":0,"menu_order":0,"comment_status":"closed","ping_status":"closed","template":"","meta":{"neve_meta_sidebar":"default","neve_meta_container":"default","neve_meta_enable_content_width":"on","neve_meta_content_width":90,"neve_meta_title_alignment":"","neve_meta_author_avatar":"","neve_post_elements_order":"","neve_meta_disable_header":"","neve_meta_disable_footer":"","neve_meta_disable_title":"","footnotes":""},"class_list":["post-307","page","type-page","status-publish","hentry"],"_links":{"self":[{"href":"https:\/\/cmu-edu.eu\/calitate\/wp-json\/wp\/v2\/pages\/307","targetHints":{"allow":["GET"]}}],"collection":[{"href":"https:\/\/cmu-edu.eu\/calitate\/wp-json\/wp\/v2\/pages"}],"about":[{"href":"https:\/\/cmu-edu.eu\/calitate\/wp-json\/wp\/v2\/types\/page"}],"author":[{"embeddable":true,"href":"https:\/\/cmu-edu.eu\/calitate\/wp-json\/wp\/v2\/users\/6"}],"replies":[{"embeddable":true,"href":"https:\/\/cmu-edu.eu\/calitate\/wp-json\/wp\/v2\/comments?post=307"}],"version-history":[{"count":29,"href":"https:\/\/cmu-edu.eu\/calitate\/wp-json\/wp\/v2\/pages\/307\/revisions"}],"predecessor-version":[{"id":1424,"href":"https:\/\/cmu-edu.eu\/calitate\/wp-json\/wp\/v2\/pages\/307\/revisions\/1424"}],"wp:attachment":[{"href":"https:\/\/cmu-edu.eu\/calitate\/wp-json\/wp\/v2\/media?parent=307"}],"curies":[{"name":"wp","href":"https:\/\/api.w.org\/{rel}","templated":true}]}}