{"id":422,"date":"2021-11-12T07:23:44","date_gmt":"2021-11-12T07:23:44","guid":{"rendered":"https:\/\/cmu-edu.eu\/calitate\/?page_id=422"},"modified":"2026-01-15T07:08:41","modified_gmt":"2026-01-15T07:08:41","slug":"compartiment-asigurarea-calitatii","status":"publish","type":"page","link":"https:\/\/cmu-edu.eu\/calitate\/compartiment-asigurarea-calitatii\/","title":{"rendered":"Compartimentul de asigurare a calit\u0103\u021bii"},"content":{"rendered":"<p>&nbsp;<\/p>\n<p style=\"text-align: center\"><a href=\"https:\/\/cmu-edu.eu\/calitate\/wp-content\/uploads\/sites\/6\/2015\/05\/world-education.jpg\"><img loading=\"lazy\" decoding=\"async\" class=\"size-medium wp-image-191 aligncenter\" src=\"https:\/\/cmu-edu.eu\/calitate\/wp-content\/uploads\/sites\/6\/2015\/05\/world-education-300x300.jpg\" alt=\"\" width=\"300\" height=\"300\" srcset=\"https:\/\/cmu-edu.eu\/calitate\/wp-content\/uploads\/sites\/6\/2015\/05\/world-education-300x300.jpg 300w, https:\/\/cmu-edu.eu\/calitate\/wp-content\/uploads\/sites\/6\/2015\/05\/world-education-150x150.jpg 150w, https:\/\/cmu-edu.eu\/calitate\/wp-content\/uploads\/sites\/6\/2015\/05\/world-education.jpg 347w\" sizes=\"auto, (max-width: 300px) 100vw, 300px\" \/><\/a>Misiunea Compartimentului de asigurare a calit\u0103\u021bii este de a organiza si desf\u0103\u0219ura activit\u0103\u021bi privind asigurarea \u0219i evaluarea calit\u0103\u021bii educa\u021biei din Universitatea Maritima din Constanta pentru a contribui la consolidarea \u00eencrederii comunit\u0103\u021bii academice si a societ\u0103\u021bii \u00een \u00eenv\u0103\u021b\u0103m\u00e2ntul organizat in Universitate facilit\u00e2nd astfel recunoa\u0219terea studiilor efectuate \u0219i calific\u0103rilor acordate de Universitate, precum \u0219i mobilitatea studen\u021bilor \u0219i absolven\u021bilor, at\u00e2t \u00een interiorul, c\u00e2t \u0219i dincolo de grani\u021bele na\u021bionale.<\/p>\n","protected":false},"excerpt":{"rendered":"<p>&nbsp; Misiunea Compartimentului de asigurare a calit\u0103\u021bii este de a organiza si desf\u0103\u0219ura activit\u0103\u021bi privind asigurarea \u0219i evaluarea calit\u0103\u021bii educa\u021biei din Universitatea Maritima din Constanta pentru a contribui la consolidarea \u00eencrederii comunit\u0103\u021bii academice si a societ\u0103\u021bii \u00een \u00eenv\u0103\u021b\u0103m\u00e2ntul organizat in Universitate facilit\u00e2nd astfel recunoa\u0219terea studiilor efectuate \u0219i calific\u0103rilor acordate de Universitate, precum \u0219i mobilitatea studen\u021bilor&hellip;&nbsp;<a href=\"https:\/\/cmu-edu.eu\/calitate\/compartiment-asigurarea-calitatii\/\" rel=\"bookmark\"><span class=\"screen-reader-text\">Compartimentul de asigurare a calit\u0103\u021bii<\/span><\/a><\/p>\n","protected":false},"author":6,"featured_media":0,"parent":0,"menu_order":0,"comment_status":"closed","ping_status":"closed","template":"","meta":{"neve_meta_sidebar":"","neve_meta_container":"","neve_meta_enable_content_width":"","neve_meta_content_width":0,"neve_meta_title_alignment":"","neve_meta_author_avatar":"","neve_post_elements_order":"","neve_meta_disable_header":"","neve_meta_disable_footer":"","neve_meta_disable_title":"","footnotes":""},"class_list":["post-422","page","type-page","status-publish","hentry"],"_links":{"self":[{"href":"https:\/\/cmu-edu.eu\/calitate\/wp-json\/wp\/v2\/pages\/422","targetHints":{"allow":["GET"]}}],"collection":[{"href":"https:\/\/cmu-edu.eu\/calitate\/wp-json\/wp\/v2\/pages"}],"about":[{"href":"https:\/\/cmu-edu.eu\/calitate\/wp-json\/wp\/v2\/types\/page"}],"author":[{"embeddable":true,"href":"https:\/\/cmu-edu.eu\/calitate\/wp-json\/wp\/v2\/users\/6"}],"replies":[{"embeddable":true,"href":"https:\/\/cmu-edu.eu\/calitate\/wp-json\/wp\/v2\/comments?post=422"}],"version-history":[{"count":7,"href":"https:\/\/cmu-edu.eu\/calitate\/wp-json\/wp\/v2\/pages\/422\/revisions"}],"predecessor-version":[{"id":1052,"href":"https:\/\/cmu-edu.eu\/calitate\/wp-json\/wp\/v2\/pages\/422\/revisions\/1052"}],"wp:attachment":[{"href":"https:\/\/cmu-edu.eu\/calitate\/wp-json\/wp\/v2\/media?parent=422"}],"curies":[{"name":"wp","href":"https:\/\/api.w.org\/{rel}","templated":true}]}}