{"id":457,"date":"2022-11-21T16:14:25","date_gmt":"2022-11-21T16:14:25","guid":{"rendered":"https:\/\/cmu-edu.eu\/calitate\/?page_id=457"},"modified":"2026-04-08T14:09:23","modified_gmt":"2026-04-08T14:09:23","slug":"evaluarea-si-monitorizarea-calitatii","status":"publish","type":"page","link":"https:\/\/cmu-edu.eu\/calitate\/evaluarea-si-monitorizarea-calitatii\/","title":{"rendered":"Evaluarea \u0219i monitorizarea calit\u0103\u021bii"},"content":{"rendered":"\n<div style=\"height:40px\" aria-hidden=\"true\" class=\"wp-block-spacer\"><\/div>\n\n\n\n<div class=\"wp-block-columns is-layout-flex wp-container-core-columns-is-layout-9d6595d7 wp-block-columns-is-layout-flex\">\n<div class=\"wp-block-column is-layout-flow wp-block-column-is-layout-flow\" style=\"flex-basis:66.66%\">\n<div class=\"wp-block-group is-vertical is-content-justification-center is-layout-flex wp-container-core-group-is-layout-4b2eccd6 wp-block-group-is-layout-flex\">\n<div style=\"height:65px\" aria-hidden=\"true\" class=\"wp-block-spacer wp-container-content-630beb45\"><\/div>\n\n\n\n<p class=\"has-text-align-center\">Procesele de ini\u0163iere, aprobare, monitorizare \u015fi evaluare periodic\u0103 a programelor de studiu sunt parte integrant\u0103 a sistemului de management al calit\u0103\u0163ii din Universitatea Maritim\u0103 din Constan\u021ba.<\/p>\n\n\n\n<div style=\"height:45px\" aria-hidden=\"true\" class=\"wp-block-spacer wp-container-content-d64d2fc5\"><\/div>\n\n\n\n<p class=\"has-text-align-center\">CEAC stabile\u015fte cadrul general, con\u0163inutul \u015fi etapele activit\u0103\u0163ilor privind ini\u0163ierea, aprobarea, monitorizarea precum \u015fi evaluarea periodic\u0103 a programelor de studii universitare de licen\u0163\u0103 \u015fi masterat,&nbsp; de la \u00eenv\u0103\u0163\u0103m\u00e2ntul IF si IFR din Universitatea Maritim\u0103 din Constan\u021ba.<\/p>\n\n\n\n<div style=\"height:52px\" aria-hidden=\"true\" class=\"wp-block-spacer wp-container-content-ebfaf734\"><\/div>\n\n\n\n<p class=\"has-text-align-center\"><strong>Monitorizarea<\/strong>&nbsp;programelor de studiu are ca scop \u00eembun\u0103t\u0103\u0163irea ofertei educa\u0163ionale, prin adaptarea acestora la cerin\u0163ele \u015fi realit\u0103\u0163ile mediului socio-economic, \u00een concordan\u0163\u0103 \u015fi cu Nomenclatorul na\u0163ional de domenii de studii universitare de licen\u0163\u0103.<\/p>\n\n\n\n<div style=\"height:47px\" aria-hidden=\"true\" class=\"wp-block-spacer wp-container-content-b0964dc8\"><\/div>\n\n\n\n<p class=\"has-text-align-left\">Prin ini\u0163ierea, monitorizarea \u015fi evaluarea periodic\u0103 a programelor de studii universitare de licen\u0163\u0103 \u015fi master, precum \u0219i a planurilor de \u00eenv\u0103\u0163\u0103m\u00e2nt \u015fi a fi\u015felor disciplinelor se urm\u0103resc:<\/p>\n\n\n\n<ul class=\"wp-block-list\">\n<li><em>asigurarea sistemului de competen\u0163e necesare precum si asigurarea compatibilit\u0103\u0163ii structurii curriculare de la programele de studii din Universitate cu cele ale unor universit\u0103\u021bi din Europa, ca element important pentru recunoa\u015fterea diplomelor noastre \u00een \u0163\u0103rile Uniunii Europene;<\/em><\/li>\n\n\n\n<li><em>\u00eembun\u0103t\u0103\u0163irea corel\u0103rii planurilor de \u00eenv\u0103\u0163\u0103m\u00e2nt cu fi\u015fele disciplinelor \u015fi evitarea suprapunerilor tematice redundante.<\/em><\/li>\n<\/ul>\n<\/div>\n\n\n\n<div style=\"height:51px\" aria-hidden=\"true\" class=\"wp-block-spacer\"><\/div>\n\n\n\n<p class=\"has-text-align-center\">Con\u0163inutul disciplinelor, precum \u015fi existen\u0163a unei discipline \u00een planurile de \u00eenv\u0103\u0163\u0103m\u00e2nt sunt&nbsp;condi\u0163ionate de feedback-ul studen\u0163ilor. Acesta se ob\u0163ine la finalizarea fiec\u0103rei discipline, \u00een conformitate cu procedura aferent\u0103 \u015fi este supus analizei \u00een cadrul \u015fedin\u0163elor de departament \u015fi \u00een Consiliul Facult\u0103\u0163ii, fiind adus la cuno\u015ftin\u0163a Comisiei de evaluare \u015fi asigurare a calit\u0103\u0163ii pe facultate.<\/p>\n<\/div>\n\n\n\n<div class=\"wp-block-column is-layout-flow wp-block-column-is-layout-flow\" style=\"flex-basis:33.33%\">\n<h4 class=\"wp-block-heading has-text-align-center\">Evaluarea Extern\u0103 a Calit\u0103\u021bii<\/h4>\n\n\n\n<hr class=\"wp-block-separator has-alpha-channel-opacity\" \/>\n\n\n\n<div class=\"wp-block-buttons is-vertical is-content-justification-center is-layout-flex wp-container-core-buttons-is-layout-c50aa877 wp-block-buttons-is-layout-flex\" style=\"border-radius:0px;padding-top:0;padding-right:0;padding-bottom:0;padding-left:0\">\n<div class=\"wp-block-button has-custom-width wp-block-button__width-100 is-style-secondary\"><a class=\"wp-block-button__link wp-element-button\" href=\"https:\/\/cmu-edu.eu\/calitate\/evaluarea-externa-institutionala\/\">Evaluarea extern\u0103 institu\u021bional\u0103<\/a><\/div>\n\n\n\n<div class=\"wp-block-button has-custom-width wp-block-button__width-100 is-style-secondary\"><a class=\"wp-block-button__link wp-element-button\" href=\"https:\/\/cmu-edu.eu\/calitate\/evaluare-externa-scoala-doctorala-imm\/\">Evaluare extern\u0103 \u0218coala Doctoral\u0103 IMM<\/a><\/div>\n\n\n\n<div class=\"wp-block-button has-custom-width wp-block-button__width-100 is-style-secondary\"><a class=\"wp-block-button__link wp-element-button\" href=\"https:\/\/cmu-edu.eu\/calitate\/evaluare-externa-dsum\/\">Evaluare extern\u0103 DSUM<\/a><\/div>\n\n\n\n<div class=\"wp-block-button has-custom-width wp-block-button__width-100 is-style-secondary\"><a class=\"wp-block-button__link wp-element-button\" href=\"https:\/\/cmu-edu.eu\/calitate\/evaluare-externa-psul\/\">Evaluare extern\u0103 Licen\u021b\u0103<\/a><\/div>\n<\/div>\n\n\n\n<hr class=\"wp-block-separator has-alpha-channel-opacity\" \/>\n\n\n\n<div style=\"height:31px\" aria-hidden=\"true\" class=\"wp-block-spacer\"><\/div>\n\n\n\n<h4 class=\"wp-block-heading has-text-align-center\">Evaluarea Intern\u0103 a Calit\u0103\u021bii<\/h4>\n\n\n\n<hr class=\"wp-block-separator has-alpha-channel-opacity\" \/>\n\n\n\n<div class=\"wp-block-buttons is-vertical is-content-justification-center is-layout-flex wp-container-core-buttons-is-layout-c50aa877 wp-block-buttons-is-layout-flex\" style=\"border-radius:0px;padding-top:0;padding-right:0;padding-bottom:0;padding-left:0\">\n<div class=\"wp-block-button has-custom-width wp-block-button__width-100 is-style-secondary\"><a class=\"wp-block-button__link wp-element-button\" href=\"https:\/\/cmu-edu.eu\/calitate\/rapoarte-anuale-privind-calitatea-academica\/\">Rapoarte anuale privind calitatea academic\u0103<\/a><\/div>\n\n\n\n<div class=\"wp-block-button has-custom-width wp-block-button__width-100 is-style-secondary\"><a class=\"wp-block-button__link wp-element-button\" href=\"https:\/\/cmu-edu.eu\/calitate\/programe-de-studii-de-masterat\/\">Domenii de studii de masterat<\/a><\/div>\n\n\n\n<div class=\"wp-block-button has-custom-width wp-block-button__width-100 is-style-secondary\"><a class=\"wp-block-button__link wp-element-button\" href=\"https:\/\/cmu-edu.eu\/calitate\/programe-de-studii-de-licenta\/\">Programe de studii de licen\u021b\u0103<\/a><\/div>\n\n\n\n<div class=\"wp-block-button has-custom-width wp-block-button__width-100 is-style-secondary\"><a class=\"wp-block-button__link wp-element-button\" href=\"https:\/\/cmu-edu.eu\/calitate\/proceduri-activitati-de-monitorizare-proces-de-invatamant\/\">Proceduri activit\u0103\u021bi de monitorizare proces de \u00eenv\u0103\u021b\u0103m\u00e2nt<\/a><\/div>\n\n\n\n<div class=\"wp-block-button has-custom-width wp-block-button__width-100 is-style-secondary\"><a class=\"wp-block-button__link wp-element-button\" href=\"https:\/\/cmu-edu.eu\/calitate\/chestionare-evaluare\/\">Studen\u021bi<\/a><\/div>\n\n\n\n<div class=\"wp-block-button has-custom-width wp-block-button__width-100 is-style-secondary\"><a class=\"wp-block-button__link wp-element-button\" href=\"https:\/\/cmu-edu.eu\/calitate\/operatori-economici\/\">Operatori economici<\/a><\/div>\n\n\n\n<div class=\"wp-block-button has-custom-width wp-block-button__width-100 is-style-secondary\"><a class=\"wp-block-button__link wp-element-button\" href=\"https:\/\/cmu-edu.eu\/calitate\/wp-content\/uploads\/sites\/6\/2026\/04\/Rezultate-si-plan-de-activitati-ptr-strategia-2025-2026-.pdf\">Plan de ac\u021biuni<\/a><\/div>\n<\/div>\n<\/div>\n<\/div>\n","protected":false},"excerpt":{"rendered":"<p>Procesele de ini\u0163iere, aprobare, monitorizare \u015fi evaluare periodic\u0103 a programelor de studiu sunt parte integrant\u0103 a sistemului de management al calit\u0103\u0163ii din Universitatea Maritim\u0103 din Constan\u021ba. CEAC stabile\u015fte cadrul general, con\u0163inutul \u015fi etapele activit\u0103\u0163ilor privind ini\u0163ierea, aprobarea, monitorizarea precum \u015fi evaluarea periodic\u0103 a programelor de studii universitare de licen\u0163\u0103 \u015fi masterat,&nbsp; de la \u00eenv\u0103\u0163\u0103m\u00e2ntul IF&hellip;&nbsp;<a href=\"https:\/\/cmu-edu.eu\/calitate\/evaluarea-si-monitorizarea-calitatii\/\" rel=\"bookmark\"><span class=\"screen-reader-text\">Evaluarea \u0219i monitorizarea calit\u0103\u021bii<\/span><\/a><\/p>\n","protected":false},"author":6,"featured_media":0,"parent":0,"menu_order":0,"comment_status":"closed","ping_status":"closed","template":"","meta":{"neve_meta_sidebar":"","neve_meta_container":"","neve_meta_enable_content_width":"","neve_meta_content_width":0,"neve_meta_title_alignment":"center","neve_meta_author_avatar":"","neve_post_elements_order":"","neve_meta_disable_header":"","neve_meta_disable_footer":"","neve_meta_disable_title":"off","footnotes":""},"class_list":["post-457","page","type-page","status-publish","hentry"],"_links":{"self":[{"href":"https:\/\/cmu-edu.eu\/calitate\/wp-json\/wp\/v2\/pages\/457","targetHints":{"allow":["GET"]}}],"collection":[{"href":"https:\/\/cmu-edu.eu\/calitate\/wp-json\/wp\/v2\/pages"}],"about":[{"href":"https:\/\/cmu-edu.eu\/calitate\/wp-json\/wp\/v2\/types\/page"}],"author":[{"embeddable":true,"href":"https:\/\/cmu-edu.eu\/calitate\/wp-json\/wp\/v2\/users\/6"}],"replies":[{"embeddable":true,"href":"https:\/\/cmu-edu.eu\/calitate\/wp-json\/wp\/v2\/comments?post=457"}],"version-history":[{"count":23,"href":"https:\/\/cmu-edu.eu\/calitate\/wp-json\/wp\/v2\/pages\/457\/revisions"}],"predecessor-version":[{"id":1426,"href":"https:\/\/cmu-edu.eu\/calitate\/wp-json\/wp\/v2\/pages\/457\/revisions\/1426"}],"wp:attachment":[{"href":"https:\/\/cmu-edu.eu\/calitate\/wp-json\/wp\/v2\/media?parent=457"}],"curies":[{"name":"wp","href":"https:\/\/api.w.org\/{rel}","templated":true}]}}