{"id":465,"date":"2022-11-21T16:23:46","date_gmt":"2022-11-21T16:23:46","guid":{"rendered":"https:\/\/cmu-edu.eu\/calitate\/?page_id=465"},"modified":"2025-03-05T12:54:31","modified_gmt":"2025-03-05T12:54:31","slug":"analiza-efectuata-de-management","status":"publish","type":"page","link":"https:\/\/cmu-edu.eu\/calitate\/analiza-efectuata-de-management\/","title":{"rendered":"Analiza efectuata de management"},"content":{"rendered":"<p><a href=\"https:\/\/cmu-edu.eu\/calitate\/wp-content\/uploads\/sites\/6\/2025\/03\/Analiza-efectuata-de-management-UMC-2024.pdf\">Analiza efectuat\u0103 de management UMC 2024<\/a><\/p>\n<p><a href=\"https:\/\/cmu-edu.eu\/calitate\/wp-content\/uploads\/sites\/6\/2025\/03\/Analiza-efectuata-de-management-UMC-2023.pdf\">Analiza efectuat\u0103 de management UMC 2023<\/a><\/p>\n<p><a href=\"https:\/\/cmu-edu.eu\/calitate\/wp-content\/uploads\/sites\/6\/2022\/11\/Analiza-efectuata-de-management-UMC-2022.pdf\">Analiza efectuat\u0103 de management UMC 2022<\/a><\/p>\n<p><a href=\"https:\/\/cmu-edu.eu\/calitate\/wp-content\/uploads\/sites\/6\/2022\/11\/Analiza-efectuata-de-management-UMC-2021.pdf\">Analiza efectuat\u0103 de management UMC 2021<\/a><\/p>\n<p><a href=\"https:\/\/cmu-edu.eu\/calitate\/wp-content\/uploads\/sites\/6\/2022\/11\/Analiza-efectuata-de-management-UMC-2020.pdf\">Analiza efectuat\u0103 de management UMC 2020<\/a><\/p>\n<p>Analiza efectuat\u0103 de management UMC 2019<\/p>\n<p><a href=\"https:\/\/cmu-edu.eu\/calitate\/wp-content\/uploads\/sites\/6\/2022\/11\/Analiza-efectuata-de-management-UMC-2018.pdf\">Analiza efectuat\u0103 de management UMC 2018<\/a><\/p>\n<p>&nbsp;<\/p>\n","protected":false},"excerpt":{"rendered":"<p>Analiza efectuat\u0103 de management UMC 2024 Analiza efectuat\u0103 de management UMC 2023 Analiza efectuat\u0103 de management UMC 2022 Analiza efectuat\u0103 de management UMC 2021 Analiza efectuat\u0103 de management UMC 2020 Analiza efectuat\u0103 de management UMC 2019 Analiza efectuat\u0103 de management UMC 2018 &nbsp;<\/p>\n","protected":false},"author":6,"featured_media":0,"parent":0,"menu_order":0,"comment_status":"closed","ping_status":"closed","template":"","meta":{"neve_meta_sidebar":"","neve_meta_container":"","neve_meta_enable_content_width":"","neve_meta_content_width":0,"neve_meta_title_alignment":"","neve_meta_author_avatar":"","neve_post_elements_order":"","neve_meta_disable_header":"","neve_meta_disable_footer":"","neve_meta_disable_title":"","footnotes":""},"class_list":["post-465","page","type-page","status-publish","hentry"],"_links":{"self":[{"href":"https:\/\/cmu-edu.eu\/calitate\/wp-json\/wp\/v2\/pages\/465","targetHints":{"allow":["GET"]}}],"collection":[{"href":"https:\/\/cmu-edu.eu\/calitate\/wp-json\/wp\/v2\/pages"}],"about":[{"href":"https:\/\/cmu-edu.eu\/calitate\/wp-json\/wp\/v2\/types\/page"}],"author":[{"embeddable":true,"href":"https:\/\/cmu-edu.eu\/calitate\/wp-json\/wp\/v2\/users\/6"}],"replies":[{"embeddable":true,"href":"https:\/\/cmu-edu.eu\/calitate\/wp-json\/wp\/v2\/comments?post=465"}],"version-history":[{"count":6,"href":"https:\/\/cmu-edu.eu\/calitate\/wp-json\/wp\/v2\/pages\/465\/revisions"}],"predecessor-version":[{"id":707,"href":"https:\/\/cmu-edu.eu\/calitate\/wp-json\/wp\/v2\/pages\/465\/revisions\/707"}],"wp:attachment":[{"href":"https:\/\/cmu-edu.eu\/calitate\/wp-json\/wp\/v2\/media?parent=465"}],"curies":[{"name":"wp","href":"https:\/\/api.w.org\/{rel}","templated":true}]}}