{"id":536,"date":"2022-11-21T17:33:41","date_gmt":"2022-11-21T17:33:41","guid":{"rendered":"https:\/\/cmu-edu.eu\/calitate\/?page_id=536"},"modified":"2026-03-13T09:54:45","modified_gmt":"2026-03-13T09:54:45","slug":"calificari-rncis","status":"publish","type":"page","link":"https:\/\/cmu-edu.eu\/calitate\/calificari-rncis\/","title":{"rendered":"Calific\u0103ri RNCIS"},"content":{"rendered":"\n<div class=\"wp-block-columns is-layout-flex wp-container-core-columns-is-layout-9d6595d7 wp-block-columns-is-layout-flex\">\n<div class=\"wp-block-column is-layout-flow wp-block-column-is-layout-flow\" style=\"flex-basis:100%\">\n<div class=\"wp-block-group\"><div class=\"wp-block-group__inner-container is-layout-constrained wp-block-group-is-layout-constrained\">\n<div class=\"wp-block-columns is-layout-flex wp-container-core-columns-is-layout-9d6595d7 wp-block-columns-is-layout-flex\">\n<div class=\"wp-block-column is-layout-flow wp-block-column-is-layout-flow\" style=\"flex-basis:50%\">\n<h4 style=\"text-align: center\"><span style=\"color: #800080\"><strong>Programe de studii universitare de licen\u021b\u0103<\/strong><\/span><\/h4>\n<p><a href=\"https:\/\/cmu-edu.eu\/calitate\/wp-content\/uploads\/sites\/6\/2025\/03\/5447-din-23.04.2024-Actualizare-date-IMDT-in-RNCIS.pdf\">Inginerie \u0219i management \u00een domeniul transporturilor<\/a><\/p>\n<p><a href=\"https:\/\/cmu-edu.eu\/calitate\/wp-content\/uploads\/sites\/6\/2025\/03\/ANC_8005_Universitatea-Maritima-Constanta-TST.pdf\">Tehnologii \u0219i sisteme de telecomunica\u021bii<\/a><\/p>\n<p><a href=\"https:\/\/cmu-edu.eu\/calitate\/wp-content\/uploads\/sites\/6\/2022\/11\/ANC_7808_Universitatea-Maritima-Constanta-Securitate-cibernetica.pdf\">Securitate cibernetic\u0103<\/a><\/p>\n<p><a href=\"https:\/\/cmu-edu.eu\/calitate\/wp-content\/uploads\/sites\/6\/2022\/11\/ISE.pdf\">Ingineria Sistemelor electroenergetice<\/a><\/p>\n<p><a href=\"https:\/\/cmu-edu.eu\/calitate\/wp-content\/uploads\/sites\/6\/2022\/11\/Drept-maritim.pdf\">Drept maritim<\/a><\/p>\n<p><a href=\"https:\/\/cmu-edu.eu\/calitate\/wp-content\/uploads\/sites\/6\/2022\/11\/ET-eng.pdf\">Electrotehnic\u0103 \u00een limba englez\u0103<\/a><\/p>\n<p>&nbsp;<\/p>\n<p>&nbsp;<\/p>\n<p>&nbsp;<\/p>\n<\/div>\n\n\n\n<div class=\"wp-block-column is-layout-flow wp-block-column-is-layout-flow\" style=\"flex-basis:50%\">\n<h4 style=\"text-align: center\"><span style=\"color: #800080\"><strong>Programe de studii universitare de master<\/strong><\/span><\/h4>\n<p><a href=\"https:\/\/cmu-edu.eu\/calitate\/wp-content\/uploads\/sites\/6\/2025\/05\/Adeverinta-inscriere-RNCIS-TER.pdf\">Tehnologii de energie regenerabil\u0103<\/a><\/p>\n<p><a href=\"https:\/\/cmu-edu.eu\/calitate\/wp-content\/uploads\/sites\/6\/2025\/03\/ANC_3668_Universitatea-Maritima-Constanta-ASSPO.pdf\">Autonomous Ships and Smart Port Operations<\/a><\/p>\n<p><a href=\"https:\/\/cmu-edu.eu\/calitate\/wp-content\/uploads\/sites\/6\/2022\/11\/SCMR.pdf\">Securitate cibernetic\u0103 \u0219i managamentul riscurilor<\/a><\/p>\n<p><a href=\"https:\/\/cmu-edu.eu\/calitate\/wp-content\/uploads\/sites\/6\/2022\/11\/ISE.pdf\">Inginerie naval\u0103 \u00een limba englez\u0103 (Marine Engineering)<\/a><\/p>\n<p><a href=\"https:\/\/cmu-edu.eu\/calitate\/wp-content\/uploads\/sites\/6\/2022\/11\/BAT.pdf\">Business administration in transport \u00een limba englez\u0103<\/a><\/p>\n<p><a href=\"https:\/\/cmu-edu.eu\/calitate\/wp-content\/uploads\/sites\/6\/2022\/11\/Drept-maritim.pdf\">Circuite \u0219i sisteme integrate de comunica\u021bii \u00een limba englez\u0103<\/a><\/p>\n<p><a href=\"https:\/\/cmu-edu.eu\/calitate\/wp-content\/uploads\/sites\/6\/2022\/11\/ANC_9034_Universitatea-Maritima-Constanta-AEOGOI.pdf\">Advanced Engineering in the Offshore Oil &amp; Gas Industry<\/a><\/p>\n<p><a href=\"https:\/\/cmu-edu.eu\/calitate\/wp-content\/uploads\/sites\/6\/2022\/11\/ANC_9038_Universitatea-Maritima-Constanta-IMDMP.pdf\">Inginerie \u0219i management \u00een domeniul maritim \u0219i portuar<\/a><\/p>\n<p><a href=\"https:\/\/cmu-edu.eu\/calitate\/wp-content\/uploads\/sites\/6\/2022\/11\/ANC_9039_Universitatea-Maritima-Constanta-IMOTNM.pdf\">Inginerie \u0219i management \u00een operarea terminalelor \u0219i navelor maritime<\/a><\/p>\n<p><a href=\"https:\/\/cmu-edu.eu\/calitate\/wp-content\/uploads\/sites\/6\/2022\/11\/ANC_9040_Universitatea-Maritima-Constanta-IMTMM.pdf\">Inginerie \u0219i management \u00een transport maritim \u0219i multimodal<\/a><\/p>\n<p><a href=\"https:\/\/cmu-edu.eu\/calitate\/wp-content\/uploads\/sites\/6\/2022\/11\/ANC_9041_Universitatea-Maritima-Constanta-OOGTM.pdf\">Offshore oil and gas technology and management<\/a><\/p>\n<p><a href=\"https:\/\/cmu-edu.eu\/calitate\/wp-content\/uploads\/sites\/6\/2022\/11\/ANC_9042_Universitatea-Maritima-Constanta-TM.pdf\">Transport maritim<\/a><\/p>\n<p>&nbsp;<\/p>\n<p>&nbsp;<\/p>\n<p>&nbsp;<\/p>\n<\/div>\n<\/div>\n<\/div><\/div>\n<\/div>\n<\/div>\n\n\n\n<p><\/p>\n","protected":false},"excerpt":{"rendered":"<p>Programe de studii universitare de licen\u021b\u0103 Inginerie \u0219i management \u00een domeniul transporturilor Tehnologii \u0219i sisteme de telecomunica\u021bii Securitate cibernetic\u0103 Ingineria Sistemelor electroenergetice Drept maritim Electrotehnic\u0103 \u00een limba englez\u0103 &nbsp; &nbsp; &nbsp; Programe de studii universitare de master Tehnologii de energie regenerabil\u0103 Autonomous Ships and Smart Port Operations Securitate cibernetic\u0103 \u0219i managamentul riscurilor Inginerie naval\u0103 \u00een&hellip;&nbsp;<a href=\"https:\/\/cmu-edu.eu\/calitate\/calificari-rncis\/\" rel=\"bookmark\"><span class=\"screen-reader-text\">Calific\u0103ri RNCIS<\/span><\/a><\/p>\n","protected":false},"author":6,"featured_media":0,"parent":0,"menu_order":0,"comment_status":"closed","ping_status":"closed","template":"","meta":{"neve_meta_sidebar":"","neve_meta_container":"","neve_meta_enable_content_width":"","neve_meta_content_width":0,"neve_meta_title_alignment":"","neve_meta_author_avatar":"","neve_post_elements_order":"","neve_meta_disable_header":"","neve_meta_disable_footer":"","neve_meta_disable_title":"","footnotes":""},"class_list":["post-536","page","type-page","status-publish","hentry"],"_links":{"self":[{"href":"https:\/\/cmu-edu.eu\/calitate\/wp-json\/wp\/v2\/pages\/536","targetHints":{"allow":["GET"]}}],"collection":[{"href":"https:\/\/cmu-edu.eu\/calitate\/wp-json\/wp\/v2\/pages"}],"about":[{"href":"https:\/\/cmu-edu.eu\/calitate\/wp-json\/wp\/v2\/types\/page"}],"author":[{"embeddable":true,"href":"https:\/\/cmu-edu.eu\/calitate\/wp-json\/wp\/v2\/users\/6"}],"replies":[{"embeddable":true,"href":"https:\/\/cmu-edu.eu\/calitate\/wp-json\/wp\/v2\/comments?post=536"}],"version-history":[{"count":9,"href":"https:\/\/cmu-edu.eu\/calitate\/wp-json\/wp\/v2\/pages\/536\/revisions"}],"predecessor-version":[{"id":1194,"href":"https:\/\/cmu-edu.eu\/calitate\/wp-json\/wp\/v2\/pages\/536\/revisions\/1194"}],"wp:attachment":[{"href":"https:\/\/cmu-edu.eu\/calitate\/wp-json\/wp\/v2\/media?parent=536"}],"curies":[{"name":"wp","href":"https:\/\/api.w.org\/{rel}","templated":true}]}}