{"id":790,"date":"2025-05-16T10:55:48","date_gmt":"2025-05-16T10:55:48","guid":{"rendered":"https:\/\/cmu-edu.eu\/calitate\/?page_id=790"},"modified":"2026-03-14T16:26:12","modified_gmt":"2026-03-14T16:26:12","slug":"proceduri-activitati-de-monitorizare-proces-de-invatamant","status":"publish","type":"page","link":"https:\/\/cmu-edu.eu\/calitate\/proceduri-activitati-de-monitorizare-proces-de-invatamant\/","title":{"rendered":"Proceduri activit\u0103\u021bi de monitorizare proces de \u00eenv\u0103\u021b\u0103m\u00e2nt"},"content":{"rendered":"\n<p><a href=\"https:\/\/cmu-edu.eu\/calitate\/wp-content\/uploads\/sites\/6\/2026\/03\/calendar-activitati.pdf\">Calendar planuri de \u00eenv\u0103\u021b\u0103m\u00e2nt pentru anul universitar 2025-2026<\/a><\/p>\n\n\n\n<p>Procedura de organizare a examenului de admitere<\/p>\n\n\n\n<p><a href=\"https:\/\/cmu-edu.eu\/calitate\/wp-content\/uploads\/sites\/6\/2025\/12\/PO_01_01_D-II_3-organizarea-activitatilor-didactice-pentru-programele-de-studii.pdf\">Procedura privind organizare activit\u0103\u021bilor didactice pentru programele de studii cu frecven\u021b\u0103 din UMC<\/a><em> <\/em><\/p>\n\n\n\n<p><a href=\"https:\/\/cmu-edu.eu\/calitate\/wp-content\/uploads\/sites\/6\/2025\/03\/Procedura-organizarea-examinarii-si-notarii-studentilor.pdf\">Procedur\u0103 organizarea examin\u0103rii \u0219i not\u0103rii studen\u021bilor<\/a><\/p>\n\n\n\n<p><a href=\"https:\/\/cmu-edu.eu\/calitate\/wp-content\/uploads\/sites\/6\/2025\/12\/PO_01_04_D-III_0-fin-studii_redacted.pdf\">Procedura de organizare a examenelor de finalizare a studiilor<\/a><\/p>\n\n\n\n<p><a href=\"https:\/\/cmu-edu.eu\/calitate\/wp-content\/uploads\/sites\/6\/2026\/02\/PO_01_02_C-III_0-mobilitate-academica.pdf\">Procedura opera\u021bional\u0103 privind mobilitatea academic\u0103 a studen\u021bilor \u0219i recunoa\u0219terea \u0219i echivalarea studiilor anterioare<\/a><\/p>\n\n\n\n<p><a href=\"https:\/\/cmu-edu.eu\/calitate\/wp-content\/uploads\/sites\/6\/2025\/12\/Decizie-Senat-D.1.-09.02.2024.pdf\">Decizie aprobare procedur\u0103 opera\u021bional\u0103 privind ini\u021bierea, monitorizarea \u0219i revizuirea periodic\u0103 a programelor \u0219i domeniilor de studiu<\/a><\/p>\n\n\n\n<p><a href=\"https:\/\/cmu-edu.eu\/calitate\/wp-content\/uploads\/sites\/6\/2025\/03\/Procedura-monitorizare-programe-de-studii.pdf\">Procedura privind ini\u021bierea, aprobarea, monitorizarea \u0219i evaluarea periodic\u0103 a programelor de studiu<\/a><\/p>\n\n\n\n<ul class=\"wp-block-list\">\n<li><a href=\"https:\/\/cmu-edu.eu\/calitate\/wp-content\/uploads\/sites\/6\/2025\/12\/Chestionar-pentru-evaluarea-programului-universitar-studii-de-licenta_2024.pdf\">Chestionar pentru evaluarea programului universitar studii de licen\u021b\u0103<\/a><\/li>\n\n\n\n<li><a href=\"https:\/\/cmu-edu.eu\/calitate\/wp-content\/uploads\/sites\/6\/2025\/12\/Chestionar-pentru-evaluarea-programului-universitar-studii-de-masterat-2024.pdf\">Chestionar pentru evaluarea programului universitar studii de masterat<\/a><\/li>\n<\/ul>\n\n\n\n<p><a href=\"https:\/\/cmu-edu.eu\/calitate\/wp-content\/uploads\/sites\/6\/2025\/12\/PO_07_03-II_0-de-evaluare-si-monitorizare-a-satisfactiei-studentilor_redacted.pdf\">Procedura de evaluare \u0219i monitorizare a satisfac\u021biei studen\u021bilor<\/a><\/p>\n\n\n\n<ul class=\"wp-block-list\">\n<li><a href=\"https:\/\/cmu-edu.eu\/calitate\/wp-content\/uploads\/sites\/6\/2025\/12\/PO_07_03_F1-Chestionar-satisfatie-studenti.pdf\">Chestionar de evaluare a satisfac\u021biei studen\u021bilor<\/a><\/li>\n<\/ul>\n\n\n\n<p><a href=\"https:\/\/cmu-edu.eu\/calitate\/wp-content\/uploads\/sites\/6\/2025\/12\/PO_07_02-II_1_Evaluare-cadre-didactice.pdf\">Procedura pentru evaluarea cadrelor didactice din UMC<\/a><\/p>\n\n\n\n<ul class=\"wp-block-list\">\n<li><a href=\"https:\/\/cmu-edu.eu\/calitate\/wp-content\/uploads\/sites\/6\/2025\/05\/Formular-evaluare-colegiala.pdf\">Formular evaluare colegial\u0103<\/a><\/li>\n\n\n\n<li><a href=\"https:\/\/cmu-edu.eu\/calitate\/wp-content\/uploads\/sites\/6\/2025\/05\/Chestionar-evaluare-disciplina.pdf\">Formular evaluare final\u0103 a disciplinei<\/a><\/li>\n\n\n\n<li><a href=\"https:\/\/cmu-edu.eu\/calitate\/wp-content\/uploads\/sites\/6\/2025\/05\/Formular-evaluare-a-cadrelor-didactice-de-catre-management.pdf\">Formular evaluare a cadrelor didactice de c\u0103tre management<\/a><\/li>\n<\/ul>\n\n\n\n<p><\/p>\n","protected":false},"excerpt":{"rendered":"<p>Calendar planuri de \u00eenv\u0103\u021b\u0103m\u00e2nt pentru anul universitar 2025-2026 Procedura de organizare a examenului de admitere Procedura privind organizare activit\u0103\u021bilor didactice pentru programele de studii cu frecven\u021b\u0103 din UMC Procedur\u0103 organizarea examin\u0103rii \u0219i not\u0103rii studen\u021bilor Procedura de organizare a examenelor de finalizare a studiilor Procedura opera\u021bional\u0103 privind mobilitatea academic\u0103 a studen\u021bilor \u0219i recunoa\u0219terea \u0219i echivalarea studiilor&hellip;&nbsp;<a href=\"https:\/\/cmu-edu.eu\/calitate\/proceduri-activitati-de-monitorizare-proces-de-invatamant\/\" rel=\"bookmark\"><span class=\"screen-reader-text\">Proceduri activit\u0103\u021bi de monitorizare proces de \u00eenv\u0103\u021b\u0103m\u00e2nt<\/span><\/a><\/p>\n","protected":false},"author":6,"featured_media":0,"parent":0,"menu_order":0,"comment_status":"closed","ping_status":"closed","template":"","meta":{"neve_meta_sidebar":"","neve_meta_container":"","neve_meta_enable_content_width":"","neve_meta_content_width":0,"neve_meta_title_alignment":"","neve_meta_author_avatar":"","neve_post_elements_order":"","neve_meta_disable_header":"","neve_meta_disable_footer":"","neve_meta_disable_title":"","footnotes":""},"class_list":["post-790","page","type-page","status-publish","hentry"],"_links":{"self":[{"href":"https:\/\/cmu-edu.eu\/calitate\/wp-json\/wp\/v2\/pages\/790","targetHints":{"allow":["GET"]}}],"collection":[{"href":"https:\/\/cmu-edu.eu\/calitate\/wp-json\/wp\/v2\/pages"}],"about":[{"href":"https:\/\/cmu-edu.eu\/calitate\/wp-json\/wp\/v2\/types\/page"}],"author":[{"embeddable":true,"href":"https:\/\/cmu-edu.eu\/calitate\/wp-json\/wp\/v2\/users\/6"}],"replies":[{"embeddable":true,"href":"https:\/\/cmu-edu.eu\/calitate\/wp-json\/wp\/v2\/comments?post=790"}],"version-history":[{"count":18,"href":"https:\/\/cmu-edu.eu\/calitate\/wp-json\/wp\/v2\/pages\/790\/revisions"}],"predecessor-version":[{"id":1270,"href":"https:\/\/cmu-edu.eu\/calitate\/wp-json\/wp\/v2\/pages\/790\/revisions\/1270"}],"wp:attachment":[{"href":"https:\/\/cmu-edu.eu\/calitate\/wp-json\/wp\/v2\/media?parent=790"}],"curies":[{"name":"wp","href":"https:\/\/api.w.org\/{rel}","templated":true}]}}