{"id":832,"date":"2025-12-10T09:17:03","date_gmt":"2025-12-10T09:17:03","guid":{"rendered":"https:\/\/cmu-edu.eu\/calitate\/?page_id=832"},"modified":"2026-04-01T10:25:18","modified_gmt":"2026-04-01T10:25:18","slug":"domeniul-de-studii-universitare-de-masterat-ingineria-mediului","status":"publish","type":"page","link":"https:\/\/cmu-edu.eu\/calitate\/domeniul-de-studii-universitare-de-masterat-ingineria-mediului\/","title":{"rendered":"Domeniul de studii universitare de masterat Ingineria mediului"},"content":{"rendered":"\n<p><a href=\"https:\/\/cmu-edu.eu\/calitate\/wp-content\/uploads\/sites\/6\/2026\/03\/Raport-de-autoevaluare-Ingineria-mediului-REI.pdf\">Raport de autoevaluare DSUM Ingineria mediului<\/a><\/p>\n\n\n\n<p><a href=\"https:\/\/univmaritima.sharepoint.com\/:f:\/g\/IgCT4VKa3JJGS4P1eelI_Y7JAa7cQN8SLnHrGvzk05okmVs?e=0tlA8q\">Cadre didactice Program de studii Inginerie \u0219i protec\u021bia mediului \u00een industrie<\/a><\/p>\n\n\n\n<p><a href=\"https:\/\/cmu-edu.eu\/calitate\/wp-content\/uploads\/sites\/6\/2025\/12\/Adresa-CA-Ingineria-mediului.pdf\">Cerere demarare activit\u0103\u021bi de evaluare<\/a><\/p>\n\n\n\n<p><a href=\"https:\/\/cmu-edu.eu\/calitate\/wp-content\/uploads\/sites\/6\/2025\/12\/Hotarare-CA-C.O.5-din-18.09.2025.pdf\">Hot\u0103r\u00e2re Consiliu de Administra\u021bie<\/a><\/p>\n\n\n\n<p><a href=\"https:\/\/cmu-edu.eu\/calitate\/wp-content\/uploads\/sites\/6\/2025\/12\/Hotarare-Senat-A.5-din-30.09.2025.pdf\">Hot\u0103r\u00e2re Senat<\/a><\/p>\n\n\n\n<p><a href=\"https:\/\/cmu-edu.eu\/calitate\/wp-content\/uploads\/sites\/6\/2026\/03\/Chestionar-pentru-evaluarea-programului-universitar-studii-de-masterat_IPMI_2025-1.pdf\">Raport anual de autoevaluare Program de studii universitare de masterat Ingineria \u015fi protec\u0163ia mediului \u00een industrie<\/a><\/p>\n","protected":false},"excerpt":{"rendered":"<p>Raport de autoevaluare DSUM Ingineria mediului Cadre didactice Program de studii Inginerie \u0219i protec\u021bia mediului \u00een industrie Cerere demarare activit\u0103\u021bi de evaluare Hot\u0103r\u00e2re Consiliu de Administra\u021bie Hot\u0103r\u00e2re Senat Raport anual de autoevaluare Program de studii universitare de masterat Ingineria \u015fi protec\u0163ia mediului \u00een industrie<\/p>\n","protected":false},"author":6,"featured_media":0,"parent":0,"menu_order":0,"comment_status":"closed","ping_status":"closed","template":"","meta":{"neve_meta_sidebar":"","neve_meta_container":"","neve_meta_enable_content_width":"","neve_meta_content_width":0,"neve_meta_title_alignment":"","neve_meta_author_avatar":"","neve_post_elements_order":"","neve_meta_disable_header":"","neve_meta_disable_footer":"","neve_meta_disable_title":"","footnotes":""},"class_list":["post-832","page","type-page","status-publish","hentry"],"_links":{"self":[{"href":"https:\/\/cmu-edu.eu\/calitate\/wp-json\/wp\/v2\/pages\/832","targetHints":{"allow":["GET"]}}],"collection":[{"href":"https:\/\/cmu-edu.eu\/calitate\/wp-json\/wp\/v2\/pages"}],"about":[{"href":"https:\/\/cmu-edu.eu\/calitate\/wp-json\/wp\/v2\/types\/page"}],"author":[{"embeddable":true,"href":"https:\/\/cmu-edu.eu\/calitate\/wp-json\/wp\/v2\/users\/6"}],"replies":[{"embeddable":true,"href":"https:\/\/cmu-edu.eu\/calitate\/wp-json\/wp\/v2\/comments?post=832"}],"version-history":[{"count":9,"href":"https:\/\/cmu-edu.eu\/calitate\/wp-json\/wp\/v2\/pages\/832\/revisions"}],"predecessor-version":[{"id":1395,"href":"https:\/\/cmu-edu.eu\/calitate\/wp-json\/wp\/v2\/pages\/832\/revisions\/1395"}],"wp:attachment":[{"href":"https:\/\/cmu-edu.eu\/calitate\/wp-json\/wp\/v2\/media?parent=832"}],"curies":[{"name":"wp","href":"https:\/\/api.w.org\/{rel}","templated":true}]}}