{"id":13,"date":"2015-05-29T18:07:54","date_gmt":"2015-05-29T18:07:54","guid":{"rendered":"https:\/\/cmu-edu.eu\/cercetare\/?page_id=13"},"modified":"2024-07-24T12:50:48","modified_gmt":"2024-07-24T09:50:48","slug":"manifestari-stiintifice","status":"publish","type":"page","link":"https:\/\/cmu-edu.eu\/cercetare\/manifestari-stiintifice\/","title":{"rendered":"Manifest\u0103ri \u015ftiin\u0163ifice"},"content":{"rendered":"<p style=\"text-align: center\"><strong>Activitatea institu\u0163ional\u0103 privind organizarea de manifest\u0103ri \u015ftiin\u0163ifice<\/strong><\/p>\n<p><strong>Seria de conferin\u021be de securitate cibernetic\u0103 Cyber ETEE Conference &#8211; Black Sea Cyber Security Conferences<\/strong><\/p>\n<p>UMC este organizator al conferin\u021bei europene de securitate cibernetic\u0103 maritim\u0103 din 2017. \u00cencep\u00e2nd cu cea de-a 6 edi\u021bie conferin\u021ba se desf\u0103\u0219oar\u0103 \u00een parteneriat cu European Security and Defence College.<\/p>\n<ul>\n<li>8th Edition@ <a href=\"https:\/\/www.cysec.center\/the-8th-black-sea-cybersecurity-conference-2024\/\">BlackSea Maritime CyberSecurity Conference<\/a>, June 2024 (Cyber ETEE Conference 17-19 June 2024 \/ <a href=\"https:\/\/www.cysec.center\/the-cyber-etee-summer-school-3rd-edition\/\">Cyber ETEE Summer School 17-20 June 2024<\/a>)<\/li>\n<\/ul>\n<p>Arhiva edi\u021biilor conferin\u021bei:<\/p>\n<ul>\n<li>7th Edition@ <a href=\"https:\/\/etee-summer.school\/\">BlackSea Maritime CyberSecurity Conference, June 2023<\/a> (Cyber ETEE Conference 20-22 June 2023 \/ Cyber ETEE Summer School 20-23 June 2023)<\/li>\n<li>6th Edition@ <a href=\"https:\/\/etee-summer.school\/\" target=\"_blank\" rel=\"noreferrer noopener\">BlackSea Maritime CyberSecurity Conference, July 2022\u00a0 (<\/a>CYBER ETEE CONFERENCE 12-14 July 2022 \/ CYBER ETEE SUMMER SCHOOL 12-15 July 2022)<\/li>\n<li>5th Edition@ <a href=\"http:\/\/conference.blackseacybersecurity.net\/2021\/\"><u>BlackSea Maritime CyberSecurity Marathon Conference, June 2021<\/u><\/a><\/li>\n<li>4th Edition@ <a href=\"http:\/\/conference.blackseacybersecurity.net\/2020\/\"><u>BlackSea<\/u><u> Maritime CyberSecurity Marathon Conference, June 2020<\/u><\/a><\/li>\n<li>3rd Edition@ <a href=\"http:\/\/conference.blackseacybersecurity.net\/2019\/\"><u>BlackSea<\/u><u> Maritime CyberSecurity Conference, 16-18 May 2019<\/u><\/a><\/li>\n<li>2nd Edition@ <a href=\"http:\/\/conference.blackseacybersecurity.net\/2018\/\"><u>BlackSea<\/u><u> Maritime CyberSecurity Conference, 7-8 June 2018<\/u><\/a><\/li>\n<li>1st Edition@ <a href=\"http:\/\/conference.blackseacybersecurity.net\/2017\/\"><u>BlackSea<\/u><u> Maritime CyberSecurity Conference, 22-23 March 2017<\/u><\/a><\/li>\n<\/ul>\n<hr \/>\n<p><strong>Conferin\u021ba ATOMS 2024 &#8211; The 2024 IEEE Conference on Advanced Topics on Measurements and Simulation (ATOMS) 28-30 August, 2024.<\/strong><\/p>\n<p>UMC este coorganizator \u00eempeun\u0103 cu Universitatea Na\u021bional\u0103 de \u0218tiin\u021b\u0103 \u0219i Tehnologie POLITEHNICA Bucure\u0219ti. Lucr\u0103rile conferin\u021bei vor fi transmise Bibliotecii Digitale IEEE Xplore \u0219i Web of Science.<\/p>\n<ul>\n<li><a href=\"http:\/\/www.atoms2024.org\/index.html\">ATOMS-2024<\/a><\/li>\n<\/ul>\n<hr \/>\n<p><strong>Seria de Conferin\u021be ATOM-N<\/strong><\/p>\n<p>UMC este coorganizator al conferin\u021belor ATOM-N impreun\u0103 cu UPB-CCO &#8211; Optoelectronics Research Center din cadrul Universit\u0103\u021bii Na\u021bionale de \u0218tiin\u021b\u0103 \u0219i Tehnologie\u00a0POLITEHNICA Bucure\u0219ti.<\/p>\n<p>Arhiva edi\u021biilor conferin\u021bei:<\/p>\n<ul>\n<li><a href=\"https:\/\/www.atom-n.ro\/\">ATOM-N-2022<\/a><\/li>\n<li><a href=\"https:\/\/www.atom-n.ro\/atom2020\" target=\"_blank\" rel=\"noopener\">ATOM-N 2020<\/a><\/li>\n<li><a href=\"https:\/\/www.atom-n.ro\/atom2018\" target=\"_blank\" rel=\"noopener\">ATOM-N 2018<\/a><\/li>\n<li><a href=\"https:\/\/www.atom-n.ro\/atom2016\" target=\"_blank\" rel=\"noopener\">ATOM-N 2016<\/a><\/li>\n<li><a href=\"https:\/\/www.atom-n.ro\/atom2014\" target=\"_blank\" rel=\"noopener\">ATOM-N 2014<\/a><\/li>\n<li><a href=\"https:\/\/www.atom-n.ro\/atom2012\" target=\"_blank\" rel=\"noopener\">ATOM-N 2012<\/a><\/li>\n<li><a href=\"https:\/\/www.atom-n.ro\/atom2010\" target=\"_blank\" rel=\"noopener\">ATOM-N 2010<\/a><\/li>\n<li><a href=\"https:\/\/www.atom-n.ro\/atom2008\" target=\"_blank\" rel=\"noopener\">ATOM-N 2008<\/a><\/li>\n<li><a href=\"http:\/\/www.opto.pub.ro\/atom2006index.htm\" target=\"_blank\" rel=\"noopener\">ATOM-N 2006<\/a><\/li>\n<li><a href=\"http:\/\/www.opto.pub.ro\/atom2004index.htm\" target=\"_blank\" rel=\"noopener\">ATOM-N 2004<\/a><\/li>\n<li><a href=\"http:\/\/www.opto.pub.ro\/atom2002index.htm\" target=\"_blank\" rel=\"noopener\">ATOM-N 2002<\/a><\/li>\n<\/ul>\n<hr \/>\n<p><strong>Seria de conferin\u021be ModTech<\/strong><\/p>\n<p>UMC este coorganizator al conferin\u021belor ModTech al\u0103turi de Universitatea Tehnic\u0103 &#8222;Gheorghe Asachi&#8221; din Iasi, The Society of Powder Technology, Japan, Faculty of Mechanical Engineering, Silesian University of Technology, Gliwice, Poland, &#8222;Alecu Russo&#8221; Universitatea de Stat din B\u0103l\u021bi din Republica Moldova, Academia de \u0218tiin\u021be Tehnice din Romania, Academia de \u0218tiin\u021be a Moldovei din Chisinau, Universitatea &#8222;Lucian Blaga&#8221; din Sibiu, Universitatea &#8222;Vasile Alecsandri&#8221; din Bacau, Universitatea &#8222;Dunarea de Jos&#8221; din Galati, Universitatea &#8222;Stefan cel Mare&#8221; din Suceava, Asocia\u021bia General\u0103 a Inginerilor din Romania (AGIR).<\/p>\n<p>Arhiva edi\u021biilor conferin\u021bei:<\/p>\n<blockquote>\n<ul>\n<li><a class=\"btnpresentation\" title=\"Presentation Modtech 2022\" href=\"https:\/\/modtech.ro\/conference\/ModTech2022_Presentation.php\">ModTech2022<\/a><\/li>\n<li><a class=\"btnpresentation\" title=\"Presentation Modtech 2021\" href=\"https:\/\/modtech.ro\/conference\/ModTech2021_Presentation.php\">ModTech2021<\/a><\/li>\n<li><a class=\"btnpresentation\" title=\"Presentation Modtech 2020\" href=\"https:\/\/modtech.ro\/conference\/ModTech2020_Presentation.php\">ModTech2020<\/a><\/li>\n<li><a class=\"btnpresentation\" title=\"Presentation Modtech 2019\" href=\"https:\/\/modtech.ro\/conference\/ModTech2019_Presentation.php\">ModTech2019<\/a><\/li>\n<li><a class=\"btnpresentation\" title=\"Presentation Modtech 2018\" href=\"https:\/\/modtech.ro\/conference\/ModTech2018_Presentation.php\">ModTech2018<\/a><\/li>\n<li><a class=\"btnpresentation\" title=\"Presentation Modtech 2017\" href=\"https:\/\/modtech.ro\/conference\/ModTech2017_Presentation.php\">ModTech2017<\/a><\/li>\n<li><a class=\"btnpresentation\" title=\"Presentation Modtech 2016\" href=\"https:\/\/modtech.ro\/conference\/ModTech2016_Presentation.php\">ModTech2016<\/a><\/li>\n<li><a class=\"btnpresentation\" title=\"Presentation Modtech 2015\" href=\"https:\/\/modtech.ro\/conference\/modtech_conference_presentation_2015.php\">ModTech2015<\/a><\/li>\n<li><a class=\"btnpresentation\" title=\"Presentation Modtech 2014\" href=\"https:\/\/modtech.ro\/conference\/modtech_conference_presentation_2014.php\">ModTech2014<\/a><\/li>\n<li><a class=\"btnpresentation\" title=\"Presentation Modtech 2013\" href=\"https:\/\/modtech.ro\/conference\/modtech_conference_presentation.php\">ModTech2013<\/a><\/li>\n<\/ul>\n<\/blockquote>\n<hr \/>\n<p>Alte activit\u0103\u021bi \u0219tiin\u021bifice (arhiv\u0103):<\/p>\n<ol>\n<li>Conferin\u0163a interna\u0163ional\u0103 <em><strong>\u201eModern Technologies in Industrial Engineering \u2013 ModTech\u201d<\/strong><\/em> \u2013 edi\u0163ia 2014, July 13-16, 2014 Gliwice, Poland, volumul de lucr\u0103ri fiind indexat ISI (ISTP, CPCI and Web of Science), SCOPUS<\/li>\n<li>Banca Na\u0163ional\u0103 a Rom\u00e2niei a organizat a doua etap\u0103 a proiectului educa\u0163ional <em><strong>\u201eACADEMICA BNR\u201d<\/strong><\/em> 2013<\/li>\n<li>Conferin\u0163a interna\u0163ional\u0103 <em><strong>&#8222;14th Annual General Assembly of the IAMU&#8221;<\/strong><\/em>, Universitatea Maritim\u0103 din Constan\u0163a, ROMANIA, 26-28 octombrie, 2013<\/li>\n<li>Conferin\u0163a interna\u0163ional\u0103 <em><strong>\u201eModern Technologies in Industrial Engineering \u2013 ModTech\u201d<\/strong><\/em> \u2013 edi\u0163ia 2013, volumul de lucr\u0103ri fiind indexat ISI (ISTP, CPCI and Web of Science), SCOPUS<\/li>\n<li><em><strong>6th WSEAS International Conference on MANUFACTURING ENGINEERING, QUALITY and PRODUCTION SYSTEMS<\/strong><\/em> (MEQAPS &#8217;13), Brasov, Romania, June 1-3, 2013, Proceedings of the 6th International Conference on Manufacturing Engineering, Quality and Production Systems (MEQAPS &#8217;13)<\/li>\n<li>Concursul interna\u0163ional <em><strong>\u201cThe Best Bridge Team\u201d<\/strong><\/em> \u2013 edi\u0163ia 2013, la care au participat echipe de studen\u0163i ale universit\u0103\u0163ilor de marin\u0103 din: Bulgaria, Croa\u0163ia, Finlanda, Polonia, Marea Britanie, Turcia, Ucraina<\/li>\n<li>Conferin\u0163a interna\u0163ional\u0103 <em><strong>\u201cATOM-N 2012, The 6th edition of the International Conference Advanced Topics in Optoelectronics, Microelectronics and Nanotechnologies\u201d<\/strong><\/em>, volumul de lucr\u0103ri fiind indexat ISI WEB of Knowledge, 23 &#8211; 26 August 2012, Universitatea Maritima din Constanta, Romania<\/li>\n<li>Conferin\u0163a Interna\u0163ional\u0103 WSEAS, volumul de lucr\u0103ri Recent Advances In Circuits, Systems, Telecommunications And Control, Paris, Fran\u0163a, Octombrie 29-31, 2013<\/li>\n<li>Concursul interna\u0163ional<em><strong> \u201cThe Best Bridge Team\u201d<\/strong><\/em> \u2013 edi\u0163ia 2012<\/li>\n<li>Concursul interna\u0163ional <em><strong>\u201cThe Best Bridge Team\u201d<\/strong><\/em> \u2013 edi\u0163ia 2011<\/li>\n<li>Conferin\u0163a interna\u0163ional\u0103 <em><strong>\u201c3rd International Conference on Maritime and Naval Science and Engineering (MN&#8217;10)\u201d<\/strong><\/em>, cu volum de lucr\u0103ri indexat ISI WEB of Knowledge, 3 septembrie 2010<\/li>\n<li>Conferin\u0163a interna\u0163ional\u0103 <em><strong>\u201c3rd International Conference on Environmental &amp; Geological Science &amp; Engineering (EG&#8217;10)\u201d<\/strong><\/em>, cu volum de lucr\u0103ri indexat ISI WEB of Knowledge, 3-septembrie 2010<\/li>\n<li>Conferin\u0163a interna\u0163ional\u0103 <em><strong>\u201c2nd International Conference on Manufacturing Engineering, Quality and Production Systems (MEQAPS&#8217;10)\u201d<\/strong><\/em>, cu volum de lucr\u0103ri indexat ISI WEB of Knowledge, 3- septembrie 2010<\/li>\n<li>Conferin\u0163a interna\u0163ional\u0103 <em><strong>\u201cATOM-N 2010, The 5th edition of the International Conference Advanced Topics in Optoelectronics, Microelectronics and Nanotechnologies\u201d<\/strong><\/em>, 26 &#8211; 29 August 2010, Universitatea Maritima din Constanta, Romania<\/li>\n<li>Concursul interna\u0163ional <em><strong>\u201cThe Best Bridge Team\u201d<\/strong><\/em> \u2013 edi\u0163ia 2010<\/li>\n<li><em><strong>Sesiunea interna\u0163ional\u0103 de comunic\u0103ri \u015ftiin\u0163ifice a studen\u0163ilor<\/strong><\/em> &#8211; mai 2009, la care au luat parte studen\u0163i de la Academia Naval\u0103 din Varna, Bulgaria \u015fi studen\u0163i membrii ai organiza\u0163iei profesionale Turkish Maritime Students Association (DODER)<\/li>\n<\/ol>\n","protected":false},"excerpt":{"rendered":"<p>Activitatea institu\u0163ional\u0103 privind organizarea de manifest\u0103ri \u015ftiin\u0163ifice Seria de conferin\u021be de securitate cibernetic\u0103 Cyber ETEE Conference &#8211; Black Sea Cyber Security Conferences UMC este organizator al conferin\u021bei europene de securitate cibernetic\u0103 maritim\u0103 din 2017. \u00cencep\u00e2nd cu cea de-a 6 edi\u021bie conferin\u021ba se desf\u0103\u0219oar\u0103 \u00een parteneriat cu European Security and Defence College. 8th Edition@ BlackSea Maritime&#8230;  <a class=\"excerpt-read-more\" href=\"https:\/\/cmu-edu.eu\/cercetare\/manifestari-stiintifice\/\" title=\"Read Manifest\u0103ri \u015ftiin\u0163ifice\">Read more &raquo;<\/a><\/p>\n","protected":false},"author":9,"featured_media":0,"parent":0,"menu_order":0,"comment_status":"closed","ping_status":"closed","template":"","meta":{"footnotes":""},"class_list":["post-13","page","type-page","status-publish","hentry"],"_links":{"self":[{"href":"https:\/\/cmu-edu.eu\/cercetare\/wp-json\/wp\/v2\/pages\/13","targetHints":{"allow":["GET"]}}],"collection":[{"href":"https:\/\/cmu-edu.eu\/cercetare\/wp-json\/wp\/v2\/pages"}],"about":[{"href":"https:\/\/cmu-edu.eu\/cercetare\/wp-json\/wp\/v2\/types\/page"}],"author":[{"embeddable":true,"href":"https:\/\/cmu-edu.eu\/cercetare\/wp-json\/wp\/v2\/users\/9"}],"replies":[{"embeddable":true,"href":"https:\/\/cmu-edu.eu\/cercetare\/wp-json\/wp\/v2\/comments?post=13"}],"version-history":[{"count":23,"href":"https:\/\/cmu-edu.eu\/cercetare\/wp-json\/wp\/v2\/pages\/13\/revisions"}],"predecessor-version":[{"id":507,"href":"https:\/\/cmu-edu.eu\/cercetare\/wp-json\/wp\/v2\/pages\/13\/revisions\/507"}],"wp:attachment":[{"href":"https:\/\/cmu-edu.eu\/cercetare\/wp-json\/wp\/v2\/media?parent=13"}],"curies":[{"name":"wp","href":"https:\/\/api.w.org\/{rel}","templated":true}]}}