{"id":32,"date":"2015-05-30T13:32:28","date_gmt":"2015-05-30T13:32:28","guid":{"rendered":"https:\/\/cmu-edu.eu\/cercetare\/?page_id=32"},"modified":"2025-10-24T09:09:34","modified_gmt":"2025-10-24T06:09:34","slug":"centre-de-cercetare","status":"publish","type":"page","link":"https:\/\/cmu-edu.eu\/cercetare\/centre-de-cercetare\/","title":{"rendered":"Centre de cercetare"},"content":{"rendered":"<table id=\"1341741856_infrastructuri\" class=\"mbottom20\" width=\"100%\">\n<tbody>\n<tr id=\"0\" class=\"tableItemEven\">\n<td>\n<div class=\"lista-servicii-box\"><label id=\"1341741856_infrastructuri.dbIndex@0\" for=\"null\">1<\/label>. <a href=\"https:\/\/eertis.eu\/errf-2200-000t-0855\">Naval Electronic Engineering Research Center (CCIEN)<\/a><\/div>\n<\/td>\n<\/tr>\n<tr id=\"1\" class=\"tableItemOdd\">\n<td>\n<div class=\"lista-servicii-box\"><label id=\"1341741856_infrastructuri.dbIndex@1\" for=\"null\">2<\/label>. <a id=\"1341741856_infrastructuri.cfName@1\" class=\"blue-link\" href=\"https:\/\/eeris.eu\/ERIF-2000-000K-3686\">Environmental Radioactivity Research Centre (ERRC)<\/a><\/div>\n<\/td>\n<\/tr>\n<tr id=\"2\" class=\"tableItemEven\">\n<td>\n<div class=\"lista-servicii-box\"><label id=\"1341741856_infrastructuri.dbIndex@2\" for=\"null\">3<\/label>. <a id=\"1341741856_infrastructuri.cfName@2\" class=\"blue-link\" href=\"https:\/\/eeris.eu\/ERIF-2000-000D-3764\">Naval Electrical Systems Research and Development Center (NESRDC)<\/a><\/div>\n<\/td>\n<\/tr>\n<tr id=\"3\" class=\"tableItemOdd\">\n<td>\n<div class=\"lista-servicii-box\"><label id=\"1341741856_infrastructuri.dbIndex@3\" for=\"null\">4<\/label>. <a id=\"1341741856_infrastructuri.cfName@3\" class=\"blue-link\" href=\"https:\/\/eeris.eu\/ERIF-2000-000U-3892\">Regional Center for environment quality factors monitoring, diagnosis, analysis and testing (RCEQF)<\/a><\/div>\n<\/td>\n<\/tr>\n<tr id=\"4\" class=\"tableItemEven\">\n<td>\n<div class=\"lista-servicii-box\"><label id=\"1341741856_infrastructuri.dbIndex@4\" for=\"null\">5<\/label>. <a id=\"1341741856_infrastructuri.cfName@4\" class=\"blue-link\" href=\"https:\/\/eeris.eu\/ERIF-2000-000M-4536\">Mechanical Engineering Research Center &#8211; Doctoral School (MERC)<\/a><\/div>\n<\/td>\n<\/tr>\n<tr id=\"5\" class=\"tableItemOdd\">\n<td>\n<div class=\"lista-servicii-box\"><label id=\"1341741856_infrastructuri.dbIndex@5\" for=\"null\">6<\/label>. <a href=\"https:\/\/eertis.eu\/errf-2200-000z-0858\">Cyber Security Maritime and Autonomous Operations Research Center (CYBER-AO)<\/a><\/div>\n<\/td>\n<\/tr>\n<tr id=\"6\" class=\"tableItemEven\">\n<td>7. <a href=\"https:\/\/eertis.eu\/errf-2300-000l-0870\">Intelligent System &amp; Robotic Research Center (ISRRC)<\/a><\/td>\n<\/tr>\n<tr id=\"7\" class=\"tableItemEven\">\n<td>8. <a href=\"https:\/\/cmu-edu.eu\/navigatie\/marilog-innov-hub\/\">Centrul de cercetare Maritime Logistics Innovation HUB<br \/>\n<\/a><\/td>\n<\/tr>\n<\/tbody>\n<\/table>\n<p><strong>Infrastructur\u0103 de cercetare\/dezvoltare\/implementare dezvoltat\u0103 cu resurse proprii ale UMC<\/strong><strong>\u00a0<\/strong><\/p>\n<table>\n<tbody>\n<tr>\n<td>Nr. Crt.<\/td>\n<td>Denumire<\/td>\n<td>Finan\u021bare<\/td>\n<\/tr>\n<tr>\n<td>1<\/td>\n<td>Centru de conferin\u021be maritime online<a href=\"https:\/\/maritimeconferences.online\">https:\/\/maritimeconferences.online<\/a><\/td>\n<td>Resurse proprii<\/td>\n<\/tr>\n<tr>\n<td>2<\/td>\n<td>Sistem de management al cercetarii \u0219i inov\u0103rii universitare.Componente:<\/p>\n<ul>\n<li>Managementul proiectelor si resurselor de cercetare universitar\u0103<\/li>\n<li>Cloudcomputing on-demand<\/li>\n<li>Raportare performan\u021be cercetare<\/li>\n<li>Managementul documentelor<\/li>\n<\/ul>\n<\/td>\n<td>Resurse proprii<\/td>\n<\/tr>\n<tr>\n<td>3<\/td>\n<td>Maritime Cybersecurity Center \u2013 Centru virtual dedicat cercet\u0103rii \u0219i inform\u0103rii \u00een domeniul securit\u0103\u021bii cibernetice \u00een domeniul maritime<a href=\"https:\/\/www.maritimecybersecurity.center\/\">https:\/\/www.maritimecybersecurity.center\/<\/a>Componente:<\/p>\n<ul>\n<li>Living lab<\/li>\n<li>Videoconference center<\/li>\n<li>Awareness&amp;Learning center<\/li>\n<\/ul>\n<p>Se afl\u0103 \u00een curs de implementare un complex hardware de simulare practic\u0103 dedicat domeniului MaritimeCybersecurity.<\/p>\n<p>Portalul este cea mai mare resurs\u0103 interna\u021bional\u0103 (~1.000.000 articole) cu indexare near-real-time, utilizat de centre specializate de Securitate cibernetic\u0103 la nivel global.<\/td>\n<td>Resurse proprii<\/td>\n<\/tr>\n<tr>\n<td>4<\/td>\n<td>Maritime Cyber Virtual Range and Education Center<a href=\"https:\/\/vredu.cysec.center\">https:\/\/vredu.cysec.center<\/a>Este o platform\u0103 complex\u0103 de tip Cyber Security Virtual Range cu extensii educa\u021bionale \u0219i de sus\u021binere a cursurilor de Maritime Cyber Security<\/td>\n<td>Resurse proprii<\/td>\n<\/tr>\n<tr>\n<td>5<\/td>\n<td>Platform\u0103 MISP \u2013 Malware Information Sharing Platform \u2013 destinat\u0103 cercet\u0103rii \u0219i inform\u0103rii \u00een timp real pentru informa\u021bii \u0219i alerte de securitate cibernetic\u0103. Platforma este interconectat\u0103 cu CERT-uri \u0219i furnizori de date specifice.<a href=\"https:\/\/misp.cysec.center\">https:\/\/misp.cysec.center<\/a><\/td>\n<td>Resurse proprii<\/td>\n<\/tr>\n<tr>\n<td>6<\/td>\n<td>eCampus cu facilit\u0103\u021bi educa\u021bionale, de documentare, cercetare, raportare, examinare \u0219i<a href=\"https:\/\/campus.cmu-edu.eu\">https:\/\/campus.cmu-edu.eu<\/a>Componente:<\/p>\n<p>Educa\u021bie online \u0219i educa\u021bie asistat\u0103 \u00een mediu electronic<\/p>\n<p>Centru de documentare online<\/p>\n<p>Centru de raportare al rezultatelor cercet\u0103rii \u0219i feedback academic<\/p>\n<p>Centru de teleconferin\u021be online<\/p>\n<p>Sistem de vot electronic<\/p>\n<p>Suport interactiv Senat, Consilii facult\u0103\u021bi, asisten\u021b\u0103 studen\u021bi<\/td>\n<td><\/td>\n<\/tr>\n<\/tbody>\n<\/table>\n","protected":false},"excerpt":{"rendered":"<p>1. Naval Electronic Engineering Research Center (CCIEN) 2. Environmental Radioactivity Research Centre (ERRC) 3. Naval Electrical Systems Research and Development Center (NESRDC) 4. Regional Center for environment quality factors monitoring, diagnosis, analysis and testing (RCEQF) 5. Mechanical Engineering Research Center &#8211; Doctoral School (MERC) 6. Cyber Security Maritime and Autonomous Operations Research Center (CYBER-AO) 7&#8230;.  <a class=\"excerpt-read-more\" href=\"https:\/\/cmu-edu.eu\/cercetare\/centre-de-cercetare\/\" title=\"Read Centre de cercetare\">Read more &raquo;<\/a><\/p>\n","protected":false},"author":9,"featured_media":0,"parent":0,"menu_order":0,"comment_status":"closed","ping_status":"closed","template":"","meta":{"footnotes":""},"class_list":["post-32","page","type-page","status-publish","hentry"],"_links":{"self":[{"href":"https:\/\/cmu-edu.eu\/cercetare\/wp-json\/wp\/v2\/pages\/32","targetHints":{"allow":["GET"]}}],"collection":[{"href":"https:\/\/cmu-edu.eu\/cercetare\/wp-json\/wp\/v2\/pages"}],"about":[{"href":"https:\/\/cmu-edu.eu\/cercetare\/wp-json\/wp\/v2\/types\/page"}],"author":[{"embeddable":true,"href":"https:\/\/cmu-edu.eu\/cercetare\/wp-json\/wp\/v2\/users\/9"}],"replies":[{"embeddable":true,"href":"https:\/\/cmu-edu.eu\/cercetare\/wp-json\/wp\/v2\/comments?post=32"}],"version-history":[{"count":9,"href":"https:\/\/cmu-edu.eu\/cercetare\/wp-json\/wp\/v2\/pages\/32\/revisions"}],"predecessor-version":[{"id":703,"href":"https:\/\/cmu-edu.eu\/cercetare\/wp-json\/wp\/v2\/pages\/32\/revisions\/703"}],"wp:attachment":[{"href":"https:\/\/cmu-edu.eu\/cercetare\/wp-json\/wp\/v2\/media?parent=32"}],"curies":[{"name":"wp","href":"https:\/\/api.w.org\/{rel}","templated":true}]}}