{"id":473,"date":"2024-07-24T08:10:52","date_gmt":"2024-07-24T05:10:52","guid":{"rendered":"https:\/\/cmu-edu.eu\/cercetare\/?page_id=473"},"modified":"2024-10-31T13:02:13","modified_gmt":"2024-10-31T10:02:13","slug":"hrs4r","status":"publish","type":"page","link":"https:\/\/cmu-edu.eu\/cercetare\/hrs4r\/","title":{"rendered":"HRS4R"},"content":{"rendered":"\n<div class=\"wp-block-cover alignfull is-light\" style=\"min-height:400px;aspect-ratio:unset;\"><span aria-hidden=\"true\" class=\"wp-block-cover__background has-background-dim\" style=\"background-color:#22a1dc\"><\/span><img loading=\"lazy\" decoding=\"async\" width=\"1024\" height=\"427\" class=\"wp-block-cover__image-background wp-image-309\" alt=\"\" src=\"https:\/\/cmu-edu.eu\/cercetare\/wp-content\/uploads\/sites\/8\/2023\/03\/oleddigitalwallpapergraphic-1024x427-1.png\" data-object-fit=\"cover\" \/><div class=\"wp-block-cover__inner-container is-layout-flow wp-block-cover-is-layout-flow\">\n<h1 class=\"wp-block-heading has-text-align-center has-white-color has-text-color\">Human Resources Strategy for Researchers (HRS4R)<\/h1>\n<\/div><\/div>\n\n\n\n<div class=\"wp-block-group\"><div class=\"wp-block-group__inner-container is-layout-constrained wp-block-group-is-layout-constrained\">\n<p>Universitatea Maritim\u0103 din Constan\u021ba (UMC) se afl\u0103 \u00een procesul de certificare de c\u0103tre Comisia European\u0103, a Strategiei de Resurse Umane pentru Cercet\u0103tori (HRS4R). Dup\u0103 aderarea la Carta European\u0103 a Cercet\u0103torilor \u0219i la Codul de Conduit\u0103 pentru Recrutarea Cercet\u0103torilor, UMC \u00een momentul de fa\u021b\u0103 se afl\u0103 \u00een etapa de <br>implementare a planului de ac\u021biuni.<\/p>\n<\/div><\/div>\n\n\n\n<p>Procesul de certificare pentru HRS4R este unul \u00eendelungat. Pe aceast\u0103 pagin\u0103 pute\u021bi consulta documentele elaborate \u00een etapele succesive ale proiectului HRS4R. Mai jos sunt disponibile materialele din etapa ini\u021bial\u0103.<\/p>\n\n\n\n<ul class=\"wp-block-list\">\n<li style=\"font-style:italic;font-weight:800\"><strong><a href=\"https:\/\/cmu-edu.eu\/cercetare\/wp-content\/uploads\/sites\/8\/2024\/08\/Declaration-of-Commitment-to-The-European-Charter-for-Researchers-1-2.pdf\" data-type=\"link\" data-id=\"https:\/\/cmu-edu.eu\/cercetare\/wp-content\/uploads\/sites\/8\/2024\/08\/Declaration-of-Commitment-to-The-European-Charter-for-Researchers-1-2.pdf\">Declaration of Commitment to The European Charter for Researchers<\/a><\/strong><\/li>\n\n\n\n<li style=\"font-style:italic;font-weight:800\"><strong><a href=\"https:\/\/cmu-edu.eu\/cercetare\/wp-content\/uploads\/sites\/8\/2024\/08\/CARTA-CERCETATORILOR_2023.pdf\" data-type=\"link\" data-id=\"https:\/\/cmu-edu.eu\/cercetare\/wp-content\/uploads\/sites\/8\/2024\/08\/CARTA-CERCETATORILOR_2023.pdf\">Carta European\u0103 a Cercet\u0103torilor<\/a><\/strong> (edi\u021bia 2023)<\/li>\n\n\n\n<li style=\"font-style:italic;font-weight:800\"><strong><a href=\"https:\/\/cmu-edu.eu\/cercetare\/wp-content\/uploads\/sites\/8\/2024\/08\/Knowledge-ecosystem-KI0722722ENN.pdf\" data-type=\"link\" data-id=\"https:\/\/cmu-edu.eu\/cercetare\/wp-content\/uploads\/sites\/8\/2024\/08\/Knowledge-ecosystem-KI0722722ENN.pdf\">Knowledge ecosystem<\/a><\/strong><\/li>\n\n\n\n<li style=\"font-style:italic;font-weight:800\"><a href=\"https:\/\/cmu-edu.eu\/cercetare\/wp-content\/uploads\/sites\/8\/2024\/08\/Recomandarile-Consiliului-Europei.pdf\" data-type=\"link\" data-id=\"https:\/\/cmu-edu.eu\/cercetare\/wp-content\/uploads\/sites\/8\/2024\/08\/Recomandarile-Consiliului-Europei.pdf\">Recomandare a Consiliului privind carierele atractive si durabile in invatamantul superior<\/a><strong> <\/strong><\/li>\n\n\n\n<li style=\"font-style:italic;font-weight:800\"><strong><a href=\"https:\/\/cmu-edu.eu\/cercetare\/wp-content\/uploads\/sites\/8\/2024\/08\/Research-competence-presentation.pdf\" data-type=\"link\" data-id=\"https:\/\/cmu-edu.eu\/cercetare\/wp-content\/uploads\/sites\/8\/2024\/08\/Research-competence-presentation.pdf\">The European Competence Framework for Researchers<\/a><\/strong><\/li>\n<\/ul>\n","protected":false},"excerpt":{"rendered":"<p>Universitatea Maritim\u0103 din Constan\u021ba (UMC) se afl\u0103 \u00een procesul de certificare de c\u0103tre Comisia European\u0103, a Strategiei de Resurse Umane pentru Cercet\u0103tori (HRS4R). Dup\u0103 aderarea la Carta European\u0103 a Cercet\u0103torilor \u0219i la Codul de Conduit\u0103 pentru Recrutarea Cercet\u0103torilor, UMC \u00een momentul de fa\u021b\u0103 se afl\u0103 \u00een etapa de implementare a planului de ac\u021biuni. Procesul de&#8230;  <a class=\"excerpt-read-more\" href=\"https:\/\/cmu-edu.eu\/cercetare\/hrs4r\/\" title=\"Read HRS4R\">Read more &raquo;<\/a><\/p>\n","protected":false},"author":3,"featured_media":0,"parent":0,"menu_order":0,"comment_status":"closed","ping_status":"closed","template":"","meta":{"footnotes":""},"class_list":["post-473","page","type-page","status-publish","hentry"],"_links":{"self":[{"href":"https:\/\/cmu-edu.eu\/cercetare\/wp-json\/wp\/v2\/pages\/473","targetHints":{"allow":["GET"]}}],"collection":[{"href":"https:\/\/cmu-edu.eu\/cercetare\/wp-json\/wp\/v2\/pages"}],"about":[{"href":"https:\/\/cmu-edu.eu\/cercetare\/wp-json\/wp\/v2\/types\/page"}],"author":[{"embeddable":true,"href":"https:\/\/cmu-edu.eu\/cercetare\/wp-json\/wp\/v2\/users\/3"}],"replies":[{"embeddable":true,"href":"https:\/\/cmu-edu.eu\/cercetare\/wp-json\/wp\/v2\/comments?post=473"}],"version-history":[{"count":50,"href":"https:\/\/cmu-edu.eu\/cercetare\/wp-json\/wp\/v2\/pages\/473\/revisions"}],"predecessor-version":[{"id":638,"href":"https:\/\/cmu-edu.eu\/cercetare\/wp-json\/wp\/v2\/pages\/473\/revisions\/638"}],"wp:attachment":[{"href":"https:\/\/cmu-edu.eu\/cercetare\/wp-json\/wp\/v2\/media?parent=473"}],"curies":[{"name":"wp","href":"https:\/\/api.w.org\/{rel}","templated":true}]}}