{"id":56,"date":"2015-05-30T20:21:01","date_gmt":"2015-05-30T20:21:01","guid":{"rendered":"https:\/\/cmu-edu.eu\/cercetare\/?page_id=56"},"modified":"2025-06-06T09:34:05","modified_gmt":"2025-06-06T06:34:05","slug":"strategia-cercetarii","status":"publish","type":"page","link":"https:\/\/cmu-edu.eu\/cercetare\/strategia-cercetarii\/","title":{"rendered":"Strategia cercet\u0103rii"},"content":{"rendered":"\n<p><strong>2025-2029<\/strong><\/p>\n\n\n<ul>\n<li><strong><em><a href=\"https:\/\/cmu-edu.eu\/cercetare\/wp-content\/uploads\/sites\/8\/2025\/06\/Strategia-cercetarii-2025-2029_REDACTED.pdf\">Strategia Cercet\u0103rii \u015etiin\u0163ifice la Universitatea Maritim\u0103 din Constan\u0163a (UMC) 2025-2029<\/a><\/em><\/strong><\/li>\n<li><strong><em><a href=\"https:\/\/cmu-edu.eu\/cercetare\/wp-content\/uploads\/sites\/8\/2025\/06\/Regulamentul-de-organizaredesfasurareevidenta-si-valorificare-a-activitatii-de-cercetare-stiintifica_REDACTED.pdf\">Regulamentul de organizare, desfasurare, evidenta si valorificare a activitatii de cercetare stiintifica<\/a><\/em><\/strong><\/li>\n<li><strong><em><a href=\"https:\/\/cmu-edu.eu\/cercetare\/wp-content\/uploads\/sites\/8\/2025\/06\/Planul-operational-pentru-activitatile-de-cercetare-dezvoltare-inovare-si-transfer-tehnologic-pentru-anul-2025-_REDACTED.pdf\">Planul operational pentru activitatile de cercetare-dezvoltare-inovare si transfer tehnologic pentru anul 2025<\/a><\/em><\/strong><\/li>\n<li><strong><em><a href=\"https:\/\/cmu-edu.eu\/cercetare\/wp-content\/uploads\/sites\/8\/2025\/06\/Procedura-operationala-privind-conditiile-pentru-acordarea-sprijinului-financiar-destinat-publicarii-articolelor-stiintifice-in-UMC_REDACTED.pdf\">Procedura operationala privind conditiile pentru acordarea sprijinului financiar destinat publicarii articolelor stiintifice in UMC<\/a><\/em><\/strong><\/li>\n<\/ul>\n\n\n<hr class=\"wp-block-separator has-alpha-channel-opacity\" \/>\n\n\n<ul>\n<li style=\"text-align: left\"><a href=\"https:\/\/cmu-edu.eu\/cercetare\/wp-content\/uploads\/sites\/8\/2024\/08\/Strategia-cercetarii-stiintifice-la-UMC-2021-2025.pdf\"><span style=\"color: #000080\"><em><strong>Strategia Cercet\u0103rii \u015etiin\u0163ifice la Universitatea Maritim\u0103 din Constan\u0163a (UMC) 2021-2025<\/strong><\/em><\/span><\/a><\/li>\n<li><em><span style=\"color: #000080\"><strong><a style=\"line-height: 1.6471;color: #000080\" href=\"https:\/\/cmu-edu.eu\/cercetare\/wp-content\/uploads\/sites\/8\/2015\/05\/Strategia_cercetarii-2014-2020.pdf\" target=\"_blank\" rel=\"noopener\">Strategia Cercet\u0103rii \u015etiin\u0163ifice la Universitatea Maritim\u0103 din Constan\u0163a (UMC) 2014 \u2013 2020<\/a><\/strong><\/span><\/em><\/li>\n<li><em><span style=\"color: #000080\"><strong><a style=\"color: #000080\" href=\"https:\/\/cmu-edu.eu\/cercetare\/wp-content\/uploads\/sites\/8\/2015\/05\/Strategia-cercetarii-UMC-2012-2016.pdf\" target=\"_blank\" rel=\"noopener\">Strategia Cercet\u0103rii \u015etiin\u0163ifice la Universitatea Maritim\u0103 din Constan\u0163a (UMC) 2012 \u2013 2016<\/a><\/strong><\/span><\/em><\/li>\n<li><em><strong><a href=\"https:\/\/cmu-edu.eu\/cercetare\/wp-content\/uploads\/sites\/8\/2015\/05\/Strategia-cercetarii-2008-2013.pdf\" target=\"_blank\" rel=\"noopener\"><span style=\"color: #000080\">Strategia Cercet\u0103rii \u0218tiin\u021bifice a Universit\u0103\u021bii Maritime din Constan\u021ba (UMC) 2008 \u2013 2013<\/span><\/a><\/strong><\/em><\/li>\n<\/ul>\n\n\n<p><\/p>\n\n\n\n<p><\/p>\n\n\n\n<p><\/p>\n","protected":false},"excerpt":{"rendered":"<p>2025-2029 Strategia Cercet\u0103rii \u015etiin\u0163ifice la Universitatea Maritim\u0103 din Constan\u0163a (UMC) 2025-2029 Regulamentul de organizare, desfasurare, evidenta si valorificare a activitatii de cercetare stiintifica Planul operational pentru activitatile de cercetare-dezvoltare-inovare si transfer tehnologic pentru anul 2025 Procedura operationala privind conditiile pentru acordarea sprijinului financiar destinat publicarii articolelor stiintifice in UMC Strategia Cercet\u0103rii \u015etiin\u0163ifice la Universitatea Maritim\u0103&#8230;  <a class=\"excerpt-read-more\" href=\"https:\/\/cmu-edu.eu\/cercetare\/strategia-cercetarii\/\" title=\"Read Strategia cercet\u0103rii\">Read more &raquo;<\/a><\/p>\n","protected":false},"author":9,"featured_media":0,"parent":0,"menu_order":0,"comment_status":"closed","ping_status":"closed","template":"","meta":{"footnotes":""},"class_list":["post-56","page","type-page","status-publish","hentry"],"_links":{"self":[{"href":"https:\/\/cmu-edu.eu\/cercetare\/wp-json\/wp\/v2\/pages\/56","targetHints":{"allow":["GET"]}}],"collection":[{"href":"https:\/\/cmu-edu.eu\/cercetare\/wp-json\/wp\/v2\/pages"}],"about":[{"href":"https:\/\/cmu-edu.eu\/cercetare\/wp-json\/wp\/v2\/types\/page"}],"author":[{"embeddable":true,"href":"https:\/\/cmu-edu.eu\/cercetare\/wp-json\/wp\/v2\/users\/9"}],"replies":[{"embeddable":true,"href":"https:\/\/cmu-edu.eu\/cercetare\/wp-json\/wp\/v2\/comments?post=56"}],"version-history":[{"count":28,"href":"https:\/\/cmu-edu.eu\/cercetare\/wp-json\/wp\/v2\/pages\/56\/revisions"}],"predecessor-version":[{"id":701,"href":"https:\/\/cmu-edu.eu\/cercetare\/wp-json\/wp\/v2\/pages\/56\/revisions\/701"}],"wp:attachment":[{"href":"https:\/\/cmu-edu.eu\/cercetare\/wp-json\/wp\/v2\/media?parent=56"}],"curies":[{"name":"wp","href":"https:\/\/api.w.org\/{rel}","templated":true}]}}