{"id":80,"date":"2015-05-30T21:36:32","date_gmt":"2015-05-30T21:36:32","guid":{"rendered":"https:\/\/cmu-edu.eu\/cercetare\/?page_id=80"},"modified":"2026-05-03T23:07:16","modified_gmt":"2026-05-03T20:07:16","slug":"raportare","status":"publish","type":"page","link":"https:\/\/cmu-edu.eu\/cercetare\/raportare\/","title":{"rendered":"Raportare"},"content":{"rendered":"\n<h2 class=\"wp-block-heading\"><strong><em>Raportare final\u0103 implementare proiecte FDI 2025<\/em><\/strong><\/h2>\n\n\n\n<p>Proiect <strong><a href=\"https:\/\/cmu-edu.eu\/cercetare\/wp-content\/uploads\/sites\/8\/2026\/05\/CNFIS-FDI-2025-F-0734.pdf\" data-type=\"attachment\" data-id=\"719\">CNFIS-FDI-2025-F-0734<\/a><\/strong> Mentorat, consiliere \u0219i orientare \u00een cariera a studen\u021bilor \u0219i corelarea ofertei educationale a Universit\u0103\u021bii Maritime din Constan\u021ba cu cererea pie\u021bei muncii din transport \u0219i logistica.<\/p>\n\n\n\n<p>Domeniul 7: Corelarea ofertei educa\u021bionale cu cererea pie\u021bei muncii (inclusiv proiecte privitoare la consilierea \u0219i orientarea \u00een carier\u0103)<\/p>\n\n\n\n<p>Proiect <strong><a href=\"https:\/\/cmu-edu.eu\/cercetare\/wp-content\/uploads\/sites\/8\/2026\/05\/CNFIS-FDI-2025-F-0721.pdf\" data-type=\"attachment\" data-id=\"720\">CNFIS-FDI-2025-F-0721<\/a><\/strong> Excelen\u021b\u0103 \u0219i Integritate \u00een Educa\u021bie: Solu\u021bii digitale \u0219i inova\u021bie sustenabil\u0103 pentru \u00eembun\u0103t\u0103\u021birea calit\u0103\u021bii didactice \u0219i eticii academice \u00een UMC<\/p>\n\n\n\n<p>Domeniul 5: \u00cembun\u0103t\u0103\u021birea calit\u0103\u021bii activit\u0103\u021bii didactice, inclusiv a respect\u0103rii deontologiei<br>\u0219i eticii academice<\/p>\n\n\n\n<p>Proiect <strong><a href=\"https:\/\/cmu-edu.eu\/cercetare\/wp-content\/uploads\/sites\/8\/2026\/05\/CNFIS-FDI-2025-F-0025.pdf\" data-type=\"attachment\" data-id=\"721\">CNFIS-FDI-2025-F-0025<\/a><\/strong> UMC reper european de performan\u0163\u0103 \u015fi vizibilitate interna\u021bional\u0103 prin educa\u0163ie \u015fi cercetare \u00een domeniul ingineriei navale<\/p>\n\n\n\n<p>Domeniul 2: Cre\u0219terea gradului de interna\u021bionalizare a \u00eenv\u0103\u021b\u0103m\u00e2ntului superior din Rom\u00e2nia<\/p>\n\n\n\n<h2 class=\"wp-block-heading\"><strong><em>Raportare final\u0103 implementare proiecte FDI 2024<\/em><\/strong><\/h2>\n\n\n\n<p style=\"font-size:18px\">Proiect <strong><a href=\"https:\/\/cmu-edu.eu\/cercetare\/wp-content\/uploads\/sites\/8\/2025\/03\/Raportare-CNFIS-FDI-2024-F-0702-1.pdf\">CNFIS-FDI-2024-F-0702<\/a><\/strong> Cre\u015fterea echit\u0103\u0163ii sociale \u00een vederea incluziunii sociale, a egalit\u0103\u021bii de gen \u0219i sporirea accesului la \u00eenv\u0103\u021b\u0103m\u00e2ntul superior de marina<\/p>\n\n\n\n<p style=\"font-size:18px\">Domeniul 1: Cre\u015fterea echit\u0103\u0163ii sociale, \u00een vederea incluziunii sociale \u0219i sporirea accesului la \u00eenv\u0103\u021b\u0103m\u00e2ntul superior<\/p>\n\n\n\n<p style=\"font-size:18px\">Proiect <strong><a href=\"https:\/\/cmu-edu.eu\/cercetare\/wp-content\/uploads\/sites\/8\/2025\/03\/Raportare-CNFIS-FDI-2024-F-0564-1.pdf\">CNFIS-FDI-2024-F-0564<\/a><\/strong> Modernizarea si extinderea bazei de cercetare aplicativa si instruire practica a studentilor, masteranzilor si doctoranzilor din Universitatea Maritima din Constanta<\/p>\n\n\n\n<p style=\"font-size:18px\">Domeniul 3: Asigurarea func\u021bion\u0103rii \u00een bune condi\u021bii a gr\u0103dinilor botanice universitare, a sta\u021biunilor didactice, a bazelor de practic\u0103 \u0219i a altor infrastructuri de sus\u021binere a activit\u0103\u021bilor didactice, similare bazelor de practic\u0103, din cadrul universit\u0103\u0163ilor, folosite pentru instruirea studen\u021bilor<\/p>\n\n\n\n<p style=\"font-size:18px\">Proiect <strong><a href=\"https:\/\/cmu-edu.eu\/cercetare\/wp-content\/uploads\/sites\/8\/2025\/03\/Anexa-3.3_Raport-Final-SAS-CNFIS-FDI-2024-F-0669-1-1.pdf\">CNFIS-FDI-2024-F-0669<\/a><\/strong> Utilizarea inteligentei artificiale in domeniul antreprenoriatului<\/p>\n\n\n\n<p style=\"font-size:18px\">Domeniul 4: Sus\u021binerea activit\u0103\u021bilor societ\u0103\u021bilor antreprenoriale studen\u021be\u0219ti (SAS) din cadrul universit\u0103\u0163ilor<\/p>\n\n\n\n<p style=\"font-size:18px\">Proiect <a href=\"https:\/\/cmu-edu.eu\/cercetare\/wp-content\/uploads\/sites\/8\/2025\/03\/Anexa3_3-CNFIS-FDI-2024-F-0530-2025-01-31_Redacted.pdf\"><strong>CNFIS-FDI-2024-F-0530<\/strong><\/a> Dezvoltarea capacitatii de CD a UMC prin cresterea activitatilor de suport stiintific multidisciplinar, dezvoltare infrastructura si sustenabilitate rezilienta centrate pe cercetarea specifica<\/p>\n\n\n\n<p>Domeniul 6: Dezvoltarea capacit\u0103\u021bii institu\u021bionale pentru cercetare din institu\u021biile de \u00eenv\u0103\u021b\u0103m\u00e2nt superior.<\/p>\n\n\n\n<hr class=\"wp-block-separator has-alpha-channel-opacity\"\/>\n\n\n<p><strong><em>Raportare final\u0103 implementare proiecte FDI 2022, 2023<\/em><\/strong><\/p>\n<p><blockquote class=\"wp-embedded-content\" data-secret=\"AR7z1aU4Nj\"><a href=\"https:\/\/cmu-edu.eu\/raportare-finala-implementare-proiecte-fdi\/\">Raportare final\u0103 implementare proiecte FDI<\/a><\/blockquote><iframe loading=\"lazy\" class=\"wp-embedded-content\" sandbox=\"allow-scripts\" security=\"restricted\" style=\"position: absolute; visibility: hidden;\" title=\"&#8220;Raportare final\u0103 implementare proiecte FDI&#8221; &#8212; Universitatea Maritim\u0103 din Constan\u021ba\" src=\"https:\/\/cmu-edu.eu\/raportare-finala-implementare-proiecte-fdi\/embed\/#?secret=HSdNtiLiN8#?secret=AR7z1aU4Nj\" data-secret=\"AR7z1aU4Nj\" width=\"600\" height=\"338\" frameborder=\"0\" marginwidth=\"0\" marginheight=\"0\" scrolling=\"no\"><\/iframe><\/p>\n<p><em><strong>Raportarea datelor statistice<\/strong><\/em><\/p>\n<p><blockquote class=\"wp-embedded-content\" data-secret=\"0FPyr74KEA\"><a href=\"https:\/\/www.cnfis.ro\/raportare-2023-activitate-cercetare-creatie-artistica-performanta-sportiva\/\">Raportare 2023 &#8211; activitate cercetare\/ crea\u021bie artistic\u0103\/ performan\u021b\u0103 sportiv\u0103<\/a><\/blockquote><iframe loading=\"lazy\" class=\"wp-embedded-content\" sandbox=\"allow-scripts\" security=\"restricted\" style=\"position: absolute; visibility: hidden;\" title=\"&#8220;Raportare 2023 &#8211; activitate cercetare\/ crea\u021bie artistic\u0103\/ performan\u021b\u0103 sportiv\u0103&#8221; &#8212; CNFIS\" src=\"https:\/\/www.cnfis.ro\/raportare-2023-activitate-cercetare-creatie-artistica-performanta-sportiva\/embed\/#?secret=0FPyr74KEA\" data-secret=\"0FPyr74KEA\" width=\"600\" height=\"338\" frameborder=\"0\" marginwidth=\"0\" marginheight=\"0\" scrolling=\"no\"><\/iframe><\/p>\n\n\n<p><\/p>\n","protected":false},"excerpt":{"rendered":"<p>Raportare final\u0103 implementare proiecte FDI 2025 Proiect CNFIS-FDI-2025-F-0734 Mentorat, consiliere \u0219i orientare \u00een cariera a studen\u021bilor \u0219i corelarea ofertei educationale a Universit\u0103\u021bii Maritime din Constan\u021ba cu cererea pie\u021bei muncii din transport \u0219i logistica. Domeniul 7: Corelarea ofertei educa\u021bionale cu cererea pie\u021bei muncii (inclusiv proiecte privitoare la consilierea \u0219i orientarea \u00een carier\u0103) Proiect CNFIS-FDI-2025-F-0721 Excelen\u021b\u0103 \u0219i&#8230;  <a class=\"excerpt-read-more\" href=\"https:\/\/cmu-edu.eu\/cercetare\/raportare\/\" title=\"Read Raportare\">Read more &raquo;<\/a><\/p>\n","protected":false},"author":9,"featured_media":0,"parent":0,"menu_order":0,"comment_status":"closed","ping_status":"closed","template":"","meta":{"footnotes":""},"class_list":["post-80","page","type-page","status-publish","hentry"],"_links":{"self":[{"href":"https:\/\/cmu-edu.eu\/cercetare\/wp-json\/wp\/v2\/pages\/80","targetHints":{"allow":["GET"]}}],"collection":[{"href":"https:\/\/cmu-edu.eu\/cercetare\/wp-json\/wp\/v2\/pages"}],"about":[{"href":"https:\/\/cmu-edu.eu\/cercetare\/wp-json\/wp\/v2\/types\/page"}],"author":[{"embeddable":true,"href":"https:\/\/cmu-edu.eu\/cercetare\/wp-json\/wp\/v2\/users\/9"}],"replies":[{"embeddable":true,"href":"https:\/\/cmu-edu.eu\/cercetare\/wp-json\/wp\/v2\/comments?post=80"}],"version-history":[{"count":22,"href":"https:\/\/cmu-edu.eu\/cercetare\/wp-json\/wp\/v2\/pages\/80\/revisions"}],"predecessor-version":[{"id":726,"href":"https:\/\/cmu-edu.eu\/cercetare\/wp-json\/wp\/v2\/pages\/80\/revisions\/726"}],"wp:attachment":[{"href":"https:\/\/cmu-edu.eu\/cercetare\/wp-json\/wp\/v2\/media?parent=80"}],"curies":[{"name":"wp","href":"https:\/\/api.w.org\/{rel}","templated":true}]}}