{"id":22,"date":"2016-01-27T12:36:46","date_gmt":"2016-01-27T10:36:46","guid":{"rendered":"https:\/\/cmu-edu.eu\/cmu-international\/?page_id=22"},"modified":"2022-07-05T12:26:49","modified_gmt":"2022-07-05T10:26:49","slug":"parteneriate","status":"publish","type":"page","link":"https:\/\/cmu-edu.eu\/cmu-international\/parteneriate\/","title":{"rendered":"Parteneriate"},"content":{"rendered":"<h2>Parteneriate interna\u021bionale<\/h2>\n<p>Universitatea Maritim\u0103 din Constan\u021ba a asumat un rol activ \u00een comunitatea maritim\u0103 interna\u021bional\u0103, \u00eencheind o serie de protocoale bilaterale cu universit\u0103\u021bi de profil, at\u00e2t pentru asigurarea schimbului de studen\u021bi \u0219i cadre didactice, c\u00e2t \u0219i pentru \u00eenlesnirea schimbului de experien\u021b\u0103 \u00een domeniul maritim. \u00cen prezent exist\u0103 27 de astfel de parteneriate.<\/p>\n<ul class=\"lista-doi\">\n<li>Nikola Y. Vaptsarov Naval Academy of Varna, Bulgaria;<\/li>\n<li>Odessa National Maritime University, Ucraina;<\/li>\n<li>Istanbul Technical University, Maritime Faculty, Turcia;<\/li>\n<li>Assen Zlatarov University of Burgas, Bulgaria;<\/li>\n<li>Batumi State Maritime Academy, Georgia;<\/li>\n<li>Ecole Nationale Superieure d\u2019Ingenieurs de Bourges, Fran\u021ba;<\/li>\n<li>Gdynia Maritime Academy, Polonia;<\/li>\n<li>Australian Maritime College, Australia;<\/li>\n<li>Shanghai Maritime University, China;<\/li>\n<li>Universitat Politecnica de Catalonia, Facultat de Nautica, Spania;<\/li>\n<li>Maine Maritime Academy, SUA;<\/li>\n<li>Maritime Academy of Nigeria;<\/li>\n<li>National Corporation For Maritime Science And Technology;<\/li>\n<li>Caspian State University of Technologies and Engineering named after Sh. Esenov, Aktau, Kazahstan;<\/li>\n<li>Vestfold University College, Tonsberg, Norvegia;<\/li>\n<li>Willem Barentsz Maritime Institut, West Terschelling, Olanda;<\/li>\n<li>Piri Reis University, Turcia;<\/li>\n<li>Jade University of Applied Sciences, Wilhelmshaven, Germania;<\/li>\n<li>Grenoble Institute of Technology, Grenoble, Fran\u021ba;<\/li>\n<li>NYK Line \u2013 Nippon Yusen Kaisha, Japonia;<\/li>\n<li>George International Resources Ltd., Nigeria;<\/li>\n<li>Foreign Degree S.R.L., Romania<\/li>\n<li>Universite d\u2019Orleans, Collegium Science et Techniques;<\/li>\n<li>University of Montenegro, Maritime Faculty Kotor.<\/li>\n<li>\n<div>Kherson State Maritime Academy, Ucraina<\/div>\n<\/li>\n<li>\n<div>Batumi High Maritime Engineering School ANRI, LLC, Georgia<\/div>\n<\/li>\n<li>\n<div>Shri Venkateshwara University, Uttar Pradesh, India<\/div>\n<\/li>\n<li>Desh Education, Dhaka, Bangaldesh.<\/li>\n<\/ul>\n<h2><\/h2>\n","protected":false},"excerpt":{"rendered":"<p>Parteneriate interna\u021bionale Universitatea Maritim\u0103 din Constan\u021ba a asumat un rol activ \u00een comunitatea maritim\u0103 interna\u021bional\u0103, \u00eencheind o serie de protocoale bilaterale cu universit\u0103\u021bi de profil, at\u00e2t pentru asigurarea schimbului de studen\u021bi \u0219i cadre didactice, c\u00e2t \u0219i pentru \u00eenlesnirea schimbului de experien\u021b\u0103 \u00een domeniul maritim. \u00cen prezent exist\u0103 27 de astfel de parteneriate. Nikola Y. Vaptsarov [&hellip;]<\/p>\n","protected":false},"author":4,"featured_media":23,"parent":0,"menu_order":0,"comment_status":"closed","ping_status":"closed","template":"","meta":{"footnotes":""},"class_list":["post-22","page","type-page","status-publish","has-post-thumbnail","hentry"],"_links":{"self":[{"href":"https:\/\/cmu-edu.eu\/cmu-international\/wp-json\/wp\/v2\/pages\/22","targetHints":{"allow":["GET"]}}],"collection":[{"href":"https:\/\/cmu-edu.eu\/cmu-international\/wp-json\/wp\/v2\/pages"}],"about":[{"href":"https:\/\/cmu-edu.eu\/cmu-international\/wp-json\/wp\/v2\/types\/page"}],"author":[{"embeddable":true,"href":"https:\/\/cmu-edu.eu\/cmu-international\/wp-json\/wp\/v2\/users\/4"}],"replies":[{"embeddable":true,"href":"https:\/\/cmu-edu.eu\/cmu-international\/wp-json\/wp\/v2\/comments?post=22"}],"version-history":[{"count":9,"href":"https:\/\/cmu-edu.eu\/cmu-international\/wp-json\/wp\/v2\/pages\/22\/revisions"}],"predecessor-version":[{"id":105,"href":"https:\/\/cmu-edu.eu\/cmu-international\/wp-json\/wp\/v2\/pages\/22\/revisions\/105"}],"wp:featuredmedia":[{"embeddable":true,"href":"https:\/\/cmu-edu.eu\/cmu-international\/wp-json\/wp\/v2\/media\/23"}],"wp:attachment":[{"href":"https:\/\/cmu-edu.eu\/cmu-international\/wp-json\/wp\/v2\/media?parent=22"}],"curies":[{"name":"wp","href":"https:\/\/api.w.org\/{rel}","templated":true}]}}