{"id":29,"date":"2016-01-27T12:53:50","date_gmt":"2016-01-27T10:53:50","guid":{"rendered":"https:\/\/cmu-edu.eu\/cmu-international\/?page_id=29"},"modified":"2016-01-27T12:53:50","modified_gmt":"2016-01-27T10:53:50","slug":"doctor-honoris-causa","status":"publish","type":"page","link":"https:\/\/cmu-edu.eu\/cmu-international\/doctor-honoris-causa\/","title":{"rendered":"Doctor Honoris Causa"},"content":{"rendered":"<p>Cu aprobarea Comisiei Superioare de Atestare \u015fi avizul dat de Ministerul Educa\u0163iei \u015fi Cercet\u0103rii, Senatul Universit\u0103\u0163ii este abilitat s\u0103 acorde titlul de DOCTOR HONORIS CAUSA unor personalit\u0103\u0163i marcante ale vie\u0163ii \u015ftiin\u0163ifice na\u0163ionale \u015fi interna\u0163ionale. Universitatea a acordat acest titlu unor personalit\u0103\u0163i direct implicate \u00een domeniul maritim:<\/p>\n<p><a href=\"https:\/\/cmu-edu.eu\/wp-content\/uploads\/2015\/07\/Eugen-Victor-Cristian-Rusu.pdf\" target=\"_blank\"><strong>Eugen Victor Cristian RUSU<\/strong><br \/>\n<\/a>Profesor universitar, Departamentul de Inginerie Mecanic\u0103, Facultatea de Inginerie, Universitatea Dun\u0103rea de Jos din Gala\u0163i,<br \/>\nPre\u015fedinte al Comisiei pentru Cercetare \u015etiin\u0163ific\u0103 a Senatului din UNIVERSITATEA DUNAREA DE JOS;<br \/>\nProfesor colaborator, CENTEC \u2013 Centrul pentru Tehnologie \u015fi Inginerie Marin\u0103, Universitatea din Lisabona.<\/p>\n<p><strong>Akkan Suver<\/strong>, Pre\u0219edinte, The Marmara Group Foundation<\/p>\n<p><strong>Dumitru Mazilu<\/strong> \u2013 Ambasador al Rom\u00e2niei<\/p>\n<p><strong>Eftimios Mitropoulos<\/strong> \u2013Secretarul Comitetului Maritim din cadrul Organiza\u0163iei Maritime Interna\u0163ionale<\/p>\n<p><strong>Gunther Zade<\/strong> &#8211; Profesor la World Maritime University<\/p>\n<p><strong>Osman Kamil Sag<\/strong> \u2013 Profesor la Universitatea Tehnic\u0103 din Istanbul<\/p>\n","protected":false},"excerpt":{"rendered":"<p>Cu aprobarea Comisiei Superioare de Atestare \u015fi avizul dat de Ministerul Educa\u0163iei \u015fi Cercet\u0103rii, Senatul Universit\u0103\u0163ii este abilitat s\u0103 acorde titlul de DOCTOR HONORIS CAUSA unor personalit\u0103\u0163i marcante ale vie\u0163ii \u015ftiin\u0163ifice na\u0163ionale \u015fi interna\u0163ionale. Universitatea a acordat acest titlu unor personalit\u0103\u0163i direct implicate \u00een domeniul maritim: Eugen Victor Cristian RUSU Profesor universitar, Departamentul de Inginerie [&hellip;]<\/p>\n","protected":false},"author":4,"featured_media":30,"parent":0,"menu_order":0,"comment_status":"closed","ping_status":"closed","template":"","meta":{"footnotes":""},"class_list":["post-29","page","type-page","status-publish","has-post-thumbnail","hentry"],"_links":{"self":[{"href":"https:\/\/cmu-edu.eu\/cmu-international\/wp-json\/wp\/v2\/pages\/29","targetHints":{"allow":["GET"]}}],"collection":[{"href":"https:\/\/cmu-edu.eu\/cmu-international\/wp-json\/wp\/v2\/pages"}],"about":[{"href":"https:\/\/cmu-edu.eu\/cmu-international\/wp-json\/wp\/v2\/types\/page"}],"author":[{"embeddable":true,"href":"https:\/\/cmu-edu.eu\/cmu-international\/wp-json\/wp\/v2\/users\/4"}],"replies":[{"embeddable":true,"href":"https:\/\/cmu-edu.eu\/cmu-international\/wp-json\/wp\/v2\/comments?post=29"}],"version-history":[{"count":1,"href":"https:\/\/cmu-edu.eu\/cmu-international\/wp-json\/wp\/v2\/pages\/29\/revisions"}],"predecessor-version":[{"id":31,"href":"https:\/\/cmu-edu.eu\/cmu-international\/wp-json\/wp\/v2\/pages\/29\/revisions\/31"}],"wp:featuredmedia":[{"embeddable":true,"href":"https:\/\/cmu-edu.eu\/cmu-international\/wp-json\/wp\/v2\/media\/30"}],"wp:attachment":[{"href":"https:\/\/cmu-edu.eu\/cmu-international\/wp-json\/wp\/v2\/media?parent=29"}],"curies":[{"name":"wp","href":"https:\/\/api.w.org\/{rel}","templated":true}]}}