{"id":116,"date":"2021-09-21T09:13:49","date_gmt":"2021-09-21T09:13:49","guid":{"rendered":"https:\/\/cmu-edu.eu\/de\/?page_id=116"},"modified":"2021-09-21T09:15:28","modified_gmt":"2021-09-21T09:15:28","slug":"elektromechanik","status":"publish","type":"page","link":"https:\/\/cmu-edu.eu\/de\/elektromechanik\/","title":{"rendered":"Elektromechanik"},"content":{"rendered":"<div class=\"clearfix ap-row\"><div class=\"ap_column ap-span3\"><h2>Elektromechanik<\/h2>\n<p>Der maritime Sektor ist ein Schl\u00fcsselfaktor f\u00fcr die moderne Gesellschaft. Dieser Sektor spielt eine Schl\u00fcsselrolle f\u00fcr die soziale und wirtschaftliche Entwicklung und ist eine potenzielle Quelle hervorragender Besch\u00e4ftigungs- und Karrierem\u00f6glichkeiten f\u00fcr mehrere Millionen Menschen, die derzeit weltweit in maritimen T\u00e4tigkeiten und Unternehmen arbeiten.<\/p>\n<p>Die maritime Industrie umfasst die Bereitstellung von Waren und Dienstleistungen im maritimen Sektor, Werften, Schiffbau, H\u00e4fen und Infrastruktur. Laut Statistik von Koncept Analytics ist der Seeverkehr der gr\u00f6\u00dfenm\u00e4\u00dfig dominierende Zweig des Transportsektors.<\/p>\n<p>Der Studiengang Schiffselektromechanik richtet sich an diejenigen, die eine Karriere in dem Schifffahrts- und Hafenbereich oder verwandten Bereichen anstreben.\nDer vierj\u00e4hrige Studiengang soll Absolventen mit spezifischen und spezialisierten Ingenieurkenntnissen ausstatten, die den Anforderungen der internationalen maritimen Wirtschaft gerecht werden. Die Absolventen werden somit das Niveau an wissenschaftlichen, ingenieurtechnischen und betriebswirtschaftlichen Kenntnissen sowie an praktischen F\u00e4higkeiten erwerben, das den derzeitigen und k\u00fcnftigen Anforderungen der Schifffahrtsindustrie, d. h. der Binnen-, See- und Offshore-Schiffbauindustrie, entspricht.<\/p><\/div>\n<div class=\"ap_column ap-span3\"><h2>Was Sie studieren werden:<\/h2>\n<p>Der interdisziplin\u00e4re Lehrplan orientiert sich an den internationalen STCW-Standards (Standards of Training, Certification and Watchkeeping), basiert auf dem Kursmodell IMO 7.02 und 7.04 (International Maritime Organization) und ist von der Rum\u00e4nischen Marinebeh\u00f6rde (ANR) zertifiziert, um zur Ausbildung von Fach- und F\u00fchrungskompetenzen f\u00fcr eine erfolgreiche Karriere beizutragen.<\/p>\n<ul class=\"lista-doi\">\n<li>Studienf\u00e4cher, die sich mit der Navigationsumgebung und dem Verhalten des Schiffsk\u00f6rpers als Tr\u00e4ger der Anlagen, Systeme und Ausr\u00fcstungen an Bord befassen.<\/li>\n<li>Studienf\u00e4cher, die sich haupts\u00e4chlich mit Maschinen, Anlagen, Systemen und Ausr\u00fcstungen an Bord von Schiffen befassen, mit Weiterbildung in praktischen Fertigkeiten in dem Fachgebiet, das sowohl auf den Schiffbau als auch auf den Schiffsbetrieb ausgerichtet ist.<\/li>\n<li>Studienf\u00e4cher, die sich haupts\u00e4chlich mit Maschinen, Anlagen, Systemen und Ausr\u00fcstungen an Bord von Schiffen, Einf\u00fchrung in Schiffsmanagement und Marketing, Abschluss der Ausbildung in Konstruktion und praktischen Fertigkeiten, Vorbereitung auf und Ablegen der Diplompr\u00fcfung befassen.<\/li>\n<\/ul><\/div><\/div>\n<div style=\"background-color: #f5f5f5;padding: 10px;text-align: center\">\n<h1 style=\"padding-bottom: 30px\">VORTEILE<\/h1>\n<p><div class=\"clearfix ap-row\"><div class=\"ap_column ap-span2\"><div style=\"background-color: #ffffff;padding: 10px;margin: 10px;height: 260px\">\n<h3>Internationale Anerkennung<\/h3>\n<p>Das Ingenieurdiplom und das Bef\u00e4higungszeugnis f\u00fcr Schiffsingenieur auf F\u00fchrungsebene sind international anerkannt und bieten Ihnen die M\u00f6glichkeit, weltweit angestellt zu werden.<\/p>\n<\/div><\/div>\n<div class=\"ap_column ap-span2\"><div style=\"background-color: #ffffff;padding: 10px;margin: 10px;height: 260px\">\n<h3>Flexibilit\u00e4t<\/h3>\n<p>Wenn Sie w\u00e4hrend Ihres Studiums Ihr Praktikum an Bord eines Schiffes durchf\u00fchren, bieten wir Ihnen die M\u00f6glichkeit, online auf dem virtuellen Campus zu studieren. Sie werden Zugang zu offenen Pr\u00fcfungssitzungen erhalten und k\u00f6nnen Ihre Pr\u00fcfungen nach Ihrer R\u00fcckkehr verschieben und ablegen.<\/p>\n<\/div><\/div>\n<div class=\"ap_column ap-span2\"><div style=\"background-color: #ffffff;padding: 10px;margin: 10px;height: 260px\">\n<h3>Studienm\u00f6glichkeiten im Ausland<\/h3>\n<p>Viele unserer Studierenden entscheiden sich f\u00fcr ein Semester an einer der Partnerhochschulen als ERASMUS-Stipendiaten.<\/p>\n<\/div><\/div><\/div><br \/>\n<div class=\"clearfix ap-row\"><div class=\"ap_column ap-span2\"><div style=\"background-color: #ffffff;padding: 10px;margin: 10px;height: 260px\">\n<h3>Alternativen<\/h3>\n<p>Alle unsere Absolventen k\u00f6nnen zwischen einer Karriere auf See oder an Land w\u00e4hlen.<\/p>\n<\/div><\/div>\n<div class=\"ap_column ap-span2\"><div style=\"background-color: #ffffff;padding: 10px;margin: 10px;height: 260px\">\n<h3>Moderne Technologien<\/h3>\n<p>Die IKT gewinnen immer mehr an Bedeutung, und der maritime Sektor h\u00e4lt mit diesem Trend Schritt. Sie werden an den neuesten Maschinensimulatoren arbeiten.<\/p>\n<\/div><\/div>\n<div class=\"ap_column ap-span2\"><div style=\"background-color: #ffffff;padding: 10px;margin: 10px;height: 260px\">\n<h3>Praktikum an Bord<\/h3>\n<p>Mehr als 20 Crewing-Unternehmen haben mit der Universit\u00e4t Partnerschaften begr\u00fcndet und bieten den Studenten die M\u00f6glichkeit, ihr Praktikum in einem multikulturellen Umfeld zu absolvieren. Jedes Jahr fahren mehr als 150 Studenten zur See.<\/p>\n<\/div><\/div><\/div><\/p>\n<div style=\"background-color: #ffffff;padding: 10px;margin: 10px\">\n<h3>Maritime Praktikum<\/h3>\n<p>Das zweite und dritte Studienjahr bieten den idealen Rahmen, um Ihre theoretischen Kenntnisse zu vertiefen und Ihre F\u00e4higkeiten zu trainieren, diese entsprechend der Spezialisierung, f\u00fcr die Sie ausgebildet werden, bei verschiedenen Wirtschaftsakteuren im Hafengebiet, mit denen die Universit\u00e4t Partnerschaften unterh\u00e4lt, und in den Speziallabors der Universit\u00e4t anzuwenden.<\/p>\n<\/div>\n<\/div>\n<div class=\"clearfix ap-row\"><div class=\"ap_column ap-span6\"><a href=\"https:\/\/cmu-edu.eu\/electromecanica\/wp-content\/uploads\/sites\/19\/2020\/07\/banner-em.jpg\"><img loading=\"lazy\" decoding=\"async\" class=\"alignleft size-full wp-image-670\" src=\"https:\/\/cmu-edu.eu\/electromecanica\/wp-content\/uploads\/sites\/19\/2020\/07\/banner-em.jpg\" alt=\"\" width=\"1200\" height=\"300\" \/><\/a><\/div><\/div>\n<div style=\"background-color: #ffcb74;padding: 10px\">\n<h2>KARRIEREM\u00d6GLICHKEITEN<\/h2>\n<p>Absolventinnen und Absolventen des Studiengangs Schiffselektromechanik k\u00f6nnen Arbeitsstellen als F\u00fchrungsoffiziere (Erster Technischer Offizier oder Leitender Ingenieur) oder verschiedene andere Positionen in der maritimen Industrie einnehmen:<\/p>\n<ul>\n<li>Elektromechanischer Diplomingenieur SCB<\/li>\n<li>Entwicklungsdiplomingenieur\/ Elektromechanischer Ingenieur<\/li>\n<li>Emissionsingenieur<\/li>\n<li>Bauinstallateur<\/li>\n<li>Sachverst\u00e4ndige(r) f\u00fcr das Management und die Organisation von Instandhaltungst\u00e4tigkeiten<\/li>\n<\/ul>\n<p>Absolventen des Studiengangs f\u00fcr Schiffselektromechanik haben reale Chancen, sich in die berufliche T\u00e4tigkeit zu integrieren und weiterzuentwickeln &#8211; vor allem in der Schifffahrtsindustrie im In- und Ausland sowie in der Schiffbau- und Offshore-Industrie.<\/p>\n<\/div>\n<hr class=\"ap-spacing\" style=\"height:10px\"\/>\n<div class=\"clearfix ap-row\"><div class=\"ap_column ap-span2\"><h2>Aufnahmepr\u00fcfung<\/h2>\n<p>Dies ist das dritte Jahr, in dem wir die Online-Aufnahmepr\u00fcfung mit 128-Bit-SSL-Verschl\u00fcsselung durchf\u00fchren.\n<div class=\"divider\" style=\"margin-top:2px; margin-bottom:2px; border-top:1px solid #CCCCCC;width:100%\"\/><\/div>\nWeitere Informationen hier: <em><strong><a href=\"https:\/\/admitere.cmu-edu.eu\">https:\/\/admitere.cmu-edu.eu<\/a><\/strong><\/em><\/div>\n<div class=\"ap_column ap-span2\"><h2>Informationsvermittlungen<\/h2>\n<p>W\u00e4hrend der Zulassungsphase organisieren wir jeden Montagnachmittag von 17.00 bis 18.00 Uhr Online-Meetings mit unseren Studenten und Absolventen. Wenn Sie die neuesten Nachrichten von ihnen und Informationen \u00fcber die Zulassung erfahren m\u00f6chten, laden wir Sie hier ein:\n<div class=\"divider\" style=\"margin-top:2px; margin-bottom:2px; border-top:1px solid #CCCCCC;width:100%\"\/><\/div>\n<strong><em><a href=\"https:\/\/maritimeconferences.online\/\">https:\/\/maritimeconferences.online\/<\/a><\/em><\/strong><\/div>\n<div class=\"ap_column ap-span2\"><h2>Kontakt<\/h2>\n<ul class=\"lista-doi\">\n<li>Kontakt<\/li>\n<li>E-mail: bcc@cmu-edu.eu<\/li>\n<li>Tel: +40241664740<\/li>\n<li>Mircea cel B\u0103tr\u00e2n, nr 104<\/li>\n<li>Constanta<\/li>\n<\/ul><\/div><\/div>\n","protected":false},"excerpt":{"rendered":"<p>VORTEILE Maritime Praktikum Das zweite und dritte Studienjahr bieten den idealen Rahmen, um Ihre theoretischen Kenntnisse zu vertiefen und Ihre F\u00e4higkeiten zu trainieren, diese entsprechend der Spezialisierung, f\u00fcr die Sie ausgebildet werden, bei verschiedenen Wirtschaftsakteuren im Hafengebiet, mit denen die Universit\u00e4t Partnerschaften unterh\u00e4lt, und in den Speziallabors der Universit\u00e4t anzuwenden. KARRIEREM\u00d6GLICHKEITEN Absolventinnen und Absolventen des [&hellip;]<\/p>\n","protected":false},"author":4,"featured_media":0,"parent":0,"menu_order":0,"comment_status":"closed","ping_status":"closed","template":"","meta":{"footnotes":""},"class_list":["post-116","page","type-page","status-publish","hentry"],"_links":{"self":[{"href":"https:\/\/cmu-edu.eu\/de\/wp-json\/wp\/v2\/pages\/116","targetHints":{"allow":["GET"]}}],"collection":[{"href":"https:\/\/cmu-edu.eu\/de\/wp-json\/wp\/v2\/pages"}],"about":[{"href":"https:\/\/cmu-edu.eu\/de\/wp-json\/wp\/v2\/types\/page"}],"author":[{"embeddable":true,"href":"https:\/\/cmu-edu.eu\/de\/wp-json\/wp\/v2\/users\/4"}],"replies":[{"embeddable":true,"href":"https:\/\/cmu-edu.eu\/de\/wp-json\/wp\/v2\/comments?post=116"}],"version-history":[{"count":3,"href":"https:\/\/cmu-edu.eu\/de\/wp-json\/wp\/v2\/pages\/116\/revisions"}],"predecessor-version":[{"id":119,"href":"https:\/\/cmu-edu.eu\/de\/wp-json\/wp\/v2\/pages\/116\/revisions\/119"}],"wp:attachment":[{"href":"https:\/\/cmu-edu.eu\/de\/wp-json\/wp\/v2\/media?parent=116"}],"curies":[{"name":"wp","href":"https:\/\/api.w.org\/{rel}","templated":true}]}}