{"id":121,"date":"2021-09-22T07:59:35","date_gmt":"2021-09-22T07:59:35","guid":{"rendered":"https:\/\/cmu-edu.eu\/de\/?page_id=121"},"modified":"2021-09-22T08:31:50","modified_gmt":"2021-09-22T08:31:50","slug":"elektroingenieurwesen","status":"publish","type":"page","link":"https:\/\/cmu-edu.eu\/de\/elektroingenieurwesen\/","title":{"rendered":"Elektroingenieurwesen"},"content":{"rendered":"<div class=\"clearfix ap-row\"><div class=\"ap_column ap-span4\"><h2>Elektroingenieurwesen<\/h2>\n<p>Der Studiengang &#8220;Elektrotechnik&#8221; ist einer der Studieng\u00e4nge, die die Universit\u00e4t seit ihrer Gr\u00fcndung im Jahr 1990 organisiert hat.\nIn seiner Entwicklung wurde der Studiengang &#8220;Elektrotechnik&#8221; im Jahr 2002 akkreditiert, nachdem festgestellt worden war, dass er die obligatorischen Qualit\u00e4tsstandards und allgemeinen Kriterien gem\u00e4\u00df dem damaligen Gesetz erf\u00fcllte. Nach der Gr\u00fcndung von ARACIS (der Rum\u00e4nischen Agentur f\u00fcr Qualit\u00e4tssicherung im Hochschulbereich) wurde er im Jahr 2009 evaluiert und f\u00fcr 100 Studierende akkreditiert.<\/p>\n<p>Um den Bed\u00fcrfnissen von Seeleuten ohne Hochschulausbildung gerecht zu werden, die auf Positionen an Bord von Schiffen bef\u00f6rdert werden m\u00fcssen, wurde der Studiengang &#8220;Elektrotechnik&#8221; als Kurzzeitstudium akkreditiert.<\/p>\n<p>Der Studiengang &#8220;Elektrotechnik&#8221; richtet sich an Abiturienten, die anschlie\u00dfend im maritimen Bereich als &#8220;maritimer Elektrooffizier&#8221; oder im weiten Bereich der Ingenieurwissenschaften als &#8220;Elektroingenieur&#8221; arbeiten wollen.<\/p>\n<p>Die Absolventinnen und Absolventen dieses Studiengangs haben Zugang zu Masterstudieng\u00e4ngen und erwerben die F\u00e4higkeit, beschreibende und bewertende Konzepte, Theorien und Modelle anzuwenden, um ingenieurwissenschaftliche L\u00f6sungen in der Elektrotechnik zu erkl\u00e4ren und zu interpretieren.<\/p>\n<p>Der Bachelor-Studiengang &#8220;Elektrotechnik&#8221; hat eine Regelstudienzeit von 4 Jahren, 8 Semestern, 240 Credits. Der Studiengang vermittelt die spezifischen F\u00e4higkeiten eines Elektroingenieurs, die Anwendung grundlegender Konzepte der Elektrotechnik, die Simulation des Betriebs elektrischer Anlagen, die \u00dcberwachung und Automatisierung des Betriebs elektrischer Anlagen, die Planung, den Betrieb und die Fehlersuche bei elektrischen Anlagen.<\/p><\/div>\n<div class=\"ap_column ap-span2\"><h2>Was Sie studieren werden<\/h2>\n<p>Der interdisziplin\u00e4re Lehrplan orientiert sich an den internationalen STCW-Standards (Standards of Training, Certification and Watchkeeping), basiert auf dem Kursmodell IMO 7.08 f\u00fcr Elektrische Ingenieure (International Maritime Organization) und ist von der Rum\u00e4nischen Marinebeh\u00f6rde (ANR) zertifiziert, um zur Ausbildung von Fach- und F\u00fchrungskompetenzen f\u00fcr eine erfolgreiche Karriere als Schiffselektroingenieur beizutragen.<\/p>\n<p>Die Studienf\u00e4cher u.zw. Theorie der elektrischen Schaltungen, Computerprogrammierung, elektrische Maschinen, elektrische Antriebe, Leistungselektronik, elektrische Messungen, elektrische Installationen zielen auf die Ausbildung im Bereich der Elektrotechnik ab.<\/p><\/div><\/div>\n<div style=\"background-color: #f5f5f5;padding: 10px;text-align: center\">\n<h1 style=\"padding-bottom: 30px\">VORTEILE<\/h1>\n<p><div class=\"clearfix ap-row\"><div class=\"ap_column ap-span2\"><div style=\"background-color: #ffffff;padding: 10px;margin: 10px;height: 260px\">\n<h3>Internationale Anerkennung.<\/h3>\n<p>Das Ingenieurdiplom (Diplomzusatz-Muster) und das Bef\u00e4higungszeugnis f\u00fcr Schiffselektroingenieur sind international anerkannt und bieten Ihnen die M\u00f6glichkeit, weltweit angestellt zu werden.<\/p>\n<\/div><\/div>\n<div class=\"ap_column ap-span2\"><div style=\"background-color: #ffffff;padding: 10px;margin: 10px;height: 260px\">\n<h3>Flexibilit\u00e4t<\/h3>\n<p>Nachdem Sie die IMO-Kurse bestanden und Ihr Seemannszeugnis erhalten haben, k\u00f6nnen Sie Ihre praktische Ausbildung an Bord des Schiffes durchf\u00fchren. W\u00e4hrend Ihrer Praktikumsreise k\u00f6nnen Sie an Kursen und Lehrveranstaltungen auf der Online-Lernplattform eCampus teilnehmen. Sie k\u00f6nnen auch an Pr\u00fcfungen teilnehmen, wenn das Praktikum mit der Pr\u00fcfungssession zusammenf\u00e4llt. Sie k\u00f6nnen auch Zugang zu offenen Pr\u00fcfungssitzungen erhalten.<\/p>\n<\/div><\/div>\n<div class=\"ap_column ap-span2\"><div style=\"background-color: #ffffff;padding: 10px;margin: 10px;height: 260px\">\n<h3>Studienm\u00f6glichkeiten im Ausland<\/h3>\n<p>Sie k\u00f6nnen sich f\u00fcr ein Semester an einer der Partnerhochschulen als ERASMUS-Stipendiaten entscheiden.<\/p>\n<\/div><\/div><\/div><br \/>\n<div class=\"clearfix ap-row\"><div class=\"ap_column ap-span2\"><div style=\"background-color: #ffffff;padding: 10px;margin: 10px;height: 260px\">\n<h3>Alternativen<\/h3>\n<p>Nach Abschluss des Bachelorstudiums k\u00f6nnen Sie zwischen einer Karriere auf See und einer Karriere an Land w\u00e4hlen.<\/p>\n<\/div><\/div>\n<div class=\"ap_column ap-span2\"><div style=\"background-color: #ffffff;padding: 10px;margin: 10px;height: 260px\">\n<h3>Moderne Technologien<\/h3>\n<p>Die Ausstattung der materiellen Basis war ein wichtiges Ziel der Strategie der Universit\u00e4t. F\u00fcr die praktische Anwendung der im Studium erworbenen theoretischen Kenntnisse stehen Ihnen hochmoderne Simulatoren zur Verf\u00fcgung.<\/p>\n<\/div><\/div>\n<div class=\"ap_column ap-span2\"><div style=\"background-color: #ffffff;padding: 10px;margin: 10px;height: 260px\">\n<h3>Praktikum an Bord<\/h3>\n<p>Mehr als 20 Crewing-Unternehmen haben mit der Universit\u00e4t Partnerschaften begr\u00fcndet und bieten den Studenten die M\u00f6glichkeit, ihr Praktikum in einem multikulturellen Umfeld zu absolvieren. Jedes Jahr fahren mehr als 150 Studenten zur See.<\/p>\n<\/div><\/div><\/div><\/p>\n<div style=\"background-color: #ffffff;padding: 10px;margin: 10px\">\n<h3>Technisches Praktikum<\/h3>\n<p>Gem\u00e4\u00df dem Studienplan k\u00f6nnen Sie im zweiten und dritten Studienjahr zur Vertiefung der theoretischen Kenntnisse und zur Ausbildung von Fertigkeiten bei verschiedenen fachspezifischen Wirtschaftsakteuren im Bereich des Ingeniuerwesens im Gro\u00dfraum der Stadt und im Hafen von Constanta, mit denen die Universit\u00e4t Partnerschaften unterh\u00e4lt, Ihr Praktikum durchf\u00fchren.<\/p>\n<\/div>\n<\/div>\n<div class=\"clearfix ap-row\"><div class=\"ap_column ap-span6\"><a href=\"https:\/\/cmu-edu.eu\/electromecanica\/wp-content\/uploads\/sites\/19\/2021\/01\/banner-TAIE.jpg\"><img loading=\"lazy\" decoding=\"async\" class=\"aligncenter wp-image-756 size-full\" src=\"https:\/\/cmu-edu.eu\/electromecanica\/wp-content\/uploads\/sites\/19\/2021\/01\/banner-TAIE.jpg\" alt=\"\" width=\"1920\" height=\"443\" \/><\/a><\/div><\/div>\n<div style=\"background-color: #ffcb74;padding: 10px\">\n<h2>KARRIEREM\u00d6GLICHKEITEN<\/h2>\n<p>Absolventinnen und Absolventen des Studiengangs ELEKTROTECHNIK haben reale M\u00f6glichkeiten, sich in die berufliche T\u00e4tigkeit zu integrieren und weiterzuentwickeln &#8211; vor allem in der Elektrizit\u00e4tswirtschaft im In- und Ausland sowie in der Schiffbau- und Offshore-Industrie.<\/p>\n<ul>\n<li>Offizier f\u00fcr Schiffselektrik,<\/li>\n<li>Elektroingenieur,<\/li>\n<li>Entwicklungsdiplomingenieur f\u00fcr Elektroinstallation,<\/li>\n<li>Entwicklungsdiplomingenieur f\u00fcr elektrische Maschinen und Anlagen,<\/li>\n<li>Ingenieur f\u00fcr Messung, Erfassung und Datenverarbeitung,<\/li>\n<li>Entwicklungsdiplomingenieur f\u00fcr Kommando- und Kontrollsysteme,<\/li>\n<\/ul>\n<\/div>\n<p><hr class=\"ap-spacing\" style=\"height:10px\"\/><br \/>\n<div class=\"clearfix ap-row\"><div class=\"ap_column ap-span2\"><h2>Aufnahmepr\u00fcfung<\/h2>\n<p>Dies ist das dritte Jahr, in dem wir die Online-Aufnahmepr\u00fcfung mit 128-Bit-SSL-Verschl\u00fcsselung durchf\u00fchren.\n<div class=\"divider\" style=\"margin-top:2px; margin-bottom:2px; border-top:1px solid #CCCCCC;width:100%\"\/><\/div>\nWeitere Informationen hier: <em><strong><a href=\"https:\/\/admitere.cmu-edu.eu\">https:\/\/admitere.cmu-edu.eu<\/a><\/strong><\/em><\/div>\n<div class=\"ap_column ap-span2\"><h2>Informationsvermittlungen<\/h2>\n<p>W\u00e4hrend der Zulassungsphase organisieren wir jeden Montagnachmittag von 17.00 bis 18.00 Uhr Online-Meetings mit unseren Studenten und Absolventen. Wenn Sie die neuesten Nachrichten von ihnen und Informationen \u00fcber die Zulassung erfahren m\u00f6chten, laden wir Sie hier ein:\n<div class=\"divider\" style=\"margin-top:2px; margin-bottom:2px; border-top:1px solid #CCCCCC;width:100%\"\/><\/div>\n<strong><em><a href=\"https:\/\/maritimeconferences.online\/\">https:\/\/maritimeconferences.online\/<\/a><\/em><\/strong><\/div>\n<div class=\"ap_column ap-span2\"><h2>Kontakt<\/h2>\n<ul class=\"lista-doi\">\n<li>Kontakt<\/li>\n<li>E-mail: bcc@cmu-edu.eu<\/li>\n<li>Tel: +40241664740<\/li>\n<li>Mircea cel B\u0103tr\u00e2n, nr 104<\/li>\n<li>Constanta<\/li>\n<\/ul><\/div><\/div><\/p>\n","protected":false},"excerpt":{"rendered":"<p>VORTEILE Technisches Praktikum Gem\u00e4\u00df dem Studienplan k\u00f6nnen Sie im zweiten und dritten Studienjahr zur Vertiefung der theoretischen Kenntnisse und zur Ausbildung von Fertigkeiten bei verschiedenen fachspezifischen Wirtschaftsakteuren im Bereich des Ingeniuerwesens im Gro\u00dfraum der Stadt und im Hafen von Constanta, mit denen die Universit\u00e4t Partnerschaften unterh\u00e4lt, Ihr Praktikum durchf\u00fchren. KARRIEREM\u00d6GLICHKEITEN Absolventinnen und Absolventen des Studiengangs [&hellip;]<\/p>\n","protected":false},"author":4,"featured_media":0,"parent":0,"menu_order":0,"comment_status":"closed","ping_status":"closed","template":"","meta":{"footnotes":""},"class_list":["post-121","page","type-page","status-publish","hentry"],"_links":{"self":[{"href":"https:\/\/cmu-edu.eu\/de\/wp-json\/wp\/v2\/pages\/121","targetHints":{"allow":["GET"]}}],"collection":[{"href":"https:\/\/cmu-edu.eu\/de\/wp-json\/wp\/v2\/pages"}],"about":[{"href":"https:\/\/cmu-edu.eu\/de\/wp-json\/wp\/v2\/types\/page"}],"author":[{"embeddable":true,"href":"https:\/\/cmu-edu.eu\/de\/wp-json\/wp\/v2\/users\/4"}],"replies":[{"embeddable":true,"href":"https:\/\/cmu-edu.eu\/de\/wp-json\/wp\/v2\/comments?post=121"}],"version-history":[{"count":4,"href":"https:\/\/cmu-edu.eu\/de\/wp-json\/wp\/v2\/pages\/121\/revisions"}],"predecessor-version":[{"id":126,"href":"https:\/\/cmu-edu.eu\/de\/wp-json\/wp\/v2\/pages\/121\/revisions\/126"}],"wp:attachment":[{"href":"https:\/\/cmu-edu.eu\/de\/wp-json\/wp\/v2\/media?parent=121"}],"curies":[{"name":"wp","href":"https:\/\/api.w.org\/{rel}","templated":true}]}}