{"id":127,"date":"2021-09-22T08:38:12","date_gmt":"2021-09-22T08:38:12","guid":{"rendered":"https:\/\/cmu-edu.eu\/de\/?page_id=127"},"modified":"2022-10-31T09:25:38","modified_gmt":"2022-10-31T09:25:38","slug":"energiesystemtechnik","status":"publish","type":"page","link":"https:\/\/cmu-edu.eu\/de\/energiesystemtechnik\/","title":{"rendered":"Energieversorgungstechnik"},"content":{"rendered":"<div class=\"clearfix ap-row\"><div class=\"ap_column ap-span4\"><h2>Energieversorgungstechnik<\/h2>\n<p>Der Studiengang &#8220;Energieversorgungstechnik&#8221; ist ein Studienprogramm, das die Universit\u00e4t seit 2020 anbietet.<\/p>\n<p>Der Studiengang &#8220;Energieversorgungstechnik&#8221; richtet sich an Abiturienten, die anschlie\u00dfend im Bereich der Energietechnik als &#8220;Energietechnik-Ingenieur&#8221; arbeiten wollen.<\/p>\n<p>Absolventinnen und Absolventen des Studiengangs &#8220;Energieversorgungstechnik&#8221; haben Zugang zu Masterstudieng\u00e4ngen und erwerben die F\u00e4higkeit, beschreibende und bewertende Konzepte, Theorien und Modelle zur Erkl\u00e4rung und Interpretation ingenieurwissenschaftlicher L\u00f6sungen in der Energietechnik anzuwenden.<\/p>\n<p>Die Absolventen des Studiengangs &#8220;Energieversorgungstechnik&#8221; erwerben Kompetenzen in den Bereichen Planung, Bau, Betrieb, Wartung, Management und Planung von Aktivit\u00e4ten in konventionellen Kraftwerken, W\u00e4rmekraftwerken, Wasserkraftwerken, Kernkraftwerken oder in Kraftwerken, die auf erneuerbaren Energiequellen, Photoelektrizit\u00e4t, Windkraft, Mikro-Wasserkraft oder Meereskraftwerken basieren, sowie in Strom\u00fcbertragungs- und -verteilungssystemen.<\/p>\n<p>Der Bachelor-Studiengang &#8220;Energiesystemtechnik&#8221; hat eine Studiendauer von 4 Jahren, 8 Semestern, 240 Credits.<\/p><\/div>\n<div class=\"ap_column ap-span2\"><h2>WAS SIE STUDIEREN WERDEN<\/h2>\n<p>Unser Ziel ist es, eine solide Karriere in diesem f\u00fchrenden Bereich der rum\u00e4nischen Wirtschaft aufzubauen.<\/p>\n<p>Studienf\u00e4cher: Elektrotechnik, Computerprogrammierung, elektrische Maschinen, elektrische Antriebe, Stromerzeugung, Strom\u00fcbertragung und -verteilung, elektrische Energieumwandlungsverfahren.<\/p><\/div><\/div>\n<div style=\"background-color: #f5f5f5;padding: 10px;text-align: center\">\n<h1 style=\"padding-bottom: 30px\">VORTEILE<\/h1>\n<p><div class=\"clearfix ap-row\"><div class=\"ap_column ap-span2\"><div style=\"background-color: #ffffff;padding: 10px;margin: 10px;height: 260px\">\n<h3>Internationale Anerkennung<\/h3>\n<p>Das Ingenieurdiplom (Diplomzusatz-Muster) ist international anerkannt und bietet Ihnen die M\u00f6glichkeit, weltweit angestellt zu werden.<\/p>\n<\/div><\/div>\n<div class=\"ap_column ap-span2\"><div style=\"background-color: #ffffff;padding: 10px;margin: 10px;height: 260px\">\n<h3>Flexibilit\u00e4t<\/h3>\n<p>Als Student in einem Studiengang der Maritimen Universit\u00e4t k\u00f6nnen Sie parallel eine andere Fachrichtung studieren oder in einen anderen Studiengang wechseln.<\/p>\n<\/div><\/div>\n<div class=\"ap_column ap-span2\"><div style=\"background-color: #ffffff;padding: 10px;margin: 10px;height: 260px\">\n<h3>Studienm\u00f6glichkeiten im Ausland<\/h3>\n<p>Sie k\u00f6nnen sich f\u00fcr ein Semester an einer der Partnerhochschulen als ERASMUS-Stipendiaten entscheiden.<\/p>\n<\/div><\/div><\/div><br \/>\n<div class=\"clearfix ap-row\"><div class=\"ap_column ap-span3\"><div style=\"background-color: #ffffff;padding: 10px;margin: 10px;height: 260px\">\n<h3>Alternativen<\/h3>\n<p>Nach Abschluss der Bachelor-Studieng\u00e4nge k\u00f6nnen Sie zwischen einer Karriere als Ingenieur im Bereich Energietechnik oder nach Abschluss der Master- und Promotionsstudieng\u00e4nge und eines Psycho-p\u00e4dagogischen Moduls in den Lehrk\u00f6rper eintreten.<\/p>\n<\/div><\/div>\n<div class=\"ap_column ap-span3\"><div style=\"background-color: #ffffff;padding: 10px;margin: 10px;height: 260px\">\n<h3>Moderne Technologien<\/h3>\n<p>Die Ausstattung der materiellen Basis war ein wichtiges Ziel der Strategie der Universit\u00e4t. F\u00fcr die praktische Anwendung der im Studium erworbenen theoretischen Kenntnisse stehen Ihnen hochmoderne Simulatoren zur Verf\u00fcgung.<\/p>\n<\/div><\/div><\/div><\/p>\n<div style=\"background-color: #ffffff;padding: 10px;margin: 10px\">\n<h3>Technisches Praktikum<\/h3>\n<p>Gem\u00e4\u00df dem Studienplan k\u00f6nnen Sie im zweiten und dritten Studienjahr zur Vertiefung der theoretischen Kenntnisse und zur Ausbildung von Fertigkeiten bei verschiedenen fachspezifischen Wirtschaftsakteuren im Bereich des Ingeniuerwesens im Gro\u00dfraum der Stadt und im Hafen von Constanta, mit denen die Universit\u00e4t Partnerschaften unterh\u00e4lt, Ihr Praktikum durchf\u00fchren.<\/p>\n<\/div>\n<\/div>\n<div class=\"clearfix ap-row\"><div class=\"ap_column ap-span6\"><a href=\"https:\/\/cmu-edu.eu\/electromecanica\/wp-content\/uploads\/sites\/19\/2021\/01\/banner-TAIE.jpg\"><img loading=\"lazy\" decoding=\"async\" class=\"aligncenter wp-image-756 size-full\" src=\"https:\/\/cmu-edu.eu\/electromecanica\/wp-content\/uploads\/sites\/19\/2021\/01\/banner-TAIE.jpg\" alt=\"\" width=\"1920\" height=\"443\" \/><\/a><\/div><\/div>\n<div style=\"background-color: #ffcb74;padding: 10px\">\n<h2>Aussichten nach dem Studienabschluss<\/h2>\n<p>Absolventinnen und Absolventen des Studiengangs \u201eEnergiesystemtechnik\u201c haben reale M\u00f6glichkeiten, sich in die berufliche T\u00e4tigkeit zu integrieren und weiterzuentwickeln &#8211; vor allem in der Energiewirtschaft im In- und Ausland sowie in der Schiffbau- und Offshore-Industrie.<\/p>\n<\/div>\n<p><hr class=\"ap-spacing\" style=\"height:10px\"\/><br \/>\n<div class=\"clearfix ap-row\"><div class=\"ap_column ap-span2\"><h2>Aufnahmepr\u00fcfung<\/h2>\n<p>Dies ist das dritte Jahr, in dem wir die Online-Aufnahmepr\u00fcfung mit 128-Bit-SSL-Verschl\u00fcsselung durchf\u00fchren.\n<div class=\"divider\" style=\"margin-top:2px; margin-bottom:2px; border-top:1px solid #CCCCCC;width:100%\"\/><\/div>\nWeitere Informationen hier: <em><strong><a href=\"https:\/\/admitere.cmu-edu.eu\">https:\/\/admitere.cmu-edu.eu<\/a><\/strong><\/em><\/div>\n<div class=\"ap_column ap-span2\"><h2>Informationsvermittlungen<\/h2>\n<p>W\u00e4hrend der Zulassungsphase organisieren wir jeden Montagnachmittag von 17.00 bis 18.00 Uhr Online-Meetings mit unseren Studenten und Absolventen. Wenn Sie die neuesten Nachrichten von ihnen und Informationen \u00fcber die Zulassung erfahren m\u00f6chten, laden wir Sie hier ein:\n<div class=\"divider\" style=\"margin-top:2px; margin-bottom:2px; border-top:1px solid #CCCCCC;width:100%\"\/><\/div>\n<strong><em><a href=\"https:\/\/maritimeconferences.online\/\">https:\/\/maritimeconferences.online\/<\/a><\/em><\/strong><\/div>\n<div class=\"ap_column ap-span2\"><h2>Kontakt<\/h2>\n<ul class=\"lista-doi\">\n<li>Kontakt<\/li>\n<li>E-mail: bcc@cmu-edu.eu<\/li>\n<li>Tel: +40241664740<\/li>\n<li>Mircea cel B\u0103tr\u00e2n, nr 104<\/li>\n<li>Constanta<\/li>\n<\/ul><\/div><\/div><\/p>\n","protected":false},"excerpt":{"rendered":"<p>VORTEILE Technisches Praktikum Gem\u00e4\u00df dem Studienplan k\u00f6nnen Sie im zweiten und dritten Studienjahr zur Vertiefung der theoretischen Kenntnisse und zur Ausbildung von Fertigkeiten bei verschiedenen fachspezifischen Wirtschaftsakteuren im Bereich des Ingeniuerwesens im Gro\u00dfraum der Stadt und im Hafen von Constanta, mit denen die Universit\u00e4t Partnerschaften unterh\u00e4lt, Ihr Praktikum durchf\u00fchren. Aussichten nach dem Studienabschluss Absolventinnen und [&hellip;]<\/p>\n","protected":false},"author":4,"featured_media":0,"parent":0,"menu_order":0,"comment_status":"closed","ping_status":"closed","template":"","meta":{"footnotes":""},"class_list":["post-127","page","type-page","status-publish","hentry"],"_links":{"self":[{"href":"https:\/\/cmu-edu.eu\/de\/wp-json\/wp\/v2\/pages\/127","targetHints":{"allow":["GET"]}}],"collection":[{"href":"https:\/\/cmu-edu.eu\/de\/wp-json\/wp\/v2\/pages"}],"about":[{"href":"https:\/\/cmu-edu.eu\/de\/wp-json\/wp\/v2\/types\/page"}],"author":[{"embeddable":true,"href":"https:\/\/cmu-edu.eu\/de\/wp-json\/wp\/v2\/users\/4"}],"replies":[{"embeddable":true,"href":"https:\/\/cmu-edu.eu\/de\/wp-json\/wp\/v2\/comments?post=127"}],"version-history":[{"count":3,"href":"https:\/\/cmu-edu.eu\/de\/wp-json\/wp\/v2\/pages\/127\/revisions"}],"predecessor-version":[{"id":228,"href":"https:\/\/cmu-edu.eu\/de\/wp-json\/wp\/v2\/pages\/127\/revisions\/228"}],"wp:attachment":[{"href":"https:\/\/cmu-edu.eu\/de\/wp-json\/wp\/v2\/media?parent=127"}],"curies":[{"name":"wp","href":"https:\/\/api.w.org\/{rel}","templated":true}]}}