{"id":132,"date":"2021-09-22T08:39:31","date_gmt":"2021-09-22T08:39:31","guid":{"rendered":"https:\/\/cmu-edu.eu\/de\/?page_id=132"},"modified":"2021-09-22T08:51:41","modified_gmt":"2021-09-22T08:51:41","slug":"telekommunikation","status":"publish","type":"page","link":"https:\/\/cmu-edu.eu\/de\/telekommunikation\/","title":{"rendered":"Telekommunikationstechnologien und -systeme"},"content":{"rendered":"<div class=\"clearfix ap-row\"><div class=\"ap_column ap-span3\"><h2>Telekommunikationstechnologien und -systeme<\/h2>\n<p>Der Bachelorstudiengang \u201eTelekommunikationstechnologien und \u2013systeme\u201c bereitet hochqualifizierte Ingenieure auf dem Gebiet der Elektrotechnik und Telekommunikation vor, die \u00fcber vertiefte Kenntnisse in den Bereichen elektronischer Schaltkreisentwurf, spezielle Mikroelektronik, Leistungselektronik, Robotik, Informationstechnologie (IT) und Kommunikationssysteme verf\u00fcgen.<\/p>\n<p>Die Absolventen verf\u00fcgen \u00fcber F\u00e4higkeiten und Fertigkeiten zum Entwerfen, Entwickeln, Implementieren und Warten elektronischer Systeme und Ger\u00e4te, mikroprozessor- und mikrocontrollerbasierter Systeme, eingebetteter Systeme und zur Entwicklung von Softwareanwendungen f\u00fcr verschiedene Bereiche wie Datenkommunikation, Kommunikationssysteme und Multimediatechnologien.<\/p><\/div>\n<div class=\"ap_column ap-span3\"><h2>WAS SIE STUDIEREN WERDEN<\/h2>\n<ul class=\"lista-doi\">\n<li>Grundlagen elektronischer Ger\u00e4te, Schaltungen, Systeme, Instrumentierung und Technologie<\/li>\n<li>Signal- und Systemtheorie, Signalverarbeitungstechniken<\/li>\n<li>Grundlegende Methoden zur Signalerfassung und -verarbeitung<\/li>\n<li>Konzepte und Methoden im Zusammenhang mit der Architektur von Computersystemen, Mikroprozessoren, Mikrocontrollern, Programmiersprachen und -techniken<\/li>\n<li>Entwurf, Implementierung und Betrieb von Daten-, Sprach-, Video- und Multimediadiensten<\/li>\n<li>Betrieb von Festnetz- oder mobilen Telekommunikationsanlagen.<\/li>\n<li>Hochfrequenztechniken, Funkwellen, \u00dcbertragungsumgebung, Mikrowellenschaltungen, Antennen und Ausbreitung, Radarsysteme.<\/li>\n<\/ul><\/div><\/div>\n<div style=\"background-color: #f5f5f5;padding: 10px;text-align: center\">\n<h1 style=\"padding-bottom: 30px\">VORTEILE<\/h1>\n<p><div class=\"clearfix ap-row\"><div class=\"ap_column ap-span2\"><div style=\"background-color: #ffffff;padding: 10px;margin: 10px;height: 260px\">\n<h3>Internationale Anerkennung<\/h3>\n<p>Das Ingenieurdiplom ist international anerkannt und bietet Ihnen die M\u00f6glichkeit, weltweit angestellt zu werden.<\/p>\n<\/div><\/div>\n<div class=\"ap_column ap-span2\"><div style=\"background-color: #ffffff;padding: 10px;margin: 10px;height: 260px\">\n<h3>Studienm\u00f6glichkeiten im Ausland<\/h3>\n<p>Sie k\u00f6nnen sich f\u00fcr ein Semester an einer der Partnerhochschulen als ERASMUS-Stipendiaten entscheiden.\nWir arbeiten europaweit mit dem Polytechnischen Institut von Grenoble, dem Institut f\u00fcr Elektronik und Telekommunikation von Rennes und dem INSA Centre Val de Loire, Frankreich zusammen.<\/p>\n<\/div><\/div>\n<div class=\"ap_column ap-span2\"><div style=\"background-color: #ffffff;padding: 10px;margin: 10px;height: 260px\">\n<h3>Weiterf\u00fchrende Studien<\/h3>\n<p>M\u00f6glichkeit zur Fortsetzung des Studiums, die Absolventen k\u00f6nnen ihre im Masterstudium erworbenen Kenntnisse in der wissenschaftlichen Forschung (in rum\u00e4nischer und englischer Sprache) im Bereich der integrierten Schaltungen und Kommunikationssysteme vertiefen<\/p>\n<\/div><\/div><\/div><br \/>\n<div class=\"clearfix ap-row\"><div class=\"ap_column ap-span3\"><div style=\"background-color: #ffffff;padding: 10px;margin: 10px;height: 260px\">\n<h3>Alternativen<\/h3>\n<p>Alle unsere Absolventen k\u00f6nnen zwischen einer Karriere auf See oder an Land w\u00e4hlen.<\/p>\n<h3>Berufsberatung und -orientierung<\/h3>\n<p>Unsere Studierenden erhalten Berufsberatung und Unterst\u00fctzung bei der Eingliederung in den Arbeitsmarkt.<\/p>\n<\/div><\/div>\n<div class=\"ap_column ap-span3\"><div style=\"background-color: #ffffff;padding: 10px;margin: 10px;height: 260px\">\n<h3>Bef\u00e4higungszeugnis f\u00fcr Schiffsoffiziere<\/h3>\n<p>Die Anwesenheit von Elektronikingenieuren an Bord von Schiffen ist angesichts der immer weiter fortschreitenden technologischen Entwicklung der internationalen Seeschiffflotte unverzichtbar geworden. Bef\u00e4higungszeugnis f\u00fcr Schiffsoffiziere f\u00fcr Absolventen der Fachrichtung Elektronik und Telekommunikation. Wer daran interessiert ist, kann auch eine Reihe von fakultativen Spezialisierungskursen f\u00fcr Elektronikingenieure an Bord von Schiffen absolvieren.<\/p>\n<\/div><\/div><\/div><\/p>\n<\/div>\n<div style=\"background-color: #ffffff;padding: 10px;margin: 10px\"><div class=\"clearfix ap-row\"><div class=\"ap_column ap-span3\"><h3>Die leistungsst\u00e4rksten Labors<\/h3>\n<ul class=\"lista-doi\">\n<li style=\"list-style-type: none\">\n<ul class=\"lista-doi\">\n<li>Laborger\u00e4te f\u00fcr Messungen, Sensoren, Wandler, elektronische Materialien.<\/li>\n<li>Hochmoderne Computertechnologie<\/li>\n<li>Moderne Plattform zur Charakterisierung von Schaltungen und Systemen bei sehr hohen Frequenzen, ausgestattet mit reflexionsarmer Kammer &#8211; die einzige Universit\u00e4t mit einem solchen Labor im gesamten s\u00fcdlichen Teil Rum\u00e4niens (Banat &#8211; Muntenien &#8211; Dobrudscha)<\/li>\n<li>Softwaredefinierte Funkger\u00e4te (SDR)<\/li>\n<li>Professionelle Software f\u00fcr Simulation und Gestaltung von Schaltungen und Systemen f\u00fcr sehr hohe Frequenzen<\/li>\n<\/ul>\n<\/li>\n<\/ul><\/div>\n<div class=\"ap_column ap-span3\"><h3>Praktikum<\/h3>\n<p>Das zweite und dritte Studienjahr bietet Ihnen den idealen Rahmen, um die theoretischen Kenntnisse zu vertiefen und die F\u00e4higkeiten zu trainieren, diese entsprechend der Spezialisierung, f\u00fcr die Sie ausgebildet werden, bei verschiedenen Wirtschaftsakteuren, mit denen die Universit\u00e4t Partnerschaften unterh\u00e4lt, und in den Fachlabors der Universit\u00e4t anzuwenden.<\/p>\n<ul class=\"lista-doi\">\n<li><strong>Praktikumspl\u00e4tze bei Partnerunternehmen:<\/strong><\/li>\n<li>Continental<\/li>\n<li>Microchip Technology<\/li>\n<li>GMB Computers<\/li>\n<li>ELRO<\/li>\n<li>Tensor<\/li>\n<li>Plexus<\/li>\n<li>Junior Group<\/li>\n<li>Radionav<\/li>\n<li>Enercon Services Carpathians<\/li>\n<\/ul>\n<p><hr class=\"ap-spacing\" style=\"height:10px\"\/><\/div><\/div><br \/>\n<div class=\"clearfix ap-row\"><div class=\"ap_column ap-span6\"><a href=\"https:\/\/cmu-edu.eu\/electromecanica\/wp-content\/uploads\/sites\/19\/2021\/02\/ban-tst2.jpg\"><img loading=\"lazy\" decoding=\"async\" class=\"aligncenter wp-image-756 size-full\" src=\"https:\/\/cmu-edu.eu\/electromecanica\/wp-content\/uploads\/sites\/19\/2021\/02\/ban-tst2.jpg\" alt=\"\" width=\"1920\" height=\"400\" \/><\/a><\/div><\/div><\/p>\n<div style=\"background-color: #ffcb74;padding: 10px\">\n<h2>KARRIEREM\u00d6GLICHKEITEN<\/h2>\n<p>Absolventen des Studiengangs \u201eTelekommunikationstechnologien und \u2013systeme\u201c k\u00f6nnen in Positionen oder verschiedenen anderen Berufen in der Elektronik- und Telekommunikationsbranche arbeiten.<\/p>\n<ul>\n<li>Elektronikingenieur in der IT- und Automobilindustrie und f\u00fcr autonome Schiffe<\/li>\n<li>Elektronikingenieur f\u00fcr Verkehr und Telekommunikation<\/li>\n<li>Ingenieur bei Telekommunikationsbetreibern<\/li>\n<li>Entwicklungsingenieur f\u00fcr Elektronik<\/li>\n<li>Rundfunk- und Fernsehingenieur<\/li>\n<li>Entwicklungsngenieur f\u00fcr Kommunikationen<\/li>\n<li>Entwicklungsingenieur f\u00fcr Computersysteme<\/li>\n<li>Ingenieur f\u00fcr Sicherheitssysteme<\/li>\n<li>Bildingenieur<\/li>\n<\/ul>\n<\/div>\n<p><hr class=\"ap-spacing\" style=\"height:10px\"\/><br \/>\n<div class=\"clearfix ap-row\"><div class=\"ap_column ap-span2\"><h2>Aufnahmepr\u00fcfung<\/h2>\n<p>Dies ist das dritte Jahr, in dem wir die Online-Aufnahmepr\u00fcfung mit 128-Bit-SSL-Verschl\u00fcsselung durchf\u00fchren.\n<div class=\"divider\" style=\"margin-top:2px; margin-bottom:2px; border-top:1px solid #CCCCCC;width:100%\"\/><\/div>\nWeitere Informationen hier: <em><strong><a href=\"https:\/\/admitere.cmu-edu.eu\">https:\/\/admitere.cmu-edu.eu<\/a><\/strong><\/em><\/div>\n<div class=\"ap_column ap-span2\"><h2>Informationsvermittlungen<\/h2>\n<p>W\u00e4hrend der Zulassungsphase organisieren wir jeden Montagnachmittag von 17.00 bis 18.00 Uhr Online-Meetings mit unseren Studenten und Absolventen. Wenn Sie die neuesten Nachrichten von ihnen und Informationen \u00fcber die Zulassung erfahren m\u00f6chten, laden wir Sie hier ein:\n<div class=\"divider\" style=\"margin-top:2px; margin-bottom:2px; border-top:1px solid #CCCCCC;width:100%\"\/><\/div>\n<strong><em><a href=\"https:\/\/maritimeconferences.online\/\">https:\/\/maritimeconferences.online\/<\/a><\/em><\/strong><\/div>\n<div class=\"ap_column ap-span2\"><h2>Kontakt<\/h2>\n<ul class=\"lista-doi\">\n<li>Kontakt<\/li>\n<li>E-mail: bcc@cmu-edu.eu<\/li>\n<li>Tel: +40241664740<\/li>\n<li>Mircea cel B\u0103tr\u00e2n, nr 104<\/li>\n<li>Constanta<\/li>\n<\/ul><\/div><\/div><\/p>\n<\/div>\n","protected":false},"excerpt":{"rendered":"<p>VORTEILE KARRIEREM\u00d6GLICHKEITEN Absolventen des Studiengangs \u201eTelekommunikationstechnologien und \u2013systeme\u201c k\u00f6nnen in Positionen oder verschiedenen anderen Berufen in der Elektronik- und Telekommunikationsbranche arbeiten. Elektronikingenieur in der IT- und Automobilindustrie und f\u00fcr autonome Schiffe Elektronikingenieur f\u00fcr Verkehr und Telekommunikation Ingenieur bei Telekommunikationsbetreibern Entwicklungsingenieur f\u00fcr Elektronik Rundfunk- und Fernsehingenieur Entwicklungsngenieur f\u00fcr Kommunikationen Entwicklungsingenieur f\u00fcr Computersysteme Ingenieur f\u00fcr Sicherheitssysteme Bildingenieur<\/p>\n","protected":false},"author":4,"featured_media":0,"parent":0,"menu_order":0,"comment_status":"closed","ping_status":"closed","template":"","meta":{"footnotes":""},"class_list":["post-132","page","type-page","status-publish","hentry"],"_links":{"self":[{"href":"https:\/\/cmu-edu.eu\/de\/wp-json\/wp\/v2\/pages\/132","targetHints":{"allow":["GET"]}}],"collection":[{"href":"https:\/\/cmu-edu.eu\/de\/wp-json\/wp\/v2\/pages"}],"about":[{"href":"https:\/\/cmu-edu.eu\/de\/wp-json\/wp\/v2\/types\/page"}],"author":[{"embeddable":true,"href":"https:\/\/cmu-edu.eu\/de\/wp-json\/wp\/v2\/users\/4"}],"replies":[{"embeddable":true,"href":"https:\/\/cmu-edu.eu\/de\/wp-json\/wp\/v2\/comments?post=132"}],"version-history":[{"count":5,"href":"https:\/\/cmu-edu.eu\/de\/wp-json\/wp\/v2\/pages\/132\/revisions"}],"predecessor-version":[{"id":135,"href":"https:\/\/cmu-edu.eu\/de\/wp-json\/wp\/v2\/pages\/132\/revisions\/135"}],"wp:attachment":[{"href":"https:\/\/cmu-edu.eu\/de\/wp-json\/wp\/v2\/media?parent=132"}],"curies":[{"name":"wp","href":"https:\/\/api.w.org\/{rel}","templated":true}]}}