{"id":139,"date":"2021-09-22T08:53:42","date_gmt":"2021-09-22T08:53:42","guid":{"rendered":"https:\/\/cmu-edu.eu\/de\/?page_id=139"},"modified":"2021-09-22T09:00:17","modified_gmt":"2021-09-22T09:00:17","slug":"fte","status":"publish","type":"page","link":"https:\/\/cmu-edu.eu\/de\/fte\/","title":{"rendered":"FORTGESCHRITTENE TECHNIKEN DER ELEKTROMECHANIK"},"content":{"rendered":"<p><div class=\"clearfix ap-row\"><div class=\"ap_column ap-span3\"><h2>FORTGESCHRITTENE TECHNIKEN DER ELEKTROMECHANIK<\/h2>\n<p>Der Seeverkehr (See- und Flussschifffahrt) spielt eine wichtige Rolle f\u00fcr den rum\u00e4nischen Transportsektor, der im geografischen Gebiet von Dobrudscha \u00fcber Seeh\u00e4fen (Constan\u021ba, Mangalia, Midia, Sulina) und Flussh\u00e4fen (Tulcea, Br\u0103ila, Gala\u021bi) verf\u00fcgt, die in den regionalen und weltweiten Hafenverkehr eingebunden sind. Hinzu kommt eine angemessene logistische Unterst\u00fctzung, bei der die Schifffahrts- und Schiffbauunternehmen, die in den repr\u00e4sentativsten Werften des Landes (Constan\u021ba, Mangalia, Tulcea) vertreten sind, eine wichtige Rolle spielen.<\/p>\n<p>Das Profil des Masterstudiengangs Moderne Konzepte des Schiffsmaschinenbaus Modern Concepts of Naval Mechanical Engineering ist von besonderem Interesse f\u00fcr die Absolventen der drei Universit\u00e4ten in Constanta, insbesondere f\u00fcr die Absolventen der Maritimen Universit\u00e4t, die die M\u00f6glichkeit haben, ihr Studium f\u00fcr die F\u00fchrungsebene zu vervollst\u00e4ndigen.<\/p><\/div>\n<div class=\"ap_column ap-span3\"><h2>WAS SIE STUDIEREN WERDEN:<\/h2>\n<p>Der interdisziplin\u00e4re Lehrplan orientiert sich an den internationalen STCW-Standards (Standards of Training, Certification and Watchkeeping), basiert auf dem Kursmodell IMO 7.02 und 7.04 (International Maritime Organization) und ist von der Rum\u00e4nischen Marinebeh\u00f6rde (ANR) zertifiziert, um zur Ausbildung von Fach- und F\u00fchrungskompetenzen f\u00fcr eine erfolgreiche Karriere beizutragen.<\/p>\n<ul class=\"lista-doi\">\n<li>Studienf\u00e4cher, die sich mit der Navigationsumgebung und dem Verhalten des Schiffsk\u00f6rpers als Tr\u00e4ger der Anlagen, Systeme und Ausr\u00fcstungen an Bord befassen.<\/li>\n<li>Studienf\u00e4cher, die sich haupts\u00e4chlich mit Maschinen, Anlagen, Systemen und Ausr\u00fcstungen an Bord von Schiffen befassen, mit Weiterbildung in praktischen Fertigkeiten in dem Fachgebiet, das sowohl auf den Schiffbau als auch auf den Schiffsbetrieb ausgerichtet ist.<\/li>\n<li>Studienf\u00e4cher, die sich haupts\u00e4chlich mit Maschinen, Anlagen, Systemen und Ausr\u00fcstungen an Bord von Schiffen, Einf\u00fchrung in Schiffsmanagement und Marketing, Abschluss der Ausbildung in Konstruktion und praktischen Fertigkeiten, Vorbereitung auf und Ablegen der Diplompr\u00fcfung befassen.<\/li>\n<\/ul>\n<p>Die Absolventen der Spezialisierung Moderne Konzepte des Schiffsmaschinenbaus haben reale Chancen, sich in die berufliche T\u00e4tigkeit zu integrieren und weiterzuentwickeln, indem sie auch die Ausbildung f\u00fcr die F\u00fchrungsebene im In- und Ausland erhalten. Es sei darauf hingewiesen, dass die national und international anerkannte ingenieurtechnische und erg\u00e4nzende Ausbildung die M\u00f6glichkeit bietet, die Absolventen der Spezialisierung gegebenenfalls in verwandten Bereichen der nationalen Wirtschaft einzusetzen, einschlie\u00dflich als Besatzung auf Spezialschiffen.<\/p><\/div><\/div><br \/>\n<a href=\"https:\/\/cmu-edu.eu\/navigatie\/wp-content\/uploads\/sites\/18\/2020\/06\/vaport-head.jpg\"><img loading=\"lazy\" decoding=\"async\" class=\"aligncenter size-full wp-image-463\" src=\"https:\/\/cmu-edu.eu\/navigatie\/wp-content\/uploads\/sites\/18\/2020\/06\/vaport-head.jpg\" alt=\"\" width=\"1920\" height=\"500\" \/><\/a><\/p>\n<div style=\"background-color: #f5f5f5;padding: 10px;text-align: center\">\n<h1 style=\"padding-bottom: 30px\">VORTEILE<\/h1>\n<p><div class=\"clearfix ap-row\"><div class=\"ap_column ap-span2\"><div style=\"background-color: #ffffff;padding: 10px;margin: 10px;height: 260px\">\n<h3>Internationale Anerkennung<\/h3>\n<p>Der Masterabschluss und das Bef\u00e4higungszeugnis f\u00fcr Schiffsingenieur auf F\u00fchrungsebene sind international anerkannt und bieten Ihnen die M\u00f6glichkeit, weltweit angestellt zu werden.<\/p>\n<\/div><\/div>\n<div class=\"ap_column ap-span2\"><div style=\"background-color: #ffffff;padding: 10px;margin: 10px;height: 260px\">\n<h3>Flexibilit\u00e4t<\/h3>\n<p>Wenn Sie w\u00e4hrend Ihres Studiums Ihr Praktikum an Bord eines Schiffes durchf\u00fchren, bieten wir Ihnen die M\u00f6glichkeit, online auf dem virtuellen Campus zu studieren. Sie werden Zugang zu offenen Pr\u00fcfungssitzungen erhalten und k\u00f6nnen Ihre Pr\u00fcfungen nach Ihrer R\u00fcckkehr verschieben und ablegen.<\/p>\n<\/div><\/div>\n<div class=\"ap_column ap-span2\"><div style=\"background-color: #ffffff;padding: 10px;margin: 10px;height: 260px\">\n<h3>Studienm\u00f6glichkeiten im Ausland<\/h3>\n<p>Viele unserer Studierenden entscheiden sich f\u00fcr ein Semester an einer der Partnerhochschulen als ERASMUS-Stipendiaten<\/p>\n<\/div><\/div><\/div><br \/>\n<div class=\"clearfix ap-row\"><div class=\"ap_column ap-span2\"><div style=\"background-color: #ffffff;padding: 10px;margin: 10px;height: 260px\">\n<h3>Alternativen<\/h3>\n<p>Alle unsere Absolventen k\u00f6nnen zwischen einer Karriere auf See oder an Land w\u00e4hlen.<\/p>\n<\/div><\/div>\n<div class=\"ap_column ap-span2\"><div style=\"background-color: #ffffff;padding: 10px;margin: 10px;height: 260px\">\n<h3>Moderne Technologien<\/h3>\n<p>Die IKT gewinnen immer mehr an Bedeutung, und der maritime Sektor h\u00e4lt mit diesem Trend Schritt. Sie werden an den neuesten Maschinensimulatoren arbeiten.<\/p>\n<\/div><\/div>\n<div class=\"ap_column ap-span2\"><div style=\"background-color: #ffffff;padding: 10px;margin: 10px;height: 260px\">\n<h3>Der Fachingenieur im \u00dcberblick<\/h3>\n<p>F\u00fcr den Schiffbau bestimmt und mit der M\u00f6glichkeit, nach der Ausbildung und dem Bestehen der gesetzlich vorgeschriebenen Patentpr\u00fcfungen in die Schifffahrtsindustrie einzusteigen.<\/p>\n<\/div><\/div><\/div><\/p>\n<h3 style=\"text-align: left\">Praktikum an Bord<\/h3>\n<p style=\"text-align: left\">Mehr als 20 Crewing-Unternehmen haben mit der Universit\u00e4t Partnerschaften begr\u00fcndet und bieten den Studenten die M\u00f6glichkeit, ihr Praktikum in einem multikulturellen Umfeld zu absolvieren. Jedes Jahr fahren mehr als 150 Studenten zur See.<\/p>\n<h3 style=\"text-align: left\">Technisches Praktikum<\/h3>\n<ul class=\"lista-doi\">\n<li style=\"text-align: left\"><strong>ERSTES STUDIENJAHR: <\/strong><em>Professionalisierung im Bereich der Elektrotechnik durch den Erwerb von Fach- und F\u00fchrungskompetenzen vor allem im Bereich der elektromechanischen Schiffstechnik.<\/em><\/li>\n<li style=\"text-align: left\"><strong>ZWEITES STUDIENJAHR: <\/strong> <em>Formung des Fachingenieurs durch Abschluss der Fach- und F\u00fchrungsausbildung. Erwerb von Forschungs-, Entwicklungs- und Innovationskompetenzen im Bereich der Meerestechnik und -navigation. Ausarbeitung der Masterarbeit. Vorbereitung und Ablegen der Masterpr\u00fcfung<\/em>.<\/li>\n<\/ul>\n<\/div>\n<div style=\"background-color: #ffcb74;padding: 10px\">\n<h2>KARRIEREM\u00d6GLICHKEITEN<\/h2>\n<p>Absolventinnen und Absolventen des Studiengangs \u201eFortgeschrittene Techniken der Elektromechanik\u201c k\u00f6nnen Arbeitsstellen als F\u00fchrungsoffiziere \u2013 Erster Technischer Offizier, Leitender Ingenieur &#8211; oder verschiedene andere Positionen in der maritimen Industrie einnehmen:<\/p>\n<ul>\n<li>Schiffsingenieur-Offizier auf F\u00fchrungsebene<\/li>\n<li>Spezialist f\u00fcr elektromechanisch-automatische Wartung von Industrieanlagen<\/li>\n<li>Elektromechanischer Diplomingenieur SCB<\/li>\n<li>Entwicklungsdiplomingenieur\/ Elektromechanischer Ingenieur<\/li>\n<li>Emissionsingenieur<\/li>\n<li>Bauinstallateur<\/li>\n<li>Sachverst\u00e4ndige(r) f\u00fcr das Management und die Organisation von Instandhaltungst\u00e4tigkeiten<\/li>\n<\/ul>\n<\/div>\n<div style=\"background-color: #f5f5f5;padding: 10px\">\n<p>Die Absolventen der Spezialisierung \u201eFortgeschrittene Techniken der Elektromechanik\u201c haben reale Chancen, sich in die berufliche T\u00e4tigkeit zu integrieren und weiterzuentwickeln, indem sie auch die Ausbildung f\u00fcr die F\u00fchrungsebene im In- und Ausland erhalten. Es sei darauf hingewiesen, dass die national und international anerkannte ingenieurtechnische und erg\u00e4nzende Ausbildung die M\u00f6glichkeit bietet, die Absolventen der Spezialisierung gegebenenfalls in verwandten Bereichen der nationalen Wirtschaft einzusetzen, einschlie\u00dflich als Besatzung auf Spezialschiffen.<\/p>\n<p>Der Masterstudiengang \u201eFortgeschrittene Techniken der Elektromechanik\u201c, der in die Struktur der Fakult\u00e4t f\u00fcr Schiffselektromechanik integriert ist, bietet die Aus- und Wieterbildung von Fachleuten mit h\u00f6herer technischer Ausbildung f\u00fcr den gesamten Bedarf (Forschung, Entwurf, Konstruktion, Betrieb und Instandhaltung) des Schiffsingenieurswesens bzw. f\u00fcr einige Teilbed\u00fcrfnisse verwandter Bereiche (Industrieingenieurwesen, Maschinenbau, Ingenieurwesen und Management) auf lokaler und nationaler Ebene durch eine Hochschulausbildung, die auf den Leistungskriterien des europ\u00e4ischen Systems beruht.<\/p>\n<\/div>\n<p><hr class=\"ap-spacing\" style=\"height:10px\"\/><br \/>\n<div class=\"clearfix ap-row\"><div class=\"ap_column ap-span2\"><h2>Aufnahmepr\u00fcfung<\/h2>\n<p>Dies ist das dritte Jahr, in dem wir die Online-Aufnahmepr\u00fcfung mit 128-Bit-SSL-Verschl\u00fcsselung durchf\u00fchren.\n<div class=\"divider\" style=\"margin-top:2px; margin-bottom:2px; border-top:1px solid #CCCCCC;width:100%\"\/><\/div>\nWeitere Informationen hier: <em><strong><a href=\"https:\/\/admitere.cmu-edu.eu\">https:\/\/admitere.cmu-edu.eu<\/a><\/strong><\/em><\/div>\n<div class=\"ap_column ap-span2\"><h2>Informationsvermittlungen<\/h2>\n<p>W\u00e4hrend der Zulassungsphase organisieren wir jeden Montagnachmittag von 17.00 bis 18.00 Uhr Online-Meetings mit unseren Studenten und Absolventen. Wenn Sie die neuesten Nachrichten von ihnen und Informationen \u00fcber die Zulassung erfahren m\u00f6chten, laden wir Sie hier ein:\n<div class=\"divider\" style=\"margin-top:2px; margin-bottom:2px; border-top:1px solid #CCCCCC;width:100%\"\/><\/div>\n<strong><em><a href=\"https:\/\/maritimeconferences.online\/\">https:\/\/maritimeconferences.online\/<\/a><\/em><\/strong><\/div>\n<div class=\"ap_column ap-span2\"><h2>Kontakt<\/h2>\n<ul class=\"lista-doi\">\n<li>Kontakt<\/li>\n<li>E-mail: bcc@cmu-edu.eu<\/li>\n<li>Tel: +40241664740<\/li>\n<li>Mircea cel B\u0103tr\u00e2n, nr 104<\/li>\n<li>Constanta<\/li>\n<\/ul><\/div><\/div><\/p>\n","protected":false},"excerpt":{"rendered":"<p>VORTEILE Praktikum an Bord Mehr als 20 Crewing-Unternehmen haben mit der Universit\u00e4t Partnerschaften begr\u00fcndet und bieten den Studenten die M\u00f6glichkeit, ihr Praktikum in einem multikulturellen Umfeld zu absolvieren. Jedes Jahr fahren mehr als 150 Studenten zur See. Technisches Praktikum ERSTES STUDIENJAHR: Professionalisierung im Bereich der Elektrotechnik durch den Erwerb von Fach- und F\u00fchrungskompetenzen vor allem [&hellip;]<\/p>\n","protected":false},"author":4,"featured_media":0,"parent":0,"menu_order":0,"comment_status":"closed","ping_status":"closed","template":"","meta":{"footnotes":""},"class_list":["post-139","page","type-page","status-publish","hentry"],"_links":{"self":[{"href":"https:\/\/cmu-edu.eu\/de\/wp-json\/wp\/v2\/pages\/139","targetHints":{"allow":["GET"]}}],"collection":[{"href":"https:\/\/cmu-edu.eu\/de\/wp-json\/wp\/v2\/pages"}],"about":[{"href":"https:\/\/cmu-edu.eu\/de\/wp-json\/wp\/v2\/types\/page"}],"author":[{"embeddable":true,"href":"https:\/\/cmu-edu.eu\/de\/wp-json\/wp\/v2\/users\/4"}],"replies":[{"embeddable":true,"href":"https:\/\/cmu-edu.eu\/de\/wp-json\/wp\/v2\/comments?post=139"}],"version-history":[{"count":3,"href":"https:\/\/cmu-edu.eu\/de\/wp-json\/wp\/v2\/pages\/139\/revisions"}],"predecessor-version":[{"id":143,"href":"https:\/\/cmu-edu.eu\/de\/wp-json\/wp\/v2\/pages\/139\/revisions\/143"}],"wp:attachment":[{"href":"https:\/\/cmu-edu.eu\/de\/wp-json\/wp\/v2\/media?parent=139"}],"curies":[{"name":"wp","href":"https:\/\/api.w.org\/{rel}","templated":true}]}}