{"id":149,"date":"2021-09-22T09:10:19","date_gmt":"2021-09-22T09:10:19","guid":{"rendered":"https:\/\/cmu-edu.eu\/de\/?page_id=149"},"modified":"2021-09-22T09:29:58","modified_gmt":"2021-09-22T09:29:58","slug":"iui","status":"publish","type":"page","link":"https:\/\/cmu-edu.eu\/de\/iui\/","title":{"rendered":"INGENIEURWESEN UND UMWELTSCHUTZ IN DER INDUSTRIE"},"content":{"rendered":"<p><div class=\"clearfix ap-row\"><div class=\"ap_column ap-span3\"><h2>INGENIEURWESEN UND UMWELTSCHUTZ IN DER INDUSTRIE<\/h2>\n<p>Die Wahl von Ingenieurwesen und Umweltschutz in der Industrie bedeutet die Wahl einer Spezialisierung auf angewandte Technologien, die durch die Integration von technisch-wissenschaftlichen Kenntnissen Probleme der Energie- und Umwelterhaltung, der aktiven Produktion und der Abfallkontrolle angeht und l\u00f6st.<\/p>\n<p>Dazu geh\u00f6rt die Vertiefung der Kenntnisse im Bereich Umwelttechnik, d.h. Abwasserwirtschaft, Luftreinhaltung, Abfallkontrolle, Recycling und Entsorgung, Strahlenschutz, Arbeitshygiene, Studien \u00fcber die Umweltauswirkungen geplanter Bauprojekte, Risikomanagement mit Umweltbezug. Absolventen dieser Fachrichtung k\u00f6nnen auch als \u201eUmweltbeauftragter&#8221; an Bord von Kreuzfahrtschiffen eingesetzt werden, wenn sie zuvor einen Abschluss an einer nicht umweltbezogenen Fakult\u00e4t erworben haben.<\/p>\n<p>Das Hauptziel der Spezialisierung in Ingenieurwesen und Umweltschutz in der Industrie ist es, ein qualitativ hochwertiges Studienprogramm anzubieten, das in der Lage ist, Fachingenieure im Umweltschutz mit einem Qualifikationsniveau vorzubereiten, das f\u00fcr die Aus\u00fcbung des Berufs und ihre Eingliederung in den Arbeitsmarkt geeignet ist, gem\u00e4\u00df der Spezialisierung in Ingenieurwesen und Umweltschutz in der Industrie und dem Lehrplan.<\/p><\/div>\n<div class=\"ap_column ap-span3\"><h2>WAS SIE STUDIEREN WERDEN<\/h2>\n<p>Der interdisziplin\u00e4re Lehrplan orientiert sich an internationalen Standards der Umweltverschmutzungspr\u00e4vention und der nachhaltigen Entwicklung und tr\u00e4gt zur Ausbildung von Fach- und F\u00fchrungskompetenzen f\u00fcr eine erfolgreiche Karriere bei.<\/p>\n<ul class=\"lista-doi\">\n<li>Kreative Anwendung von ingenieurs- und umweltschutzspezifischem Fachwissen und Methoden in der Industrie<\/li>\n<li>Management der nachhaltigen Entwicklung<\/li>\n<li>Vertiefung und Weiterentwicklung von Berechnungstechniken und -methoden nach den allgemeinen Grunds\u00e4tzen der technischen Berechnung.<\/li>\n<li>Management der Entwicklung und des Betriebs von Schadstoff\u00fcberwachungssystemen.<\/li>\n<li>Umweltrisikomanagement, Folgenabsch\u00e4tzung und Entwicklung technologischer Optionen mit geringeren Umweltauswirkungen.<\/li>\n<li>Vertiefung der spezifischen Umweltmanagement- und Marketingaktivit\u00e4ten im Bereich Umwelttechnik und -schutz<\/li>\n<\/ul>\n<p>Die Absolventen der Fachrichtung Ingenieurwesen und Umweltschutz in der Industrie haben echte Chancen, sich in die berufliche T\u00e4tigkeit zu integrieren und weiterzuentwickeln, wobei sie auch die Ausbildung f\u00fcr die F\u00fchrungsebene im In- und Ausland erhalten. Es sei darauf hingewiesen, dass die ingenieurtechnische und erg\u00e4nzende Ausbildung, die national und international anerkannt ist, die M\u00f6glichkeit bietet, die Absolventen dieser Fachrichtung gegebenenfalls in verwandten Bereichen der Volkswirtschaft einzusetzen, auch als Fachkr\u00e4fte an Bord von Spezialschiffen (Umweltbeauftragte).<\/p><\/div><\/div><br \/>\n<a href=\"https:\/\/cmu-edu.eu\/electromecanica\/wp-content\/uploads\/sites\/19\/2021\/01\/banner-IPMI-2.jpg\"><img loading=\"lazy\" decoding=\"async\" class=\"aligncenter size-full wp-image-463\" src=\"https:\/\/cmu-edu.eu\/electromecanica\/wp-content\/uploads\/sites\/19\/2021\/01\/banner-IPMI-2.jpg\" alt=\"\" width=\"1920\" height=\"542\" \/><\/a><\/p>\n<div style=\"background-color: #f5f5f5;padding: 10px;text-align: center\">\n<h1 style=\"padding-bottom: 30px\">VORTEILE<\/h1>\n<p><div class=\"clearfix ap-row\"><div class=\"ap_column ap-span2\"><div style=\"background-color: #ffffff;padding: 10px;margin: 10px;height: 260px\">\n<h3>Internationale Anerkennung<\/h3>\n<p>Das Ingenieurdiplom und das Bef\u00e4higungszeugnis f\u00fcr Schiffsoffizier auf F\u00fchrungsebene sind international anerkannt und bieten Ihnen die M\u00f6glichkeit, weltweit angestellt zu werden.<\/p>\n<\/div><\/div>\n<div class=\"ap_column ap-span2\"><div style=\"background-color: #ffffff;padding: 10px;margin: 10px;height: 260px\">\n<h3>Flexibilit\u00e4t<\/h3>\n<p>Wenn Sie w\u00e4hrend Ihres Studiums ein Praktikum in einem Wirtschaftszweig im In- oder Ausland durchf\u00fchren, bieten wir Ihnen die M\u00f6glichkeit, online auf dem virtuellen Campus zu studieren. Sie k\u00f6nnen Ihre Pr\u00fcfungen online ablegen, egal, wo Sie sich gerade befinden, und Sie k\u00f6nnen Ihre Pr\u00fcfungen planen und ablegen.<\/p>\n<\/div><\/div>\n<div class=\"ap_column ap-span2\"><div style=\"background-color: #ffffff;padding: 10px;margin: 10px;height: 260px\">\n<h3>Studienm\u00f6glichkeiten im Ausland<\/h3>\n<p>Viele unserer Studierenden entscheiden sich f\u00fcr ein Semester an einer der Partnerhochschulen als ERASMUS-Stipendiaten.<\/p>\n<\/div><\/div><\/div><br \/>\n<div class=\"clearfix ap-row\"><div class=\"ap_column ap-span3\"><div style=\"background-color: #ffffff;padding: 10px;margin: 10px;height: 260px\">\n<h3>Alternativen<\/h3>\n<p>Alle unsere Absolventen k\u00f6nnen zwischen einer Karriere auf See oder an Land w\u00e4hlen.\nAlle unsere Absolventen k\u00f6nnen sich f\u00fcr eine Karriere entscheiden: auf See als Umweltbeauftragter oder an Land als: Umweltanalytiker, Umweltsachverst\u00e4ndiger, Forschungsingenieur f\u00fcr Umwelt- und Gesundheitstechnik, Umweltschutzinspektor, Umweltmonitor, Sachverst\u00e4ndiger f\u00fcr technologische Risikovermeidung und -minderung, Abfallwirtschaftsspezialist, Umweltgutachter, Forschungsingenieur f\u00fcr Umwelttechnik, Forschungsassistent f\u00fcr Umwelttechnik.<\/p>\n<\/div><\/div><\/p>\n<div class=\"ap_column ap-span3\"><div style=\"background-color: #ffffff;padding: 10px;margin: 10px;height: 260px\">\n<h3>Der Fachingenieur im \u00dcberblick<\/h3>\n<p>Vorgesehen f\u00fcr Ingenieurwesen und Umweltschutz in der Industrie und mit der M\u00f6glichkeit, nach Vorbereitung und Bestehen der gesetzlich vorgeschriebenen Pr\u00fcfungen in allen Zweigen der nationalen und internationalen Wirtschaft t\u00e4tig zu werden.<\/p>\n<\/div><\/div><\/div><\/p>\n<h3 style=\"text-align: left\">Fachpraktikum<\/h3>\n<p style=\"text-align: left\">Es wurden Partnerschaften zwischen Unternehmen und der Universit\u00e4t geschlossen, die den Studierenden die M\u00f6glichkeit geben, ihr Praktikum in einem abwechslungsreichen Umfeld zu absolvieren. Viele Studierenden entscheiden sich auch f\u00fcr ein Praktikum an Bord eines Schiffes.<\/p>\n<h3 style=\"text-align: left\">Technisches Praktikum<\/h3>\n<ul class=\"lista-doi\">\n<li style=\"text-align: left\"><strong>ERSTES JAHR:<\/strong> <em>Professionalisierung im Bereich des Umweltingenieurwesens in der Industrie durch den Erwerb von Fach- und F\u00fchrungskompetenzen haupts\u00e4chlich im Bereich des Umweltingenieurwesens.<\/em><\/li>\n<li style=\"text-align: left\"><strong>JAHR ZWEI:<\/strong> <em>Entwicklung des Fachingenieurs durch Abschluss einer Fach- und F\u00fchrungsausbildung. Erwerb von Kompetenzen im Bereich Forschung-Entwicklung-Innovation in der Umwelttechnik. Ausarbeitung der Masterarbeit. Vorbereitung und Ablegen der Masterpr\u00fcfung.<\/em><\/li>\n<\/ul>\n<\/div>\n<div style=\"background-color: #ffcb74;padding: 10px\">\n<h2>KARRIEREM\u00d6GLICHKEITENO<\/h2>\n<p>Absolventen des Studiengangs Umweltschutzingenieurwesen und Umweltschutz in der Industrie k\u00f6nnen als Umweltbeauftragte oder in verschiedenen anderen Positionen in der Umwelt- und Schifffahrtsindustrie t\u00e4tig werden, unter anderem:<\/p>\n<ul>\n<li>Umweltanalytiker,<\/li>\n<li>Umweltsachverst\u00e4ndiger,<\/li>\n<li>Forschungsingenieur f\u00fcr Umwelt- und Gesundheitstechnik<\/li>\n<li>Umweltschutzinspektor<\/li>\n<li>Umweltmonitor,<\/li>\n<li>Sachverst\u00e4ndiger f\u00fcr technologische Risikovermeidung und -minderung,<\/li>\n<li>Abfallwirtschaftsspezialist<\/li>\n<li>Umweltgutachter,<\/li>\n<li>Forschungsingenieur f\u00fcr Umwelttechnik,<\/li>\n<li>Umwelttechnischer Forschungsassistent.<\/li>\n<\/ul>\n<\/div>\n<div style=\"background-color: #f5f5f5;padding: 10px\">\n<p>Die ingenieurtechnische und erg\u00e4nzende Ausbildung, die national und international anerkannt ist, bietet die M\u00f6glichkeit, die Absolventen der Fachrichtung bei Bedarf in verwandten Bereichen der Volkswirtschaft einzusetzen, auch als Besatzung auf Spezialschiffen.<\/p>\n<p>Der Masterstudiengang Ingenieurwesen und Umweltschutz in der Industrie, der in die Struktur der Fakult\u00e4t f\u00fcr Schiffselektromechanik integriert ist, erm\u00f6glicht die Aus- und Weiterbildung von Fachleuten mit h\u00f6herer technischer Ausbildung f\u00fcr den gesamten Bedarf (Forschung, Entwurf, Konstruktion, Betrieb und Wartung) der Umwelttechnik und der Meerestechnik bzw. f\u00fcr einige Teilbed\u00fcrfnisse verwandter Bereiche ( Industrieingenieurwesen, Maschinenbau, Ingenieurwesen und Management), sowohl auf lokaler als auch auf nationaler Ebene, durch eine Hochschulausbildung, die auf den Leistungskriterien des europ\u00e4ischen Systems basiert.<\/p>\n<\/div>\n<p><hr class=\"ap-spacing\" style=\"height:10px\"\/><br \/>\n<div class=\"clearfix ap-row\"><div class=\"ap_column ap-span2\"><h2>Aufnahmepr\u00fcfung<\/h2>\n<p>Dies ist das dritte Jahr, in dem wir die Online-Aufnahmepr\u00fcfung mit 128-Bit-SSL-Verschl\u00fcsselung durchf\u00fchren.\n<div class=\"divider\" style=\"margin-top:2px; margin-bottom:2px; border-top:1px solid #CCCCCC;width:100%\"\/><\/div>\nWeitere Informationen hier: <em><strong><a href=\"https:\/\/admitere.cmu-edu.eu\">https:\/\/admitere.cmu-edu.eu<\/a><\/strong><\/em><\/div>\n<div class=\"ap_column ap-span2\"><h2>Informationsvermittlungen<\/h2>\n<p>W\u00e4hrend der Zulassungsphase organisieren wir jeden Montagnachmittag von 17.00 bis 18.00 Uhr Online-Meetings mit unseren Studenten und Absolventen. Wenn Sie die neuesten Nachrichten von ihnen und Informationen \u00fcber die Zulassung erfahren m\u00f6chten, laden wir Sie hier ein:\n<div class=\"divider\" style=\"margin-top:2px; margin-bottom:2px; border-top:1px solid #CCCCCC;width:100%\"\/><\/div>\n<strong><em><a href=\"https:\/\/maritimeconferences.online\/\">https:\/\/maritimeconferences.online\/<\/a><\/em><\/strong><\/div>\n<div class=\"ap_column ap-span2\"><h2>Kontakt<\/h2>\n<ul class=\"lista-doi\">\n<li>Kontakt<\/li>\n<li>E-mail: bcc@cmu-edu.eu<\/li>\n<li>Tel: +40241664740<\/li>\n<li>Mircea cel B\u0103tr\u00e2n, nr 104<\/li>\n<li>Constanta<\/li>\n<\/ul><\/div><\/div><\/p>\n","protected":false},"excerpt":{"rendered":"<p>VORTEILE Fachpraktikum Es wurden Partnerschaften zwischen Unternehmen und der Universit\u00e4t geschlossen, die den Studierenden die M\u00f6glichkeit geben, ihr Praktikum in einem abwechslungsreichen Umfeld zu absolvieren. Viele Studierenden entscheiden sich auch f\u00fcr ein Praktikum an Bord eines Schiffes. Technisches Praktikum ERSTES JAHR: Professionalisierung im Bereich des Umweltingenieurwesens in der Industrie durch den Erwerb von Fach- und [&hellip;]<\/p>\n","protected":false},"author":4,"featured_media":0,"parent":0,"menu_order":0,"comment_status":"closed","ping_status":"closed","template":"","meta":{"footnotes":""},"class_list":["post-149","page","type-page","status-publish","hentry"],"_links":{"self":[{"href":"https:\/\/cmu-edu.eu\/de\/wp-json\/wp\/v2\/pages\/149","targetHints":{"allow":["GET"]}}],"collection":[{"href":"https:\/\/cmu-edu.eu\/de\/wp-json\/wp\/v2\/pages"}],"about":[{"href":"https:\/\/cmu-edu.eu\/de\/wp-json\/wp\/v2\/types\/page"}],"author":[{"embeddable":true,"href":"https:\/\/cmu-edu.eu\/de\/wp-json\/wp\/v2\/users\/4"}],"replies":[{"embeddable":true,"href":"https:\/\/cmu-edu.eu\/de\/wp-json\/wp\/v2\/comments?post=149"}],"version-history":[{"count":4,"href":"https:\/\/cmu-edu.eu\/de\/wp-json\/wp\/v2\/pages\/149\/revisions"}],"predecessor-version":[{"id":154,"href":"https:\/\/cmu-edu.eu\/de\/wp-json\/wp\/v2\/pages\/149\/revisions\/154"}],"wp:attachment":[{"href":"https:\/\/cmu-edu.eu\/de\/wp-json\/wp\/v2\/media?parent=149"}],"curies":[{"name":"wp","href":"https:\/\/api.w.org\/{rel}","templated":true}]}}