{"id":155,"date":"2021-09-22T09:30:53","date_gmt":"2021-09-22T09:30:53","guid":{"rendered":"https:\/\/cmu-edu.eu\/de\/?page_id=155"},"modified":"2021-09-22T09:37:09","modified_gmt":"2021-09-22T09:37:09","slug":"155-2","status":"publish","type":"page","link":"https:\/\/cmu-edu.eu\/de\/155-2\/","title":{"rendered":"Integrierte Schaltungen und Kommunikationssysteme"},"content":{"rendered":"<div class=\"clearfix ap-row\"><div class=\"ap_column ap-span4\"><h2>Integrierte Schaltungen und Kommunikationssysteme<\/h2>\n<p>Die Maritime Universit\u00e4t von Constan\u0163a organisiert Masterstudien im Bereich Elektrotechnik, Telekommunikation und Informationstechnologien, basierend auf der Akkreditierung von ARACIS (der Rum\u00e4nischen Agentur f\u00fcr Qualit\u00e4tssicherung im Hochschulbereich), in der Studienrichtung \u201eIntegrierte Schaltungen und Kommunikationssysteme\u201d.<\/p>\n<p>Der Studiengang ist vom Typ \u201eForschung\u201d, wobei etwa 50% der ECTS-Leistungspunkte bezogen auf jedes der 2 Studienjahre aus anwendungsorientierter T\u00e4tigkeit im Rahmen eines Projekts erworben werden, in dem die Studierenden unter der Koordination einer Lehrkraft individuell arbeiten. Diese Arbeit wird schlie\u00dflich zur Masterarbeit.<\/p>\n<p>Erfahrungen mit dem Masterstudiengang \u201eIntegrierte Schaltungen und Kommunikationssysteme\u201d im Rum\u00e4nischen haben gezeigt, dass sich Absolventen aller Fachrichtungen (Wirtschaftswissenschaften, Elektrotechnik, Maschinenbau, Luft- und Raumfahrt etc.) mit guten Ergebnissen integrieren k\u00f6nnen. Zu diesem Zweck beinhalten die Kurse einen ersten Teil der Einarbeitung in das Gebiet, f\u00fcr Studierende, die andere Studienrichtungen als Elektronik und Telekommunikation absolviert haben.<\/p>\n<p>Es stellte sich heraus, dass die Absolventen dieses Studiengangs schnell in den Arbeitsmarkt in Rum\u00e4nien und im Ausland einsteigen k\u00f6nnen. Unsere Spezialisierung bietet Mobilit\u00e4t und echte Besch\u00e4ftigungsm\u00f6glichkeiten in gro\u00dfen IT-Unternehmen.<\/p><\/div>\n<div class=\"ap_column ap-span2\"><h2>Was Sie studieren werden<\/h2>\n<p>Zu den Studienf\u00e4chern, die in diesem Masterstudiengang studiert werden, z\u00e4hlen wir:<\/p>\n<ul class=\"lista-doi\">\n<li>Unterwasserortungs- und Kommunikationssysteme,<\/li>\n<li>Radarsysteme mit synthetischer Apertur,<\/li>\n<li>Elektronische Navigationssysteme,<\/li>\n<li>Fortschrittliche digitale Signalverarbeitungstechniken,<\/li>\n<li>Inteligen\u0163\u0103 artificial\u0103 \u00een comunica\u0163ii,<\/li>\n<li>Ausbreitung, Antennen und Diversit\u00e4t,<\/li>\n<li>Techniken zur Messung von Strahlungssystemen etc.<\/li>\n<\/ul><\/div><\/div>\n<div style=\"background-color: #f5f5f5;padding: 10px;text-align: center\">\n<h1 style=\"padding-bottom: 30px\">VORTEILE<\/h1>\n<p><div class=\"clearfix ap-row\"><div class=\"ap_column ap-span3\"><div style=\"background-color: #ffffff;padding: 10px;margin: 10px;height: 260px\">\n<h3>Internationale Anerkennung<\/h3>\n<p>Der Masterabschluss ist international anerkannt und bietet Ihnen die M\u00f6glichkeit, weltweit angestellt zu werden.<\/p>\n<\/div><\/div>\n<div class=\"ap_column ap-span3\"><div style=\"background-color: #ffffff;padding: 10px;margin: 10px;height: 260px\">\n<h3>Studienm\u00f6glichkeiten im Ausland<\/h3>\n<p>Viele unserer Studierenden entscheiden sich f\u00fcr ein Semester an einer der Partnerhochschulen als ERASMUS-Stipendiaten.\nWir arbeiten europaweit mit dem Polytechnischen Institut von Grenoble, dem Institut f\u00fcr Elektronik und Telekommunikation von Rennes und dem INSA Centre Val de Loire, Frankreich zusammen<\/p>\n<\/div><\/div><\/div><br \/>\n<div class=\"clearfix ap-row\"><div class=\"ap_column ap-span6\"><div style=\"background-color: #ffffff;padding: 10px;margin: 10px;height: 260px\">\n<h3>Alternativen<\/h3>\n<p>Alle unsere Absolventen k\u00f6nnen zwischen einer Karriere auf See oder an Land w\u00e4hlen.<\/p>\n<h3>Berufsberatung und -orientierung<\/h3>\n<p>Unsere Studierenden erhalten Berufsberatung und Unterst\u00fctzung bei der Eingliederung in den Arbeitsmarkt.<\/p>\n<\/div><\/div><\/div><\/p>\n<\/div>\n<div style=\"background-color: #ffffff;padding: 10px;margin: 10px\">\n<div class=\"clearfix ap-row\"><h3>Die leistungsst\u00e4rksten Labors<\/h3>\n<ul class=\"lista-doi\">\n<li>Laborger\u00e4te f\u00fcr Messungen, Sensoren, Wandler, elektronische Materialien, modernste Computertechnologie<\/li>\n<li>Moderne Plattform zur Charakterisierung von Schaltungen und Systemen bei sehr hohen Frequenzen, ausgestattet mit reflexionsarmer Kammer &#8211; die einzige Universit\u00e4t mit einem solchen Labor im gesamten s\u00fcdlichen Teil Rum\u00e4niens (Banat &#8211; Muntenien &#8211; Dobrudscha)<\/li>\n<li>Softwaredefinierte Funkger\u00e4te (SDR)<\/li>\n<li>Professionelle Software f\u00fcr Simulation und Gestaltung von Schaltungen und Systemen f\u00fcr sehr hohe Frequenze<\/li>\n<\/ul>\n<hr class=\"ap-spacing\" style=\"height:10px\"\/>\n<p><div class=\"clearfix ap-row\"><\/div>\n<div class=\"ap_column ap-span6\"><a href=\"https:\/\/cmu-edu.eu\/electromecanica\/wp-content\/uploads\/sites\/19\/2021\/02\/ban-tst2.jpg\"><img loading=\"lazy\" decoding=\"async\" class=\"aligncenter wp-image-756 size-full\" src=\"https:\/\/cmu-edu.eu\/electromecanica\/wp-content\/uploads\/sites\/19\/2021\/02\/ban-tst2.jpg\" alt=\"\" width=\"1920\" height=\"400\" \/><\/a><\/div><\/div>\n<div style=\"background-color: #ffcb74;padding: 10px\">\n<h2>KARRIEREM\u00d6GLICHKEITEN<\/h2>\n<p>Absolventen dieses Studiengangs k\u00f6nnen schnell in den Arbeitsmarkt in Rum\u00e4nien und im Ausland einsteigen. Unsere Spezialisierung bietet Mobilit\u00e4t und echte Besch\u00e4ftigungsm\u00f6glichkeiten in gro\u00dfen IT-Unternehmen der Welt wie IBM, AT&amp;T, Huawei, Ericsson usw.<\/p>\n<ul>\n<li>Elektronikingenieur in der IT-, Automobil- und autonomen Schiffsindustrie<\/li>\n<li>Elektronikingenieur f\u00fcr Transport und Telekommunikationen<\/li>\n<li>Ingenieur bei Telekommunikationsbetreibern<\/li>\n<li>Ingenieur f\u00fcr Elektronikdesign<\/li>\n<li>Rundfunkingenieur<\/li>\n<li>Entwicklungsingenieur f\u00fcr Kommunikationen<\/li>\n<li>Entwicklungsingenieur f\u00fcr Computersysteme<\/li>\n<li>Ingenieur f\u00fcr Sicherheitssysteme<\/li>\n<\/ul>\n<p>Der Masterstudiengang \u201eIntegrierte Schaltungen und Kommunikationssysteme\u201d, die in die Struktur der Fakult\u00e4t f\u00fcr Schiffselektromechanik eingegliedert wird, bietet die Ausbildung und Verbesserung von Spezialisten mit h\u00f6heren technischen Studien f\u00fcr Forschung, Design, Konstruktion und Betrieb in Elektrotechnik und Telekommunikation durch eine Hochschulausbildung, die auf den Leistungskriterien des europ\u00e4ischen Systems aufbaut.<\/p>\n<\/div>\n<p><hr class=\"ap-spacing\" style=\"height:10px\"\/><br \/>\n<div class=\"clearfix ap-row\"><div class=\"ap_column ap-span2\"><h2>Aufnahmepr\u00fcfung<\/h2>\n<p>Dies ist das dritte Jahr, in dem wir die Online-Aufnahmepr\u00fcfung mit 128-Bit-SSL-Verschl\u00fcsselung durchf\u00fchren.\n<div class=\"divider\" style=\"margin-top:2px; margin-bottom:2px; border-top:1px solid #CCCCCC;width:100%\"\/><\/div>\nWeitere Informationen hier: <em><strong><a href=\"https:\/\/admitere.cmu-edu.eu\">https:\/\/admitere.cmu-edu.eu<\/a><\/strong><\/em><\/div>\n<div class=\"ap_column ap-span2\"><h2>Informationsvermittlungen<\/h2>\n<p>W\u00e4hrend der Zulassungsphase organisieren wir jeden Montagnachmittag von 17.00 bis 18.00 Uhr Online-Meetings mit unseren Studenten und Absolventen. Wenn Sie die neuesten Nachrichten von ihnen und Informationen \u00fcber die Zulassung erfahren m\u00f6chten, laden wir Sie hier ein:\n<div class=\"divider\" style=\"margin-top:2px; margin-bottom:2px; border-top:1px solid #CCCCCC;width:100%\"\/><\/div>\n<strong><em><a href=\"https:\/\/maritimeconferences.online\/\">https:\/\/maritimeconferences.online\/<\/a><\/em><\/strong><\/div>\n<div class=\"ap_column ap-span2\"><h2>Kontakt<\/h2>\n<ul class=\"lista-doi\">\n<li>Kontakt<\/li>\n<li>E-mail: bcc@cmu-edu.eu<\/li>\n<li>Tel: +40241664740<\/li>\n<li>Mircea cel B\u0103tr\u00e2n, nr 104<\/li>\n<li>Constanta<\/li>\n<\/ul><\/div><\/div><\/p>\n<\/div>\n","protected":false},"excerpt":{"rendered":"<p>VORTEILE KARRIEREM\u00d6GLICHKEITEN Absolventen dieses Studiengangs k\u00f6nnen schnell in den Arbeitsmarkt in Rum\u00e4nien und im Ausland einsteigen. Unsere Spezialisierung bietet Mobilit\u00e4t und echte Besch\u00e4ftigungsm\u00f6glichkeiten in gro\u00dfen IT-Unternehmen der Welt wie IBM, AT&amp;T, Huawei, Ericsson usw. Elektronikingenieur in der IT-, Automobil- und autonomen Schiffsindustrie Elektronikingenieur f\u00fcr Transport und Telekommunikationen Ingenieur bei Telekommunikationsbetreibern Ingenieur f\u00fcr Elektronikdesign Rundfunkingenieur Entwicklungsingenieur [&hellip;]<\/p>\n","protected":false},"author":4,"featured_media":0,"parent":0,"menu_order":0,"comment_status":"closed","ping_status":"closed","template":"","meta":{"footnotes":""},"class_list":["post-155","page","type-page","status-publish","hentry"],"_links":{"self":[{"href":"https:\/\/cmu-edu.eu\/de\/wp-json\/wp\/v2\/pages\/155","targetHints":{"allow":["GET"]}}],"collection":[{"href":"https:\/\/cmu-edu.eu\/de\/wp-json\/wp\/v2\/pages"}],"about":[{"href":"https:\/\/cmu-edu.eu\/de\/wp-json\/wp\/v2\/types\/page"}],"author":[{"embeddable":true,"href":"https:\/\/cmu-edu.eu\/de\/wp-json\/wp\/v2\/users\/4"}],"replies":[{"embeddable":true,"href":"https:\/\/cmu-edu.eu\/de\/wp-json\/wp\/v2\/comments?post=155"}],"version-history":[{"count":3,"href":"https:\/\/cmu-edu.eu\/de\/wp-json\/wp\/v2\/pages\/155\/revisions"}],"predecessor-version":[{"id":159,"href":"https:\/\/cmu-edu.eu\/de\/wp-json\/wp\/v2\/pages\/155\/revisions\/159"}],"wp:attachment":[{"href":"https:\/\/cmu-edu.eu\/de\/wp-json\/wp\/v2\/media?parent=155"}],"curies":[{"name":"wp","href":"https:\/\/api.w.org\/{rel}","templated":true}]}}