{"id":161,"date":"2021-09-23T07:52:39","date_gmt":"2021-09-23T07:52:39","guid":{"rendered":"https:\/\/cmu-edu.eu\/de\/?page_id=161"},"modified":"2021-09-23T07:59:22","modified_gmt":"2021-09-23T07:59:22","slug":"fto","status":"publish","type":"page","link":"https:\/\/cmu-edu.eu\/de\/fto\/","title":{"rendered":"FORTSCHRITTLICHE TECHNIK IN DER OFFSHORE-\u00d6L- UND GASINDUSTRIE \u2013 (Unterricht im Englischen)"},"content":{"rendered":"<p><div class=\"clearfix ap-row\"><div class=\"ap_column ap-span3\"><h2>FORTSCHRITTLICHE TECHNIK IN DER OFFSHORE-\u00d6L- UND GASINDUSTRIE \u2013 (Unterricht im Englischen)<\/h2>\n<p>Die Offshore-Erd\u00f6l- und -Erdgasindustrie befindet sich noch immer in der Pionierphase, wenn man bedenkt, dass die ersten \u00d6lbohrungen in der Nordsee erst 1967 begannen. Als eines der wichtigsten europ\u00e4ischen L\u00e4nder mit Erd\u00f6l- und Erdgasvorkommen hat Rum\u00e4nien auch die Erkundung und Ausbeutung von Offshore-\u00d6lvorkommen auf dem Festlandsockel des Schwarzen Meeres in Angriff genommen.<\/p>\n<p>Die Lehrpl\u00e4ne und -stoffe des Masterstudiengangs FORTSCHRITTLICHE TECHNIK IN DER OFFSHORE-\u00d6L- UND GASINDUSTRIE (Unterricht im Englischen), der in die Struktur der Maritimen Universit\u00e4t von Constanta aufgenommen wird, sind an die Anforderungen des europ\u00e4ischen Bildungssystems angepasst und entsprechen den oben genannten Bed\u00fcrfnissen.<\/p>\n<p>Der Seeverkehr (See- und Flussschifffahrt) spielt eine wichtige Rolle f\u00fcr den rum\u00e4nischen Transportsektor, der im geografischen Gebiet von Dobrudscha von Seeh\u00e4fen (Constan\u021ba, Mangalia, Midia, Sulina) und Flussh\u00e4fen (Tulcea, Br\u0103ila, Gala\u021bi) profitiert, die in den regionalen und weltweiten Hafenverkehr eingebunden sind. Erg\u00e4nzt wird dies durch eine angemessene logistische Unterst\u00fctzung, bei der der Schiffbau, der in den repr\u00e4sentativsten Werften des Landes (Constan\u021ba, Mangalia, Tulcea) durchgef\u00fchrt wird, eine wichtige Rolle spielt.<\/p>\n<p>F\u00fcr das Profil des Masterstudiengangs FORTSCHRITTLICHE TECHNIK IN DER OFFSHORE-\u00d6L- UND GASINDUSTRIE (Unterricht im Englischen) ist die Tulcea-Werft, VARD TULCEA S.A., von besonderem Interesse, da sie ihre T\u00e4tigkeit in den letzten Jahren ausschlie\u00dflich auf den Bau von Spezialschiffen f\u00fcr die Offshore-Industrie konzentriert hat und im Rahmen des mit der Maritimen Universit\u00e4t Constanta geschlossenen Kooperationsabkommens Partner an der Er\u00f6ffnung dieses Studiengangs interessiert ist.<\/p><\/div>\n<div class=\"ap_column ap-span3\"><h2>WAS SIE STUDIEREN WERDEN<\/h2>\n<p>Der Studienplan f\u00fcr den Masterstudiengang FORTSCHRITTLICHE TECHNIK IN DER OFFSHORE-\u00d6L- UND GASINDUSTRIE (Unterricht im Englischen) gibt das ALLGEMEINE AUSBILDUNGSZIEL klar vor: PROFESSIONALISIERUNG VON INGENIEUREN ZUM ERWERB VON F\u00c4HIGKEITEN IN DEN BEREICHEN ENTWURF, KONSTRUKTION, ERRICHTUNG, BETRIEB, WARTUNG UND INSTANDSETZUNG VON SPEZIALSCHIFFEN UND MARITIMEN STRUKTUREN, MASCHINEN, ANLAGEN, SYSTEMEN UND AUSR\u00dcSTUNGEN, DIE F\u00dcR DIE OFFSHORE-INDUSTRIE SPEZIFISCH SIND, ENTSPRECHEND DEN STANDARDS DER WETTBEWERBSF\u00c4HIGEN WIRTSCHAFT, MIT AKTUELLEN UND ZUK\u00dcNFTIGEN INGENIEUR- UND MANAGEMENTKENNTNISSEN, DIE F\u00dcR DIE OFFSHORE-INDUSTRIE UND VERWANDTE INDUSTRIEZWEIGE GEEIGNET SIND.<\/p>\n<p>Die Spezialisierung des Masterstudiengangs FORTSCHRITTLICHE TECHNIK IN DER OFFSHORE-\u00d6L- UND GASINDUSTRIE (Unterricht im Englischen), die in die Struktur der Fakult\u00e4t f\u00fcr Schiffselektromechanik integriert ist, gew\u00e4hrleistet die Ausbildung und Verbesserung von Fachleuten mit h\u00f6herer technischer Ausbildung f\u00fcr den gesamten Bedarf (Forschung, Planung, Bau, Betrieb und Wartung) der Offshore-Industrie bzw. f\u00fcr einige Teilbed\u00fcrfnisse der verwandten Bereiche (Schiffs- und Navigationsingenieurwesen, Wirtschaftsingenieurwesen, Maschinenbau, Ingenieurwesen und Management), auf lokaler und nationaler Ebene, durch eine Hochschulausbildung, die auf den Leistungskriterien des europ\u00e4ischen Systems aufbaut.<\/p><\/div><\/div><br \/>\n<a href=\"https:\/\/cmu-edu.eu\/electromecanica\/wp-content\/uploads\/sites\/19\/2021\/01\/banner-AEOOGI-2.jpg\"><img loading=\"lazy\" decoding=\"async\" class=\"aligncenter size-full wp-image-463\" src=\"https:\/\/cmu-edu.eu\/electromecanica\/wp-content\/uploads\/sites\/19\/2021\/01\/banner-AEOOGI-2.jpg\" alt=\"\" width=\"1920\" height=\"390\" \/><\/a><\/p>\n<div style=\"background-color: #f5f5f5;padding: 10px;text-align: center\">\n<h1>VORTEILE<\/h1>\n<h2 style=\"padding-bottom: 30px\">TEILWEISE JAHRESSPEZIFISCHE LERNZIELE<\/h2>\n<p><div class=\"clearfix ap-row\"><div class=\"ap_column ap-span3\"><div style=\"background-color: #ffffff;padding: 10px;margin: 10px;height: 260px\">\n<h3>ERSTES STUDIENJAHR<\/h3>\n<p>Professionalisierung im Bereich Meerestechnik und -navigation durch den Erwerb von Fach- und F\u00fchrungskompetenzen, die haupts\u00e4chlich auf die Offshore-\u00d6l- und -Gasindustrie ausgerichtet sind &#8211; Meeresstrukturen, Spezialschiffe, Maschinen, Anlagen, Systeme und spezifische Ausr\u00fcstung.<\/p>\n<\/div><\/div>\n<div class=\"ap_column ap-span3\"><div style=\"background-color: #ffffff;padding: 10px;margin: 10px;height: 260px\">\n<h3>ZWEITES STUDIENJAHR<\/h3>\n<p>Ausbildung des Fachingenieurs durch eine Fach- und F\u00fchrungsausbildung, die vorwiegend auf die Offshore-\u00d6l- und Gasindustrie ausgerichtet ist. Erwerb von Forschungs-, Entwicklungs- und Innovationskompetenzen in den Bereichen Meerestechnik und Navigation. Ausarbeitung der Masterarbeit. Vorbereitung und Ablegen der Masterpr\u00fcfung.<\/p>\n<\/div><\/div><\/div><br \/>\n<div class=\"clearfix ap-row\"><div class=\"ap_column ap-span6\"><div style=\"background-color: #ffffff;padding: 20px 10px;margin: 10px;height: auto;text-align: left\">\n<h3>Der erkl\u00e4rte Auftrag wird haupts\u00e4chlich durch f\u00fcnf spezifische Ziele unterst\u00fctzt.<\/h3>\n<ul class=\"lista-doi\">\n<li>Ausbildung der Absolventen des ersten Zyklus des Bachelor-Studiengangs in Schiffsingenieurwesen und Schifffahrt, die den Anforderungen der wettbewerbsf\u00e4higen europ\u00e4ischen Wirtschaft entsprechen, zu Ingenieuren mit einem Niveau an wissenschaftlichen, ingenieurtechnischen, betriebswirtschaftlichen und erg\u00e4nzenden Kenntnissen und praktischen F\u00e4higkeiten, die den derzeitigen und k\u00fcnftigen Anforderungen der Offshore-Industrie entsprechen.<\/li>\n<li>Erweiterung des Ausbildungsprozesses von Fachleuten im Bereich der Offshore-Industrie mit dem Ziel, die technisch-wirtschaftlichen und betriebswirtschaftlichen Kompetenzen zu vermitteln, die erforderlich sind, um die Planung, den Bau und den optimalen Betrieb von Konstruktionen, Systemen und Ausr\u00fcstungen, die f\u00fcr die Offshore-Industrie spezifisch sind, in v\u00f6lliger Sicherheit und unter Einhaltung der europ\u00e4ischen und weltweiten Qualit\u00e4tszertifizierungskriterien durchzuf\u00fchren.<\/li>\n<li>Ein zuk\u00fcnftiges Programm der wissenschaftlichen Grundlagen- und angewandten Forschung, das speziell auf die Offshore-Erd\u00f6l- und -Gasindustrie und die damit verbundenen Industriezweige ausgerichtet ist und mit den Anforderungen und Bed\u00fcrfnissen der heutigen Zeit vereinbar ist, unter Nutzung des gesamten kreativen Potenzials des Lehrpersonals, der Masterstudenten und -studentinnen und der Studenten und Studentinnen sowie der etablierten Spezialisten und Spezialistinnen auf diesem Gebiet, das in Rum\u00e4nien eine offensichtliche Neuheit und Perspektive darstellt.<\/li>\n<li>Schaffung der notwendigen Voraussetzungen f\u00fcr die k\u00fcnftige Entwicklung des dritten Zyklus von Promotionsstudien im Bereich der Spezialisierung, um die Vervollst\u00e4ndigung des Profils des Fachingenieurs im Bereich der Offshore-\u00d6l- und Gasindustrie mit den Werten der multidisziplin\u00e4ren h\u00f6heren wissenschaftlichen Forschung zu gew\u00e4hrleisten.<\/li>\n<li>Kontinuierliche Verbesserung des Humanpotenzials in der Lehre (Lehrkr\u00e4fte und Forscher mit Hochschulausbildung und geeigneter Postgraduiertenausbildung) und der materiellen Ausstattung (Lehrr\u00e4ume mit moderner Ausr\u00fcstung aus internen und externen Quellen), um den Anforderungen der Ziele 1, 2, 3 und 4 gerecht zu werden.<\/li>\n<\/ul>\n<\/div><\/div><\/div><\/p>\n<\/div>\n<div style=\"background-color: #ffcb74;padding: 10px\">\n<h2>KARRIEREM\u00d6GLICHKEITEN<\/h2>\n<p>Absolventen des Studiengangs FORTSCHRITTLICHE TECHNIK IN DER OFFSHORE-\u00d6L- UND GASINDUSTRIE (Unterricht im Englischen) haben eine echte Chance, sich in die berufliche T\u00e4tigkeit &#8211; vorwiegend in der Offshore-Industrie &#8211; im In- und Ausland zu integrieren und weiterzuentwickeln. Es sei darauf hingewiesen, dass die ingenieurtechnische und erg\u00e4nzende Ausbildung, die national und international anerkannt ist, die M\u00f6glichkeit bietet, die Absolventen der Spezialisierung gegebenenfalls in verwandten Bereichen der Volkswirtschaft einzusetzen, auch als Besatzung auf Spezialschiffen.<\/p>\n<p>Die prognostischen Studien zeigen, dass es Voraussetzungen f\u00fcr die zuk\u00fcnftige Integration der Absolventen der Spezialisierung in das professionelle maritime Umfeld der Dobrudscha und der Offshore-Industrie gibt, beg\u00fcnstigt durch die N\u00e4he und das komplexe und vielf\u00e4ltige Potential des Schwarzen Meeres, durch die Besch\u00e4ftigung, die von rum\u00e4nischen und ausl\u00e4ndischen Unternehmen durchgef\u00fchrt wird, die Arbeitspl\u00e4tze anbieten, die die Dynamik der Ausbildung abdecken.\n<\/p><\/div>\n<p><hr class=\"ap-spacing\" style=\"height:10px\"\/><br \/>\n<div class=\"clearfix ap-row\"><div class=\"ap_column ap-span2\"><h2>Aufnahmepr\u00fcfung<\/h2>\n<p>Dies ist das dritte Jahr, in dem wir die Online-Aufnahmepr\u00fcfung mit 128-Bit-SSL-Verschl\u00fcsselung durchf\u00fchren.\n<div class=\"divider\" style=\"margin-top:2px; margin-bottom:2px; border-top:1px solid #CCCCCC;width:100%\"\/><\/div>\nWeitere Informationen hier: <em><strong><a href=\"https:\/\/admitere.cmu-edu.eu\">https:\/\/admitere.cmu-edu.eu<\/a><\/strong><\/em><\/div>\n<div class=\"ap_column ap-span2\"><h2>Informationsvermittlungen<\/h2>\n<p>W\u00e4hrend der Zulassungsphase organisieren wir jeden Montagnachmittag von 17.00 bis 18.00 Uhr Online-Meetings mit unseren Studenten und Absolventen. Wenn Sie die neuesten Nachrichten von ihnen und Informationen \u00fcber die Zulassung erfahren m\u00f6chten, laden wir Sie hier ein:\n<div class=\"divider\" style=\"margin-top:2px; margin-bottom:2px; border-top:1px solid #CCCCCC;width:100%\"\/><\/div>\n<strong><em><a href=\"https:\/\/maritimeconferences.online\/\">https:\/\/maritimeconferences.online\/<\/a><\/em><\/strong><\/div>\n<div class=\"ap_column ap-span2\"><h2>Kontakt<\/h2>\n<ul class=\"lista-doi\">\n<li>Kontakt<\/li>\n<li>E-mail: bcc@cmu-edu.eu<\/li>\n<li>Tel: +40241664740<\/li>\n<li>Mircea cel B\u0103tr\u00e2n, nr 104<\/li>\n<li>Constanta<\/li>\n<\/ul><\/div><\/div><\/p>\n","protected":false},"excerpt":{"rendered":"<p>VORTEILE TEILWEISE JAHRESSPEZIFISCHE LERNZIELE KARRIEREM\u00d6GLICHKEITEN Absolventen des Studiengangs FORTSCHRITTLICHE TECHNIK IN DER OFFSHORE-\u00d6L- UND GASINDUSTRIE (Unterricht im Englischen) haben eine echte Chance, sich in die berufliche T\u00e4tigkeit &#8211; vorwiegend in der Offshore-Industrie &#8211; im In- und Ausland zu integrieren und weiterzuentwickeln. Es sei darauf hingewiesen, dass die ingenieurtechnische und erg\u00e4nzende Ausbildung, die national und international [&hellip;]<\/p>\n","protected":false},"author":4,"featured_media":0,"parent":0,"menu_order":0,"comment_status":"closed","ping_status":"closed","template":"","meta":{"footnotes":""},"class_list":["post-161","page","type-page","status-publish","hentry"],"_links":{"self":[{"href":"https:\/\/cmu-edu.eu\/de\/wp-json\/wp\/v2\/pages\/161","targetHints":{"allow":["GET"]}}],"collection":[{"href":"https:\/\/cmu-edu.eu\/de\/wp-json\/wp\/v2\/pages"}],"about":[{"href":"https:\/\/cmu-edu.eu\/de\/wp-json\/wp\/v2\/types\/page"}],"author":[{"embeddable":true,"href":"https:\/\/cmu-edu.eu\/de\/wp-json\/wp\/v2\/users\/4"}],"replies":[{"embeddable":true,"href":"https:\/\/cmu-edu.eu\/de\/wp-json\/wp\/v2\/comments?post=161"}],"version-history":[{"count":4,"href":"https:\/\/cmu-edu.eu\/de\/wp-json\/wp\/v2\/pages\/161\/revisions"}],"predecessor-version":[{"id":166,"href":"https:\/\/cmu-edu.eu\/de\/wp-json\/wp\/v2\/pages\/161\/revisions\/166"}],"wp:attachment":[{"href":"https:\/\/cmu-edu.eu\/de\/wp-json\/wp\/v2\/media?parent=161"}],"curies":[{"name":"wp","href":"https:\/\/api.w.org\/{rel}","templated":true}]}}