{"id":173,"date":"2021-09-23T08:13:51","date_gmt":"2021-09-23T08:13:51","guid":{"rendered":"https:\/\/cmu-edu.eu\/de\/?page_id=173"},"modified":"2021-09-23T08:23:06","modified_gmt":"2021-09-23T08:23:06","slug":"wv","status":"publish","type":"page","link":"https:\/\/cmu-edu.eu\/de\/wv\/","title":{"rendered":"WIRTSCHAFTSINGENIEURWESEN IM VERKEHRSBEREICH"},"content":{"rendered":"<div class=\"clearfix ap-row\"><div class=\"ap_column ap-span4\"><h2>WIRTSCHAFTSINGENIEURWESEN IM VERKEHRSBEREICH<\/h2>\n<p>Der Verkehrs- und Logistiksektor ist eine wichtige Triebkraft f\u00fcr die Entwicklung der modernen Gesellschaft und des Welthandels und bietet Millionen von Menschen hervorragende Karrierechancen. Die Verkehrsinfrastruktur umfasst das Verkehrsnetz (Stra\u00dfen, Autobahnen, Eisenbahnen, Wasserstra\u00dfen, Luftkorridore, Rohrleitungssysteme usw.) und Terminals (Flugh\u00e4fen, Bahnh\u00f6fe, Busbahnh\u00f6fe usw.).<\/p>\n<p>Die Verkehrsmittel sind sehr unterschiedlich: Kraftfahrzeuge, Z\u00fcge, Schiffe usw. und erfordern gute Kenntnisse in den Bereichen Planung, Bau, Diagnose und Betrieb, Stra\u00dfenverkehr und Management. Verkehrsmanagement und -technik sowie die Planung von Verkehrsnetzen und -systemen zielen darauf ab, die Verkehrssysteme zu optimieren, die Sicherheit zu erh\u00f6hen, die Qualit\u00e4t der Verkehrsdienste zu verbessern und die Umwelt zu sch\u00fctzen.<\/p><\/div>\n<div class=\"ap_column ap-span2\"><h2>ZUSAMMENFASSUNG<\/h2>\n<ul class=\"lista-doi\">\n<li>Dauer: <strong>4 Jahre\/8 Semester<\/strong><\/li>\n<li>Beginn des Studiums: <strong>Oktober<\/strong><\/li>\n<li>ECTS-Punkte: <strong>240<\/strong><\/li>\n<li>Verf\u00fcgbare Pl\u00e4tze: <strong>60\/19 (geb\u00fchrenfrei)<\/strong><\/li>\n<li>Sprache: <strong>Rum\u00e4nisch<\/strong><\/li>\n<li>Standort: <strong>Constan\u021ba<\/strong><\/li>\n<li>Studiengeb\u00fchr: <strong>3400 Lei\/Jahr<\/strong><\/li>\n<\/ul><\/div><\/div>\n<div style=\"background-color: #f5f5f5;padding: 10px;margin-top: 20px;margin-bottom: 20px\">\n<p>Der Studiengang Wirtschaftsingenieurwesen im Verkehrsbereich richtet sich an diejenigen, die eine Karriere in der Logistik- oder Verkehrsbranche an Land anstreben.<br \/>\nDer Studiengang Wirtschaftsingenieurwesen im Verkehrsbereich zielt darauf ab, hochqualifizierte Fachingenieure f\u00fcr f\u00fchrende Bereiche der Betriebsentwicklung im Bereich Engineering und Management auszubilden. Die F\u00e4cher des Lehrplans der Spezialisierung vermitteln dem zuk\u00fcnftigen Absolventen ingenieurtechnische und betriebswirtschaftliche F\u00e4higkeiten.<\/p>\n<p>Der vierj\u00e4hrige Studiengang soll den Absolventen eine Kombination aus technischen (Ingenieurwesen) und wirtschaftlichen Fachkenntnissen vermitteln, die den neuen Anforderungen der Kreislaufwirtschaft entsprechen. Die Absolventen erwerben somit praktische F\u00e4higkeiten und Kompetenzen, die den gegenw\u00e4rtigen und k\u00fcnftigen Anforderungen des internationalen Verkehrs und der Logistik entsprechen.<br \/>\nDer Abschluss ist der eines Ingenieurs, aber im Vergleich zu anderen Fachrichtungen auf dem rum\u00e4nischen Markt f\u00fcr Bildungsdienstleistungen verf\u00fcgen unsere Absolventen \u00fcber ein hohes Ma\u00df an kombinierten und erg\u00e4nzenden wissenschaftlichen Kenntnissen, sowohl technischer als auch betriebswirtschaftlicher Art.<\/p>\n<\/div>\n<h2>WAS SIE STUDIEREN WERDEN<\/h2>\n<div class=\"clearfix ap-row\"><div class=\"ap_column ap-span3\"><ul class=\"lista-doi\">\n<li>Verkehrssysteme<\/li>\n<li>Transportmittel<\/li>\n<li>Verkehrsterminals<\/li>\n<li>Internationale Speditionen<\/li>\n<\/ul><\/div>\n<div class=\"ap_column ap-span3\"><ul class=\"lista-doi\">\n<li>Warenkunde<\/li>\n<li>Transportlogistik<\/li>\n<li>Befrachtung und Schiffsmakler<\/li>\n<li>Qualit\u00e4tsmanagement im Verkehrswesen<\/li>\n<\/ul><\/div><\/div>\n<div style=\"background-color: #f5f5f5;padding: 10px;text-align: center;margin-top: 50px\">\n<h1 style=\"padding-bottom: 30px\">VORTEILE<\/h1>\n<p><div class=\"clearfix ap-row\"><div class=\"ap_column ap-span2\"><div style=\"background-color: #ffffff;padding: 10px;margin: 10px;height: 275px\">\n<h3>Internationale Anerkennung<\/h3>\n<p>Das Ingenieurdiplom ist international anerkannt und bietet Ihnen die M\u00f6glichkeit, weltweit angestellt zu werden<\/p>\n<\/div><\/div>\n<div class=\"ap_column ap-span2\"><div style=\"background-color: #ffffff;padding: 10px;margin: 10px;height: 275px\">\n<h3>Flexibilit\u00e4t<\/h3>\n<p>Wir bieten Ihnen die M\u00f6glichkeit, online auf dem virtuellen Campus zu studieren<\/p>\n<\/div><\/div>\n<div class=\"ap_column ap-span2\"><div style=\"background-color: #ffffff;padding: 10px;margin: 10px;height: 275px\">\n<h3>Alternative<\/h3>\n<p>Unsere Absolventen k\u00f6nnen zwischen einer Karriere in den Bereichen Transport, Logistik, internationaler Handel, Schiffsbesatzung, internationale Spedition, Hafenbetrieb usw. w\u00e4hlen.<\/p>\n<\/div><\/div><\/div><br \/>\n<div class=\"clearfix ap-row\"><div class=\"ap_column ap-span2\"><div style=\"background-color: #ffffff;padding: 10px;margin: 10px;height: 310px\">\n<h3>Moderne Technologien<\/h3>\n<p>Die IT ist auf dem Vormarsch, und die Verkehrstechnologien halten mit diesem Trend Schritt. Sie werden die neuesten Merkmale der im Verkehrswesen eingesetzten Technologien kennen lernen. Sie arbeiten mit modernen Anwendungen, die denen aus dem Berufsleben \u00e4hneln. Au\u00dferdem haben Sie die M\u00f6glichkeit, einen kostenlosen Einf\u00fchrungskurs in die Grundlagen der Cybersicherheit in einem Labor mit modernster Lernausr\u00fcstung zu besuchen.<\/p>\n<\/div><\/div>\n<div class=\"ap_column ap-span2\"><div style=\"background-color: #ffffff;padding: 10px;margin: 10px;height: 310px\">\n<h3>Praktikum im Hafen von Constanta<\/h3>\n<p>Die Maritime Universit\u00e4t von Constanta hat eine Partnerschaft mit Hafenbetreibern im Hafen von Constanta geschlossen, um Praktika zu erm\u00f6glichen. Im zweiten Studienjahr f\u00fchren die Studenten das Ingenieurpraktikum im Hafen und im dritten Jahr das Wirtschaftspraktikum durch. Das Praktikum kann auch in Banken und in der Logistik durchgef\u00fchrt werden.<\/p>\n<\/div><\/div>\n<div class=\"ap_column ap-span2\"><div style=\"background-color: #ffffff;padding: 10px;margin: 10px;height: 310px\">\n<h3>Professionelle Beratung<\/h3>\n<p>Unsere Studenten erhalten Berufsberatung und Unterst\u00fctzung bei der Integration in den Arbeitsmarkt.<\/p>\n<\/div><\/div><\/div><\/p>\n<\/div>\n<div class=\"clearfix ap-row\"><div class=\"ap_column ap-span6\"><a href=\"https:\/\/cmu-edu.eu\/navigatie\/wp-content\/uploads\/sites\/18\/2020\/06\/banner-ing.jpg\"><img loading=\"lazy\" decoding=\"async\" class=\"alignleft wp-image-494 size-full\" src=\"https:\/\/cmu-edu.eu\/navigatie\/wp-content\/uploads\/sites\/18\/2020\/06\/banner-ing.jpg\" alt=\"\" width=\"1920\" height=\"666\" \/><\/a><\/div><\/div>\n<div style=\"background-color: #ffcb74;padding: 10px\">\n<h2>KARRIEREM\u00d6GLICHKEITEN<\/h2>\n<p>Absolventen des Studiengangs Wirtschaftsingenieurwesen im Verkehrswesen k\u00f6nnen an Land in der Verkehrs- und Logistikbranche arbeiten:<\/p>\n<ul>\n<li>Fracht- und Verkehrskontrollen<\/li>\n<li>Management von Organisationen<\/li>\n<li>Forschungs- und Beratungsunternehmen<\/li>\n<li>Logistikplattformen (SUPPLY CHAIN)<\/li>\n<li>Fracht- oder Transportvermittlung<\/li>\n<li>Internationale Speditionen (FREIGHT FORWARDING)<\/li>\n<li>\u00d6ffentliche und verwaltende Beh\u00f6rden im Verkehrswesen<\/li>\n<li>Unternehmertum<\/li>\n<li>Marketing-Fachmann\/-frau<\/li>\n<li>Finanzverwalter<\/li>\n<li>Logistiker<\/li>\n<\/ul>\n<\/div>\n<div style=\"background-color: #f5f5f5;padding: 10px\">\n<h1>Erfolgreiche Karrieren (Absolventen)<\/h1>\n<p><div class=\"clearfix ap-row\"><div class=\"ap_column ap-span2\"><a href=\"https:\/\/cmu-edu.eu\/navigatie\/wp-content\/uploads\/sites\/18\/2020\/06\/lavinia.jpg\"><img loading=\"lazy\" decoding=\"async\" class=\"alignleft wp-image-487 size-full\" src=\"https:\/\/cmu-edu.eu\/navigatie\/wp-content\/uploads\/sites\/18\/2020\/06\/lavinia.jpg\" alt=\"\" width=\"400\" height=\"400\" \/><\/a><\/div>\n<div class=\"ap_column ap-span4\"><h2>Lavinia Popescu<\/h2>\n<h3>Crewing Manager, CMA Ships SINGAPORE Pte LTd<\/h3>\n<p>Leiterin Besatzung, CMA Ships SINGAPORE Pte LTdIch habe mich f\u00fcr die Spezialisierung in Wirtschaftsingenieurwesen im Verkehrsbereich an der Fakult\u00e4t f\u00fcr Schifffahrt der UMC entschieden, weil diese Studenten im Verkehrsbereich ausbilden wollte, die sp\u00e4ter eine Karriere an Land verfolgen.<\/p>\n<p>Nach dem Studium habe ich dank zahlreicher Praktika die theoretische, aber auch die praktische Ausbildung erhalten, die in meinem Arbeitsbereich, n\u00e4mlich der Einstellung und Vermittlung von Personal f\u00fcr die Seefahrt, erforderlich ist.<\/p>\n<p>Das Studentenleben an der UMC ist sehr dynamisch&#8230; hier habe ich gelernt, dass meine Interessen respektiert werden m\u00fcssen, durch die Arbeit der Studentenvereinigung, dass Visionen und Entscheidungen eine Sache der Wahl sind und zu mir geh\u00f6ren<\/p><\/div><\/div><br \/>\n<hr class=\"ap-spacing\" style=\"height:10px\"\/><br \/>\n<div class=\"clearfix ap-row\"><div class=\"ap_column ap-span2\"><a href=\"https:\/\/cmu-edu.eu\/navigatie\/wp-content\/uploads\/sites\/18\/2020\/06\/vlas.jpg\"><img loading=\"lazy\" decoding=\"async\" class=\"alignleft wp-image-490 size-full\" src=\"https:\/\/cmu-edu.eu\/navigatie\/wp-content\/uploads\/sites\/18\/2020\/06\/vlas.jpg\" alt=\"\" width=\"400\" height=\"400\" \/><\/a><\/div>\n<div class=\"ap_column ap-span4\"><h2>Lavinia Vlas<\/h2>\n<h3>Crewing-Betreiber der Nemo Shipping Agentur<\/h3>\n<p>W\u00e4hrend meines Studiums des Wirtschaftsingenieurwesens im Verkehrsbereich hatte ich die M\u00f6glichkeit, Kenntnisse \u00fcber alle Verkehrstr\u00e4ger zu erwerben, was zur Wahl meines Arbeitsgebietes f\u00fchrte.<\/p>\n<p>Im vierten Jahr meines Studiums, nach mehreren Versuchen, eine erste Stelle in diesem Bereich zu finden, bot sich mir die M\u00f6glichkeit, im Crewing zu arbeiten, einem Bereich der Schifffahrt, in dem Seeleute angeworben werden.<\/p><\/div><\/div><br \/>\n<hr class=\"ap-spacing\" style=\"height:10px\"\/><br \/>\n<div class=\"clearfix ap-row\"><div class=\"ap_column ap-span2\"><a href=\"https:\/\/cmu-edu.eu\/navigatie\/wp-content\/uploads\/sites\/18\/2020\/06\/Moro\u0219anu-Liliana.png\"><img loading=\"lazy\" decoding=\"async\" class=\"wp-image-491 size-full alignleft\" src=\"https:\/\/cmu-edu.eu\/navigatie\/wp-content\/uploads\/sites\/18\/2020\/06\/Moro\u0219anu-Liliana.png\" alt=\"\" width=\"400\" height=\"400\" \/><\/a><\/div>\n<div class=\"ap_column ap-span4\"><h2>Moro\u015fanu Liliana<\/h2>\n<h3>Crewing Executive, \u0218ag\u0103u Schifffahrtsagentur<\/h3>\n<p>Die vier Jahre, die ich an der Fakult\u00e4t f\u00fcr Wirtschaftsingenieurwesen im Verkehrsbereich verbracht habe, waren eine sehr n\u00fctzliche Erfahrung, und nach meinem Abschluss f\u00fchlte ich mich besser informiert und hatte mehr Vertrauen in mich selbst, meine F\u00e4higkeiten und mein Wissen.<\/p>\n<p>Die Maritime Universit\u00e4t von Constanta bietet die M\u00f6glichkeit, eine erfolgreiche Karriere in diesem Bereich aufzubauen<\/div><\/div><br \/>\n<hr class=\"ap-spacing\" style=\"height:10px\"\/><br \/>\n<div class=\"clearfix ap-row\"><div class=\"ap_column ap-span2\"><a href=\"https:\/\/cmu-edu.eu\/navigatie\/wp-content\/uploads\/sites\/18\/2020\/06\/Georgiana-Bogdan.png\"><img loading=\"lazy\" decoding=\"async\" class=\"alignleft wp-image-492 size-full\" src=\"https:\/\/cmu-edu.eu\/navigatie\/wp-content\/uploads\/sites\/18\/2020\/06\/Georgiana-Bogdan.png\" alt=\"\" width=\"400\" height=\"400\" \/><\/a><\/div>\n<div class=\"ap_column ap-span4\"><h2>Georgiana Bogdan<\/h2>\n<h3>KALES Airline Dienstleistungen<\/h3>\n<p>Ehrgeiz und Selbstvertrauen m\u00fcssen deine wichtigsten Waffen sein. Ich habe mich allein beworben und die Aufnahmepr\u00fcfung abgelegt, und obwohl ich im ersten Studienjahr nicht zum geb\u00fchrenfreien Studium zugelassen wurde, habe ich durchgehalten und die drei Jahre mit Haushaltsmitteln nachgeholt.<\/p>\n<p>Die Maritime Universit\u00e4t von Constanta hat meine Zukunft beeinflusst, mich geformt und mir erm\u00f6glicht, meinen Platz bei KALES Airline Services einzunehmen.<\/div><\/div><\/p>\n<\/div>\n<p><hr class=\"ap-spacing\" style=\"height:10px\"\/><br \/>\n<div class=\"clearfix ap-row\"><div class=\"ap_column ap-span2\"><h2>Aufnahmepr\u00fcfung<\/h2>\n<p>Dies ist das dritte Jahr, in dem wir die Online-Aufnahmepr\u00fcfung mit 128-Bit-SSL-Verschl\u00fcsselung durchf\u00fchren.\n<div class=\"divider\" style=\"margin-top:2px; margin-bottom:2px; border-top:1px solid #CCCCCC;width:100%\"\/><\/div>\nWeitere Informationen hier: <em><strong><a href=\"https:\/\/admitere.cmu-edu.eu\">https:\/\/admitere.cmu-edu.eu<\/a><\/strong><\/em><\/div>\n<div class=\"ap_column ap-span2\"><h2>Informationsvermittlungen<\/h2>\n<p>W\u00e4hrend der Zulassungsphase organisieren wir jeden Montagnachmittag von 17.00 bis 18.00 Uhr Online-Meetings mit unseren Studenten und Absolventen. Wenn Sie die neuesten Nachrichten von ihnen und Informationen \u00fcber die Zulassung erfahren m\u00f6chten, laden wir Sie hier ein:\n<div class=\"divider\" style=\"margin-top:2px; margin-bottom:2px; border-top:1px solid #CCCCCC;width:100%\"\/><\/div>\n<strong><em><a href=\"https:\/\/maritimeconferences.online\/\">https:\/\/maritimeconferences.online\/<\/a><\/em><\/strong><\/div>\n<div class=\"ap_column ap-span2\"><h2>Kontakt<\/h2>\n<ul class=\"lista-doi\">\n<li>Kontakt<\/li>\n<li>E-mail: bcc@cmu-edu.eu<\/li>\n<li>Tel: +40241664740<\/li>\n<li>Mircea cel B\u0103tr\u00e2n, nr 104<\/li>\n<li>Constanta<\/li>\n<\/ul><\/div><\/div><\/p>\n","protected":false},"excerpt":{"rendered":"<p>Der Studiengang Wirtschaftsingenieurwesen im Verkehrsbereich richtet sich an diejenigen, die eine Karriere in der Logistik- oder Verkehrsbranche an Land anstreben. Der Studiengang Wirtschaftsingenieurwesen im Verkehrsbereich zielt darauf ab, hochqualifizierte Fachingenieure f\u00fcr f\u00fchrende Bereiche der Betriebsentwicklung im Bereich Engineering und Management auszubilden. Die F\u00e4cher des Lehrplans der Spezialisierung vermitteln dem zuk\u00fcnftigen Absolventen ingenieurtechnische und betriebswirtschaftliche F\u00e4higkeiten. [&hellip;]<\/p>\n","protected":false},"author":4,"featured_media":0,"parent":0,"menu_order":0,"comment_status":"closed","ping_status":"closed","template":"","meta":{"footnotes":""},"class_list":["post-173","page","type-page","status-publish","hentry"],"_links":{"self":[{"href":"https:\/\/cmu-edu.eu\/de\/wp-json\/wp\/v2\/pages\/173","targetHints":{"allow":["GET"]}}],"collection":[{"href":"https:\/\/cmu-edu.eu\/de\/wp-json\/wp\/v2\/pages"}],"about":[{"href":"https:\/\/cmu-edu.eu\/de\/wp-json\/wp\/v2\/types\/page"}],"author":[{"embeddable":true,"href":"https:\/\/cmu-edu.eu\/de\/wp-json\/wp\/v2\/users\/4"}],"replies":[{"embeddable":true,"href":"https:\/\/cmu-edu.eu\/de\/wp-json\/wp\/v2\/comments?post=173"}],"version-history":[{"count":6,"href":"https:\/\/cmu-edu.eu\/de\/wp-json\/wp\/v2\/pages\/173\/revisions"}],"predecessor-version":[{"id":180,"href":"https:\/\/cmu-edu.eu\/de\/wp-json\/wp\/v2\/pages\/173\/revisions\/180"}],"wp:attachment":[{"href":"https:\/\/cmu-edu.eu\/de\/wp-json\/wp\/v2\/media?parent=173"}],"curies":[{"name":"wp","href":"https:\/\/api.w.org\/{rel}","templated":true}]}}