{"id":197,"date":"2021-09-23T09:05:35","date_gmt":"2021-09-23T09:05:35","guid":{"rendered":"https:\/\/cmu-edu.eu\/de\/?page_id=197"},"modified":"2021-09-23T09:11:38","modified_gmt":"2021-09-23T09:11:38","slug":"oogm","status":"publish","type":"page","link":"https:\/\/cmu-edu.eu\/de\/oogm\/","title":{"rendered":"Offshore-\u00d6l- und -Gastechnik und Management"},"content":{"rendered":"<p><div class=\"clearfix ap-row\"><div class=\"ap_column ap-span3\"><h2>Offshore-\u00d6l- und -Gastechnik und Management<\/h2>\n<p>Die Meeres- und Offshore-\u00d6l- und -Gastechnologie ist heute eine Wachstumsbranche. Etwa 71 % der Erdoberfl\u00e4che ist von Wasser bedeckt, und die Ozeane enthalten etwa 96,5 % des gesamten Wassers der Erde. Die Offshore-\u00d6l- und -Gastechnologie ist entscheidend f\u00fcr die Gewinnung der Ressourcen, die die Ozeane bieten k\u00f6nnen.<\/p>\n<p>Ein Master-Abschluss in Offshore-\u00d6l- und -Gastechnologie und -Management vermittelt Ihnen Kompetenzen in einer Vielzahl von T\u00e4tigkeiten im Zusammenhang mit der Offshore-Industrie. Dar\u00fcber hinaus bietet er hervorragende Besch\u00e4ftigungs- und Karrierem\u00f6glichkeiten in Unternehmen auf der ganzen Welt.<\/p>\n<p>Das Studienprogramm hat ein starkes internationales Profil mit praktischen Aktivit\u00e4ten, die an den modernen Kongsberg-Simulatoren durchgef\u00fchrt werden.<\/p>\n<p>Obwohl das g\u00e4ngige Bild von \u00d6l- und Gasberufen das von Ingenieuren ist, die auf einer \u00d6lplattform arbeiten, sind nach Angaben von MyOilandGasCareer.com rund 90 % der Stellen an Land angesiedelt.\nDer Studiengang Offshore-\u00d6l- und -Gas-Technologie und -Management wurde entwickelt, um die wachsende Nachfrage nach qualifizierten Fachkr\u00e4ften in der Meeres- und Offshore-\u00d6l- und -Gasindustrie zu decken.<\/p>\n<p>Der Studiengang hat eine Dauer von 2 Jahren und soll die Absolventen mit den besten theoretischen und praktischen F\u00e4higkeiten ausstatten, die auf dem internationalen Arbeitsmarkt ben\u00f6tigt werden. Die Absolventen werden somit nicht nur wissenschaftliche, ingenieurtechnische und betriebswirtschaftliche Kenntnisse erwerben, sondern auch die praktischen F\u00e4higkeiten, die f\u00fcr den aktuellen und k\u00fcnftigen Bedarf der Meeres- und Offshore-Industrie erforderlich sind.<\/p><\/div>\n<div class=\"ap_column ap-span3\"><h2>WAS SIE STUDIEREN WERDEN<\/h2>\n<p>Der interdisziplin\u00e4re Lehrplan tr\u00e4gt dazu bei, die technischen und betriebswirtschaftlichen F\u00e4higkeiten f\u00fcr eine erfolgreiche Karriere zu vermitteln.<\/p>\n<ul class=\"lista-doi\">\n<li>Kenntnisse in der Bedienung von DP-Systemen<\/li>\n<li>Instandhaltung von DP-Systemen<\/li>\n<li>Beseitigung von Meeres- und Offshore-Strukturen<\/li>\n<li>Risikoanalyse und Risikomanagement<\/li>\n<li>Sicherheits- und Umweltaspekte<\/li>\n<li>Entwicklung von Offshore-Feldern<\/li>\n<li>Projektplanung und \u2013management<\/li>\n<\/ul><\/div><\/div><br \/>\n<div class=\"clearfix ap-row\"><div class=\"ap_column ap-span3\"><h2>Zust\u00e4ndigkeiten<\/h2>\n<ul class=\"lista-doi\">\n<li>Anwendung fortgeschrittener Methoden der dynamischen Positionierung verschiedener Arten von Strukturen auf See<\/li>\n<li>Sicherer Betrieb von speziellen Systemen, Anlagen und Ausr\u00fcstungen f\u00fcr die Offshore-\u00d6l- und Gasindustrie.<\/li>\n<li>Pr\u00fcfung, Einsatz und Wartung von Systemen, Anlagen und Ausr\u00fcstungen f\u00fcr allgemeine Zwecke und spezielle, die zu bestimmten aufgetauchten und untergetauchten Offshore-Strukturen geh\u00f6ren.<\/li>\n<li>Bewertung und Optimierung der Leistung von Organisations- und Managementmethoden in der Offshore-\u00d6l- und Gasindustrie.<\/li>\n<li>F\u00e4higkeiten zur Anwendung von multidisziplin\u00e4rem Wissen im Bereich des Ingenieurwesens im Hinblick auf Forschung, Analyse, Simulation der Risiken von Design, Installation, Betrieb von spezifischen Anlagen in der Offshore-\u00d6l- und Gasindustrie.<\/li>\n<\/ul><\/div>\n<div class=\"ap_column ap-span3\"><h2>Fertigkeiten<\/h2>\n<ul class=\"lista-doi\">\n<li>Effizienter Einsatz von Techniken f\u00fcr zwischenmenschliche Beziehungen in einem multikulturellen Team auf verschiedenen Hierarchieebenen, m\u00fcndliche und schriftliche Kommunikation, effektive Zusammenarbeit mit Fachleuten in verschiedenen Bereichen.<\/li>\n<li>F\u00e4higkeit, neue Technologien in der Offshore-Erd\u00f6l- und -Erdgasindustrie zu analysieren und an deren Konzeption, Entwicklung und Umsetzung mitzuwirken.<\/li>\n<li>Bereitschaft zu Kreativit\u00e4t, Initiative und Handeln, um das Wissen \u00fcber die berufliche, wirtschaftliche und organisatorische Kultur zu erweitern.<\/li>\n<\/ul><\/div><\/div><\/p>\n<hr class=\"ap-spacing\" style=\"height:10px\"\/>\n<p><a href=\"https:\/\/cmu-edu.eu\/electromecanica\/wp-content\/uploads\/sites\/19\/2021\/01\/banner-AEOOGI-2.jpg\"><img loading=\"lazy\" decoding=\"async\" class=\"aligncenter size-full wp-image-463\" src=\"https:\/\/cmu-edu.eu\/electromecanica\/wp-content\/uploads\/sites\/19\/2021\/01\/banner-AEOOGI-2.jpg\" alt=\"\" width=\"1920\" height=\"390\" \/><\/a><\/p>\n<div style=\"background-color: #f5f5f5;padding: 10px;text-align: center\">\n<h1 style=\"padding-bottom: 30px\">VORTEILE<\/h1>\n<p><div class=\"clearfix ap-row\"><div class=\"ap_column ap-span2\"><div style=\"background-color: #ffffff;padding: 10px;margin: 10px;height: 260px\">\n<h3>Internationale Anerkennung<\/h3>\n<p>Der Masterabschluss und das Bef\u00e4higungszeugnis f\u00fcr Schiffsoffizier sind international anerkannt und bieten Ihnen die M\u00f6glichkeit, weltweit angestellt zu werden.<\/p>\n<\/div><\/div>\n<div class=\"ap_column ap-span2\"><div style=\"background-color: #ffffff;padding: 10px;margin: 10px;height: 260px\">\n<h3>Flexibilit\u00e4t<\/h3>\n<p>Wenn Sie w\u00e4hrend Ihres Studiums Ihr Praktikum an Bord eines Schiffes durchf\u00fchren, bieten wir Ihnen die M\u00f6glichkeit, online auf dem virtuellen Campus zu studieren. Sie werden Zugang zu offenen Pr\u00fcfungssitzungen erhalten und k\u00f6nnen Ihre Pr\u00fcfungen nach Ihrer R\u00fcckkehr verschieben und ablegen.<\/p>\n<\/div><\/div>\n<div class=\"ap_column ap-span2\"><div style=\"background-color: #ffffff;padding: 10px;margin: 10px;height: 260px\">\n<h3>Studienm\u00f6glichkeiten im Ausland<\/h3>\n<p>Viele unserer Studierenden entscheiden sich f\u00fcr ein Semester an einer der Partnerhochschulen als ERASMUS-Stipendiaten.<\/p>\n<\/div><\/div><\/div><br \/>\n<div class=\"clearfix ap-row\"><div class=\"ap_column ap-span2\"><div style=\"background-color: #ffffff;padding: 10px;margin: 10px;height: 260px\">\n<h3>Alternativen<\/h3>\n<p>Alle unsere Absolventen k\u00f6nnen zwischen einer Karriere auf See oder an Land w\u00e4hlen<\/p>\n<\/div><\/div>\n<div class=\"ap_column ap-span2\"><div style=\"background-color: #ffffff;padding: 10px;margin: 10px;height: 260px\">\n<h3>Moderne Technologien<\/h3>\n<p>Die IKT gewinnen immer mehr an Bedeutung, und der maritime Sektor h\u00e4lt mit diesem Trend Schritt. Sie werden an den neuesten Dynamic Positioning-Simulatoren arbeiten.<\/p>\n<\/div><\/div>\n<div class=\"ap_column ap-span2\"><div style=\"background-color: #ffffff;padding: 10px;margin: 10px;height: 260px\">\n<h3>Praktikum an Bord<\/h3>\n<p>Mehr als 20 Crewing-Unternehmen haben mit der Universit\u00e4t Partnerschaften begr\u00fcndet und bieten den Studenten die M\u00f6glichkeit, ihr Praktikum in einem multikulturellen Umfeld zu absolvieren. Jedes Jahr fahren mehr als 150 Studenten zur See.<\/p>\n<\/div><\/div><\/div><\/p>\n<\/div>\n<div style=\"background-color: #ffcb74;padding: 10px\">\n<h2>KARRIEREM\u00d6GLICHKEITEN<\/h2>\n<p>Absolventen des Studiengangs Offshore-\u00d6l- und -Gastechnologie und -Management k\u00f6nnen verschiedene Positionen in der Offshore-Industrie einnehmen, darunter:<\/p>\n<ul>\n<li>Offizier auf DP-Schiffen<\/li>\n<li>Spezialist f\u00fcr Projektplanung<\/li>\n<li>Bohrinspektor<\/li>\n<li>Leiter von Offshore-Installationen<\/li>\n<li>Betriebsleiter<\/li>\n<li>Projektplaner in der Offshore-Industrie<\/li>\n<li>Sicherheitsbeauftragter in der Offshore-Industrie<\/li>\n<li>Hydrographischer Inspektor<\/li>\n<li>Flottenbetriebsleiter<\/li>\n<\/ul>\n<\/div>\n<p><hr class=\"ap-spacing\" style=\"height:10px\"\/><br \/>\n<div class=\"clearfix ap-row\"><div class=\"ap_column ap-span2\"><h2>Aufnahmepr\u00fcfung<\/h2>\n<p>Dies ist das dritte Jahr, in dem wir die Online-Aufnahmepr\u00fcfung mit 128-Bit-SSL-Verschl\u00fcsselung durchf\u00fchren.\n<div class=\"divider\" style=\"margin-top:2px; margin-bottom:2px; border-top:1px solid #CCCCCC;width:100%\"\/><\/div>\nWeitere Informationen hier: <em><strong><a href=\"https:\/\/admitere.cmu-edu.eu\">https:\/\/admitere.cmu-edu.eu<\/a><\/strong><\/em><\/div>\n<div class=\"ap_column ap-span2\"><h2>Informationsvermittlungen<\/h2>\n<p>W\u00e4hrend der Zulassungsphase organisieren wir jeden Montagnachmittag von 17.00 bis 18.00 Uhr Online-Meetings mit unseren Studenten und Absolventen. Wenn Sie die neuesten Nachrichten von ihnen und Informationen \u00fcber die Zulassung erfahren m\u00f6chten, laden wir Sie hier ein:\n<div class=\"divider\" style=\"margin-top:2px; margin-bottom:2px; border-top:1px solid #CCCCCC;width:100%\"\/><\/div>\n<strong><em><a href=\"https:\/\/maritimeconferences.online\/\">https:\/\/maritimeconferences.online\/<\/a><\/em><\/strong><\/div>\n<div class=\"ap_column ap-span2\"><h2>Kontakt<\/h2>\n<ul class=\"lista-doi\">\n<li>Kontakt<\/li>\n<li>E-mail: bcc@cmu-edu.eu<\/li>\n<li>Tel: +40241664740<\/li>\n<li>Mircea cel B\u0103tr\u00e2n, nr 104<\/li>\n<li>Constanta<\/li>\n<\/ul><\/div><\/div><\/p>\n","protected":false},"excerpt":{"rendered":"<p>VORTEILE KARRIEREM\u00d6GLICHKEITEN Absolventen des Studiengangs Offshore-\u00d6l- und -Gastechnologie und -Management k\u00f6nnen verschiedene Positionen in der Offshore-Industrie einnehmen, darunter: Offizier auf DP-Schiffen Spezialist f\u00fcr Projektplanung Bohrinspektor Leiter von Offshore-Installationen Betriebsleiter Projektplaner in der Offshore-Industrie Sicherheitsbeauftragter in der Offshore-Industrie Hydrographischer Inspektor Flottenbetriebsleiter<\/p>\n","protected":false},"author":4,"featured_media":0,"parent":0,"menu_order":0,"comment_status":"closed","ping_status":"closed","template":"","meta":{"footnotes":""},"class_list":["post-197","page","type-page","status-publish","hentry"],"_links":{"self":[{"href":"https:\/\/cmu-edu.eu\/de\/wp-json\/wp\/v2\/pages\/197","targetHints":{"allow":["GET"]}}],"collection":[{"href":"https:\/\/cmu-edu.eu\/de\/wp-json\/wp\/v2\/pages"}],"about":[{"href":"https:\/\/cmu-edu.eu\/de\/wp-json\/wp\/v2\/types\/page"}],"author":[{"embeddable":true,"href":"https:\/\/cmu-edu.eu\/de\/wp-json\/wp\/v2\/users\/4"}],"replies":[{"embeddable":true,"href":"https:\/\/cmu-edu.eu\/de\/wp-json\/wp\/v2\/comments?post=197"}],"version-history":[{"count":3,"href":"https:\/\/cmu-edu.eu\/de\/wp-json\/wp\/v2\/pages\/197\/revisions"}],"predecessor-version":[{"id":200,"href":"https:\/\/cmu-edu.eu\/de\/wp-json\/wp\/v2\/pages\/197\/revisions\/200"}],"wp:attachment":[{"href":"https:\/\/cmu-edu.eu\/de\/wp-json\/wp\/v2\/media?parent=197"}],"curies":[{"name":"wp","href":"https:\/\/api.w.org\/{rel}","templated":true}]}}