{"id":20,"date":"2019-01-21T09:14:19","date_gmt":"2019-01-21T09:14:19","guid":{"rendered":"https:\/\/cmu-edu.eu\/de\/?page_id=20"},"modified":"2019-01-31T09:06:30","modified_gmt":"2019-01-31T09:06:30","slug":"uber-uns","status":"publish","type":"page","link":"https:\/\/cmu-edu.eu\/de\/uber-uns\/","title":{"rendered":"\u00dcber Uns"},"content":{"rendered":"<div class=\"clearfix ap-row\"><div class=\"ap_column ap-span4\"><h2>Kurze Geschichte<\/h2>\n<p>1872 wurde in Galati die Flottillenschule gegr\u00fcndet, die Offiziere und Unteroffiziere f\u00fcr die Milit\u00e4rmarine und die Handelsflotte ausbildete.<\/p>\n<p>1909 wurde die Seehochschule von Constanta gegr\u00fcndet, und seit 1910 wurde der Name der Schule in &#8221; Milit\u00e4rschule f\u00fcr Artillerie, Genie und Marine &#8221; ge\u00e4ndert.<\/p>\n<p>1938 wurde in derselben Anstalt die Seehandelabteilung gegr\u00fcndet; Die Anstalt trug im Laufe der Zeit verschiedene Namen, so dass 1969 die Hochschule f\u00fcr Seeoffiziere den Namen des Herrschers &#8220;Mircea cel Batran&#8221; (Mircea der Alte) erhielt.<\/p>\n<p>1972-1989 aufgrund der Entwicklung der Handels- und Fischereiflotte wurde 1972 beschlossen, das Zivile Seeinstitut in Constanta zu gr\u00fcnden. Die Spezialistengruppe, die an die Erstellung des Lehrplans und den analytischen Programmen gearbeitet haben, bestand aus Langfristigem Kommandanten Gheorghe Balaban, Langfristigem Kommandanten Anton Beziris und Reservekommandant Andrei Tudorica. Alle drei waren bekannte Autoren von Arbeiten auf dem Gebiet der Navigation. Das Institut wurde im Herbst 1972 er\u00f6ffnet und hatte den Status einer Hochschuleinrichtung mit Rechtspers\u00f6nlichkeit f\u00fcr die Ausbildung von Seehandelsoffizieren. F\u00fcr das 1. Jahr der Hochschulbildung von 4 Jahren waren 11 Studiengruppen geplant, davon: &#8211; in der Navigationsabteilung &#8211; 3 Gruppen f\u00fcr &#8220;Navrom&#8221; und 2 Gruppen f\u00fcr die &#8221; Fischereiindustrie &#8220;; in der mechanischen Abteilung &#8211; 3 Gruppen f\u00fcr &#8220;Navrom&#8221; und eine Gruppe f\u00fcr &#8221; Fischereiindustrie &#8220;; in der elektrischen Abteilung &#8211; 2 Gruppen f\u00fcr &#8220;Navrom&#8221;. 1973 schlie\u00dft sich das Zivile Seeinstitut von Constanta mit der Milit\u00e4rschule der Seeoffiziere zusammen und bildet das Seeinstitut &#8220;Mircea cel Batran&#8221;(Mircea der Alte) von Constanta.<\/p>\n<p>1990 &#8211; 2000 Gr\u00fcndung des Zivilen Seeinstituts &#8211; Beschluss 113\/1990<\/p>\n<p>2000 \u2013 \u00c4nderung des Namens zur Universit\u00e4t f\u00fcr Schiffsingenieurwesen von Constanta.<\/p><\/div>\n<div class=\"ap_column ap-span2\"><h2>Das Wort des Rektors &#8211; Cornel Panait<\/h2>\n<p><img loading=\"lazy\" decoding=\"async\" class=\"alignleft size-full\" src=\"https:\/\/cmu-edu.eu\/wp-content\/uploads\/2018\/09\/cornel-panait.jpg\" width=\"170\" height=\"220\" \/><\/p>\n<p>Die Gr\u00fcndung der Universit\u00e4t f\u00fcr Schiffsingenieurwesen von Constanta am 6. Februar 1990 ist das mutigste und wichtigste Ereignis in ihrer Geschichte. Mit der Gr\u00fcndung der Universit\u00e4t wurden die Hoffnungen von Generationen junger Studenten oder potenzieller Studenten zusammengelegt, und die Bem\u00fchungen einiger Lehrer, die sich in der Lage gesehen haben, verantwortungsbewusste Entscheidungen f\u00fcr ihre Gegenwart und Zukunft zu treffen, haben sich materialisiert.<\/p>\n<p>Die Universit\u00e4t f\u00fcr Schiffsingenieurwesen von Constanta ist nach wie vor eine Anstalt im Dienste der rum\u00e4nischen Gesellschaft, mit der angenommenen Begabung den Hauptausbildungsort f\u00fcr See- und Flusstransportspezialisten in der maritimen und verwandten Industrie sowie einen Wissensgewinn der wissenschaftlichen und technischen Kreation zu sein.\n<div class=\"ap_toggle close\"><div class=\"ap_toggle_title\">Weiterlesen<\/div><div class=\"ap_toggle_content\"><p>In dem folgenden Zeitraum will die Universit\u00e4t f\u00fcr Schiffsingenieurwesen von Constanta einen regionalen Schwarzmeer-Exzellenzpol in der Ausbildung und Forschung im Seeverkehr werden und wird zur Vertiefung der Ingenieurwesensrolle im Bereich der<\/p>\n<p>Seeindustrie in der zuk\u00fcnftigen Gesellschaft beitragen.\nZum Zeitpunkt der Bilanz der Universit\u00e4t k\u00f6nnen wir nur stolz best\u00e4tigen, dass die Treuhandschaft derjenigen, die der neu gegr\u00fcndeten Institution vertrauen, erf\u00fcllt ist.<\/p>\n<p>Wir hoffen, dass, in der Zukunft, die gro\u00dfen Entwicklungsrichtungen, die wir uns gesetzt haben, eine Position in der Hierarchie der Meeresuniversit\u00e4ten nach unseren W\u00fcnschen und Bestrebungen einnehmen k\u00f6nnen!<\/div><\/div><\/p><\/div><\/div>\n","protected":false},"excerpt":{"rendered":"","protected":false},"author":4,"featured_media":0,"parent":0,"menu_order":0,"comment_status":"closed","ping_status":"closed","template":"","meta":{"footnotes":""},"class_list":["post-20","page","type-page","status-publish","hentry"],"_links":{"self":[{"href":"https:\/\/cmu-edu.eu\/de\/wp-json\/wp\/v2\/pages\/20","targetHints":{"allow":["GET"]}}],"collection":[{"href":"https:\/\/cmu-edu.eu\/de\/wp-json\/wp\/v2\/pages"}],"about":[{"href":"https:\/\/cmu-edu.eu\/de\/wp-json\/wp\/v2\/types\/page"}],"author":[{"embeddable":true,"href":"https:\/\/cmu-edu.eu\/de\/wp-json\/wp\/v2\/users\/4"}],"replies":[{"embeddable":true,"href":"https:\/\/cmu-edu.eu\/de\/wp-json\/wp\/v2\/comments?post=20"}],"version-history":[{"count":7,"href":"https:\/\/cmu-edu.eu\/de\/wp-json\/wp\/v2\/pages\/20\/revisions"}],"predecessor-version":[{"id":115,"href":"https:\/\/cmu-edu.eu\/de\/wp-json\/wp\/v2\/pages\/20\/revisions\/115"}],"wp:attachment":[{"href":"https:\/\/cmu-edu.eu\/de\/wp-json\/wp\/v2\/media?parent=20"}],"curies":[{"name":"wp","href":"https:\/\/api.w.org\/{rel}","templated":true}]}}