{"id":201,"date":"2021-09-23T09:14:43","date_gmt":"2021-09-23T09:14:43","guid":{"rendered":"https:\/\/cmu-edu.eu\/de\/?page_id=201"},"modified":"2021-09-23T09:18:18","modified_gmt":"2021-09-23T09:18:18","slug":"miv","status":"publish","type":"page","link":"https:\/\/cmu-edu.eu\/de\/miv\/","title":{"rendered":"Management integrierter Verkehrssysteme"},"content":{"rendered":"<div class=\"clearfix ap-row\"><div class=\"ap_column ap-span3\"><h2>Management integrierter Verkehrssysteme<\/h2>\n<p>Der Verkehrssektor ist f\u00fcr die moderne Wirtschaft und Gesellschaft von grundlegender Bedeutung. Dieser Sektor spielt eine Schl\u00fcsselrolle f\u00fcr die wirtschaftliche und soziale Entwicklung und sind eine potenzielle Quelle hervorragender Besch\u00e4ftigungs- und Karrierem\u00f6glichkeiten f\u00fcr mehrere Millionen Menschen, die an bereichsspeziphischen Aktivit\u00e4ten und Unternehmen weltweit beteiligt sind.<\/p>\n<p>Der Logistiksektor geh\u00f6rt zu den leistungsst\u00e4rksten Sektoren und ist zusammen mit dem multimodalen Verkehrssektor von wesentlicher Bedeutung f\u00fcr das wirksame Funktionieren des Binnenmarktes und des internationalen Marktes, indem er die Wettbewerbsf\u00e4higkeit gew\u00e4hrleistet und neue Gesch\u00e4fts- und Besch\u00e4ftigungsm\u00f6glichkeiten schafft.<\/p>\n<p>Der Master-Studiengang &#8220;Management integrierter Verkehrssysteme&#8221; richtet sich an diejenigen, die ihre beruflichen F\u00e4higkeiten und Kompetenzen im Zusammenhang mit der Organisation und dem Betrieb der Lieferkettenlogistik und der verschiedenen multimodalen Verkehrssysteme entwickeln und verbessern m\u00f6chten. Die Absolventen erwerben die notwendigen F\u00e4higkeiten, um auf dem rum\u00e4nischen und internationalen Verkehrsmarkt ausgew\u00e4hlt zu werden.<\/p>\n<p>Das Studienprogramm dauert 2 Jahre und soll den Absolventen die notwendigen F\u00e4higkeiten vermitteln, um die Planung, die Organisation, den Betrieb und die Bewertung von integrierten Verkehrssystemen in Bezug auf die Realit\u00e4t des Gesch\u00e4ftsumfelds auf dem nationalen und internationalen Markt anzugehen.<\/p><\/div>\n<div class=\"ap_column ap-span3\"><h2>WAS SIE STUDIEREN WERDEN<\/h2>\n<p>Der interdisziplin\u00e4re Lehrplan orientiert sich an internationalen Standards und erstreckt sich \u00fcber 4 Semester: 3 Semester f\u00fcr Lehrveranstaltungen und 1 Semester f\u00fcr die Masterarbeit. Die Lehrplaninhalte tragen zur Ausbildung von technisch-wirtschaftlichen und betriebswirtschaftlichen F\u00e4higkeiten f\u00fcr eine erfolgreiche Karriere bei.<\/p>\n<ul class=\"lista-doi\">\n<li>Lieferkettenmanagement<\/li>\n<li>Effizienz der Verkehrsinvestitionen<\/li>\n<li>Verkehrsrisikobewertung und -umgang<\/li>\n<li>Integrierte Verkehrsmanagementsysteme<\/li>\n<li>Strategisches Management<\/li>\n<li>Management-Informationssysteme<\/li>\n<li>Fracht- und Fahrzeugkontrolle<\/li>\n<li>Optimierung im Verkehrswesen<\/li>\n<\/ul>\n<ul>\n<li>Dauer: <strong>4 Jahre\/8 Semester<\/strong><\/li>\n<li>Beginn des Studiums:<strong> Oktober<\/strong><\/li>\n<li>ECTS-Punkte: <strong>120<\/strong><\/li>\n<li>Verf\u00fcgbare Pl\u00e4tze: <strong>50\/7 (geb\u00fchrenfrei).<\/strong><\/li>\n<li>Sprache: <strong>Rum\u00e4nisch<\/strong><\/li>\n<li>Standort: <strong>Constan\u021ba<\/strong><\/li>\n<li>Studiengeb\u00fchr: <strong>2400 Lei\/Semester<\/strong><\/li>\n<\/ul>\n<p>&nbsp;<\/p><\/div><\/div>\n<div style=\"background-color: #f5f5f5;padding: 10px;text-align: center\">\n<h1 style=\"padding-bottom: 30px\">VORTEILE<\/h1>\n<div class=\"clearfix ap-row\"><div class=\"ap_column ap-span2\"><div style=\"background-color: #ffffff;padding: 10px;margin: 10px;height: 260px\">\n<h3>Internationale Anerkennung<\/h3>\n<p>Das Ingenieurdiplom ist international anerkannt und bietet Ihnen die M\u00f6glichkeit, weltweit im Verkehrsbereich angestellt zu werden.<\/p>\n<\/div>\n<div style=\"background-color: #ffffff;padding: 10px;margin: 10px;height: 260px\">\n<h3>Alternativen<\/h3>\n<p>Alle unsere Absolventen k\u00f6nnen sich f\u00fcr eine Karriere in einem beliebigen Sektor der Transportindustrie entscheiden: See-, Stra\u00dfen-, Eisenbahn- oder Luftverkehr.<\/p>\n<\/div><\/div>\n<div class=\"ap_column ap-span4\"><div style=\"padding: 10px;margin: 10px;text-align: left\">\n<p>Nach Abschluss des Studienprogramms werden die Absolventen unter anderem folgende Ziele erreichen:<\/p>\n<ul class=\"lista-doi\">\n<li>Nach Abschluss des Studienprogramms werden die Absolventen unter anderem folgende Ziele erreichen:<\/li>\n<li>Optimierung der jeweiligen Prozesse des Lieferkettenmanagements;<\/li>\n<li>Verst\u00e4ndnis der grundlegenden Besonderheiten von Verkehrsinvestitionen;<\/li>\n<li>Entwicklung der F\u00e4higkeit zur Analyse und zum Umgang mit Risiken, die beim Betrieb der verschiedenen Verkehrssysteme und Verkehrsmittel auftreten k\u00f6nnen;Risikomanagement in Verkehrsunternehmen;<\/li>\n<li>Erwerb von Kenntnissen \u00fcber Verfahren zur \u00dcberwachung der verkehrsspezifischen Vorg\u00e4nge und zur Sicherstellung der Einhaltung der Umweltschutzanforderungen sowie zur Reduzierung der externen Kosten;<\/li>\n<li>Entwicklung und Vertiefung des Begriffs &#8220;Informationssystem in der Logistik&#8221;;<\/li>\n<li>Lernmethoden zur Optimierung von Verkehrsdienstleistungen mit dem Ziel, das Verh\u00e4ltnis zwischen Nutzen und Kosten zu maximieren.<\/li>\n<\/ul>\n<\/div><\/div><\/div>\n<\/div>\n<p><a href=\"https:\/\/cmu-edu.eu\/navigatie\/wp-content\/uploads\/sites\/18\/2020\/06\/banner-ing.jpg\"><img loading=\"lazy\" decoding=\"async\" class=\"alignleft size-full wp-image-494\" src=\"https:\/\/cmu-edu.eu\/navigatie\/wp-content\/uploads\/sites\/18\/2020\/06\/banner-ing.jpg\" alt=\"\" width=\"1920\" height=\"666\" \/><\/a><\/p>\n<div style=\"background-color: #ffcb74;padding: 10px\">\n<h2>KARRIEREM\u00d6GLICHKEITEN<\/h2>\n<p>Der Master-Studiengang &#8220;Management integrierter Verkehrssysteme&#8221; vermittelt den Absolventen F\u00e4higkeiten f\u00fcr eine Vielzahl von verkehrsspezifischen T\u00e4tigkeiten, die einen erheblichen Einfluss auf die Gesellschaft und die moderne Wirtschaft haben.<\/p>\n<p>Die Aufgabe des Masterstudiengangs &#8220;Management integrierter Verkehrssysteme&#8221; besteht darin, die im Grundstudium begonnene Ausbildung von Fachleuten im Bereich des Ingenieurwesens und des Managements zu erweitern, und zwar unter dem Gesichtspunkt der Vermittlung von Management- und technisch-wirtschaftlichen F\u00e4higkeiten, die erforderlich sind, um die Planung, die Organisation, den Betrieb und die Bewertung integrierter Verkehrssysteme in Bezug auf die Realit\u00e4t des Unternehmensumfelds auf dem nationalen und internationalen Markt anzugehen.<\/p>\n<p>Der Logistiksektor und der multimodale Verkehrssektor wurden als die leistungsst\u00e4rksten Zweige identifiziert, da sie besonders wichtig f\u00fcr das Bestehen eines effektiven internen und internationalen Marktes sind, der die Wettbewerbsf\u00e4higkeit sicherstellt und neue Gesch\u00e4ftsm\u00f6glichkeiten und Arbeitspl\u00e4tze schafft.<\/p>\n<p>Diese Sektoren spielen eine grundlegende Rolle f\u00fcr die wirtschaftliche und soziale Entwicklung und sind eine potenzielle Quelle hervorragender Besch\u00e4ftigungs- und Karrierem\u00f6glichkeiten f\u00fcr eine betr\u00e4chtliche Anzahl von Menschen, die an bereichsspeziphischen Aktivit\u00e4ten und Unternehmen weltweit beteiligt sind.<\/p>\n<\/div>\n<p><hr class=\"ap-spacing\" style=\"height:10px\"\/><br \/>\n<div class=\"clearfix ap-row\"><div class=\"ap_column ap-span2\"><h2>Aufnahmepr\u00fcfung<\/h2>\n<p>Dies ist das dritte Jahr, in dem wir die Online-Aufnahmepr\u00fcfung mit 128-Bit-SSL-Verschl\u00fcsselung durchf\u00fchren.\n<div class=\"divider\" style=\"margin-top:2px; margin-bottom:2px; border-top:1px solid #CCCCCC;width:100%\"\/><\/div>\nWeitere Informationen hier: <em><strong><a href=\"https:\/\/admitere.cmu-edu.eu\">https:\/\/admitere.cmu-edu.eu<\/a><\/strong><\/em><\/div>\n<div class=\"ap_column ap-span2\"><h2>Informationsvermittlungen<\/h2>\n<p>W\u00e4hrend der Zulassungsphase organisieren wir jeden Montagnachmittag von 17.00 bis 18.00 Uhr Online-Meetings mit unseren Studenten und Absolventen. Wenn Sie die neuesten Nachrichten von ihnen und Informationen \u00fcber die Zulassung erfahren m\u00f6chten, laden wir Sie hier ein:\n<div class=\"divider\" style=\"margin-top:2px; margin-bottom:2px; border-top:1px solid #CCCCCC;width:100%\"\/><\/div>\n<strong><em><a href=\"https:\/\/maritimeconferences.online\/\">https:\/\/maritimeconferences.online\/<\/a><\/em><\/strong><\/div>\n<div class=\"ap_column ap-span2\"><h2>Kontakt<\/h2>\n<ul class=\"lista-doi\">\n<li>Kontakt<\/li>\n<li>E-mail: bcc@cmu-edu.eu<\/li>\n<li>Tel: +40241664740<\/li>\n<li>Mircea cel B\u0103tr\u00e2n, nr 104<\/li>\n<li>Constanta<\/li>\n<\/ul><\/div><\/div><\/p>\n","protected":false},"excerpt":{"rendered":"<p>VORTEILE KARRIEREM\u00d6GLICHKEITEN Der Master-Studiengang &#8220;Management integrierter Verkehrssysteme&#8221; vermittelt den Absolventen F\u00e4higkeiten f\u00fcr eine Vielzahl von verkehrsspezifischen T\u00e4tigkeiten, die einen erheblichen Einfluss auf die Gesellschaft und die moderne Wirtschaft haben. Die Aufgabe des Masterstudiengangs &#8220;Management integrierter Verkehrssysteme&#8221; besteht darin, die im Grundstudium begonnene Ausbildung von Fachleuten im Bereich des Ingenieurwesens und des Managements zu erweitern, und [&hellip;]<\/p>\n","protected":false},"author":4,"featured_media":0,"parent":0,"menu_order":0,"comment_status":"closed","ping_status":"closed","template":"","meta":{"footnotes":""},"class_list":["post-201","page","type-page","status-publish","hentry"],"_links":{"self":[{"href":"https:\/\/cmu-edu.eu\/de\/wp-json\/wp\/v2\/pages\/201","targetHints":{"allow":["GET"]}}],"collection":[{"href":"https:\/\/cmu-edu.eu\/de\/wp-json\/wp\/v2\/pages"}],"about":[{"href":"https:\/\/cmu-edu.eu\/de\/wp-json\/wp\/v2\/types\/page"}],"author":[{"embeddable":true,"href":"https:\/\/cmu-edu.eu\/de\/wp-json\/wp\/v2\/users\/4"}],"replies":[{"embeddable":true,"href":"https:\/\/cmu-edu.eu\/de\/wp-json\/wp\/v2\/comments?post=201"}],"version-history":[{"count":3,"href":"https:\/\/cmu-edu.eu\/de\/wp-json\/wp\/v2\/pages\/201\/revisions"}],"predecessor-version":[{"id":203,"href":"https:\/\/cmu-edu.eu\/de\/wp-json\/wp\/v2\/pages\/201\/revisions\/203"}],"wp:attachment":[{"href":"https:\/\/cmu-edu.eu\/de\/wp-json\/wp\/v2\/media?parent=201"}],"curies":[{"name":"wp","href":"https:\/\/api.w.org\/{rel}","templated":true}]}}