{"id":209,"date":"2022-10-31T08:54:49","date_gmt":"2022-10-31T08:54:49","guid":{"rendered":"https:\/\/cmu-edu.eu\/de\/?page_id=209"},"modified":"2022-10-31T09:02:58","modified_gmt":"2022-10-31T09:02:58","slug":"bv","status":"publish","type":"page","link":"https:\/\/cmu-edu.eu\/de\/fakultat-fur-schifffahrt\/bv\/","title":{"rendered":"Betriebswirtschaftslehre im Verkehrswesen"},"content":{"rendered":"<div class=\"clearfix ap-row\"><div class=\"ap_column ap-span3\"><h2>BBetriebswirtschaftslehre im Verkehrswesen<\/h2>\n<p>Der Verkehrssektor hat erhebliche wirtschaftliche und soziale Auswirkungen auf die Besch\u00e4ftigung und die T\u00e4tigkeit in der Hafenwirtschaft, in der nachgelagerten Lieferkette und in der Wirtschaft insgesamt. Einige der leistungsst\u00e4rksten Sektoren sind die Logistik und der multimodale Verkehr, die f\u00fcr das wirksame Funktionieren des Binnenmarktes und des internationalen Marktes von grundlegender Bedeutung sind, da sie neue M\u00f6glichkeiten f\u00fcr Unternehmen schaffen und f\u00fcr Wettbewerbsf\u00e4higkeit und Besch\u00e4ftigung sorgen.<\/p>\n<p>Der Master-Studiengang Betriebswirtschaftslehre im Verkehrswesen richtet sich an diejenigen, die Themen studieren m\u00f6chten, die ihnen die M\u00f6glichkeit bieten, ihre beruflichen F\u00e4higkeiten und Kompetenzen zu entwickeln und zu verbessern. So lernen und vertiefen sie in Form von Modellen das Wissen \u00fcber den Aufbau und die Funktionsweise von Gesch\u00e4ftsabl\u00e4ufen, um die gew\u00fcnschte Leistung und ein angemessenes Risikomanagement in Organisationen zu erreichen.<\/p>\n<p>Das Programm wird Fachleute mit einer h\u00f6heren technischen Ausbildung in Wirtschaftswissenschaften ausbilden, die in technischen Bereichen arbeiten k\u00f6nnen, in denen der Einsatz von Digitalisierung und Gesch\u00e4ftsmodellen, Instrumenten zur Messung der Verkehrsleistung und fortgeschrittenen Techniken angebracht ist. Sie werden in der Lage sein, komplexe Herausforderungen im Verkehrssektor oder in Verkehrsinstitutionen zu bew\u00e4ltigen, wenn es um die Planung und Verwaltung von Infrastrukturfragen oder die Festlegung von Strategien zur Risikominimierung geht.\nDas zweij\u00e4hrige Programm soll den Absolventen die F\u00e4higkeiten vermitteln, die sie ben\u00f6tigen, um den Realit\u00e4ten des Gesch\u00e4ftsumfelds gerecht zu werden und auf dem rum\u00e4nischen und internationalen Verkehrsmarkt eingestellt zu werden.<\/p><\/div>\n<div class=\"ap_column ap-span3\"><h2>WAS SIE STUDIEREN WERDEN<\/h2>\n<p>Das interdisziplin\u00e4re Curriculum orientiert sich an internationalen Standards und erstreckt sich \u00fcber 4 Semester: 3 Semester f\u00fcr akademische Aktivit\u00e4ten und 1 Semester f\u00fcr die Anfertigung der Abschlussarbeit. Die Inhalte des Curriculums tragen zur Ausbildung von technisch-wirtschaftlichen und betriebswirtschaftlichen F\u00e4higkeiten f\u00fcr eine erfolgreiche Karriere bei.<\/p>\n<ul class=\"lista-doi\">\n<li>Gesch\u00e4ftsentwicklung,<\/li>\n<li>Management und Verwaltung im Verkehrswesen,<\/li>\n<li>Wirtschaftliches Umfeld und internationaler Handel,<\/li>\n<li>Transportunternehmertum und nachhaltige Entwicklung,<\/li>\n<li>Betriebsmanagement, Leistungsmessung im Verkehrswesen,<\/li>\n<li>Unfalluntersuchung und Risikomanagement im Verkehrswesen<\/li>\n<li>Digitalisierung und neue Gesch\u00e4ftsmodelle,<\/li>\n<li>Integrierte Managementsysteme im Verkehrswesen,<\/li>\n<li>Infrastrukturplanung und -management,<\/li>\n<li>Verkehrssystemtechnik,<\/li>\n<li>Wirtschaftsethik und Unternehmensf\u00fchrung<\/li>\n<\/ul>\n<p><strong><em><a href=\"https:\/\/cmu-edu.eu\/navigatie\/wp-content\/uploads\/sites\/18\/2022\/05\/curriculum-BAT.pdf\" target=\"_blank\" rel=\"noopener noreferrer\">Download Curriculum<\/a><\/em><\/strong><\/p><\/div><\/div>\n<div style=\"background-color: #f5f5f5;padding: 10px;text-align: center\">\n<h1 style=\"padding-bottom: 30px\">VORTEILE<\/h1>\n<div class=\"clearfix ap-row\"><div class=\"ap_column ap-span6\"><div style=\"background-color: #ffffff;padding: 10px;margin: 10px;height: auto\">\n<h3>Internationale Anerkennung<\/h3>\n<p>Der Abschluss als Bachelor of Engineering ist international anerkannt und bietet die M\u00f6glichkeit, \u00fcberall auf der Welt im Verkehrssektor zu arbeiten.<\/p>\n<\/div>\n<div class=\"ap_column ap-span6\"><\/div>\n<div style=\"background-color: #ffffff;padding: 10px;margin: 10px;height: auto\">\n<h3>Alternativen<\/h3>\n<p>Alle unsere Absolventen k\u00f6nnen sich f\u00fcr eine Karriere in einem beliebigen Sektor der Transportindustrie entscheiden: See-, Stra\u00dfen-, Eisenbahn- oder Luftverkehr.<\/p>\n<ul class=\"lista-doi\" style=\"text-align: left\">\n<li><strong>Nach Abschluss der akademischen Curricula werden die Absolventen die folgenden Ziele erreichen:<\/strong><\/li>\n<li>Erwerb von fortgeschrittenen Kenntnissen auf dem Gebiet der Betriebswirtschaftslehre im Verkehrswesen<\/li>\n<li>Entwicklung der f\u00fcr das moderne Gesch\u00e4ftsumfeld erforderlichen Management- und Berufsf\u00e4higkeiten<\/li>\n<li>Theoretische und praktische Ausbildung der Studierenden auf dem Niveau der aktuellen und zuk\u00fcnftigen Anforderungen des internationalen Verkehrsmarktes f\u00fcr eine einfache Integration der Absolventen in den Arbeitsmarkt<\/li>\n<li>Erwerb der Kompetenzen eines Spezialisten, der sich im Bereich des Verkehrs, im Bereich des Ingenieurwesens, aber auch im Bereich der Wirtschaft weiterentwickeln kann.<\/li>\n<li>Studium der Disziplinen, die die notwendigen Informationen in Form von Modellen oder Kenntnissen \u00fcber die Struktur und Funktionsweise von Gesch\u00e4ftsprozessen im Verkehrsbereich liefern, um die gew\u00fcnschte Leistung und ein angemessenes Risikomanagement in Organisationen zu erreichen.<\/li>\n<li>Ausbildung von Fachleuten, die \u00fcber eine h\u00f6here technische Ausbildung mit wirtschaftlichem Profil verf\u00fcgen und in der Lage sind, ihre T\u00e4tigkeit im technischen Bereich auszu\u00fcben, der f\u00fcr den Einsatz von Digitalisierung und Gesch\u00e4ftsmodellen, Werkzeugen zur Leistungsmessung im Verkehrswesen, fortgeschrittenen Techniken, die zur L\u00f6sung komplexer Herausforderungen im Verkehrsbereich erforderlich sind, oder spezialisierten Einrichtungen, in denen die Planung und Verwaltung von Infrastrukturfragen oder die Festlegung von Strategien zur Risikominimierung von wesentlicher Bedeutung sind, usw. geeignet ist<\/li>\n<li>Erwerb fortgeschrittener Kenntnisse in Bereichen wie Gr\u00fcndung und Entwicklung unternehmerischer Organisationen, nachhaltige Entwicklung, soziale Verantwortung, Corporate Governance und Unternehmensethik.<\/li>\n<\/ul>\n<\/div><\/div><\/div>\n<\/div>\n<p><img loading=\"lazy\" decoding=\"async\" class=\"alignnone wp-image-840 size-full\" src=\"https:\/\/cmu-edu.eu\/navigatie\/wp-content\/uploads\/sites\/18\/2022\/05\/banner-bat2.jpg\" alt=\"\" width=\"1920\" height=\"550\" \/><\/p>\n<div style=\"background-color: #ffcb74;padding: 10px\">\n<h2>KARRIEREM\u00d6GLICHKEITEN<\/h2>\n<p>Der Masterstudiengang Betriebswirtschaftslehre im Verkehrswesen vermittelt dem Absolventen F\u00e4higkeiten f\u00fcr eine Vielzahl von verkehrstechnischen und betriebswirtschaftlichen T\u00e4tigkeiten mit erheblichen Auswirkungen auf die moderne Gesellschaft und Wirtschaft.<\/p>\n<p>So erwirbt der Absolvent die F\u00e4higkeiten eines Spezialisten, der sich im Bereich der Ingenieurwissenschaften und des Managements, aber auch im Bereich der See-, Fluss-, Eisenbahn-, Stra\u00dfen- oder Hafent\u00e4tigkeiten weiterentwickeln kann.<\/p>\n<p>Der Master-Studiengang Betriebswirtschaftslehre im Verkehrswesen zielt darauf ab, den durch das Bachelor-Studium eingeleiteten Ausbildungsprozess von Fachleuten im Bereich Ingenieurwesen und Management zu erweitern, und zwar unter dem Gesichtspunkt der Vermittlung von Management- und technisch-wirtschaftlichen Kompetenzen, die erforderlich sind, um die Planung, die Organisation, den Betrieb und die Bewertung von Verkehrssystemen in Bezug auf die Realit\u00e4t des Unternehmensumfelds auf dem nationalen und internationalen Markt anzugehen.<\/p>\n<p>Der Logistiksektor und der multimodale Verkehr haben sich als die erfolgreichsten Sektoren herauskristallisiert, da sie besonders wichtig f\u00fcr einen funktionierenden Binnenmarkt und internationalen Markt sind, die Wettbewerbsf\u00e4higkeit gew\u00e4hrleisten und neue Gesch\u00e4ftsm\u00f6glichkeiten und Arbeitspl\u00e4tze schaffen.<\/p>\n<p>Diese Sektoren spielen eine grundlegende Rolle in der wirtschaftlichen und sozialen Entwicklung und sind eine potenzielle Quelle hervorragender Besch\u00e4ftigungs- und Karrierem\u00f6glichkeiten f\u00fcr eine betr\u00e4chtliche Anzahl von Menschen, die an Aktivit\u00e4ten und Unternehmen weltweit beteiligt sind.<\/p>\n<\/div>\n<div class=\"ascuns\">\n<div style=\"background-color: #f5f5f5;padding: 10px\">\n<h1>Testimoniale<\/h1>\n<p><div class=\"clearfix ap-row\"><div class=\"ap_column ap-span2\"><a href=\"https:\/\/cmu-edu.eu\/navigatie\/wp-content\/uploads\/sites\/18\/2020\/06\/MIRCEA-PANAIT-400.jpg\"><img loading=\"lazy\" decoding=\"async\" class=\"size-full wp-image-449 alignleft\" src=\"https:\/\/cmu-edu.eu\/navigatie\/wp-content\/uploads\/sites\/18\/2020\/06\/MIRCEA-PANAIT-400.jpg\" alt=\"\" width=\"400\" height=\"400\" \/><\/a><\/div>\n<div class=\"ap_column ap-span4\"><h2>Mircea Panait<\/h2>\n<p>Am terminat UMC \u00een 2006 \u0219i dup\u0103 cade\u021bie am facut \u00eenc\u0103 un contract pe containere pe func\u021bia de Ofi\u021ber 3.\u00a0 Apoi am avut oportunitatea de a trece la Pasagere. Am \u00eenceput cu Norvegian Cruise Line NCL. unde am \u00eenteles mai bine ce \u00eenseamn\u0103 un altfel de mediu de munc\u0103 \u0219i rela\u021bii interdepartamentale. Dup\u0103 un contract de Ofi\u021ber 2 la NCL, \u00een 2008 am reusit s\u0103 intru \u00een echipa Royal Caribbean unde sunt \u0219i dup\u0103 mai bine de 10 ani.<\/p>\n<p>Nu a fost u\u0219or pentru c\u0103 rom\u00e2nii nu erau a\u0219a de frecven\u021bi pe vasele de croazier\u0103. Am fost primul ofi\u021ber rom\u00e2n pe NCL \u0219i tot la fel printre primii la Royal Caribbean. Am \u00eenv\u0103\u021bat lec\u021bii frumoase, unele mai grele, altele mai u\u0219oare &#8230; \u0219i cel mai mult am \u00eenteles c\u0103 r\u0103bdarea \u0219i bun\u0103 cooperare cu colegii \u0219i superiorii reprezint\u0103 cheia succesului! Am urcat \u00eencet dar sigur \u00een grad \u0219i acum \u00een sf\u00e2r\u0219it am primit promovarea de Chief Officer Safety, ce implic\u0103 lucru cu toate departamentele, training pentru tot echipajul de 860 persoane \u0219i responsabilitatea cu siguran\u021ba la bord.<\/p>\n<p>\u00cen perioada 2014-2015 am fost 1st Officer pe Allure of the Seas, care era atunci cea mai mare nav\u0103 de pasageri din lume. \u00cen 2018 am participat la training-ul a 2300 de oameni din echipajul navei Symphony of the Seas care este, la momentul actual&#8230; cea mai nav\u0103 de pasageri din lume!<\/div><\/div><br \/>\n<div class=\"clearfix ap-row\"><div class=\"ap_column ap-span2\"><a href=\"https:\/\/cmu-edu.eu\/navigatie\/wp-content\/uploads\/sites\/18\/2020\/06\/tudorica-400.jpg\"><img loading=\"lazy\" decoding=\"async\" class=\"wp-image-453 size-full alignleft\" src=\"https:\/\/cmu-edu.eu\/navigatie\/wp-content\/uploads\/sites\/18\/2020\/06\/tudorica-400.jpg\" alt=\"\" width=\"400\" height=\"400\" \/><\/a><\/div>\n<div class=\"ap_column ap-span4\"><h2>Georgiana Tudorica<\/h2>\n<h3>\u0218ef de Promo\u021bie<\/h3>\n<p>Dup\u0103 ce am absolvit cursurile Facult\u0103\u021bii de Naviga\u021bie, mi-am \u00eenceput perioada de cade\u021bie la Maersk Tankers. Am continuat s\u0103 navig la Maersk Tankers, ca ofi\u021ber III \u0219i II, pe tancuri chimice \u0219i petroliere p\u00e2n\u0103 \u00een anul 2018 c\u00e2nd m-am decis s\u0103 urmez o carier\u0103 la uscat.<\/p>\n<p>Am lucrat ca Vessel Operator, pe partea comercial\u0103, pentru tancuri chimice la Ace Tankers in Amsterdam iar recent am \u00eenceput pe un nou drum, Assistant Marine Superintendent la K Line LNG UK \u00een Londra.<\/p>\n<p>Personal, mi-am dorit \u00eentotdeauna s\u0103 c\u0103l\u0103toresc \u0219i s\u0103 vad lumea, iar cariera de ofiter a fost decizia ce mai bun\u0103 \u00een privin\u021ba asta. De\u0219i am avut multe piedici, fiind o femeie \u00eentr-o lume dominat\u0103 de barba\u021bi, am reu\u0219it s\u0103 r\u0103zbat \u0219i mi-am \u00eemplinit visul. Chiar dac\u0103 partea financiar\u0103 reprezint\u0103 un mare plus, este la fel de important s\u0103 nu fie unica atrac\u021bie.\nPentru a reu\u0219i \u00een acest domeniu este nevoie de pasiune \u0219i recomand actualilor \u0219i viitorilor studen\u021bi s\u0103 \u00eencerce s\u0103 vad\u0103 \u0219i p\u0103r\u021bile pozitive ale navigatului \u0219i s\u0103 se bucure de fiecare r\u0103s\u0103rit \u0219i apus pe mare.<\/p><\/div><\/div><\/p>\n<\/div>\n<p><div class=\"clearfix ap-row\"><div class=\"ap_column ap-span2\"><a href=\"https:\/\/cmu-edu.eu\/navigatie\/wp-content\/uploads\/sites\/18\/2020\/06\/echimov400.jpg\"><img loading=\"lazy\" decoding=\"async\" class=\"wp-image-456 size-full alignleft\" src=\"https:\/\/cmu-edu.eu\/navigatie\/wp-content\/uploads\/sites\/18\/2020\/06\/echimov400.jpg\" alt=\"\" width=\"400\" height=\"400\" \/><\/a><\/div>\n<div class=\"ap_column ap-span4\"><h2>Nina Ehimov<\/h2>\n<p>Am absolvit UMC-ul in 2012 si din 2014 lucrez pe nave de croazier\u0103. Am \u00eenceput ca Ofi\u021ber 3 in 2014, Ofi\u021ber 2 in 2015, Ofi\u021ber 1 din 2016 \u0219i, din Ianuarie 2019, Chief Officer Deck.<\/p>\n<p>\u00cenceputul nu este u\u0219or deloc, t\u0103ria se formeaz\u0103 din mers \u0219i experientele prin care trecem, dar, inainte de toate, cea mai important\u0103 este funda\u021bia, baza cu care pornim la drum. Dac\u0103 e \u0219ubred\u0103, nu poti cl\u0103di ceva rezistent pe ea, \u00eens\u0103 dac\u0103 funda\u021bia e solid\u0103, poti intrece orice limit\u0103. Mul\u021bumirile mele profunde merg c\u0103tre to\u021bi profesorii care pe timpul facult\u0103tii au pus bazele form\u0103rii mele.<\/p>\n<p>Dac\u0103 a\u0219 putea schimba ceva din timpul facult\u0103\u021bii? Mai multe c\u0103r\u021bi citite \u0219i a\u0219 &#8220;deranja&#8221; mai mult profesorii cu \u00eentreb\u0103ri (sunt sigur\u0103 c\u0103 nu s-ar sup\u0103ra). Pe timpul facult\u0103\u021bii era u\u0219or: cursul ne era prezentat \u0219i \u0219tiam c\u0103 urma examenul, ins\u0103 la munc\u0103 se schimb\u0103 situa\u021bia: suntem testa\u021bi, apoi urmeaz\u0103 \u0219i lec\u021bia!<\/div><\/div><br \/>\n<hr class=\"ap-spacing\" style=\"height:10px\"\/><br \/>\n<div class=\"clearfix ap-row\"><div class=\"ap_column ap-span2\"><a href=\"https:\/\/cmu-edu.eu\/navigatie\/wp-content\/uploads\/sites\/18\/2020\/06\/vlaciu400.jpg\"><img loading=\"lazy\" decoding=\"async\" class=\"wp-image-458 size-full alignleft\" src=\"https:\/\/cmu-edu.eu\/navigatie\/wp-content\/uploads\/sites\/18\/2020\/06\/vlaciu400.jpg\" alt=\"\" width=\"400\" height=\"400\" \/><\/a><\/div>\n<div class=\"ap_column ap-span4\"><h2>Victor Vlaciu<\/h2>\n<p>\u00cen 2009, fiind student anul III al Facult\u0103\u021bii UMC \u2013 Facultatea de Naviga\u021bie \u0219i Transport Naval, mi-am facut cadetia o pe nav\u0103 tip tanc petrolier. Dupa absolvire, din 2011, am navigat ca Ofiter 3 p\u00e2n\u0103 \u00een anul 2015 cand am avut posibilitatea de a promova Chief Officer pe Tancuri petroliere. Din anul 2017 sunt Comandant pe o nava tip Offshore &#8211; F. C. B., nav\u0103 de trasfer persoane \u0219i remorcaj portuar pentru o firm\u0103 elve\u021bian\u0103, Offshore Angola.<\/p>\n<p>Mul\u021bumesc Bunului Dumnezeu c\u0103 mi-a \u00eendrumat pa\u0219ii c\u0103tre UMC, unde am cunoscut colegi minuna\u021bi, profesori 100% dedica\u021bi \u0219i implica\u021bi \u00een cre\u0219terea mea universitar\u0103 \u0219i profesional\u0103!\nRecomand Facultatea de Naviga\u021bie \u0219i Transport Naval din UMC &#8211; Sec\u021bia Naviga\u021bie nu doar pentru stereotipul &#8220;meserie b\u0103noas\u0103 &#8220;, ci pentru o carier\u0103 pentru o via\u021b\u0103 \u0219i o multitudine de oportunit\u0103\u021bi.<\/p>\n<p>\u0218i DA &#8211; am reu\u0219it in via\u021ba profesional\u0103, social\u0103 \u0219i de familie \u0219i datorit\u0103 Universit\u0103\u021bii Maritime Constan\u021ba!\nDac\u0103 vrei \u0219i crezi, po\u021bi! Succes UMC-isti !<\/div><\/div><\/p>\n<\/div>\n<hr class=\"ap-spacing\" style=\"height:10px\"\/>\n<div class=\"clearfix ap-row\"><div class=\"ap_column ap-span2\"><h2>AUFNAHMEPR\u00dcFUNG<\/h2>\n<p>Dies ist das dritte Jahr, in dem wir die Online-Aufnahmepr\u00fcfung mit 128-Bit-SSL-Verschl\u00fcsselung durchf\u00fchren.\n<div class=\"divider\" style=\"margin-top:2px; margin-bottom:2px; border-top:1px solid #CCCCCC;width:100%\"\/><\/div>\nWeitere Informationen hier: <em><strong><a href=\"https:\/\/cmu-edu.eu\/admitere\/\" target=\"_blank\" rel=\"noopener noreferrer\">Aufnahmepr\u00fcfung<\/a><\/strong><\/em><\/div>\n<div class=\"ap_column ap-span2\"><h2>Informationsvermittlungen<\/h2>\n<p>Wir laden Sie ein, Details und Neuigkeiten \u00fcber unsere Aktivit\u00e4ten auf unserer Facebook-Seite zu finden:\n<div class=\"divider\" style=\"margin-top:2px; margin-bottom:2px; border-top:1px solid #CCCCCC;width:100%\"\/><\/div>\n<strong><em><a href=\"https:\/\/www.facebook.com\/NavigatieUMC\">Facebook<\/a><\/em><\/strong><\/div>\n<div class=\"ap_column ap-span2\"><h2>Kontakt<\/h2>\n<ul class=\"lista-doi\">\n<li>Kontakt<\/li>\n<li>E-mail: <a href=\"mailto:departament.management@cmu-edu.eu\" target=\"_blank\" rel=\"noopener noreferrer\">departament.management@cmu-edu.eu<\/a><\/li>\n<li>Tel: +40241664740<\/li>\n<li>104, Mircea cel B\u0103tr\u00e2n street<\/li>\n<li>Constanta<\/li>\n<\/ul><\/div><\/div>\n","protected":false},"excerpt":{"rendered":"<p>VORTEILE KARRIEREM\u00d6GLICHKEITEN Der Masterstudiengang Betriebswirtschaftslehre im Verkehrswesen vermittelt dem Absolventen F\u00e4higkeiten f\u00fcr eine Vielzahl von verkehrstechnischen und betriebswirtschaftlichen T\u00e4tigkeiten mit erheblichen Auswirkungen auf die moderne Gesellschaft und Wirtschaft. So erwirbt der Absolvent die F\u00e4higkeiten eines Spezialisten, der sich im Bereich der Ingenieurwissenschaften und des Managements, aber auch im Bereich der See-, Fluss-, Eisenbahn-, Stra\u00dfen- oder [&hellip;]<\/p>\n","protected":false},"author":4,"featured_media":0,"parent":23,"menu_order":0,"comment_status":"closed","ping_status":"closed","template":"","meta":{"footnotes":""},"class_list":["post-209","page","type-page","status-publish","hentry"],"_links":{"self":[{"href":"https:\/\/cmu-edu.eu\/de\/wp-json\/wp\/v2\/pages\/209","targetHints":{"allow":["GET"]}}],"collection":[{"href":"https:\/\/cmu-edu.eu\/de\/wp-json\/wp\/v2\/pages"}],"about":[{"href":"https:\/\/cmu-edu.eu\/de\/wp-json\/wp\/v2\/types\/page"}],"author":[{"embeddable":true,"href":"https:\/\/cmu-edu.eu\/de\/wp-json\/wp\/v2\/users\/4"}],"replies":[{"embeddable":true,"href":"https:\/\/cmu-edu.eu\/de\/wp-json\/wp\/v2\/comments?post=209"}],"version-history":[{"count":4,"href":"https:\/\/cmu-edu.eu\/de\/wp-json\/wp\/v2\/pages\/209\/revisions"}],"predecessor-version":[{"id":215,"href":"https:\/\/cmu-edu.eu\/de\/wp-json\/wp\/v2\/pages\/209\/revisions\/215"}],"up":[{"embeddable":true,"href":"https:\/\/cmu-edu.eu\/de\/wp-json\/wp\/v2\/pages\/23"}],"wp:attachment":[{"href":"https:\/\/cmu-edu.eu\/de\/wp-json\/wp\/v2\/media?parent=209"}],"curies":[{"name":"wp","href":"https:\/\/api.w.org\/{rel}","templated":true}]}}