{"id":221,"date":"2022-10-31T09:13:45","date_gmt":"2022-10-31T09:13:45","guid":{"rendered":"https:\/\/cmu-edu.eu\/de\/?page_id=221"},"modified":"2022-10-31T09:22:30","modified_gmt":"2022-10-31T09:22:30","slug":"iui","status":"publish","type":"page","link":"https:\/\/cmu-edu.eu\/de\/fakultat-fur-seeelektromechanik\/iui\/","title":{"rendered":"INGENIEURWESEN UND UMWELTSCHUTZ IN DER INDUSTRIE"},"content":{"rendered":"<p><div class=\"clearfix ap-row\"><div class=\"ap_column ap-span3\"><h2>INGENIEURWESEN UND UMWELTSCHUTZ IN DER INDUSTRIE<\/h2>\n<p>Ingenieurwesen und Umweltschutz in der Industrie bedeutet eine Spezialisierung auf angewandte Technologien, die durch die Integration von technisch-wissenschaftlichem Wissen Probleme der Energie- und Umwelterhaltung, der aktiven Produktion und der Abfallkontrolle angeht und l\u00f6st. Die Besonderheit der Spezialisierung besteht in der Vertiefung der Kenntnisse im Bereich Umwelttechnik in der Industrie, d.h. Abwasserwirtschaft, Luftreinhaltung, Abfallkontrolle, Recycling und Entsorgung, Strahlenschutz, Industriehygiene, Studien \u00fcber die Umweltauswirkungen geplanter Bauprojekte, Risikomanagement mit Umweltbezug. Absolventen dieser Spezialisierung k\u00f6nnen auch direkt nach dem Studium als &#8221; Umweltbeauftragter Offizier&#8221; an Bord von Kreuzfahrtschiffen eingesetzt werden.<\/p>\n<p>Der Auftrag der Spezialisierung in Ingenieurwesen und Umweltschutz in der Industrie ist didaktisch und wissenschaftlich &#8211; in \u00dcbereinstimmung mit dem der Maritimen Universit\u00e4t Constanta, um junge Fachleute f\u00fcr die Besch\u00e4ftigung auf dem Arbeitsmarkt auszubilden: in der Anpassung von Produktionsprozessen in \u00dcbereinstimmung mit den Prinzipien der nachhaltigen Entwicklung, in der wissenschaftlichen und technologischen Forschung, in der Beratung und in den Fachdienstleistungen, einschlie\u00dflich der Ausbildung. Ziel ist es, eine flexible, interaktive und kontinuierliche technische Hochschulbildung zu f\u00f6rdern, die auf europ\u00e4ischer und globaler Ebene wettbewerbsf\u00e4hig ist.<\/p><\/div>\n<div class=\"ap_column ap-span3\"><h2>WAS SIE STUDIEREN WERDEN<\/h2>\n<p>Der interdisziplin\u00e4re Lehrplan orientiert sich an internationalen Standards der Umweltverschmutzungspr\u00e4vention und der nachhaltigen Entwicklung und tr\u00e4gt zur Ausbildung von Fach- und F\u00fchrungskompetenzen f\u00fcr eine erfolgreiche Karriere bei.<\/p>\n<p>Die Anwendungsstunden, die den von den Studenten der Spezialisierung &#8220;Ingenieurwesen und Umweltschutz in der Industrie&#8221; studierten F\u00e4chern entsprechen, werden in modernen R\u00e4umen durchgef\u00fchrt: Multifunktionslabor f\u00fcr Umwelttechnik, Labor f\u00fcr Abwasserbehandlungstechniken, Labor f\u00fcr Str\u00f6mungsmechanik, Hydraulik und hydraulische Maschinen, Labor f\u00fcr Biodiversit\u00e4t, Hydrobiologie, \u00d6kotoxikologie, Labor f\u00fcr unkonventionelle Energien, Labor f\u00fcr Risikomanagement und Simulator f\u00fcr Notfallsituationen PISCES II.<\/p>\n<h3>Allgemeine und berufliche Kompetenzen, die durch den interdisziplin\u00e4ren Lehrplan entwickelt werden<\/h3>\n<ul class=\"lista-doi\">\n<li>Erkl\u00e4rung der Mechanismen, Prozesse und Auswirkungen anthropogenen oder nat\u00fcrlichen Ursprungs, die die Umweltverschmutzung verursachen und beeinflussen<\/li>\n<li>Management und L\u00f6sung spezifischer Umweltprobleme f\u00fcr eine nachhaltige Entwicklung<\/li>\n<li>Anwendung operativer Grunds\u00e4tze auf verschiedene technologische Abl\u00e4ufe, die auf Umweltprozesse ausgerichtet sind<\/li>\n<li>Anwendung der allgemeinen Grunds\u00e4tze der technologischen Berechnung<\/li>\n<li>Entwicklung und Betrieb von Schadstoff\u00fcberwachungssystemen<\/li>\n<li>Kontrolle der Umweltqualit\u00e4t, Folgen- und Risikobewertung und Entwicklung technologischer Optionen mit geringeren Umweltauswirkungen in \u00dcbereinstimmung mit den BVT\/BREF-Anforderungen und den geltenden Rechtsvorschriften<\/li>\n<\/ul>\n<p>Der Lehrplan des Studiengangs Ingenieurwesen und Umweltschutz in der Industrie legt das allgemeine Ausbildungsziel nahe: die Professionalisierung von Ingenieuren zum Erwerb von F\u00e4higkeiten f\u00fcr neue Berufe in der Industrie.<\/div><\/div><br \/>\n<a href=\"https:\/\/cmu-edu.eu\/electromecanica\/wp-content\/uploads\/sites\/19\/2021\/01\/banner-IPMI-2.jpg\"><img loading=\"lazy\" decoding=\"async\" class=\"aligncenter size-full wp-image-463\" src=\"https:\/\/cmu-edu.eu\/electromecanica\/wp-content\/uploads\/sites\/19\/2021\/01\/banner-IPMI-2.jpg\" alt=\"\" width=\"1920\" height=\"542\" \/><\/a><\/p>\n<div style=\"background-color: #f5f5f5;padding: 10px;text-align: center\">\n<h1 style=\"padding-bottom: 30px\">VORTEILE<\/h1>\n<p><div class=\"clearfix ap-row\"><div class=\"ap_column ap-span2\"><div style=\"background-color: #ffffff;padding: 10px;margin: 10px;height: 260px\">\n<h3>Internationale Anerkennung<\/h3>\n<p>Der Bachelor-Abschluss ist international anerkannt, so dass Sie \u00fcberall auf der Welt eine Anstellung finden k\u00f6nnen.<\/p>\n<\/div><\/div>\n<div class=\"ap_column ap-span2\"><div style=\"background-color: #ffffff;padding: 10px;margin: 10px;height: 260px\">\n<h3>Flexibilit\u00e4t<\/h3>\n<p>Wenn Sie w\u00e4hrend Ihres Studiums ein Praktikum in einem Wirtschaftszweig im In- oder Ausland durchf\u00fchren, bieten wir Ihnen die M\u00f6glichkeit, online auf dem virtuellen Campus zu studieren. Sie k\u00f6nnen Ihre Pr\u00fcfungen online ablegen, egal, wo Sie sich gerade befinden, und Sie k\u00f6nnen Ihre Pr\u00fcfungen planen und ablegen.<\/p>\n<\/div><\/div>\n<div class=\"ap_column ap-span2\"><div style=\"background-color: #ffffff;padding: 10px;margin: 10px;height: 260px\">\n<h3>Studienm\u00f6glichkeiten im Ausland<\/h3>\n<p>Viele unserer Studierenden entscheiden sich f\u00fcr ein Semester an einer der Partnerhochschulen als ERASMUS-Stipendiaten.<\/p>\n<\/div><\/div><\/div><br \/>\n<div class=\"clearfix ap-row\"><div class=\"ap_column ap-span3\"><div style=\"background-color: #ffffff;padding: 10px;margin: 10px;height: 200px\">\n<h3>Alternativen<\/h3>\n<p>Alle unsere Absolventen k\u00f6nnen zwischen einer Karriere auf See als Umweltbeauftragter Offizier oder an Land w\u00e4hlen.<\/p>\n<\/div><\/div><\/p>\n<div class=\"ap_column ap-span3\"><div style=\"background-color: #ffffff;padding: 10px;margin: 10px;height: 200px\">\n<h3>Moderne Technologien<\/h3>\n<p>Der Bereich Ingenieurwesen und Umweltschutz in der Industrie ist eng mit dem IKT-Bereich verbunden, der immer mehr an Bedeutung gewinnt, und der Umweltsektor h\u00e4lt mit diesem Trend Schritt. Sie werden an den modernsten Simulatoren zur \u00dcberwachung von Umweltfaktoren und Umweltrisiken sowie an operationeller Software arbeiten, die sowohl f\u00fcr den Land- als auch f\u00fcr den Seeverkehr geeignet ist.<\/p>\n<\/div><\/div><\/div><\/p>\n<h3 style=\"text-align: left\">Weiterf\u00fchrende Studien<\/h3>\n<p style=\"text-align: left\">M\u00f6glichkeit zur Fortsetzung des Studiums, die Absolventen k\u00f6nnen ihre durch ein Masterstudium in wissenschaftlicher Forschung (in rum\u00e4nischer Sprache) erworbenen Kenntnisse auf dem Gebiet des Ingenieurwesens und des Umweltschutzes in der Industrie vertiefen. Die Entwicklung des Fachingenieurs f\u00fcr Ingenieurwesen und Umweltschutz in der Industrie mit der M\u00f6glichkeit, nach Vorbereitung und Bestehen der gesetzlich vorgeschriebenen Pr\u00fcfungen in jeden Zweig der nationalen und internationalen Wirtschaft einzusteigen.<\/p>\n<h3 style=\"text-align: left\">Fachpraktikum<\/h3>\n<p>Es wurden Partnerschaften zwischen Unternehmen und der Universit\u00e4t geschlossen, die den Studierenden die M\u00f6glichkeit geben, ihr Praktikum in einem abwechslungsreichen Umfeld zu absolvieren. Viele Studierenden entscheiden sich auch f\u00fcr ein Praktikum an Bord eines Schiffes.<\/p>\n<ul class=\"lista-doi\" style=\"text-align: left\">\n<li><strong>2. Und 3. JAHR:\u00a0<\/strong><em>Professionalisierung im Bereich des Umweltingenieurwesens in der Industrie durch den Erwerb von Fach- und F\u00fchrungskompetenzen haupts\u00e4chlich im Bereich des Umweltingenieurwesens.<\/em><\/li>\n<li><strong>4. JAHR:\u00a0<\/strong><em>Entwicklung des Fachingenieurs durch Abschluss einer Fach- und F\u00fchrungsausbildung. Erwerb von Kompetenzen im Bereich Forschung-Entwicklung-Innovation in der Umwelttechnik. Ausarbeitung der Abschlussarbeit. Vorbereitung und Ablegen der Abschlusspr\u00fcfung<\/em><\/li>\n<\/ul>\n<h3 style=\"text-align: left;margin-top: 20px\">Sichere Praxis bei den Partnerunternehmen:<\/h3>\n<ul class=\"lista-doi\" style=\"text-align: left\">\n<li>Institutul National de Cercetare \u2013 Dezvoltare pentru Geologie si Geoecologie Marina-GeoEcoMar<\/li>\n<li>Nationales Forschungs- und Entwicklungsinstitut f\u00fcr Meeresgeologie und Geo\u00f6kologie &#8211; GeoEcoMar<\/li>\n<li>Wasserwerk Constanta<\/li>\n<li>ABA Dobrogea Litoral<\/li>\n<li>Umweltschutzagentur Constanta<\/li>\n<li>Nationales Institut f\u00fcr Meeresforschung und Entwicklung &#8220;Grigore Antipa&#8221; Constanta<\/li>\n<li>Amt f\u00fcr bodenkundliche und agrochemische Studien Constanta<\/li>\n<li>Naturwissenschaftlicher Museumskomplex Constanta<\/li>\n<li>Schleusenwerft Agigea<\/li>\n<\/ul>\n<\/div>\n<div style=\"background-color: #ffcb74;padding: 10px\">\n<h2>KARRIEREM\u00d6GLICHKEITEN<\/h2>\n<p>Die mit dem Abschluss erworbenen F\u00e4higkeiten erm\u00f6glichen den Absolventen den Einstieg in den Arbeitsmarkt in verschiedenen Bereichen, da Fragen des Ingenieurwesens und des Umweltschutzes in der gesamten Industrie eine wichtige Rolle spielen. Das Schwarzmeerbecken sowie die H\u00e4fen des Donau-Schwarzmeer-Kanals sind eine weitere Besch\u00e4ftigungsm\u00f6glichkeit f\u00fcr Absolventen der Spezialisierung Ingenieurwesen und Umweltschutz in der Industrie.<\/p>\n<p>Absolventen des Studiengangs Ingenieurwesen und Umweltschutz in der Industrie k\u00f6nnen als Umweltbeauftragter Offizier oder in verschiedenen anderen Positionen in der Umwelt- und Schifffahrtsindustrie t\u00e4tig werden, unter anderem:<\/p>\n<ul>\n<li>Umweltanalytiker,<\/li>\n<li>Umweltsachverst\u00e4ndiger,<\/li>\n<li>Forschungsingenieur f\u00fcr Umwelt- und Gesundheitstechnik<\/li>\n<li>Umweltschutzinspektor<\/li>\n<li>Umweltmonitor,<\/li>\n<li>Sachverst\u00e4ndiger f\u00fcr technologische Risikovermeidung und -minderung,<\/li>\n<li>Abfallwirtschaftsspezialist<\/li>\n<li>Umweltgutachter,<\/li>\n<li>Forschungsingenieur f\u00fcr Umwelttechnik,<\/li>\n<li>Umwelttechnischer Forschungsassistent<\/li>\n<\/ul>\n<\/div>\n<div style=\"background-color: #f5f5f5;padding: 10px\">\n<p>Die ingenieurtechnische und erg\u00e4nzende Ausbildung, die national und international anerkannt ist, bietet die M\u00f6glichkeit, die Absolventen der Fachrichtung bei Bedarf in verwandten Bereichen der Volkswirtschaft einzusetzen, auch als Besatzung auf Spezialschiffen.<\/p>\n<p>Die Spezialisierung in Ingenieurwesen und Umweltschutz in der Industrie, die in die Struktur der Fakult\u00e4t f\u00fcr Schiffselektromechanik integriert ist, bietet die Aus- und Weiterbildung von Fachleuten mit h\u00f6herer technischer Ausbildung f\u00fcr den gesamten Bedarf (Forschung, Entwurf, Konstruktion, Betrieb und Wartung) der Umwelttechnik und der Schiffstechnik bzw. f\u00fcr einige Teilbed\u00fcrfnisse verwandter Bereiche (Wirtschaftsingenieurwesen, Maschinenbau, Ingenieurwesen und Management) auf lokaler und nationaler Ebene durch eine Hochschulausbildung, die auf den Leistungskriterien des europ\u00e4ischen Systems beruht.<\/p>\n<\/div>\n<p><hr class=\"ap-spacing\" style=\"height:10px\"\/><br \/>\n<div class=\"clearfix ap-row\"><div class=\"ap_column ap-span2\"><h2>Aufnahmepr\u00fcfung<\/h2>\n<p>Dies ist das dritte Jahr, in dem wir die Online-Aufnahmepr\u00fcfung mit 128-Bit-SSL-Verschl\u00fcsselung durchf\u00fchren.<div class=\"divider\" style=\"margin-top:2px; margin-bottom:2px; border-top:1px solid #CCCCCC;width:100%\"\/><\/div>\nWeitere Informationen hier:<\/p>\n<ul class=\"lista-doi\">\n<li><a href=\"https:\/\/cmu-edu.eu\/admitere\/\"><strong>Informationen zur Aufnahme <\/strong><\/a><\/li>\n<li><em><strong><a href=\"https:\/\/admitere.cmu-edu.eu\">Online Registrierung<\/a><\/strong><\/em><\/li>\n<li><a href=\"http:\/\/facebook.com\/IngineriaMediuluiUMC\">facebook.com\/IngineriaMediuluiUMC<\/a><\/li>\n<\/ul><\/div>\n<div class=\"ap_column ap-span2\"><h2>Informationsvermittlungen<\/h2>\n<p>W\u00e4hrend der Zulassungsphase organisieren wir jeden Montagnachmittag von 17.00 bis 18.00 Uhr Online-Meetings mit unseren Studenten und Absolventen. Wenn Sie die neuesten Nachrichten von ihnen und Informationen \u00fcber die Zulassung erfahren m\u00f6chten, laden wir Sie hier ein:\n<div class=\"divider\" style=\"margin-top:2px; margin-bottom:2px; border-top:1px solid #CCCCCC;width:100%\"\/><\/div>\n<strong><em><a href=\"https:\/\/maritimeconferences.online\/\">https:\/\/maritimeconferences.online\/<\/a><\/em><\/strong><\/div>\n<div class=\"ap_column ap-span2\"><h2>Kontakt<\/h2>\n<ul class=\"lista-doi\">\n<li>Kontakt<\/li>\n<li>E-mail: info@cmu-edu.eu<\/li>\n<li>Tel: +40241664740<\/li>\n<li>Mircea cel B\u0103tr\u00e2n, nr 104<\/li>\n<li>Constanta<\/li>\n<\/ul><\/div><\/div><\/p>\n","protected":false},"excerpt":{"rendered":"<p>VORTEILE Weiterf\u00fchrende Studien M\u00f6glichkeit zur Fortsetzung des Studiums, die Absolventen k\u00f6nnen ihre durch ein Masterstudium in wissenschaftlicher Forschung (in rum\u00e4nischer Sprache) erworbenen Kenntnisse auf dem Gebiet des Ingenieurwesens und des Umweltschutzes in der Industrie vertiefen. Die Entwicklung des Fachingenieurs f\u00fcr Ingenieurwesen und Umweltschutz in der Industrie mit der M\u00f6glichkeit, nach Vorbereitung und Bestehen der gesetzlich [&hellip;]<\/p>\n","protected":false},"author":4,"featured_media":0,"parent":30,"menu_order":0,"comment_status":"closed","ping_status":"closed","template":"","meta":{"footnotes":""},"class_list":["post-221","page","type-page","status-publish","hentry"],"_links":{"self":[{"href":"https:\/\/cmu-edu.eu\/de\/wp-json\/wp\/v2\/pages\/221","targetHints":{"allow":["GET"]}}],"collection":[{"href":"https:\/\/cmu-edu.eu\/de\/wp-json\/wp\/v2\/pages"}],"about":[{"href":"https:\/\/cmu-edu.eu\/de\/wp-json\/wp\/v2\/types\/page"}],"author":[{"embeddable":true,"href":"https:\/\/cmu-edu.eu\/de\/wp-json\/wp\/v2\/users\/4"}],"replies":[{"embeddable":true,"href":"https:\/\/cmu-edu.eu\/de\/wp-json\/wp\/v2\/comments?post=221"}],"version-history":[{"count":4,"href":"https:\/\/cmu-edu.eu\/de\/wp-json\/wp\/v2\/pages\/221\/revisions"}],"predecessor-version":[{"id":227,"href":"https:\/\/cmu-edu.eu\/de\/wp-json\/wp\/v2\/pages\/221\/revisions\/227"}],"up":[{"embeddable":true,"href":"https:\/\/cmu-edu.eu\/de\/wp-json\/wp\/v2\/pages\/30"}],"wp:attachment":[{"href":"https:\/\/cmu-edu.eu\/de\/wp-json\/wp\/v2\/media?parent=221"}],"curies":[{"name":"wp","href":"https:\/\/api.w.org\/{rel}","templated":true}]}}