{"id":23,"date":"2019-01-21T09:16:08","date_gmt":"2019-01-21T09:16:08","guid":{"rendered":"https:\/\/cmu-edu.eu\/de\/?page_id=23"},"modified":"2022-10-31T09:06:10","modified_gmt":"2022-10-31T09:06:10","slug":"fakultat-fur-schifffahrt","status":"publish","type":"page","link":"https:\/\/cmu-edu.eu\/de\/fakultat-fur-schifffahrt\/","title":{"rendered":"Fakult\u00e4t f\u00fcr Schifffahrt"},"content":{"rendered":"<p><strong>Kurze Beschreibung<\/strong><br \/>\nDie Fakult\u00e4t f\u00fcr Schifffahrt und Seetransport wurde 1990 mit der Universit\u00e4t f\u00fcr Schiffsingenieurwesen von Constanta gegr\u00fcndet und innerhalb ihr funktionierte dann nur eine Spezialisierung &#8220;Schifffahrt und Seetransport&#8221;.<\/p>\n<p>Die Fakult\u00e4t f\u00fchrt derzeit Vollzeit- und Teilzeitlizenzstudieng\u00e4nge mit und Masterstudieng\u00e4ngen durch.<\/p>\n<p>Nach dem akademischen Bewertungsprozess des Nationalen Rates f\u00fcr Akademische Bewertung und Akkreditierung wurde 2002 die Spezialisierung Schifffahrt und Seeverkehr neu akkreditiert. Sp\u00e4ter, in den Jahren 2009 und 2015, best\u00e4tigt ARACIS, nachdem die zwingenden Qualit\u00e4tsstandards und allgemeinen gesetzlich festgelegten Kriterien erf\u00fcllt wurden, die Spezialisierung, die ihren Namen in &#8220;Seeschifffahrt und See- unf Flussverkehr&#8221; f\u00fcr eine Reihe von 225 Studenten \u00e4ndert.<\/p>\n<div class=\"ap_toggle close\"><div class=\"ap_toggle_title\">Read More...<\/div><div class=\"ap_toggle_content\"><p>Seit 2004 wurden Anstrengungen unternommen, um Spezialisierungen zu diversifizieren, die Anzahl der Studenten zu erh\u00f6hen, eine wettbewerbsf\u00e4hige und leistungsf\u00e4hige Materialbasis zu schaffen und eine f\u00fchrende Position in der Hierarchie der Seeuniversit\u00e4ten in der Welt einzunehmen.\nAnschlie\u00dfend liegt die Spezialisierung, die die Ausbildung der Schiffsdeckoffiziere mit dem neuen Namen &#8221; Seeschifffahrt und See- unf Flussverkehr &#8221; vorschlug, liegt im Bereich &#8221; Seeingenieurwesen und Schifffahrt&#8221;.<\/p>\n<p>Zur Befriedigung von Seeleuten ohne f\u00fcr diese F\u00f6rderung auf Funktionen am Bord des Schiffes erforderlichen Hochschulabschluss, wurde die Fakult\u00e4t f\u00fcr Schifffahrt und Seeverkehr ein Teilzeitstudiengang in Rum\u00e4nisch mit den Namen &#8220;Seeschifffahrt und See- unf Flussverkehr&#8221; f\u00fcr 125 Studenten akkreditiert.<\/p>\n<p>Die Globalisierung der Seeverkehrt\u00e4tigkeit, die Internationalisierung und Standardisierung der Kommunikationssprache am Bord von Schiffen unter multinationaler Besatzung f\u00fchrte zum Bedarf der Organisierung der Spezialisierung &#8220;Schifffahrt und See- und Flussverkehr&#8221; &#8211; in englischer Sprache. Die Spezialisierung &#8221; Schifffahrt und See- und Flussverkehr &#8221; \u2013Studiengang in englischer Sprache wurde gem\u00e4\u00df den Validierungsberichten des ARACIS-Rates vom 30. September 2010 f\u00fcr eine Anzahl von 60 Studenten akkreditiert, und dann wurde die gleiche Spezialisierung im Jahr 2014 f\u00fcr 100 Sch\u00fcler neu akkreditiert.<\/p>\n<p>Im Jahre 2012 erweiterte die Fakult\u00e4t den Bereich der Spezialisierungen, da es f\u00fcr die Vorbereitung der Studenten auf das Gebiet &#8220;Ingenieurwesen und Management&#8221; erforderlich war. Damit wurde die Spezialisierung &#8221; Wirtschaftsingenieurwesen im Verkehr&#8221;, Vollzeitstudiengang auf Rum\u00e4nisch, f\u00fcr 60 Studenten akkreditiert.<\/p>\n<p>Im Dezember 2011 gr\u00fcndete die Universit\u00e4t f\u00fcr Schiffsingenieurwesen von Constanta eine Zweigstelle innerhalb der Kaspischen Universit\u00e4t f\u00fcr Technologie und Industrie in Aktau, Kasachstan, Zweigstelle, in der die Spezialisierung &#8221; Schifffahrt und See- unf Flussverkehr &#8221; provisorisch zugelassen wurde und als Studiengang im Universit\u00e4tsjahr 2012\/2013 mit einer Schulzahl von 50 Studenten funktionierte.<\/p>\n<p>Mit dem akademischen Jahr 2013-2014 hat die Universit\u00e4t f\u00fcr Schiffsingenieurwesen von Constanta 94 nigerianische Studenten f\u00fcr Lizenzstudien , Spezialisierung &#8221; Schifffahrt und See- unf Flussverkehr &#8221; in englischer Sprache angemeldet.<\/p>\n<p>Die von der Fakult\u00e4t f\u00fcr Schifffahrt und Seeverkehr angebotenen Masterstudieng\u00e4nge umfassen 7, davon 6 im Bereich von Seeingingenieurwesen und Seeverkehr und ein Studiengang im Bereich von Ingenieurwesen und Management.<\/p>\n<p>Die Fakult\u00e4t f\u00fcr Schifffahrt und Seeverkehr hat den Auftrag eine hohe technische, flexible, interaktive und kontinuierliche Ausbildung zu f\u00f6rdern, die den Anforderungen der europ\u00e4ischen und weltweiten Bildung entspricht und die nationalen akademischen Traditionen bewahrt.<\/p><\/div><\/div><br \/>\n<hr class=\"ap-spacing\" style=\"height:20px\"\/><br \/>\n<div class=\"clearfix ap-row\"><div class=\"ap_column ap-span3\"><h2>Lizenzstudien<\/h2>\n<ul class=\"stu\">\n<li><a href=\"https:\/\/cmu-edu.eu\/de\/schifffahrt\/\">SCHIFFFAHRT<\/a><\/li>\n<li><a href=\"https:\/\/cmu-edu.eu\/de\/wv\/\">WIRTSCHAFTSINGENIEURWESEN IM VERKEHRSBEREICH<\/a><\/li>\n<\/ul>\n<p>&nbsp;<\/p><\/div>\n<div class=\"ap_column ap-span3\"><h2>Masterstudien<\/h2>\n<ul class=\"stu\">\n<li><a href=\"https:\/\/cmu-edu.eu\/de\/immmv\/\">INGENIEURWESEN UND MANAGEMENT IM MARITIMEN UND MULTIMODALEN VERKEHR<\/a><\/li>\n<li><a href=\"https:\/\/cmu-edu.eu\/de\/miv\/\">MANAGEMENT INTEGRIERTER VERKEHRSSYSTEME<\/a><\/li>\n<li><a href=\"https:\/\/cmu-edu.eu\/de\/fakultat-fur-schifffahrt\/bv\/\">Betriebswirtschaftslehre im Verkehrswesen<\/a><\/li>\n<li><a href=\"https:\/\/cmu-edu.eu\/de\/shm\/\">SEE- UND HAFENINGENIEURWESEN UND \u2013MANAGEMENT<\/a><\/li>\n<li><a href=\"https:\/\/cmu-edu.eu\/de\/seetransport\/\">SEETRANSPORT<\/a><\/li>\n<li><a href=\"https:\/\/cmu-edu.eu\/de\/oogm\/\">OFFSHORE-\u00d6L- UND -GASTECHNIK UND MANAGEMENT<\/a><\/li>\n<li><a href=\"https:\/\/cmu-edu.eu\/de\/fakultat-fur-schifffahrt\/imss\/\">Ingenieurwesen und Management im Seeterminal- und Schiffsbetrieb<\/a><\/li>\n<\/ul><\/div><\/div><\/p>\n","protected":false},"excerpt":{"rendered":"<p>Kurze Beschreibung Die Fakult\u00e4t f\u00fcr Schifffahrt und Seetransport wurde 1990 mit der Universit\u00e4t f\u00fcr Schiffsingenieurwesen von Constanta gegr\u00fcndet und innerhalb ihr funktionierte dann nur eine Spezialisierung &#8220;Schifffahrt und Seetransport&#8221;. Die Fakult\u00e4t f\u00fchrt derzeit Vollzeit- und Teilzeitlizenzstudieng\u00e4nge mit und Masterstudieng\u00e4ngen durch. Nach dem akademischen Bewertungsprozess des Nationalen Rates f\u00fcr Akademische Bewertung und Akkreditierung wurde 2002 die [&hellip;]<\/p>\n","protected":false},"author":4,"featured_media":0,"parent":0,"menu_order":0,"comment_status":"closed","ping_status":"closed","template":"","meta":{"footnotes":""},"class_list":["post-23","page","type-page","status-publish","hentry"],"_links":{"self":[{"href":"https:\/\/cmu-edu.eu\/de\/wp-json\/wp\/v2\/pages\/23","targetHints":{"allow":["GET"]}}],"collection":[{"href":"https:\/\/cmu-edu.eu\/de\/wp-json\/wp\/v2\/pages"}],"about":[{"href":"https:\/\/cmu-edu.eu\/de\/wp-json\/wp\/v2\/types\/page"}],"author":[{"embeddable":true,"href":"https:\/\/cmu-edu.eu\/de\/wp-json\/wp\/v2\/users\/4"}],"replies":[{"embeddable":true,"href":"https:\/\/cmu-edu.eu\/de\/wp-json\/wp\/v2\/comments?post=23"}],"version-history":[{"count":9,"href":"https:\/\/cmu-edu.eu\/de\/wp-json\/wp\/v2\/pages\/23\/revisions"}],"predecessor-version":[{"id":218,"href":"https:\/\/cmu-edu.eu\/de\/wp-json\/wp\/v2\/pages\/23\/revisions\/218"}],"wp:attachment":[{"href":"https:\/\/cmu-edu.eu\/de\/wp-json\/wp\/v2\/media?parent=23"}],"curies":[{"name":"wp","href":"https:\/\/api.w.org\/{rel}","templated":true}]}}