{"id":230,"date":"2022-10-31T09:27:30","date_gmt":"2022-10-31T09:27:30","guid":{"rendered":"https:\/\/cmu-edu.eu\/de\/?page_id=230"},"modified":"2022-10-31T09:32:47","modified_gmt":"2022-10-31T09:32:47","slug":"fes","status":"publish","type":"page","link":"https:\/\/cmu-edu.eu\/de\/fakultat-fur-seeelektromechanik\/fes\/","title":{"rendered":"Fortgeschrittene Elektrische Systeme"},"content":{"rendered":"<div class=\"clearfix ap-row\"><div class=\"ap_column ap-span4\"><h2>Fortgeschrittene elektrische Systeme<\/h2>\n<p>Der Studiengang Fortgeschrittene elektrische Systeme entspricht den Bed\u00fcrfnissen des lokalen Arbeitsmarktes und der allgemeinen Entwicklung dieses Marktes durch seine St\u00e4rken: ein Masterprogramm mit vertieftem Charakter, ein Lehrk\u00f6rper, der sich durch hohe Kompetenz auszeichnet, wissenschaftliche Grundlagenforschung und angewandte Forschung auf hohem Niveau, eine materielle Basis, die st\u00e4ndig modernisiert wird, und die Integration in den europ\u00e4ischen Bildungs- und Forschungsraum.<\/p>\n<p>F\u00fcr die Studieng\u00e4nge im Bereich der Elektrotechnik verf\u00fcgt die Fakult\u00e4t \u00fcber eine bedeutende materielle Ausstattung, die haupts\u00e4chlich durch europ\u00e4ische Programme, nationale Forschungsprogramme und Stipendien sowie durch Investitionsmittel aus dem Staatshaushalt realisiert wird. Die Fakult\u00e4t verf\u00fcgt \u00fcber leistungsf\u00e4hige Labors, in denen die didaktischen Aktivit\u00e4ten f\u00fcr die F\u00e4cher durchgef\u00fchrt werden, die mit Laboratorien ausgestattet sind, wie z.B. Elektrische Spezialmaschinen, Elektrische Antriebe, Hochspannungstechnik, Elektrotechnik, Numerische Methoden, Elektrische Messungen, Elektromagnetische Vertr\u00e4glichkeit, Elektrische Ger\u00e4te und Anlagen.<\/p>\n<p>In den Computerlabors haben die Studierenden die M\u00f6glichkeit, verschiedene Programmiersprachen wie C++ und LabVIEW zu erlernen und die Softwareplattformen MATLAB, SIMULINK und CASPOC kennenzulernen und zu nutzen.<\/p>\n<p>Eine bemerkenswerte Errungenschaft ist die \u201eKomplexe Anlage mit verschiedenen erneuerbaren Energiequellen mit netzgebundener und netzunabh\u00e4ngiger Funktionalit\u00e4t zur Analyse der Stromqualit\u00e4t in einem intelligenten Netz\u201c, die auf der Nautischen Basis der Universit\u00e4t realisiert wurde, eine kombinierte Wind-Photovoltaik-Motor-Generator-Anlage f\u00fcr erneuerbare Energien. Das System wurde vollst\u00e4ndig an der UMC entworfen und gebaut, um die kombinierte Effizienz von netzgebundenem und netzunabh\u00e4ngigem Betrieb zu testen.<\/p>\n<p>Der Photovoltaik-Generator besteht aus 21 polykristallinen Photovoltaik-Paneelen mit einer Gesamtleistung von 5000 W, die direkt einen 5,5 kW Sunny Tripower-Wechselrichter des Typs STP 500TL-20 von SMA speisen und normalerweise Strom in das dreiphasige Netz des UMC liefern. Dieser Wechselrichter arbeitet mit einem System aus drei Sunny Island 4.4M-12 Off-Grid-Wechselrichtern mit je 3,5 kW zusammen und erm\u00f6glicht den dreiphasigen Betrieb im netzgebundenen und netzunabh\u00e4ngigen Modus. Die Steuerung des gesamten Wechselrichtersystems \u00fcbernimmt der erste Sunny Island auf der linken Seite, der als Master konfiguriert ist.<\/p>\n<p>Die Fakult\u00e4t verf\u00fcgt in ihren eigenen Bibliotheken \u00fcber eine wertvolle B\u00fcchersammlung &#8211; \u00fcber 3700 B\u00e4nde in diesem Bereich &#8211; und erleichtert den Zugang zur Literatur durch ANELIS Plus l<\/p><\/div>\n<div class=\"ap_column ap-span2\"><h2>WAS SIE STUDIEREN WERDEN<\/h2>\n<p>Das interdisziplin\u00e4re Curriculum umfasst dynamische Regime-Modelle, elektrische Energiespeichersysteme, transiente Regime elektrischer Ger\u00e4te, fortgeschrittene Strukturen in der Leistungselektronik, technische Anwendungen von Magnetfeldern, intelligente Systeme zur \u00dcberwachung, Steuerung und Verwaltung elektrischer Anlagen;- \u00dcberwachung der Elektrizit\u00e4tsqualit\u00e4t<\/p>\n<ul class=\"lista-doi\">\n<li>Elektrizit\u00e4tsspeichersysteme<\/li>\n<li>\u00dcbergangsregelung f\u00fcr elektrische Ger\u00e4te<\/li>\n<li>Fortgeschrittene Strukturen in der Leistungselektronik<\/li>\n<li>Technische Anwendungen des Magnetfelds<\/li>\n<li>Intelligente Systeme zur \u00dcberwachung, Verwaltung und Steuerung von elektrischen Anlagen<\/li>\n<\/ul><\/div><\/div>\n<div style=\"background-color: #f5f5f5;padding: 10px;text-align: center\">\n<h1 style=\"padding-bottom: 30px\">VORTEILE<\/h1>\n<p><div class=\"clearfix ap-row\"><div class=\"ap_column ap-span2\"><div style=\"background-color: #ffffff;padding: 10px;margin: 10px;height: 260px\">\n<h3>Internationale Anerkennung<\/h3>\n<p>Der Master-Abschluss ist international anerkannt, so dass Sie \u00fcberall auf der Welt eine Anstellung finden k\u00f6nnen..<\/p>\n<\/div><\/div>\n<div class=\"ap_column ap-span2\"><div style=\"background-color: #ffffff;padding: 10px;margin: 10px;height: 260px\">\n<h3>Studienm\u00f6glichkeiten im Ausland<\/h3>\n<p>Viele unserer Studierenden entscheiden sich f\u00fcr ein Semester an einer der Partnerhochschulen als ERASMUS-Stipendiaten.<\/p>\n<\/div><\/div>\n<div class=\"ap_column ap-span2\"><div style=\"background-color: #ffffff;padding: 10px;margin: 10px;height: 260px\">\n<h3>Flexibilit\u00e4t<\/h3>\n<p>Wenn Sie w\u00e4hrend Ihres Studiums Ihr Praktikum an Bord eines Schiffes durchf\u00fchren, bieten wir Ihnen die M\u00f6glichkeit, online auf dem virtuellen Campus zu studieren. Sie werden Zugang zu offenen Pr\u00fcfungssitzungen erhalten und k\u00f6nnen Ihre Pr\u00fcfungen nach Ihrer R\u00fcckkehr verschieben und ablegen.<\/p>\n<\/div><\/div><\/div><br \/>\n<div class=\"clearfix ap-row\"><div class=\"ap_column ap-span6\"><div style=\"background-color: #ffffff;padding: 10px;margin: 10px;height: 260px\">\n<h3>Alternativen<\/h3>\n<p>Alle unsere Absolventen k\u00f6nnen zwischen einer Karriere auf See oder an Land w\u00e4hlen.<\/p>\n<h3>Berufsberatung und -orientierung<\/h3>\n<p>Unsere Studierenden erhalten Berufsberatung und Unterst\u00fctzung bei der Eingliederung in den Arbeitsmarkt.<\/p>\n<\/div><\/div><\/div><\/p>\n<\/div>\n<div style=\"background-color: #ffffff;padding: 10px;margin: 10px\">\n<div class=\"clearfix ap-row\"><h3>Die leistungsst\u00e4rksten Labors<\/h3>\n<ul class=\"lista-doi\">\n<li>Elektrische Stellantriebe<\/li>\n<li>Hochspannungstechnik<\/li>\n<li>Elektrische Maschinen<\/li>\n<li>Erneuerbare Energiequellen<\/li>\n<\/ul>\n<hr class=\"ap-spacing\" style=\"height:10px\"\/>\n<p><div class=\"clearfix ap-row\"><\/div>\n<div class=\"ap_column ap-span6\"><p><img loading=\"lazy\" decoding=\"async\" class=\"alignnone size-full wp-image-1174\" src=\"https:\/\/cmu-edu.eu\/electromecanica\/wp-content\/uploads\/sites\/19\/2022\/03\/poza-sea.jpg\" alt=\"\" width=\"1737\" height=\"500\" \/><\/p><\/div><\/div>\n<div style=\"background-color: #ffcb74;padding: 10px\">\n<h2>KARRIEREM\u00d6GLICHKEITEN<\/h2>\n<p>Die Absolventen dieses Studiengangs k\u00f6nnen schnell in den Arbeitsmarkt in Rum\u00e4nien und im Ausland eintreten. Berufe gem\u00e4\u00df der Klassifizierung der Berufe in Rum\u00e4nien:<\/p>\n<ul>\n<li style=\"list-style-type: none\">\n<ul>\n<li>INGENIEUR F\u00dcR ELEKTROTECHNISCHE FORSCHUNG 215122<\/li>\n<li>INGENIEUR DER ELEKTROTECHNIK 215105<\/li>\n<li>FORSCHER IM BEREICH DER ELEKTROTECHNIK 215121<\/li>\n<\/ul>\n<\/li>\n<\/ul>\n<p>Der Masterstudiengang Fortgeschrittene Elektrische Systeme, eine in die Struktur der Fakult\u00e4t f\u00fcr Schiffselektromechanik integrierte Spezialisierung, bietet die Aus- und Weiterbildung von Fachleuten mit h\u00f6herer technischer Ausbildung f\u00fcr Forschung, Entwurf, Konstruktion und Betrieb in der Elektrotechnik durch eine Hochschulausbildung, die auf den Leistungskriterien des europ\u00e4ischen Systems aufbaut.<\/p>\n<\/div>\n","protected":false},"excerpt":{"rendered":"<p>VORTEILE KARRIEREM\u00d6GLICHKEITEN Die Absolventen dieses Studiengangs k\u00f6nnen schnell in den Arbeitsmarkt in Rum\u00e4nien und im Ausland eintreten. Berufe gem\u00e4\u00df der Klassifizierung der Berufe in Rum\u00e4nien: INGENIEUR F\u00dcR ELEKTROTECHNISCHE FORSCHUNG 215122 INGENIEUR DER ELEKTROTECHNIK 215105 FORSCHER IM BEREICH DER ELEKTROTECHNIK 215121 Der Masterstudiengang Fortgeschrittene Elektrische Systeme, eine in die Struktur der Fakult\u00e4t f\u00fcr Schiffselektromechanik integrierte Spezialisierung, [&hellip;]<\/p>\n","protected":false},"author":4,"featured_media":0,"parent":30,"menu_order":0,"comment_status":"closed","ping_status":"closed","template":"","meta":{"footnotes":""},"class_list":["post-230","page","type-page","status-publish","hentry"],"_links":{"self":[{"href":"https:\/\/cmu-edu.eu\/de\/wp-json\/wp\/v2\/pages\/230","targetHints":{"allow":["GET"]}}],"collection":[{"href":"https:\/\/cmu-edu.eu\/de\/wp-json\/wp\/v2\/pages"}],"about":[{"href":"https:\/\/cmu-edu.eu\/de\/wp-json\/wp\/v2\/types\/page"}],"author":[{"embeddable":true,"href":"https:\/\/cmu-edu.eu\/de\/wp-json\/wp\/v2\/users\/4"}],"replies":[{"embeddable":true,"href":"https:\/\/cmu-edu.eu\/de\/wp-json\/wp\/v2\/comments?post=230"}],"version-history":[{"count":4,"href":"https:\/\/cmu-edu.eu\/de\/wp-json\/wp\/v2\/pages\/230\/revisions"}],"predecessor-version":[{"id":237,"href":"https:\/\/cmu-edu.eu\/de\/wp-json\/wp\/v2\/pages\/230\/revisions\/237"}],"up":[{"embeddable":true,"href":"https:\/\/cmu-edu.eu\/de\/wp-json\/wp\/v2\/pages\/30"}],"wp:attachment":[{"href":"https:\/\/cmu-edu.eu\/de\/wp-json\/wp\/v2\/media?parent=230"}],"curies":[{"name":"wp","href":"https:\/\/api.w.org\/{rel}","templated":true}]}}