{"id":30,"date":"2019-01-21T09:31:37","date_gmt":"2019-01-21T09:31:37","guid":{"rendered":"https:\/\/cmu-edu.eu\/de\/?page_id=30"},"modified":"2022-10-31T09:28:21","modified_gmt":"2022-10-31T09:28:21","slug":"fakultat-fur-seeelektromechanik","status":"publish","type":"page","link":"https:\/\/cmu-edu.eu\/de\/fakultat-fur-seeelektromechanik\/","title":{"rendered":"Fakult\u00e4t f\u00fcr Seeelektromechanik"},"content":{"rendered":"<p><strong>Kurze Beschreibung<\/strong><br \/>\nDie Fakult\u00e4t f\u00fcr Seeelektromechanik wurde gleichzeitig mit der Universit\u00e4t f\u00fcr Schiffsingenieurwesen von Constanta im Jahre 1990 gegr\u00fcndet und innerhalb ihr funktionierte dann zwei Spezialisierungen &#8220;Elektrotechnik&#8221; und &#8220;Elektromechanik&#8221;.<\/p>\n<p>Nach dem akademischen Bewertungsprozess des Nationalen Rates f\u00fcr Akademische Bewertung und Akkreditierung wurden 2002 die Spezialisierungen &#8220;Elektrotechnik&#8221; und &#8220;Elektromechanik&#8221;, nach der Einhaltung der verbindlichen Qualit\u00e4tsstandards und der allgemeinen gesetzlichen Kriterien neu akkreditiert.<\/p>\n<div class=\"ap_toggle close\"><div class=\"ap_toggle_title\">Read More...<\/div><div class=\"ap_toggle_content\"><p>Im Jahre 2009 die Spezialisierung &#8220;Elektrotechnik&#8221; wurde von ARACIS f\u00fcr eine Anzahl von 100 Studenten gepr\u00fcft und akkreditiert.\nDie Spezialisierung &#8220;Elektromechanik&#8221; hat ihren Namen in &#8220;Seeelektromechanik&#8221; ge\u00e4ndert, einen Vollzeitlizenzstudiengang in rum\u00e4nischer Sprache werdend, der 2011 f\u00fcr 200 Studenten gepr\u00fcft und akkreditiert wurde.<\/p>\n<p>Zur Befriedigung von Seeleuten ohne f\u00fcr diese F\u00f6rderung auf Funktionen am Bord des Schiffes erforderlichen Hochschulabschluss, hat die Fakult\u00e4t zwei Teilzeitstudieng\u00e4nge in Rum\u00e4nisch mit den Namen &#8220;Seeelektromechanik&#8221; f\u00fcr 100 Studenten und &#8220;Elektrotechnikl&#8221; f\u00fcr 100 Studenten akkreditiert.<\/p>\n<p>Die Globalisierung der Seeverkehrt\u00e4tigkeit, die Internationalisierung und Standardisierung der Kommunikationssprache am Bord von Schiffen unter multinationaler Besatzung f\u00fchrte zum Bedarf der Organisierung der Spezialisierung &#8221; Seeelektromechanik &#8221; &#8211; in englischer Sprache. Die Akkreditierung dieses Studiengangs in englischer Sprache wurde gem\u00e4\u00df den Validierungsberichten des ARACIS-Rates in 2010 f\u00fcr eine Anzahl von 30 Studenten akkreditiert, und dann, zwecks Erh\u00f6hung der Schulkapazit\u00e4t im Jahre 2014 f\u00fcr 100 Studenten neu akkreditiert.<\/p>\n<p>Im Jahre 2011 wurde die Spezialisierung &#8220;Ingenieurwesen und Umweltschutz in der Industrie&#8221;, einen Vollzeitlizenzstudiengang in rum\u00e4nischer Sprache f\u00fcr 90 Studenten akkreditiert und im Jahre 2014 wurde die Spezialisierung &#8221; Telekommunikationstechnologien und -systeme&#8221;, einen Vollzeitlizenzstudiengang in rum\u00e4nischer Sprache f\u00fcr 50 Studenten akkreditiert.<\/p>\n<p>Im Dezember 2011 gr\u00fcndete Universit\u00e4t f\u00fcr Schiffsingenieurwesen von Constanta eine Zweigstelle innerhalb der Kaspischen Universit\u00e4t f\u00fcr Technologie und Industrie in Aktau, Kasachstan, innerhalb deren die Spezialisierung &#8220;Seeelektromechanik&#8221; als Studiengang im Universit\u00e4tsjahr 2012\/2013 akkreditiert wurde.\nMit dem akademischen Jahr 2013-2014 hat die Universit\u00e4t f\u00fcr Schiffsingenieurwesen von Constanta 74 nigerianische Studenten f\u00fcr Lizenzstudien , Spezialisierung &#8221; Seeelektromechanik &#8221; in englischer Sprache angemeldet.<\/p>\n<p>Die Fakult\u00e4t f\u00fcr Seeelektromechanik hat 6 Masterstudien, davon einen Masterstudiengang in englischer Sprache.<\/p><\/div><\/div><br \/>\n<hr class=\"ap-spacing\" style=\"height:20px\"\/><br \/>\n<div class=\"clearfix ap-row\"><div class=\"ap_column ap-span3\"><h2>Lizenzstudien<\/h2>\n<ul class=\"stu\">\n<li><a href=\"https:\/\/cmu-edu.eu\/de\/elektromechanik\/\">ELEKTROMECHANIK<\/a><\/li>\n<li><a href=\"https:\/\/cmu-edu.eu\/de\/elektroingenieurwesen\/\">ELEKTROINGENIEURWESEN<\/a><\/li>\n<li><a href=\"https:\/\/cmu-edu.eu\/de\/energiesystemtechnik\/\">ENERGIEVERSORGUNGSTECHNIK<\/a><\/li>\n<li><a href=\"https:\/\/cmu-edu.eu\/de\/telekommunikation\/\">TELEKOMMUNIKATIONSTECHNOLOGIEN UND -SYSTEME<\/a><\/li>\n<li><a href=\"https:\/\/cmu-edu.eu\/de\/fakultat-fur-seeelektromechanik\/iui\/\">INGENIEURWESEN UND UMWELTSCHUTZ IN DER INDUSTRIE<\/a><\/li>\n<\/ul><\/div>\n<div class=\"ap_column ap-span3\"><h2>Masterstudien<\/h2>\n<ul class=\"stu-red\">\n<li><a href=\"https:\/\/cmu-edu.eu\/de\/fto\/\">FORTSCHRITTLICHE TECHNIK IN DER OFFSHORE-\u00d6L- UND GASINDUSTRIE \u2013 (Unterricht im Englischen)<\/a><\/li>\n<li><a href=\"https:\/\/cmu-edu.eu\/de\/fte\/\">FORTGESCHRITTENE TECHNIKEN DER ELEKTROMECHANIK<\/a><\/li>\n<li><a href=\"https:\/\/cmu-edu.eu\/de\/155-2\/\">INTEGRIERTE SCHALTUNGEN UND KOMMUNIKATIONSSYSTEME<\/a><\/li>\n<li><a href=\"https:\/\/cmu-edu.eu\/de\/mkm\/\">MODERNE KONZEPTE DES MASCHINENBAUS<\/a><\/li>\n<li><a href=\"https:\/\/cmu-edu.eu\/de\/iui\/\">INGENIEURWESEN UND UMWELTSCHUTZ IN DER INDUSTRIE<\/a><\/li>\n<li><a href=\"https:\/\/cmu-edu.eu\/de\/fakultat-fur-seeelektromechanik\/fes\/\">FORTGESCHRITTENE ELEKTRISCHE SYSTEME<\/a><\/li>\n<\/ul><\/div><\/div><\/p>\n<h2>Promotionsstudium<\/h2>\n<p>Die Universit\u00e4t f\u00fcr Schiffsingenieurwesen von Constanta wurde 2001 eine Organisierungsanstalt f\u00fcr Promotionsstudiums (Ordnung des Ministeriums f\u00fcr Bildung und Forschung 4225 \/ 02.08.2001) und erhielt laut Ordnung des Ministeriums f\u00fcr Bildung ,Forschung und Jugend 4843\/01.08.2006 das Recht, Promotionsstudium im Bereich des Maschinenbaus zu organisieren.<\/p>\n<p>Die Organisation und Durchf\u00fchrung der Aufnahmepr\u00fcfung zum Promotionsstudium an der Universit\u00e4t f\u00fcr Schiffsingenieurwesen von Constanta basiert sich auf den Bestimmungen des nationalen Bildungsgesetzes Nummer 1\/2011, des Gesetzes Nummer 288\/2004 \u00fcber die Organisation des Hochschulstudiums mit sp\u00e4teren \u00c4nderungen und Erg\u00e4nzungen sowie des Regierungsbeschlusses Nummer 681\/2011 hinsichtlich der Genehmigung des Kodes f\u00fcr Promotionsstudiums.<\/p>\n<p><strong>Der Rat f\u00fcr Promotionsstudien <\/strong><\/p>\n<p>Der Rat f\u00fcr Promotionsstudien ist das Leitungsgremium der Organisierungsanstalt f\u00fcr Promotionsstudium . Es ist in \u00dcbereinstimmung mit den Bestimmungen vom Regierungsbeschluss 681\/2011 zur Genehmigung des Promotionsstudiumskodex gebildet, der auch die Hauptaufgaben des Rates f\u00fcr Promotionsstudien festlegt. Dazu geh\u00f6ren die Festlegung der Strategie der Organisierungsanstalt f\u00fcr Promotionsstudium, die Ausarbeitung einer institutionellen Regelung f\u00fcr die Organisation und Durchf\u00fchrung von Promotionsstudieng\u00e4nge auf Ebene der Organisierungsanstalt f\u00fcr Promotionsstudium sowie andere spezifische Aufgaben, die in der institutionellen Verordnung f\u00fcr die Organisation und Durchf\u00fchrung von Promotionsstudieng\u00e4nge festgelegt sind.<\/p>\n<p>Die Aufnahme zum Promotionsstudium erfolgt im Rahmen der j\u00e4hrlich zugewiesenen Pl\u00e4tze durch:<br \/>\n<ul class=\"ap-list ap-list4\"><li>das Ministerium f\u00fcr nationale Bildung f\u00fcr die Promotion im Rahmen des Staatshaushalts in Form von Promotionsstipendien;<\/li>\n<li>den Senat der Universit\u00e4t f\u00fcr Schiffsingenieurwesen von Constanta &#8211; f\u00fcr die Promotion mit Geb\u00fchr<\/li><\/ul><br \/>\nDas grundlegende Promotionsfeld, das an der Universit\u00e4t f\u00fcr Schiffsingenieurwesen von Constanta organisiert wird, ist &#8220;Ingenieurwissenschaften&#8221;,Promotionsstudiengang &#8220;Maschinenbau&#8221;.<\/p>\n","protected":false},"excerpt":{"rendered":"<p>Kurze Beschreibung Die Fakult\u00e4t f\u00fcr Seeelektromechanik wurde gleichzeitig mit der Universit\u00e4t f\u00fcr Schiffsingenieurwesen von Constanta im Jahre 1990 gegr\u00fcndet und innerhalb ihr funktionierte dann zwei Spezialisierungen &#8220;Elektrotechnik&#8221; und &#8220;Elektromechanik&#8221;. Nach dem akademischen Bewertungsprozess des Nationalen Rates f\u00fcr Akademische Bewertung und Akkreditierung wurden 2002 die Spezialisierungen &#8220;Elektrotechnik&#8221; und &#8220;Elektromechanik&#8221;, nach der Einhaltung der verbindlichen Qualit\u00e4tsstandards und [&hellip;]<\/p>\n","protected":false},"author":4,"featured_media":0,"parent":0,"menu_order":0,"comment_status":"closed","ping_status":"closed","template":"","meta":{"footnotes":""},"class_list":["post-30","page","type-page","status-publish","hentry"],"_links":{"self":[{"href":"https:\/\/cmu-edu.eu\/de\/wp-json\/wp\/v2\/pages\/30","targetHints":{"allow":["GET"]}}],"collection":[{"href":"https:\/\/cmu-edu.eu\/de\/wp-json\/wp\/v2\/pages"}],"about":[{"href":"https:\/\/cmu-edu.eu\/de\/wp-json\/wp\/v2\/types\/page"}],"author":[{"embeddable":true,"href":"https:\/\/cmu-edu.eu\/de\/wp-json\/wp\/v2\/users\/4"}],"replies":[{"embeddable":true,"href":"https:\/\/cmu-edu.eu\/de\/wp-json\/wp\/v2\/comments?post=30"}],"version-history":[{"count":11,"href":"https:\/\/cmu-edu.eu\/de\/wp-json\/wp\/v2\/pages\/30\/revisions"}],"predecessor-version":[{"id":235,"href":"https:\/\/cmu-edu.eu\/de\/wp-json\/wp\/v2\/pages\/30\/revisions\/235"}],"wp:attachment":[{"href":"https:\/\/cmu-edu.eu\/de\/wp-json\/wp\/v2\/media?parent=30"}],"curies":[{"name":"wp","href":"https:\/\/api.w.org\/{rel}","templated":true}]}}