{"id":38,"date":"2019-01-21T09:58:16","date_gmt":"2019-01-21T09:58:16","guid":{"rendered":"https:\/\/cmu-edu.eu\/de\/?page_id=38"},"modified":"2019-01-21T10:09:58","modified_gmt":"2019-01-21T10:09:58","slug":"aufenthalt-in-rumanien-fur-studien","status":"publish","type":"page","link":"https:\/\/cmu-edu.eu\/de\/aufenthalt-in-rumanien-fur-studien\/","title":{"rendered":"Aufenthalt in Rum\u00e4nien f\u00fcr Studien"},"content":{"rendered":"<h2>Aufenthalt in Rum\u00e4nien f\u00fcr Studien<\/h2>\n<p>Zun\u00e4chst m\u00fcssen Sie sich bei der Universit\u00e4t f\u00fcr Schiffsingenieurwesen von Constanta einschreiben, um zum Studium zugelassen zu werden.<br \/>\nDer n\u00e4chste Schritt ist die Erlangung eines langfristigen Aufenthaltsvisums von den diplomatischen Vertretungen und konsularischen Vertretungen Rum\u00e4niens. (Siehe ihre Liste).<\/p>\n<h2>Langfristiges Aufenthaltsvisum<\/h2>\n<p>Sie k\u00f6nnen ein langfristiges Aufenthaltsvisum f\u00fcr Studien als Student, Masterand, Doktorand erhalten.<br \/>\nDas Visum wird auch Ausl\u00e4ndern gew\u00e4hrt, die auf der Grundlage der internationalen Dokumente, an denen Rum\u00e4nien Vertragspartei ist, zum Studium zugelassen sind.<br \/>\nWeitere Informationen zum Erhalt eines Visums und einer Aufenthaltsgenehmigung finden Sie unter <a href=\"https:\/\/www.mae.ro\/en\/node\/2035\" target=\"_blank\" rel=\"noopener\">https:\/\/www.mae.ro\/en\/node\/2035<\/a><\/p>\n<p><strong>Um ein langfristiges Aufenthaltsvisum zu erhalten, m\u00fcssen Sie folgende Dokumente einreichen:<\/strong><\/p>\n<p>Als Student, Masterand oder Doktorand:<br \/>\n<ul class=\"ap-list ap-list3\"><li>Nachweis der Annahme zu den Studien des Ministeriums f\u00fcr nationale Bildung, aus denen hervorgeht, dass Sie an einer Vollzeitausbildung teilnehmen werden;<\/li>\n<li>Nachweis \u00fcber die Zahlung der Studiengeb\u00fchr f\u00fcr mindestens ein Studienjahr;<\/li>\n<li>Nachweis der Unterhaltsmittel in H\u00f6he von mindestens dem monatlichen Mindestnettogehalt f\u00fcr den gesamten Visumzeitraum;<\/li>\n<li>Strafregisterzeugnis oder ein anderes Dokument mit demselben rechtlichen Wert;<\/li>\n<li>Krankenversicherung w\u00e4hrend der G\u00fcltigkeitsdauer des Visums;<\/li><\/ul><\/p>\n<p>Die Visumgeb\u00fchr betr\u00e4gt 120 Euro und wird in dem Staat, in dem Sie sich bewerben, gezahlt.<\/p>\n<p>Neben dem internen Verfahren wird das langfristige Aufenthaltsvisum vom Nationalen Visumszentrum nur nach Erhaltung der Genehmigung der rum\u00e4nischen Einwanderungsbeh\u00f6rde. Die rum\u00e4nische Einwanderungsbeh\u00f6rde stellt diese Mitteilung innerhalb von 30 Tagen nach Erhalt der Anfrage aus.<\/p>\n<p>Das langfristige Aufenthaltsvisum wird f\u00fcr eine Dauer von 90 Tagen mit einer oder mehreren Reisen erteilt.<\/p>\n<p><strong>Besonderheiten des Studienvisums<\/strong><br \/>\nAusl\u00e4ndische Stipendiaten des rum\u00e4nischen Staates sind nicht verpflichtet, die Unterhaltungsmittel oder die Zahlung der Studiengeb\u00fchr nachzuweisen, und die rum\u00e4nischen Stipendiaten sind nicht verpflichtet, die Unterhaltsmittel nachzuweisen.<\/p>\n<p><strong>Die Aufenthaltserlaubnis<\/strong><\/p>\n<p>Nach der Einreise in Rum\u00e4nien ben\u00f6tigen Sie eine Aufenthaltserlaubnis. Sie best\u00e4tigt Ihr Aufenthaltsrecht in Rum\u00e4nien und Sie k\u00f6nnen sie von den Territorialformationen der rum\u00e4nischen Einwanderungsbeh\u00f6rde in dem Bezirk, in dem Sie leben, erhalten. Um eine Aufenthaltserlaubnis zu erhalten, reichen Sie pers\u00f6nlich mindestens 30 Tage vor Ablauf der vom Visum genehmigten Aufenthaltserlaubnis (Ihr Foto wird auch genommen) eine Reihe von Dokumenten ein.<\/p>\n<p>F\u00fcr die Verl\u00e4ngerung des Aufenthaltsrechtes (das Erlangen der Aufenthaltserlaubnis) f\u00fcr Studien m\u00fcssen Sie folgende Dokumenten einreichen:<br \/>\nWenn Sie Student, Masterand oder ein Doktorand sind:<\/p>\n<ul class=\"ap-list ap-list3\"><li>Anfrage<\/li>\n<li>das Dokument des Grenz\u00fcbergangs (Reisepass, Reisetitel usw.), im Original und in der Kopie;<\/li>\n<li>Studiumsannahmeurkunde &#8211; nur die erste Verl\u00e4ngerung des Aufenthaltsrechts wird beantragt;<\/li>\n<li>die von der Bildungsanstalt ausgestellte Bescheinigung;<\/li>\n<li>Nachweis der Unterhaltsmittel in H\u00f6he von mindestens dem monatlichen Mindestnettogehalt f\u00fcr den gesamten G\u00fcltigkeit der Aufenthaltserlaubnis;<\/li>\n<li>Nachweis des legalen Besitzes des Wohnraums (Original und Kopie);<\/li>\n<li>\u00e4rztliche Bescheinigung;<\/li>\n<li>Geb\u00fchren.<\/li><\/ul>\n<p><strong>Ausnahmesituationen f\u00fcr Ausl\u00e4nder, die in Rum\u00e4nien studieren<\/strong><br \/>\nStipendiaten des rum\u00e4nischen Staates sind von Konsulargeb\u00fchren und Aufenthaltsgenehmigungen befreit und m\u00fcssen ihre Existenzgrundlagen nicht nachweisen.<br \/>\nRum\u00e4nische Staatsb\u00fcrger (sie haben einen Aszendenten, der rum\u00e4nische Staatsb\u00fcrgerschaft hatte oder hat) m\u00fcssen nicht die Unterhaltungsmittel beweisen.<br \/>\nAusl\u00e4ndische Studierende, die das 26. Lebensjahr vollendet haben, ben\u00f6tigen eine Krankenversicherung f\u00fcr die Verl\u00e4ngerung des Aufenthaltsrechts gem\u00e4\u00df Gesetz Nummer 95\/2006 zur Gesundheitsreform.<\/p>\n<p>Ausl\u00e4ndern, die ihr Studium in der Anfangszeit nicht abgeschlossen haben, k\u00f6nnen eine weitere Verl\u00e4ngerung des Aufenthaltsrechts gew\u00e4hrt werden, um ihr Studium f\u00fcr h\u00f6chstens ein Jahr zu beenden.<\/p>\n<p><strong>Fristen f\u00fcr die Aufenthaltserlaubnis <\/strong><br \/>\nDie Aufenthaltserlaubnis muss mindestens 30 Tage vor dem Ablaufdatum der vorherigen Aufenthaltserlaubnis verl\u00e4ngert werden.<br \/>\nDie Anfrage auf Erteilung oder Verl\u00e4ngerung des Aufenthaltsrechts wird innerhalb von 30 Tagen ab dem Datum ihrer Einreichung erledigt. In F\u00e4llen, in denen eine zus\u00e4tzliche \u00dcberpr\u00fcfung erforderlich ist, kann die Frist f\u00fcr die Beantwortung der Anfrage um bis zu 15 Tage verl\u00e4ngert werden.<br \/>\nDas zeitlich befristete Aufenthaltsrecht f\u00fcr Studien wird sukzessiv um ein Jahr verl\u00e4ngert. Die Aufenthaltserlaubnise f\u00fcr rum\u00e4nische Staatsstipendien werden f\u00fcr einen Zeitraum gew\u00e4hrt, der der gesamten Studiendauer entspricht.<br \/>\nDas Aufenthaltsrecht kann bis zu 90 Tagen nach Abschluss des Studiums verl\u00e4ngert werden, um die schulische oder universit\u00e4re Situation abzuschlie\u00dfen und die Studienarbeiten zu genehmigen.<\/p>\n<p><strong>\u00c4nderung des Studienprofils<\/strong><br \/>\nSie k\u00f6nnen Ihr Studienprofil oder Ihre fachliche Spezialisierung \u00e4ndern, wenn die Gesamtdauer f\u00fcr den urspr\u00fcnglichen Studien nicht \u00fcberschritten wird. Wenn die neue Option einen l\u00e4ngeren Zeitraum erfordert, ist es erforderlich, ein neues Visum f\u00fcr einen l\u00e4ngerfristigen Aufenthalt zu Studienzwecken zu erhalten.<\/p>\n<p><strong>Besch\u00e4ftigung w\u00e4hrend des Studiums<\/strong><br \/>\nWenn Sie in Rum\u00e4nien studieren und daf\u00fcr eine Aufenthaltserlaubnis haben, k\u00f6nnen Sie nur mit einem reduzierten Programm (4 Stunden pro Tag) arbeiten.<br \/>\nDaf\u00fcr ben\u00f6tigen Sie eine Arbeitserlaubnis.<\/p>\n<p>Informieren Sie sich \u00fcber die Bedingungen f\u00fcr die Erteilung einer Arbeitserlaubnis.<\/p>\n<div class=\"clearfix ap-row\"><div class=\"ap_column ap-span3\"><h2>Studenten aus der EU \/ studenti UE<\/h2>\n<p>Anerkennung von Studien f\u00fcr Staatsangeh\u00f6rige der EU-Mitgliedstaaten, EWR-B\u00fcrger und der Schweizerischen Eidgenossenschaft sowie deren Familienangeh\u00f6rige, die in einem der oben genannten L\u00e4nder eine unbefristete Aufenthaltserlaubnis f\u00fcr die Zulassung zum postsekund\u00e4ren oder postgradualen Studium besitzen.\nSenden Sie Ihre Bewerbung an die Universit\u00e4t.<\/p>\n<p>Zahlungsbeleg f\u00fcr die Bewertungsgeb\u00fchr &#8211; 50 RON &#8211; Kopie.<\/p>\n<p>Aus dem Ausland kann die Zahlung in Euro per Bank\u00fcberweisung auf das untenstehende Konto erfolgen:\n<div class=\"divider\" style=\"margin-top:1px; margin-bottom:1px; border-top:1px solid #CCCCCC;width:100%\"\/><\/div>\n<strong>Beg\u00fcnstigter: Ministerium f\u00fcr Nationale Bildung<\/strong>\n<div class=\"divider\" style=\"margin-top:1px; margin-bottom:1px; border-top:1px solid #CCCCCC;width:100%\"\/><\/div>\n<strong>Steuernummer: 13729380<\/strong>\n<div class=\"divider\" style=\"margin-top:1px; margin-bottom:1px; border-top:1px solid #CCCCCC;width:100%\"\/><\/div>\n<strong>Bank: Rum\u00e4nische Gesch\u00e4ftsbank \u2013 Banca Comerciala Romana &#8211; BCR, Sala Palatului Zweigstelle<\/strong>\n<div class=\"divider\" style=\"margin-top:1px; margin-bottom:1px; border-top:1px solid #CCCCCC;width:100%\"\/><\/div>\n<strong>IBAN: RO35RNCB0080005630300077<\/strong>\n<div class=\"divider\" style=\"margin-top:1px; margin-bottom:1px; border-top:1px solid #CCCCCC;width:100%\"\/><\/div>\n<strong>SWIFT-Code: RNCBROBU<\/strong>\n<div class=\"divider\" style=\"margin-top:1px; margin-bottom:1px; border-top:1px solid #CCCCCC;width:100%\"\/><\/div>\n<strong>BIC: RNCB<\/strong>\n<div class=\"divider\" style=\"margin-top:1px; margin-bottom:1px; border-top:1px solid #CCCCCC;width:100%\"\/><\/div><\/p>\n<p>Die Geb\u00fchr wird nach dem offiziellen Zinssatz der rum\u00e4nischen Nationalbank am Tag der Zahlung berechnet.<\/p>\n<p>Beglaubigung von Studienunterlagen:<\/p>\n<ul class=\"ap-list ap-list3\"><li>Diplome von Moldawien ben\u00f6tigen keine Beglaubigung.\nDiplome, die vor 2008 ausgestellt wurden (und Diplome, die nach 2008 nicht online gepr\u00fcft werden k\u00f6nnen), werden von einem Echtheitszertifikat des Bildungsministeriums der Republik Moldau begleitet, das im Original vorgelegt wird.<\/li>\n<li>Die Haager Apostille ist f\u00fcr Diplome aus L\u00e4ndern erforderlich, die Vertragsparteien der Haager Apostille sind, ausgestellt von den zust\u00e4ndigen Beh\u00f6rden der Ausstellungsl\u00e4nder. Das Haager Apostille-\u00dcbereinkommen ist f\u00fcr die Diplome von Italien, Griechenland, Spanien, Portugal und Zypern erforderlich.<\/li>\n<li>In L\u00e4ndern, die keine Vertragsparteien der Haager Apostille sind, ausgestellte Diplome werden von den zust\u00e4ndigen Beh\u00f6rden der ausstellenden L\u00e4nder beglaubigt oder von einer Beglaubigungsbescheinigung begleitet;<\/li>\n<li>Die Beglaubigung \/ Authentifizierung wird vom Au\u00dfenministerium des Ausstellungslandes und der rum\u00e4nischen Botschaft \/ des Konsulats im Ausstellungsland oder vom Au\u00dfenministerium des Ausstellungslandes und die Botschaft \/ das Konsulat des Ausstellungslandes in Rum\u00e4nien durchgef\u00fchrt. F\u00fcr L\u00e4nder, in denen Rum\u00e4nien keine diplomatische Vertretung hat, oder L\u00e4nder, die keine diplomatischen Vertretungen in Rum\u00e4nien haben, werden die Studienunterlagen vom Bildungsministerium und vom Au\u00dfenministerium des ausstellenden Landes beglaubigt.<\/li>\n<li>Die Befreiung von der Beglaubigung \/ Authentifizierung ist nach dem Recht eines internationalen Vertrags, zu dem Rum\u00e4nien Vertragspartei ist, oder auf\nGegenseitigkeit zul\u00e4ssig.<\/li><\/ul><\/div>\n<div class=\"ap_column ap-span3\"><h2>Studenten au\u00dferhalb der EU<\/h2>\n<p>Aufgrund von Zulassungsvoraussetzungen und Studienverfahren in Rum\u00e4nien m\u00fcssen Studierende aus Nicht-EU-L\u00e4ndern, der EWR und der Schweizerischen Eidgenossenschaft das Antragsformular zusammen mit allen erforderlichen Unterlagen der Universit\u00e4t vorlegen.<\/p>\n<p>Die Universit\u00e4t gibt das Zulassungsschreiben aus, das vom Bildungsministerium genehmigt werden muss.<\/p>\n<p>Die Anerkennung der Studien erfolgt bei Ankunft der Studenten in Rum\u00e4nien durch Vorlage des Originaldokuments beim Bildungsministerium.\nStudierende aus L\u00e4ndern au\u00dferhalb der EU, des EWR und der Schweiz stellen folgende Dokumente vor:<\/p>\n<ul class=\"ap-list ap-list3\"><li>das Eintragungsformular; PDF-Version &#8211; 2 Kopien;<\/li>\n<li>eine beglaubigte Kopie des Abitursdiploms oder eines gleichwertigen Dokuments &#8211; f\u00fcr Lizenzstudien;<\/li>\n<li>beglaubigte Kopie des Abschlusszeugnisses \u2013 f\u00fcr Doktoranden;<\/li>\n<li>beglaubigte Kopie der akademischen Situation, \u00fcbersetzt in Rum\u00e4nisch, Englisch oder Franz\u00f6sisch;<\/li>\n<li>eine beglaubigte Kopie der Geburtsurkunde;<\/li>\n<li>eine \u00e4rztliche Bescheinigung, aus dem hervorgeht, dass der Kandidat keine ansteckenden Krankheiten oder andere mit dem \u00e4rztlichen Beruf unvereinbare Krankheiten hat;<\/li>\n<li>beglaubigte Passkopie;<\/li>\n<li>Eine auf eigene Verantwortung des Antragstellers abgegebene Erkl\u00e4rung, in der es hei\u00dft, dass das Abitur (Baccalaureate-Diplom) es ihm erm\u00f6glicht, sich im Ausstellungsland f\u00fcr ein Bachelor-Studium zu bewerben.<\/li>\n<li>Das Sprachzeugnis ist, au\u00dfer f\u00fcr Bewerber in L\u00e4ndern, in denen die Amtssprache die Sprache ist, die Unterrichtssprache. Bitte beachten Sie, dass dieses Zeugnis vor der Anmeldung nach bestandener Pr\u00fcfung an der Universit\u00e4t erh\u00e4ltlich ist. Das Sprachzeugnis befreit Sie davon, den Sprachtest zu bestehen, bevor Sie mit dem Fremdsprachenstudium beginnen.<\/li>\n<li>Zwei aktuelle Fotos;<\/li><\/ul><\/div><\/div>\n","protected":false},"excerpt":{"rendered":"<p>Aufenthalt in Rum\u00e4nien f\u00fcr Studien Zun\u00e4chst m\u00fcssen Sie sich bei der Universit\u00e4t f\u00fcr Schiffsingenieurwesen von Constanta einschreiben, um zum Studium zugelassen zu werden. Der n\u00e4chste Schritt ist die Erlangung eines langfristigen Aufenthaltsvisums von den diplomatischen Vertretungen und konsularischen Vertretungen Rum\u00e4niens. (Siehe ihre Liste). Langfristiges Aufenthaltsvisum Sie k\u00f6nnen ein langfristiges Aufenthaltsvisum f\u00fcr Studien als Student, Masterand, [&hellip;]<\/p>\n","protected":false},"author":4,"featured_media":0,"parent":0,"menu_order":0,"comment_status":"closed","ping_status":"closed","template":"","meta":{"footnotes":""},"class_list":["post-38","page","type-page","status-publish","hentry"],"_links":{"self":[{"href":"https:\/\/cmu-edu.eu\/de\/wp-json\/wp\/v2\/pages\/38","targetHints":{"allow":["GET"]}}],"collection":[{"href":"https:\/\/cmu-edu.eu\/de\/wp-json\/wp\/v2\/pages"}],"about":[{"href":"https:\/\/cmu-edu.eu\/de\/wp-json\/wp\/v2\/types\/page"}],"author":[{"embeddable":true,"href":"https:\/\/cmu-edu.eu\/de\/wp-json\/wp\/v2\/users\/4"}],"replies":[{"embeddable":true,"href":"https:\/\/cmu-edu.eu\/de\/wp-json\/wp\/v2\/comments?post=38"}],"version-history":[{"count":5,"href":"https:\/\/cmu-edu.eu\/de\/wp-json\/wp\/v2\/pages\/38\/revisions"}],"predecessor-version":[{"id":43,"href":"https:\/\/cmu-edu.eu\/de\/wp-json\/wp\/v2\/pages\/38\/revisions\/43"}],"wp:attachment":[{"href":"https:\/\/cmu-edu.eu\/de\/wp-json\/wp\/v2\/media?parent=38"}],"curies":[{"name":"wp","href":"https:\/\/api.w.org\/{rel}","templated":true}]}}