{"id":44,"date":"2019-01-21T11:13:07","date_gmt":"2019-01-21T11:13:07","guid":{"rendered":"https:\/\/cmu-edu.eu\/de\/?page_id=44"},"modified":"2019-01-29T07:17:58","modified_gmt":"2019-01-29T07:17:58","slug":"unterkunftsangaben","status":"publish","type":"page","link":"https:\/\/cmu-edu.eu\/de\/unterkunftsangaben\/","title":{"rendered":"Unterkunftsangaben"},"content":{"rendered":"<p>Studenten k\u00f6nnen in den Studentenwohnheimen der Universit\u00e4t wohnen. Die Betten werden den Sch\u00fclern je nach dem Windhundprinzip zur Verf\u00fcgung gestellt.<br \/>\nInternetzugang ist in allen Heimen der Universit\u00e4t verf\u00fcgbar.<\/p>\n<p>Der Zimmerpreis h\u00e4ngt vom Apartmenttyp und der Zimmergr\u00f6\u00dfe ab.<\/p>\n<p><strong>Privatunterkunft<\/strong><br \/>\nStudentenverband der Universit\u00e4t f\u00fcr Schiffsingenieurwesen von Constanta hilft Ihnen, Privatunterkunft zu finden, bevor Sie in Constanta ankommen. Sie geben Ihnen einige Adressen, Ratschl\u00e4ge, aber die Suche wird von Ihnen durchgef\u00fchrt.<\/p>\n<p>Nach Ihrer Ankunft k\u00f6nnen Sie das B\u00fcro des Studentenverbands (die Universit\u00e4t f\u00fcr Schiffsingenieurwesen von Constanta, Arbeitszeit: Montag bis Freitag von 14: 00-17: 00) besuchen.<\/p>\n<p>Die Universit\u00e4t f\u00fcr Schiffsingenieurwesen von Constanta hat besonderes Augenmerk auf den effizienten Einsatz ihrer eigenen personellen, finanziellen und patrimonialen Ressourcen gelegt, um optimale Bedingungen f\u00fcr die Unterbringung von Studenten in den eigenen Heimen der Universit\u00e4t zu gew\u00e4hrleisten und die zahlreichen sozialen Probleme des Studentencampus zu l\u00f6sen.<\/p>\n<p>Nach den Rehabilitationsarbeiten zwischen 2005 und 2006 bietet die Universit\u00e4t f\u00fcr Schiffsingenieurwesen von Constanta \u00fcber 500 Wohneinheiten in modernem Zustand an.<\/p>\n<h2>Studentenheime<\/h2>\n<div class=\"clearfix ap-row\"><div class=\"ap_column ap-span3\"><h2>Das Studentenwohnheim bei SIUTGHIOL SEE SITZ<\/h2>\n<p><code>\r\n\t<ul id=\"slideshowgallery2886\" class=\"slideshowgallery2886\" style=\"display:none;\">\r\n\t\t\t\t\t<!-- From all slides or gallery slides -->\r\n\t\t\t\t\t\t\t\r\n\t\t\t\t<li>\r\n\t\t\t\t\t<h3 style=\"opacity:70;\">MG_0001<\/h3>\r\n\t\t\t\t\t\t\t\t\t\t\t<span>https:\/\/cmu-edu.eu\/de\/wp-content\/uploads\/sites\/22\/2019\/01\/MG_0001.jpg<\/span>\r\n\t\t\t\t\t\t\t\t\t\t<p><\/p>\r\n\t\t\t\t\t\t\t\t\t\t\t\t\t\t\t\t\t\t<a><\/a>\r\n\t\t\t\t\t\t\t\t\t\t\t\t\t\t\t<\/li>\r\n\t\t\t\t\t\t\t\r\n\t\t\t\t<li>\r\n\t\t\t\t\t<h3 style=\"opacity:70;\">MG_001<\/h3>\r\n\t\t\t\t\t\t\t\t\t\t\t<span>https:\/\/cmu-edu.eu\/de\/wp-content\/uploads\/sites\/22\/2019\/01\/MG_001.jpg<\/span>\r\n\t\t\t\t\t\t\t\t\t\t<p><\/p>\r\n\t\t\t\t\t\t\t\t\t\t\t\t\t\t\t\t\t\t<a><\/a>\r\n\t\t\t\t\t\t\t\t\t\t\t\t\t\t\t<\/li>\r\n\t\t\t\t\t\t\t\r\n\t\t\t\t<li>\r\n\t\t\t\t\t<h3 style=\"opacity:70;\">MG_0002<\/h3>\r\n\t\t\t\t\t\t\t\t\t\t\t<span>https:\/\/cmu-edu.eu\/de\/wp-content\/uploads\/sites\/22\/2019\/01\/MG_0002.jpg<\/span>\r\n\t\t\t\t\t\t\t\t\t\t<p><\/p>\r\n\t\t\t\t\t\t\t\t\t\t\t\t\t\t\t\t\t\t<a><\/a>\r\n\t\t\t\t\t\t\t\t\t\t\t\t\t\t\t<\/li>\r\n\t\t\t\t\t\t\t\r\n\t\t\t\t<li>\r\n\t\t\t\t\t<h3 style=\"opacity:70;\">MG_002<\/h3>\r\n\t\t\t\t\t\t\t\t\t\t\t<span>https:\/\/cmu-edu.eu\/de\/wp-content\/uploads\/sites\/22\/2019\/01\/MG_002.jpg<\/span>\r\n\t\t\t\t\t\t\t\t\t\t<p><\/p>\r\n\t\t\t\t\t\t\t\t\t\t\t\t\t\t\t\t\t\t<a><\/a>\r\n\t\t\t\t\t\t\t\t\t\t\t\t\t\t\t<\/li>\r\n\t\t\t\t\t\t\t\r\n\t\t\t\t<li>\r\n\t\t\t\t\t<h3 style=\"opacity:70;\">MG_0003<\/h3>\r\n\t\t\t\t\t\t\t\t\t\t\t<span>https:\/\/cmu-edu.eu\/de\/wp-content\/uploads\/sites\/22\/2019\/01\/MG_0003.jpg<\/span>\r\n\t\t\t\t\t\t\t\t\t\t<p><\/p>\r\n\t\t\t\t\t\t\t\t\t\t\t\t\t\t\t\t\t\t<a><\/a>\r\n\t\t\t\t\t\t\t\t\t\t\t\t\t\t\t<\/li>\r\n\t\t\t\t\t\t\t\r\n\t\t\t\t<li>\r\n\t\t\t\t\t<h3 style=\"opacity:70;\">MG_003<\/h3>\r\n\t\t\t\t\t\t\t\t\t\t\t<span>https:\/\/cmu-edu.eu\/de\/wp-content\/uploads\/sites\/22\/2019\/01\/MG_003.jpg<\/span>\r\n\t\t\t\t\t\t\t\t\t\t<p><\/p>\r\n\t\t\t\t\t\t\t\t\t\t\t\t\t\t\t\t\t\t<a><\/a>\r\n\t\t\t\t\t\t\t\t\t\t\t\t\t\t\t<\/li>\r\n\t\t\t\t\t\t\t\r\n\t\t\t\t<li>\r\n\t\t\t\t\t<h3 style=\"opacity:70;\">MG_004<\/h3>\r\n\t\t\t\t\t\t\t\t\t\t\t<span>https:\/\/cmu-edu.eu\/de\/wp-content\/uploads\/sites\/22\/2019\/01\/MG_004.jpg<\/span>\r\n\t\t\t\t\t\t\t\t\t\t<p><\/p>\r\n\t\t\t\t\t\t\t\t\t\t\t\t\t\t\t\t\t\t<a><\/a>\r\n\t\t\t\t\t\t\t\t\t\t\t\t\t\t\t<\/li>\r\n\t\t\t\t\t\t\t\r\n\t\t\t\t<li>\r\n\t\t\t\t\t<h3 style=\"opacity:70;\">MG_005<\/h3>\r\n\t\t\t\t\t\t\t\t\t\t\t<span>https:\/\/cmu-edu.eu\/de\/wp-content\/uploads\/sites\/22\/2019\/01\/MG_005.jpg<\/span>\r\n\t\t\t\t\t\t\t\t\t\t<p><\/p>\r\n\t\t\t\t\t\t\t\t\t\t\t\t\t\t\t\t\t\t<a><\/a>\r\n\t\t\t\t\t\t\t\t\t\t\t\t\t\t\t<\/li>\r\n\t\t\t\t\t\t<\/ul>\r\n\t\r\n\t<div id=\"slideshow-wrappergallery2886\" class=\"slideshow-wrapper\">\r\n\t\t\t\r\n\t\t<div class=\"slideshow-fullsize\" id=\"fullsizegallery2886\">\r\n\t\t\t\t\t\t\t\t\t\t\t\t\t\t<div id=\"imgprevgallery2886\" class=\"slideshow-imgprev imgnav\" title=\"Previous Image\">Previous Image<\/div>\r\n\t\t\t\t\t\t<a id=\"imglinkgallery2886\" class=\"slideshow-imglink imglink\"><!-- link --><\/a>\r\n\t\t\t\t\t\t\t\t\t\t\t<div id=\"imgnextgallery2886\" class=\"slideshow-imgnext imgnav\" title=\"Next Image\">Next Image<\/div>\r\n\t\t\t\t\t\t<div id=\"imagegallery2886\" class=\"slideshow-image\"><\/div>\r\n\t\t\t\t\t<\/div>\r\n\t\t\r\n\t\t\t<\/div>\r\n\t\r\n\t<!-- Slideshow Gallery Javascript BEG -->\t\r\n\t<script type=\"text\/javascript\">\r\n\tjQuery.noConflict();\r\n\ttid('slideshowgallery2886').style.display = \"none\";\r\n\ttid('slideshow-wrappergallery2886').style.display = 'block';\r\n\ttid('slideshow-wrappergallery2886').style.visibility = 'hidden';\r\n\tjQuery(\"#fullsizegallery2886\").append('<div id=\"spinnergallery2886\"><img decoding=\"async\" src=\"https:\/\/cmu-edu.eu\/de\/wp-content\/plugins\/slideshow-gallery\/images\/spinner.gif\"><\/div>');\r\n\ttid('spinnergallery2886').style.visibility = 'visible';\r\n\r\n\tvar slideshowgallery2886 = new TINY.slideshow(\"slideshowgallery2886\");\r\n\tjQuery(document).ready(function() {\r\n\t\tslideshowgallery2886.auto = true;\t\tslideshowgallery2886.speed = 10;\r\n\t\tslideshowgallery2886.effect = \"fade\";\r\n\t\tslideshowgallery2886.slide_direction = \"lr\";\r\n\t\tslideshowgallery2886.easing = \"swing\";\r\n\t\tslideshowgallery2886.alwaysauto = true;\r\n\t\tslideshowgallery2886.autoheight = false;\r\n\t\tslideshowgallery2886.imgSpeed = 20;\r\n\t\tslideshowgallery2886.navOpacity = 25;\r\n\t\tslideshowgallery2886.navHover = 75;\r\n\t\tslideshowgallery2886.letterbox = \"#000000\";\r\n\t\tslideshowgallery2886.linkclass = \"linkhover\";\r\n\t\tslideshowgallery2886.imagesid = \"imagesgallery2886\";\r\n\t\tslideshowgallery2886.info = \"\";\r\n\t\tslideshowgallery2886.infoSpeed = 10;\r\n\t\tslideshowgallery2886.thumbs = \"\";\r\n\t\tslideshowgallery2886.thumbOpacity = 70;\r\n\t\tslideshowgallery2886.left = \"slideleftgallery2886\";\r\n\t\tslideshowgallery2886.right = \"sliderightgallery2886\";\r\n\t\tslideshowgallery2886.scrollSpeed = 5;\r\n\t\tslideshowgallery2886.spacing = 5;\r\n\t\tslideshowgallery2886.active = \"\";\r\n\t\tslideshowgallery2886.imagesthickbox = \"false\";\r\n\t\tjQuery(\"#spinnergallery2886\").remove();\r\n\t\tslideshowgallery2886.init(\"slideshowgallery2886\",\"imagegallery2886\",\"imgprevgallery2886\",\"imgnextgallery2886\",\"imglinkgallery2886\");\r\n\t\ttid('slideshow-wrappergallery2886').style.visibility = 'visible';\r\n\t\tjQuery(window).trigger('resize');\r\n\t});\r\n\t\r\n\t\t\tjQuery(window).resize(function() {\r\n\t\t\tvar width = jQuery('#slideshow-wrappergallery2886').width();\r\n\t\t\tvar resheight = 50;\r\n\t\t\tvar height = Math.round(((resheight \/ 100) * width));\r\n\t\t\tjQuery('#fullsizegallery2886').height(height);\r\n\t\t});\r\n\t\t<\/script>\r\n\t\r\n\t<!-- Slideshow Gallery Javascript END --><!-- Slideshow Gallery CSS BEG -->\t\r\n\t\t\r\n\t<link rel=\"stylesheet\" property=\"stylesheet\" href=\"https:\/\/cmu-edu.eu\/de\/wp-content\/plugins\/slideshow-gallery\/views\/default\/css-responsive.php?layout=responsive&amp;resheight=50&amp;resheighttype=%25&amp;resizeimages=Y&amp;width=450&amp;height=250&amp;border=1px+solid+%23CCCCCC&amp;background=%23000000&amp;infobackground=%23000000&amp;infocolor=%23ffffff&amp;thumbactive=&amp;unique=gallery2886&amp;wrapperid=slideshow-wrappergallery2886&amp;autoheight=false&amp;thumbwidth=100&amp;thumbheight=75&amp;sliderwidth=888&amp;infohideonmobile=1\" type=\"text\/css\" media=\"all\" \/>\r\n\t\r\n\t<!--[if IE 6]>\r\n\t<style type=\"text\/css\">\r\n\t.imglink, #imglink { display: none !important; }\r\n\t.linkhover { display: none !important; }\r\n\t<\/style>\r\n\t<![endif]-->\r\n\t\r\n\t<!-- Slideshow Gallery CSS END --><\/code>\nist einen Neubau mit modernen Unterk\u00fcnften, 1 Waschraum, Internetanschluss, Esszimmer und wurde 2011 in Betrieb genommen.<\/p>\n<p>Die Bildungsr\u00e4ume im Patrimonium der Universit\u00e4t f\u00fcr Schiffsingenieurwesen von Constanta bieten Universit\u00e4tsstudenten die M\u00f6glichkeit, in 3 Konferenzr\u00e4umen, 8 Klassenzimmern, 16 Seminarr\u00e4umen, 16 modernen Laboratorien vom Hauptsitz sowie 5 Laboratorien innerhalb der Nautischen Basis, wo ein modernes multifunktionales Labor f\u00fcr elektromechanische Ausr\u00fcstung, ein Labor f\u00fcr Funkkommunikation und Fernsehen, ein Labor f\u00fcr Mikroprozessoren und Architektur der Computersysteme, ein Labor f\u00fcr Mikrocontroller, Trainingspolygone, ein Fu\u00dfballfeld, ein Feldtennis, Turnhalle den Studenten und Masteranden zur Verf\u00fcgung stehen, um sie unter optimalen Bedingungen zu studieren.<\/p><\/div>\n<div class=\"ap_column ap-span3\"><h2>Das Studentenwohnheim FAR 3<\/h2>\n<p><code>\r\n\t<ul id=\"slideshowgallery1841\" class=\"slideshowgallery1841\" style=\"display:none;\">\r\n\t\t\t\t\t<!-- From all slides or gallery slides -->\r\n\t\t\t\t\t\t\t\r\n\t\t\t\t<li>\r\n\t\t\t\t\t<h3 style=\"opacity:70;\">Das Studentenwohnheim<\/h3>\r\n\t\t\t\t\t\t\t\t\t\t\t<span>https:\/\/cmu-edu.eu\/de\/wp-content\/uploads\/sites\/22\/2019\/01\/01.jpg<\/span>\r\n\t\t\t\t\t\t\t\t\t\t<p><\/p>\r\n\t\t\t\t\t\t\t\t\t\t\t\t\t\t\t\t\t\t<a><\/a>\r\n\t\t\t\t\t\t\t\t\t\t\t\t\t\t\t<\/li>\r\n\t\t\t\t\t\t\t\r\n\t\t\t\t<li>\r\n\t\t\t\t\t<h3 style=\"opacity:70;\">Das Studentenwohnheim<\/h3>\r\n\t\t\t\t\t\t\t\t\t\t\t<span>https:\/\/cmu-edu.eu\/de\/wp-content\/uploads\/sites\/22\/2019\/01\/02.jpg<\/span>\r\n\t\t\t\t\t\t\t\t\t\t<p><\/p>\r\n\t\t\t\t\t\t\t\t\t\t\t\t\t\t\t\t\t\t<a><\/a>\r\n\t\t\t\t\t\t\t\t\t\t\t\t\t\t\t<\/li>\r\n\t\t\t\t\t\t\t\r\n\t\t\t\t<li>\r\n\t\t\t\t\t<h3 style=\"opacity:70;\">Das Studentenwohnheim<\/h3>\r\n\t\t\t\t\t\t\t\t\t\t\t<span>https:\/\/cmu-edu.eu\/de\/wp-content\/uploads\/sites\/22\/2019\/01\/03.jpg<\/span>\r\n\t\t\t\t\t\t\t\t\t\t<p><\/p>\r\n\t\t\t\t\t\t\t\t\t\t\t\t\t\t\t\t\t\t<a><\/a>\r\n\t\t\t\t\t\t\t\t\t\t\t\t\t\t\t<\/li>\r\n\t\t\t\t\t\t\t\r\n\t\t\t\t<li>\r\n\t\t\t\t\t<h3 style=\"opacity:70;\">Das Studentenwohnheim<\/h3>\r\n\t\t\t\t\t\t\t\t\t\t\t<span>https:\/\/cmu-edu.eu\/de\/wp-content\/uploads\/sites\/22\/2019\/01\/04.jpg<\/span>\r\n\t\t\t\t\t\t\t\t\t\t<p><\/p>\r\n\t\t\t\t\t\t\t\t\t\t\t\t\t\t\t\t\t\t<a><\/a>\r\n\t\t\t\t\t\t\t\t\t\t\t\t\t\t\t<\/li>\r\n\t\t\t\t\t\t\t\r\n\t\t\t\t<li>\r\n\t\t\t\t\t<h3 style=\"opacity:70;\">Das Studentenwohnheim<\/h3>\r\n\t\t\t\t\t\t\t\t\t\t\t<span>https:\/\/cmu-edu.eu\/de\/wp-content\/uploads\/sites\/22\/2019\/01\/05.jpg<\/span>\r\n\t\t\t\t\t\t\t\t\t\t<p><\/p>\r\n\t\t\t\t\t\t\t\t\t\t\t\t\t\t\t\t\t\t<a><\/a>\r\n\t\t\t\t\t\t\t\t\t\t\t\t\t\t\t<\/li>\r\n\t\t\t\t\t\t<\/ul>\r\n\t\r\n\t<div id=\"slideshow-wrappergallery1841\" class=\"slideshow-wrapper\">\r\n\t\t\t\r\n\t\t<div class=\"slideshow-fullsize\" id=\"fullsizegallery1841\">\r\n\t\t\t\t\t\t\t\t\t\t\t\t\t\t<div id=\"imgprevgallery1841\" class=\"slideshow-imgprev imgnav\" title=\"Previous Image\">Previous Image<\/div>\r\n\t\t\t\t\t\t<a id=\"imglinkgallery1841\" class=\"slideshow-imglink imglink\"><!-- link --><\/a>\r\n\t\t\t\t\t\t\t\t\t\t\t<div id=\"imgnextgallery1841\" class=\"slideshow-imgnext imgnav\" title=\"Next Image\">Next Image<\/div>\r\n\t\t\t\t\t\t<div id=\"imagegallery1841\" class=\"slideshow-image\"><\/div>\r\n\t\t\t\t\t<\/div>\r\n\t\t\r\n\t\t\t<\/div>\r\n\t\r\n\t<!-- Slideshow Gallery Javascript BEG -->\t\r\n\t<script type=\"text\/javascript\">\r\n\tjQuery.noConflict();\r\n\ttid('slideshowgallery1841').style.display = \"none\";\r\n\ttid('slideshow-wrappergallery1841').style.display = 'block';\r\n\ttid('slideshow-wrappergallery1841').style.visibility = 'hidden';\r\n\tjQuery(\"#fullsizegallery1841\").append('<div id=\"spinnergallery1841\"><img decoding=\"async\" src=\"https:\/\/cmu-edu.eu\/de\/wp-content\/plugins\/slideshow-gallery\/images\/spinner.gif\"><\/div>');\r\n\ttid('spinnergallery1841').style.visibility = 'visible';\r\n\r\n\tvar slideshowgallery1841 = new TINY.slideshow(\"slideshowgallery1841\");\r\n\tjQuery(document).ready(function() {\r\n\t\tslideshowgallery1841.auto = true;\t\tslideshowgallery1841.speed = 10;\r\n\t\tslideshowgallery1841.effect = \"fade\";\r\n\t\tslideshowgallery1841.slide_direction = \"lr\";\r\n\t\tslideshowgallery1841.easing = \"swing\";\r\n\t\tslideshowgallery1841.alwaysauto = true;\r\n\t\tslideshowgallery1841.autoheight = false;\r\n\t\tslideshowgallery1841.imgSpeed = 20;\r\n\t\tslideshowgallery1841.navOpacity = 25;\r\n\t\tslideshowgallery1841.navHover = 75;\r\n\t\tslideshowgallery1841.letterbox = \"#000000\";\r\n\t\tslideshowgallery1841.linkclass = \"linkhover\";\r\n\t\tslideshowgallery1841.imagesid = \"imagesgallery1841\";\r\n\t\tslideshowgallery1841.info = \"\";\r\n\t\tslideshowgallery1841.infoSpeed = 10;\r\n\t\tslideshowgallery1841.thumbs = \"\";\r\n\t\tslideshowgallery1841.thumbOpacity = 70;\r\n\t\tslideshowgallery1841.left = \"slideleftgallery1841\";\r\n\t\tslideshowgallery1841.right = \"sliderightgallery1841\";\r\n\t\tslideshowgallery1841.scrollSpeed = 5;\r\n\t\tslideshowgallery1841.spacing = 5;\r\n\t\tslideshowgallery1841.active = \"\";\r\n\t\tslideshowgallery1841.imagesthickbox = \"false\";\r\n\t\tjQuery(\"#spinnergallery1841\").remove();\r\n\t\tslideshowgallery1841.init(\"slideshowgallery1841\",\"imagegallery1841\",\"imgprevgallery1841\",\"imgnextgallery1841\",\"imglinkgallery1841\");\r\n\t\ttid('slideshow-wrappergallery1841').style.visibility = 'visible';\r\n\t\tjQuery(window).trigger('resize');\r\n\t});\r\n\t\r\n\t\t\tjQuery(window).resize(function() {\r\n\t\t\tvar width = jQuery('#slideshow-wrappergallery1841').width();\r\n\t\t\tvar resheight = 50;\r\n\t\t\tvar height = Math.round(((resheight \/ 100) * width));\r\n\t\t\tjQuery('#fullsizegallery1841').height(height);\r\n\t\t});\r\n\t\t<\/script>\r\n\t\r\n\t<!-- Slideshow Gallery Javascript END --><!-- Slideshow Gallery CSS BEG -->\t\r\n\t\t\r\n\t<link rel=\"stylesheet\" property=\"stylesheet\" href=\"https:\/\/cmu-edu.eu\/de\/wp-content\/plugins\/slideshow-gallery\/views\/default\/css-responsive.php?layout=responsive&amp;resheight=50&amp;resheighttype=%25&amp;resizeimages=Y&amp;width=450&amp;height=250&amp;border=1px+solid+%23CCCCCC&amp;background=%23000000&amp;infobackground=%23000000&amp;infocolor=%23ffffff&amp;thumbactive=&amp;unique=gallery1841&amp;wrapperid=slideshow-wrappergallery1841&amp;autoheight=false&amp;thumbwidth=100&amp;thumbheight=75&amp;sliderwidth=555&amp;infohideonmobile=1\" type=\"text\/css\" media=\"all\" \/>\r\n\t\r\n\t<!--[if IE 6]>\r\n\t<style type=\"text\/css\">\r\n\t.imglink, #imglink { display: none !important; }\r\n\t.linkhover { display: none !important; }\r\n\t<\/style>\r\n\t<![endif]-->\r\n\t\r\n\t<!-- Slideshow Gallery CSS END --><\/code>\ndie 2009 renoviert wurden, verf\u00fcgt \u00fcber eine Kapazit\u00e4t von 278 Unterkunftpl\u00e4tzen, 4 Waschr\u00e4umen, 4 K\u00fcchen und 4 Esszimmer, Internetanschluss, 4 Leses\u00e4len. Das Studentenwohnheim A2 hat eine Kapazit\u00e4t von 100 Betten, 1 Waschraum, Internetanschluss, Esszimmer und wurde 2008 renoviert.<\/div><\/div>\n<h2>Materielle Verwaltungsbasis<\/h2>\n<p>Die materielle Basis wurde zusammen mit der allgemeinen Entwicklung der Universit\u00e4t entwickelt, mit dem Ziel, die Bildungs- und Forschungseinrichtungen st\u00e4ndig zu modernisieren und zu erneuern, neue Investitionen zu t\u00e4tigen und angemessene Lernbedingungen und ein angemessenes Leben f\u00fcr die Studierenden sicherzustellen.<\/p>\n<p>Bei der Ausr\u00fcstung von Anlage, Apparatur und unabh\u00e4ngigen Stiftungen, bei Kapitalreparaturen, bei der Modernisierung und Ausstattung der Schulgeb\u00e4ude sowie bei Reparaturen, Modernisierungen, Rehabilitationen und Investitionen in Studentenwohnheimen herrschte eine aggressive Dynamik. Die Mittel, auf die sich die allgemeine Entwicklung des Verm\u00f6gens st\u00fctzte, stammten sowohl aus Haushaltseinnahmen als auch aus eigenen Einnahmen.<\/p>\n<p>Die materielle Basis ist v\u00f6llig neu und wird sukzessive Modernisierungsprozessen unterzogen, die den Trends in der Entwicklung der Hochschulbildung und den Besonderheiten dieser Art von Ausbildung entsprechen. Die materielle Basis wurde zusammen mit der allgemeinen Entwicklung der Universit\u00e4t entwickelt, mit dem Ziel, die Bildungs- und Forschungseinrichtungen st\u00e4ndig zu modernisieren und zu erneuern, neue Investitionen zu t\u00e4tigen und angemessene Lernbedingungen und ein angemessenes Leben f\u00fcr die Studierenden sicherzustellen.<\/p>\n<p>Die Universit\u00e4t verf\u00fcgt \u00fcber eine angemessene Ausstattung f\u00fcr eine moderne, studentenzentrierte Ausbildung: Alle Amphitheater sind mit Multimedia-Ger\u00e4ten ausgestattet, so dass neue Unterrichtsmethoden angewandt werden k\u00f6nnen. Alle Abteilungen verf\u00fcgen \u00fcber Laboratorien mit angemessener Ausr\u00fcstung f\u00fcr die Lehrinhalte und Computer, die Internetanschluss haben.<\/p>\n","protected":false},"excerpt":{"rendered":"<p>Studenten k\u00f6nnen in den Studentenwohnheimen der Universit\u00e4t wohnen. Die Betten werden den Sch\u00fclern je nach dem Windhundprinzip zur Verf\u00fcgung gestellt. Internetzugang ist in allen Heimen der Universit\u00e4t verf\u00fcgbar. Der Zimmerpreis h\u00e4ngt vom Apartmenttyp und der Zimmergr\u00f6\u00dfe ab. Privatunterkunft Studentenverband der Universit\u00e4t f\u00fcr Schiffsingenieurwesen von Constanta hilft Ihnen, Privatunterkunft zu finden, bevor Sie in Constanta ankommen. [&hellip;]<\/p>\n","protected":false},"author":4,"featured_media":0,"parent":0,"menu_order":0,"comment_status":"closed","ping_status":"closed","template":"","meta":{"footnotes":""},"class_list":["post-44","page","type-page","status-publish","hentry"],"_links":{"self":[{"href":"https:\/\/cmu-edu.eu\/de\/wp-json\/wp\/v2\/pages\/44","targetHints":{"allow":["GET"]}}],"collection":[{"href":"https:\/\/cmu-edu.eu\/de\/wp-json\/wp\/v2\/pages"}],"about":[{"href":"https:\/\/cmu-edu.eu\/de\/wp-json\/wp\/v2\/types\/page"}],"author":[{"embeddable":true,"href":"https:\/\/cmu-edu.eu\/de\/wp-json\/wp\/v2\/users\/4"}],"replies":[{"embeddable":true,"href":"https:\/\/cmu-edu.eu\/de\/wp-json\/wp\/v2\/comments?post=44"}],"version-history":[{"count":6,"href":"https:\/\/cmu-edu.eu\/de\/wp-json\/wp\/v2\/pages\/44\/revisions"}],"predecessor-version":[{"id":47,"href":"https:\/\/cmu-edu.eu\/de\/wp-json\/wp\/v2\/pages\/44\/revisions\/47"}],"wp:attachment":[{"href":"https:\/\/cmu-edu.eu\/de\/wp-json\/wp\/v2\/media?parent=44"}],"curies":[{"name":"wp","href":"https:\/\/api.w.org\/{rel}","templated":true}]}}