{"id":63,"date":"2019-01-21T11:59:40","date_gmt":"2019-01-21T11:59:40","guid":{"rendered":"https:\/\/cmu-edu.eu\/de\/?page_id=63"},"modified":"2019-01-21T12:04:15","modified_gmt":"2019-01-21T12:04:15","slug":"bildungsressourcen","status":"publish","type":"page","link":"https:\/\/cmu-edu.eu\/de\/bildungsressourcen\/","title":{"rendered":"Bildungsressourcen"},"content":{"rendered":"<h2>Die Bibliothek der Universit\u00e4t f\u00fcr Schiffsingenieurwesen von Constanta<\/h2>\n<p>Die Bibliothek befindet sich im Erdgeschoss der Kreislichen Bibliothek von Constanta, aber ihren Betrieb ist jedoch selbst\u00e4ndig, das angestellte Personal geh\u00f6rt der Universit\u00e4t, die \u00d6ffnungszeit ist auf die Bed\u00fcrfnisse der Studenten abgestimmt und die B\u00fccher geh\u00f6ren der Universit\u00e4t, diese einen eigenen Lager habend.<\/p>\n<p>Die Universit\u00e4t f\u00fcr Schiffsingenieurwesen von Constanta verf\u00fcgt \u00fcber eine moderne Bibliothek mit freiem Zugang zu den B\u00fccherregalen sowie zur Informations- und IT-Infrastruktur.<\/p>\n<p>Im Studentenheim Far 3 wurden 4 Leses\u00e4le mit 200 Pl\u00e4tzen, 2 Leses\u00e4le im Studentenheim im Mamaia See Hauptsitz (2012 in Betrieb genommen) mit insgesamt 100 Pl\u00e4tzen, eine moderne Zeitschrifthalle mit 40 Pl\u00e4tzen und 20 Pl\u00e4tzen in der Internethalle angelegt.<br \/>\nDie Leses\u00e4le in der Bibliothek, auf dem Universit\u00e4tscampus und in der Kreislichen Bibliothek bieten Studienbedingungen f\u00fcr etwa 500 Studenten, was \u00fcber 10% der Gesamtzahl der Studenten ausmacht.<\/p>\n<p>Die Sammlung von Fachzeitschriften und -magazinen umfasst 400 Titel.<\/p>\n<p>Die hohe Qualit\u00e4t der Informations- und Dokumentationsdienste der Bibliothek ist von: schnellem Zugriff auf Informationen, dem Online-Katalog, bibliographischen Informationen \/ Forschungsdatenbanken, dem Online-Austausch zwischen Bibliotheken usw gegeben. Derzeit verf\u00fcgt die Bibliothek \u00fcber einen umfangreichen Publikationsfond mit 45.000 B\u00e4nden, B\u00fcchern, Zeitschriften und Spezialsammlungen, die den Dokumentationsbedarf aller laufenden Studienprogramme abdecken.<\/p>\n<p>Dieser Publikationsfond wird st\u00e4ndig erweitert und durch Abonnements f\u00fcr wissenschaftliche und p\u00e4dagogische Publikationen erg\u00e4nzt.<br \/>\nDie Bibliothek der Universit\u00e4t f\u00fcr Schiffsingenieurwesen von Constanta verf\u00fcgt \u00fcber einen elektronischen Katalog, der den Benutzern erm\u00f6glicht, vorhandene Publikationen in der Bibliothek anzuzeigen. Alle Lehrmaterialien, die von Lehrern der Universit\u00e4t f\u00fcr Schiffsingenieurwesen von Constanta erstellt wurden, befinden sich in der Bibliothek. In der Bibliothek befindet sich auch ein Verkaufsstand der an der Druckerei der Universit\u00e4t f\u00fcr Schiffsingenieurwesen von Constanta ver\u00f6ffentlichten Werke zu einem Produktionspreis, ohne kommerziellen Zuschlag, ohne Gewinn.<\/p>\n<h2>Digitale Bildungsressourcen<\/h2>\n<p>Der Zugang der Studenten zur elektronischen Lernplattform (Virtueller Campus der Universit\u00e4t f\u00fcr Schiffsingenieurwesen von Constanta) ist kostenlos f\u00fcr alle an irgenwelchen von den Lizenz-, Master- oder Promotionsstudieng\u00e4nge eingeschriebene Studenten.<\/p>\n<p>Die neulichsten Entwicklungen auf dem Gebiet der Informations- und Kommunikationstechnologien haben zu einer wesentlichen \u00c4nderung in Bezug auf die Anforderungen an den Erwerb von Kenntnissen und die F\u00e4higkeit, auf sie zu reagieren, und auf die Art und Weise, wie Studieng\u00e4nge innerhalb von Bildungsanstalten angeboten werden, gef\u00fchrt.<\/p>\n<p>Der virtuelle Campus ist eine f\u00fcr das Online-Lernen spezifische Plattform, wo Unterricht, Testen und Bewertung von Kenntnissen sowie unterst\u00fctzende Anwendungen vorwiegend eine gro\u00dfe Entfernung zwischen Sch\u00fcler und Lehrer, Auszubildenden und Ausbildern \/ Ausbildern usw gemacht sind.<\/p>\n<p>Die Applikation ist Teil der Bildungssoftware Kategorie. Sie ist f\u00fcr jedes E-Learning-System spezifisch. Es ist eine E-Learning-Applikation (LMS-Learning Management System), die es einem Lehrer oder einer Bildunganstalt erm\u00f6glicht, einer oder mehreren Trainingsgruppe\/n ein oder mehreren Trainingsmodul\/en mit Kursunterst\u00fctzung, Lernanwendungen und Erg\u00e4nzungen und anderes Kursmaterial, Selbsttests und Unterwegs-Tests zur \u00dcberpr\u00fcfung von assimiliertem Kenntnissen, automatisierten Bewertungen, \u00dcberwachung der Sch\u00fcleraktivit\u00e4t usw zur Verf\u00fcgung zu stellen. Die Applikation wird durch die Verwendung modernster Kommunikationswerkzeuge (Online Audio- und Videokonferenzen, Webmail, Forum, Chat, Verteilung und Teilung Dokumenten, animierte Sitzungen usw.) unterst\u00fctzt. Kurz gesagt, bietet die Plattform ein Online-Lernprogramm, bei dem alle anderen traditionellen Methoden, die aus dem Praktikum der Bildungssysteme bekannt sind, erfolgreich abgeschlossen werden. (Anhang 36 Virtueller Campus).<\/p>\n<p>Auf dem virtuellen Campus der Universit\u00e4t f\u00fcr Schiffsingenieurwesen von Constanta (<a href=\"http:\/\/campus.cmu-edu.eu\/\" rel=\"noopener\" target=\"_blank\">http:\/\/campus.cmu-edu.eu\/<\/a>) sind auf verschiedenen Plattformen digitale Bildungsressourcen und Online-Support-Aktivit\u00e4ten implementiert.<\/p>\n<p>Das Forschungsportal der Universit\u00e4t f\u00fcr Schiffsingenieurwesen von Constanta bietet multikriterielle Informierung im Bereich der Forschung und integriert Innovations- und Entwicklungsplattformen: http:\/\/research.cmu-edu.eu.<\/p>\n<p>Maritime Cybersecurity Center &#8211; Virtuelles Cyber-Sicherheitsforschungs- und Informationszentrum im maritimen Sektor <a href=\"https:\/\/www.maritimecybersecurity.center\/\" rel=\"noopener\" target=\"_blank\">https:\/\/www.maritimecybersecurity.center\/<\/a><\/p>\n<p><strong>Komponenten:<\/strong><ul class=\"ap-list ap-list4\"><li>Living lab &#8211; Lebendes Labor<\/li>\n<li>Videoconference center &#8211; Videokonferenzzentrum<\/li>\n<li>Awareness&amp;Learning center &#8211; Bewusstseins- und Lernzentrum<\/li><\/ul><br \/>\nEin praktischer Simulationshardwarekomplex f\u00fcr die Cyber-Sicherheitsforschung wird implementiert.<\/p>\n<p>E-Maritime Medicine Center &#8211; Virtuelles Zentrum f\u00fcr Forschung und Entwicklung des Konzepts der maritimen Medizin in der virtuellen Umgebung <a href=\"http:\/\/www.emaritimemedicine.net\" rel=\"noopener\" target=\"_blank\">http:\/\/www.emaritimemedicine.net<\/a><\/p>\n<p><strong>Komponenten:<\/strong><ul class=\"ap-list ap-list4\"><li>Lernzentrum<\/li>\n<li>Virtuelles Zentrum f\u00fcr medizinische Hilfe und Videokonferenzenzentrum<\/li><\/ul><\/p>\n<p>Die diesbez\u00fcglichen Ma\u00dfnahmen, um den Studierenden Dienstleistungen zur Verf\u00fcgung zu stellen, die dazu beitragen, die Aktivit\u00e4ten der Universit\u00e4t zu erleichtern, zielen darauf ab, Versorgungsunternehmen mit optimalen Parametern zu versorgen, alle Wohnungen mit dem Internet zu verbinden, R\u00e4ume f\u00fcr die Zubereitung von Speisen einzurichten, ein gutes Funktionieren der Mahlzeiten, die Bereitstellung von Verkehrsmitteln und nicht zuletzt die Bereitstellung von Mitteln f\u00fcr Verdienststipendien, Bildungsstipendien und Sozialstipendien sowie soziale Unterst\u00fctzung f\u00fcr Studenten.<\/p>\n<p>Die Universit\u00e4t f\u00fcr Schiffsingenieurwesen von Constanta bietet Studenten soziale, kulturelle und sportliche Dienstleistungen an und verf\u00fcgt \u00fcber spezielle Programme zur Sicherstellung eines hochwertigen Studentenlebens, die sie regelm\u00e4\u00dfig \u00fcberwacht und auswertet. Die Universit\u00e4t f\u00fcr Schiffsingenieurwesen von Constanta verf\u00fcgt \u00fcber Unterkunftsr\u00e4ume f\u00fcr eine gro\u00dfe Anzahl von Studenten, eine Sportbasis, verschiedene Beratungsdienste.<\/p>\n","protected":false},"excerpt":{"rendered":"<p>Die Bibliothek der Universit\u00e4t f\u00fcr Schiffsingenieurwesen von Constanta Die Bibliothek befindet sich im Erdgeschoss der Kreislichen Bibliothek von Constanta, aber ihren Betrieb ist jedoch selbst\u00e4ndig, das angestellte Personal geh\u00f6rt der Universit\u00e4t, die \u00d6ffnungszeit ist auf die Bed\u00fcrfnisse der Studenten abgestimmt und die B\u00fccher geh\u00f6ren der Universit\u00e4t, diese einen eigenen Lager habend. Die Universit\u00e4t f\u00fcr Schiffsingenieurwesen [&hellip;]<\/p>\n","protected":false},"author":4,"featured_media":0,"parent":0,"menu_order":0,"comment_status":"closed","ping_status":"closed","template":"","meta":{"footnotes":""},"class_list":["post-63","page","type-page","status-publish","hentry"],"_links":{"self":[{"href":"https:\/\/cmu-edu.eu\/de\/wp-json\/wp\/v2\/pages\/63","targetHints":{"allow":["GET"]}}],"collection":[{"href":"https:\/\/cmu-edu.eu\/de\/wp-json\/wp\/v2\/pages"}],"about":[{"href":"https:\/\/cmu-edu.eu\/de\/wp-json\/wp\/v2\/types\/page"}],"author":[{"embeddable":true,"href":"https:\/\/cmu-edu.eu\/de\/wp-json\/wp\/v2\/users\/4"}],"replies":[{"embeddable":true,"href":"https:\/\/cmu-edu.eu\/de\/wp-json\/wp\/v2\/comments?post=63"}],"version-history":[{"count":3,"href":"https:\/\/cmu-edu.eu\/de\/wp-json\/wp\/v2\/pages\/63\/revisions"}],"predecessor-version":[{"id":66,"href":"https:\/\/cmu-edu.eu\/de\/wp-json\/wp\/v2\/pages\/63\/revisions\/66"}],"wp:attachment":[{"href":"https:\/\/cmu-edu.eu\/de\/wp-json\/wp\/v2\/media?parent=63"}],"curies":[{"name":"wp","href":"https:\/\/api.w.org\/{rel}","templated":true}]}}