{"id":67,"date":"2019-01-21T12:07:59","date_gmt":"2019-01-21T12:07:59","guid":{"rendered":"https:\/\/cmu-edu.eu\/de\/?page_id=67"},"modified":"2019-01-21T12:07:59","modified_gmt":"2019-01-21T12:07:59","slug":"berufsausbildung","status":"publish","type":"page","link":"https:\/\/cmu-edu.eu\/de\/berufsausbildung\/","title":{"rendered":"Berufsausbildung"},"content":{"rendered":"<p>Die Universit\u00e4t f\u00fcr Schiffsingenieurwesen von Constanta organisiert Berufsausbildung f\u00fcr Universit\u00e4tsstudenten (mechanische Kadetten), um grundlegende Operationen im Motorraum f\u00fcr mechanische Offiziere &#8211; Notfall- und St\u00f6rungsoperationen, und f\u00fcr gesch\u00e4ftsf\u00fchrende Offiziere (Mechaniker I und Chefmechaniker) bei der Optimierung der Operationen, Organisierung des Cart-Teams und Bewertung der Kenntnisse durch Testen kennenzulernen.<\/p>\n<p><strong>Um all diese Anforderungen zu erf\u00fcllen, entspricht der Maschinensimulator:<\/strong><br \/>\n<ul class=\"ap-list ap-list4\"><li>Aus- und Fortbildungskurse f\u00fcr Studenten, die zu einer professionellen Berufsausbildung f\u00fchren;<\/li>\n<li>Kurse zur Aktualisierung von Informationen f\u00fcr Offiziere und Chefmechaniker;<\/li>\n<li>Schulungen f\u00fcr Operationen, die mit den mechanischen Installationen des Schiffes zusammen mit wichtigen Zusatzger\u00e4ten durchgef\u00fchrt werden;<\/li>\n<li>detaillierte Studien zu verschiedenen Phasen des Schiffsbetriebsprozesses;<\/li>\n<li>Schulung f\u00fcr Fehler und Alarme, Demonstration der Auswirkungen verschiedener Fehler und Ausf\u00e4lle auf die Gesamteffizienz der Schiffsanlagen;<\/li>\n<li>Schulungen f\u00fcr Sicherheitsma\u00dfnahmen in Bezug auf die mechanischen Installationen des Schiffes und der Umwelt.<\/li><\/ul><\/p>\n","protected":false},"excerpt":{"rendered":"<p>Die Universit\u00e4t f\u00fcr Schiffsingenieurwesen von Constanta organisiert Berufsausbildung f\u00fcr Universit\u00e4tsstudenten (mechanische Kadetten), um grundlegende Operationen im Motorraum f\u00fcr mechanische Offiziere &#8211; Notfall- und St\u00f6rungsoperationen, und f\u00fcr gesch\u00e4ftsf\u00fchrende Offiziere (Mechaniker I und Chefmechaniker) bei der Optimierung der Operationen, Organisierung des Cart-Teams und Bewertung der Kenntnisse durch Testen kennenzulernen. Um all diese Anforderungen zu erf\u00fcllen, entspricht der [&hellip;]<\/p>\n","protected":false},"author":4,"featured_media":0,"parent":0,"menu_order":0,"comment_status":"closed","ping_status":"closed","template":"","meta":{"footnotes":""},"class_list":["post-67","page","type-page","status-publish","hentry"],"_links":{"self":[{"href":"https:\/\/cmu-edu.eu\/de\/wp-json\/wp\/v2\/pages\/67","targetHints":{"allow":["GET"]}}],"collection":[{"href":"https:\/\/cmu-edu.eu\/de\/wp-json\/wp\/v2\/pages"}],"about":[{"href":"https:\/\/cmu-edu.eu\/de\/wp-json\/wp\/v2\/types\/page"}],"author":[{"embeddable":true,"href":"https:\/\/cmu-edu.eu\/de\/wp-json\/wp\/v2\/users\/4"}],"replies":[{"embeddable":true,"href":"https:\/\/cmu-edu.eu\/de\/wp-json\/wp\/v2\/comments?post=67"}],"version-history":[{"count":2,"href":"https:\/\/cmu-edu.eu\/de\/wp-json\/wp\/v2\/pages\/67\/revisions"}],"predecessor-version":[{"id":69,"href":"https:\/\/cmu-edu.eu\/de\/wp-json\/wp\/v2\/pages\/67\/revisions\/69"}],"wp:attachment":[{"href":"https:\/\/cmu-edu.eu\/de\/wp-json\/wp\/v2\/media?parent=67"}],"curies":[{"name":"wp","href":"https:\/\/api.w.org\/{rel}","templated":true}]}}