{"id":11,"date":"2018-09-17T09:02:40","date_gmt":"2018-09-17T09:02:40","guid":{"rendered":"https:\/\/cmu-edu.eu\/electromecanica\/?page_id=11"},"modified":"2026-02-28T16:59:20","modified_gmt":"2026-02-28T16:59:20","slug":"orare-si-avizier","status":"publish","type":"page","link":"https:\/\/cmu-edu.eu\/electromecanica\/orare-si-avizier\/","title":{"rendered":"Orare"},"content":{"rendered":"<p style=\"text-align: center;\"><span style=\"font-size: 14px; color: #ff6600;\"><em>Deoarece uneori browser-ul pastreaza unele documente in memorie pentru o incarcare mai rapida, este bine sa dati un refresh (F5) documentelor PDF pe care le deschideti din orare, pentru a va asigura ca este ultima versiune a documentului.<\/em><\/span><\/p>\n<div class=\"divider\" style=\"margin-top:20px; margin-bottom:20px; border-top:1px solid #CCCCCC;width:100%\"\/><\/div>\n<h3 style=\"margin: 40px auto; text-align: center;\">Studii de Licen\u021b\u0103<\/h3>\n<div class=\"clearfix ap-row\"><div class=\"ap_column ap-span3\"><div class=\"titlu-blue\">Saptamana I<\/div>\n<ul class=\"lista-doi\">\n<li><a href=\"https:\/\/cmu-edu.eu\/electromecanica\/wp-content\/uploads\/sites\/19\/2025\/10\/Orar-S1-EM.pdf\">Electromecanica ZI<\/a><\/li>\n<li><a href=\"https:\/\/cmu-edu.eu\/electromecanica\/wp-content\/uploads\/sites\/19\/2025\/10\/Orar-S1-EM-ENGL.pdf\">Electromecanica ENG<\/a><\/li>\n<li><a href=\"https:\/\/cmu-edu.eu\/electromecanica\/wp-content\/uploads\/sites\/19\/2026\/02\/Orar-S1-EM-IFR.pdf\">Electromecanica IFR<\/a><\/li>\n<\/ul><\/div>\n<div class=\"ap_column ap-span3\"><div class=\"titlu-blue\">Saptamana II<\/div>\n<ul class=\"lista-doi\">\n<li><a href=\"https:\/\/cmu-edu.eu\/electromecanica\/wp-content\/uploads\/sites\/19\/2026\/02\/Orar-S2-EM.pdf\">Electromecanica ZI<\/a><\/li>\n<li><a href=\"https:\/\/cmu-edu.eu\/electromecanica\/wp-content\/uploads\/sites\/19\/2026\/02\/Orar-S2-EM-Engl.pdf\">Electromecanica ENG<\/a><\/li>\n<li><a href=\"https:\/\/cmu-edu.eu\/electromecanica\/wp-content\/uploads\/sites\/19\/2026\/02\/Orar-S2-EM-IFR.pdf\">Electromecanica IFR<\/a><\/li>\n<\/ul><\/div><\/div>\n<h3 style=\"margin: 40px auto; text-align: center;\">Studii de Masterat<\/h3>\n<div class=\"clearfix ap-row\"><div class=\"ap_column ap-span3\"><div class=\"titlu-blue\">Saptamana I<\/div>\n<ul class=\"lista-doi\">\n<li><a href=\"https:\/\/cmu-edu.eu\/electromecanica\/wp-content\/uploads\/sites\/19\/2025\/10\/Orar-S1-Master-EM.pdf\">Masterat EM<\/a><\/li>\n<li><a href=\"https:\/\/cmu-edu.eu\/electromecanica\/wp-content\/uploads\/sites\/19\/2025\/10\/Orar-S1-Master-EM-ENGL.pdf\">Masterat EM EN<\/a><\/li>\n<\/ul><\/div>\n<div class=\"ap_column ap-span3\"><div class=\"titlu-blue\">Saptamana II<\/div>\n<ul class=\"lista-doi\">\n<li><a href=\"https:\/\/cmu-edu.eu\/electromecanica\/wp-content\/uploads\/sites\/19\/2026\/02\/Orar-S2-EM-Master.pdf\">Masterat EM<\/a><\/li>\n<li><a href=\"https:\/\/cmu-edu.eu\/electromecanica\/wp-content\/uploads\/sites\/19\/2026\/02\/Orar-S2-EM-Master-Eng.pdf\">Masterat EM EN<\/a><\/li>\n<\/ul><\/div><\/div>\n<hr class=\"ap-spacing\" style=\"height:10px\"\/>\n<p><a class=\"but2\" href=\"https:\/\/cmu-edu.eu\/wp-content\/uploads\/2022\/10\/LEGENDA-SPATII-DE-INVATAMANT.pdf\">LEGEND\u0102 SPA\u021aII DE INVATAMANT (descarc\u0103)<\/a><\/p>\n<p><strong>LEGEND\u0102 PROGRAME DE STUDII<\/strong><\/p>\n<table width=\"794\">\n<tbody>\n<tr>\n<td width=\"170\"><strong>ACRONIM<\/strong><\/td>\n<td width=\"624\"><strong>PROGRAM DE STUDII<\/strong><\/td>\n<\/tr>\n<tr>\n<td width=\"170\">TN<\/td>\n<td width=\"624\">Naviga\u021bie \u0219i transport maritim \u0219i fluvial \u2013 \u00een limba rom\u00e2n\u0103<\/td>\n<\/tr>\n<tr>\n<td width=\"170\">XN<\/td>\n<td width=\"624\">Naviga\u021bie \u0219i transport maritim \u0219i fluvial \u2013 \u00een limba englez\u0103<\/td>\n<\/tr>\n<tr>\n<td width=\"170\">IM<\/td>\n<td width=\"624\">Inginerie \u0219i management \u00een domeniul transporturilor<\/td>\n<\/tr>\n<tr>\n<td width=\"170\">EM<\/td>\n<td width=\"624\">Electromecanic\u0103 naval\u0103 \u2013 \u00een limba rom\u00e2n\u0103<\/td>\n<\/tr>\n<tr>\n<td width=\"170\">XM<\/td>\n<td width=\"624\">Electromecanic\u0103 naval\u0103 \u2013 \u00een limba englez\u0103<\/td>\n<\/tr>\n<tr>\n<td width=\"170\">ET<\/td>\n<td width=\"624\">Electrotehnic\u0103 \u2013 \u00een limba rom\u00e2n\u0103<\/td>\n<\/tr>\n<tr>\n<td width=\"170\">XE<\/td>\n<td width=\"624\">Electrotehnic\u0103 \u2013 \u00een limba englez\u0103<\/td>\n<\/tr>\n<tr>\n<td width=\"170\">TC<\/td>\n<td width=\"624\">Tehnologii \u0219i sisteme de telecomunica\u021bii<\/td>\n<\/tr>\n<tr>\n<td width=\"170\">SC<\/td>\n<td width=\"624\">Securitate Cibernetic\u0103<\/td>\n<\/tr>\n<tr>\n<td width=\"170\">MD<\/td>\n<td width=\"624\">Ingineria \u0219i protec\u021bia mediului \u00een industrie<\/td>\n<\/tr>\n<tr>\n<td width=\"170\">ISE<\/td>\n<td width=\"624\">Ingineria sistemelor electroenergetice<\/td>\n<\/tr>\n<\/tbody>\n<\/table>\n<div class=\"ascuns\">\n<hr class=\"ap-spacing\" style=\"height:20px\"\/>\n<h2 style=\"text-align: center;\">Aviziere<\/h2>\n<ul class=\"stu\">\n<li><a href=\"https:\/\/cmu-edu.eu\/electromecanica\/wp-content\/uploads\/sites\/19\/2018\/09\/Avizier-EM.pdf\" target=\"_blank\" rel=\"noopener noreferrer\">Avizier Licent\u0103<\/a><\/li>\n<li><a href=\"https:\/\/cmu-edu.eu\/electromecanica\/wp-content\/uploads\/sites\/19\/2018\/09\/Avizier-EM-eng.pdf\" target=\"_blank\" rel=\"noopener noreferrer\">Avizier Licent\u0103 studii limba englez\u0103<\/a><\/li>\n<li><a href=\"https:\/\/cmu-edu.eu\/electromecanica\/wp-content\/uploads\/sites\/19\/2018\/09\/Fac_EM_Masterat.pdf\" target=\"_blank\" rel=\"noopener noreferrer\">Avizier Masterat<\/a><\/li>\n<\/ul>\n<\/div>\n","protected":false},"excerpt":{"rendered":"<p>Deoarece uneori browser-ul pastreaza unele documente in memorie pentru o incarcare mai rapida, este bine sa dati un refresh (F5) documentelor PDF pe care le deschideti din orare, pentru a va asigura ca este ultima versiune a documentului. Studii de Licen\u021b\u0103 Studii de Masterat LEGEND\u0102 SPA\u021aII DE INVATAMANT (descarc\u0103) LEGEND\u0102 PROGRAME DE STUDII ACRONIM PROGRAM [&hellip;]<\/p>\n","protected":false},"author":4,"featured_media":0,"parent":0,"menu_order":0,"comment_status":"closed","ping_status":"closed","template":"","meta":{"footnotes":""},"class_list":["post-11","page","type-page","status-publish","hentry"],"_links":{"self":[{"href":"https:\/\/cmu-edu.eu\/electromecanica\/wp-json\/wp\/v2\/pages\/11","targetHints":{"allow":["GET"]}}],"collection":[{"href":"https:\/\/cmu-edu.eu\/electromecanica\/wp-json\/wp\/v2\/pages"}],"about":[{"href":"https:\/\/cmu-edu.eu\/electromecanica\/wp-json\/wp\/v2\/types\/page"}],"author":[{"embeddable":true,"href":"https:\/\/cmu-edu.eu\/electromecanica\/wp-json\/wp\/v2\/users\/4"}],"replies":[{"embeddable":true,"href":"https:\/\/cmu-edu.eu\/electromecanica\/wp-json\/wp\/v2\/comments?post=11"}],"version-history":[{"count":183,"href":"https:\/\/cmu-edu.eu\/electromecanica\/wp-json\/wp\/v2\/pages\/11\/revisions"}],"predecessor-version":[{"id":2071,"href":"https:\/\/cmu-edu.eu\/electromecanica\/wp-json\/wp\/v2\/pages\/11\/revisions\/2071"}],"wp:attachment":[{"href":"https:\/\/cmu-edu.eu\/electromecanica\/wp-json\/wp\/v2\/media?parent=11"}],"curies":[{"name":"wp","href":"https:\/\/api.w.org\/{rel}","templated":true}]}}