{"id":1168,"date":"2022-03-30T09:36:13","date_gmt":"2022-03-30T09:36:13","guid":{"rendered":"https:\/\/cmu-edu.eu\/electromecanica\/?page_id=1168"},"modified":"2026-05-01T08:05:50","modified_gmt":"2026-05-01T08:05:50","slug":"sea","status":"publish","type":"page","link":"https:\/\/cmu-edu.eu\/electromecanica\/sea\/","title":{"rendered":"Sisteme Electrice Avansate"},"content":{"rendered":"<div class=\"clearfix ap-row\"><div class=\"ap_column ap-span4\"><h2>Sisteme Electrice Avansate<\/h2>\n<p>Strategia economic\u0103 a Rom\u00e2niei \u0219i a jude\u0163ului Constan\u0163a reclam\u0103 existen\u0163a unor programe de studii de master, care s\u0103 asigure formarea \u015fi perfec\u0163ionarea personalului cu preg\u0103tire superioar\u0103, cu competen\u0163e \u015fi abilit\u0103\u0163i superioare in domeniul ingineriei electrice.<\/p>\n<p>Programul de studii <strong><em>Sisteme Electrice Avansate<\/em><\/strong> r\u0103spunde necesit\u0103\u0163ilor pie\u0163ei muncii de la noi din \u0163ar\u0103 \u015fi evolu\u0163iei generale a acestei pie\u0163e, prin punctele forte, program de master cu caracter de aprofundare, corp profesoral caracterizat prin competen\u0163\u0103 ridicat\u0103, cercetare \u015ftiin\u0163ific\u0103 fundamental\u0103 \u015fi aplicativ\u0103 de nivel \u00eenalt, baza material\u0103 in continu\u0103 modernizare, integrarea \u00een aria european\u0103 a educa\u0163iei \u015fi cercet\u0103rii.<\/p>\n<p>Pentru programele de studii din domeniul Inginerieie electrice facultatea are o baz\u0103 material\u0103 important\u0103, realizat\u0103 \u00een principal prin programe europene, programe \u015fi granturi de cercetare na\u0163ionale \u015fi prin fonduri de investi\u0163ii de la bugetul de stat, dispun\u00e2nd de laboratoare performante \u00een care se desf\u0103\u015foar\u0103 activit\u0103\u0163ile didactice pentru discipline prev\u0103zute cu laborator, Masini electrice special, Actionari electrice, Tehnica tensiunilor inalte, Electrotehnic\u0103, Metode numerice, M\u0103sur\u0103ri electrice, Compatibilitate electromagnetic\u0103, Aparate \u015fi echipamente electrice;<\/p>\n<p>In cadrul laboratoarelor informatice studen\u0163ii au posibilitatea de a \u00eenv\u0103\u0163a diverse limbaje de programare C++, LabVIEW, \u015fi a cunoa\u015fte \u015fi utiliza platforme software MATLAB, SIMULINK, CASPOC.<\/p>\n<p>O realizare notabil\u0103 o constituie \u201cInstalatia complexa cu surse diferite de energii regenerabile cu functionalitate on si off-grid in scopul analizei calitatii energiei electrice intr-o retea de tip smart-grid\u201d realizat la Baza Nautica a Universitatii un sistem combinat de energii regenerabile eolian-fotovoltaic-motogenerator. Sistemul a fost in intregime proiectat si realizat la UMC in scopul testarii combinate a eficientei functionarii in mod on-grid si off-grid.<\/p>\n<p>Generatorul fotovoltaic este compus din 21 panouri fotovoltaice policristaline totalizand 5000w, care alimenteaza direct un invertor on grid de tip Sunny Tripower de 5,5kW tip STP 500TL-20 produs de SMA , si furnizeaza in mod normal energie in ret eaua trifazata a UMC. Acest invertor lucreaza impreuna cu un sistem de trei invertoare off-grid Sunny Island 4.4M-12 de 3,5kW fiecare, permitand astfel functionarea in sistem trifazat in mod on-grid si off-grid. Managementul intregului system de invertoare este realizat de primul invertor Sunny Island din partea stanga, care este configurat ca Master.<\/p>\n<p>Facultatea dispune, \u00een cadrul bibliotecilor proprii, de un fond de carte valoros \u2013 peste 3700 de volume din domeniu si faciliteaza accesul la literatura de specialitate prin ANELIS Plus l<\/p><\/div>\n<div class=\"ap_column ap-span2\"><h2>CE STUDIEZI<\/h2>\n<p>Curricula interdisciplinar\u0103 este reprezentata de Modele pentru regim dynamic, , Sisteme de stocare a energiei electrice, Regim tranzitoriu al aparatelor electrice, Structuri avansate in electronica de putere, Aplicatii tehnice ale campului magnetic, Sisteme inteligente de supraveghere, conducere si control a instalatiilor electrice;<\/p>\n<ul class=\"lista-doi\">\n<li>Monitorizarea calitatii energieie electrice<\/li>\n<li>Sisteme de stocare a energiei electrice<\/li>\n<li>Regim tranzitoriu al aparatelor electrice<\/li>\n<li>Structuri avansate in electronica de putere<\/li>\n<li>Aplicatii tehnice ale campului magnetic<\/li>\n<li>Sisteme inteligente de supraveghere, conducere si control a instalatiilor electrice<\/li>\n<\/ul>\n<p><hr class=\"ap-spacing\" style=\"height:10px\"\/>\n<a class=\"but1\" href=\"https:\/\/univmaritima.sharepoint.com\/:f:\/g\/IgBW7C_6Tr-QS7ayLls6U6o1AeWC8MUw5o5dl7BDli6b_uM?e=ulmXwp\">Plan de \u00eenv\u0103\u021b\u0103m\u00e2nt\/Fi\u0219e de Disciplin\u0103<\/a><\/div><\/div>\n<div style=\"background-color: #f5f5f5; padding: 10px; text-align: center;\">\n<h1 style=\"padding-bottom: 30px;\">BENEFICII<\/h1>\n<p><div class=\"clearfix ap-row\"><div class=\"ap_column ap-span2\"><div style=\"background-color: #ffffff; padding: 10px; margin: 10px; height: 260px;\">\n<h3>Recunoa\u0219tere interna\u021bional\u0103.<\/h3>\n<p>Diploma de master este recunoscut\u0103 la nivel interna\u021bional, oferindu-\u021bi posibilitatea de angajare oriunde \u00een lume.<\/p>\n<\/div><\/div>\n<div class=\"ap_column ap-span2\"><div style=\"background-color: #ffffff; padding: 10px; margin: 10px; height: 260px;\">\n<h3>Oportunit\u0103\u021bi de studiu \u00een str\u0103in\u0103tate<\/h3>\n<p>Mul\u021bi dintre studen\u021bii no\u0219tri aleg s\u0103 studieze un semestru la una dintre facult\u0103\u021bile partenere, beneficiind de bursa ERASMUS<\/p>\n<\/div><\/div>\n<div class=\"ap_column ap-span2\"><div style=\"background-color: #ffffff; padding: 10px; margin: 10px; height: 260px;\">\n<h3>Flexibilitate<\/h3>\n<p>Dac\u0103 pe parcursul studiilor universitare \u00ee\u021bi desf\u0103\u0219ori stagiul de practic\u0103 la bordul navei, \u00ee\u021bi oferim posibilitatea de a studia online pe campusul virtual. Vei beneficiade sesiune deschis\u0103 \u0219i \u00ee\u021bi po\u021bi reprograma \u0219i sus\u021bine examenele la \u00eentoarcerea \u00een \u021bar\u0103.<\/p>\n<\/div><\/div><\/div><br \/>\n<div class=\"clearfix ap-row\"><div class=\"ap_column ap-span6\"><div style=\"background-color: #ffffff; padding: 10px; margin: 10px; height: 260px;\">\n<h3>Alternative<\/h3>\n<p>To\u021bi absolven\u021bii no\u0219tri pot alege \u00eentre o carier\u0103 pe mare sau pe uscat<\/p>\n<h3>Consiliere \u0219i Orientare \u00een Carier\u0103<\/h3>\n<p>Studen\u021bii no\u0219tri beneficiaz\u0103 de consigliere profesional\u0103 \u0219i sprijin \u00een vederea integr\u0103rii pe pia\u021ba muncii<\/p>\n<\/div><\/div><\/div><\/p>\n<\/div>\n<div style=\"background-color: #ffffff; padding: 10px; margin: 10px;\">\n<div class=\"clearfix ap-row\"><h3>Cele mai performante Laboratoare<\/h3>\n<ul class=\"lista-doi\">\n<li>Actionari electrice<\/li>\n<li>Tehnica tensiunilor inalte<\/li>\n<li>Masini electrice<\/li>\n<li>Surse regenerabile de energie<\/li>\n<\/ul>\n<hr class=\"ap-spacing\" style=\"height:10px\"\/>\n<p><div class=\"clearfix ap-row\"><\/div>\n<div class=\"ap_column ap-span6\"><p><img loading=\"lazy\" decoding=\"async\" class=\"alignnone size-full wp-image-1174\" src=\"https:\/\/cmu-edu.eu\/electromecanica\/wp-content\/uploads\/sites\/19\/2022\/03\/poza-sea.jpg\" alt=\"\" width=\"1737\" height=\"500\" \/><\/p><\/div><\/div>\n<div style=\"background-color: #ffcb74; padding: 10px;\">\n<h2>OPORTUNIT\u0102\u021aI DE CARIER\u0102<\/h2>\n<p>Absolven\u021bii acestui program de studii se pot insera rapid pe pia\u021ba muncii din Rom\u00e2nia \u0219i din str\u0103in\u0103tate. Ocupatii COR:<\/p>\n<ul>\n<li>INGINER DE CERCETARE ELECTROTEHNICA 215122<\/li>\n<li>INGINER ELECTROTEHNICA 215105<\/li>\n<li>CERCETATOR IN ELECTROTEHNICA 215121<\/li>\n<\/ul>\n<p>Programul de studii universitare de masterat <strong><em>Sisteme electrice avansate<\/em><\/strong>, specializare integrat\u0103 \u00een structura Facult\u0103\u0163ii de Electromecanic\u0103 Naval\u0103, asigur\u0103 formarea \u015fi perfec\u0163ionarea speciali\u015ftilor cu studii tehnice superioare pentru cercetare, proiectare, construc\u0163ie \u0219i exploatare in inginerie electrica prin \u00eenv\u0103\u0163\u0103m\u00e2nt universitar construit pe criteriile de performan\u0163\u0103 ale sistemului european.<\/p>\n<\/div>\n<p><a class=\"animation-but\" href=\"https:\/\/cmu-edu.eu\/admitere\/admitere-studii-master\/\" target=\"_blank\" rel=\"noopener\">Admitere<\/a><\/p>\n<\/div>\n","protected":false},"excerpt":{"rendered":"<p>BENEFICII OPORTUNIT\u0102\u021aI DE CARIER\u0102 Absolven\u021bii acestui program de studii se pot insera rapid pe pia\u021ba muncii din Rom\u00e2nia \u0219i din str\u0103in\u0103tate. Ocupatii COR: INGINER DE CERCETARE ELECTROTEHNICA 215122 INGINER ELECTROTEHNICA 215105 CERCETATOR IN ELECTROTEHNICA 215121 Programul de studii universitare de masterat Sisteme electrice avansate, specializare integrat\u0103 \u00een structura Facult\u0103\u0163ii de Electromecanic\u0103 Naval\u0103, asigur\u0103 formarea \u015fi [&hellip;]<\/p>\n","protected":false},"author":4,"featured_media":0,"parent":0,"menu_order":0,"comment_status":"closed","ping_status":"closed","template":"","meta":{"footnotes":""},"class_list":["post-1168","page","type-page","status-publish","hentry"],"_links":{"self":[{"href":"https:\/\/cmu-edu.eu\/electromecanica\/wp-json\/wp\/v2\/pages\/1168","targetHints":{"allow":["GET"]}}],"collection":[{"href":"https:\/\/cmu-edu.eu\/electromecanica\/wp-json\/wp\/v2\/pages"}],"about":[{"href":"https:\/\/cmu-edu.eu\/electromecanica\/wp-json\/wp\/v2\/types\/page"}],"author":[{"embeddable":true,"href":"https:\/\/cmu-edu.eu\/electromecanica\/wp-json\/wp\/v2\/users\/4"}],"replies":[{"embeddable":true,"href":"https:\/\/cmu-edu.eu\/electromecanica\/wp-json\/wp\/v2\/comments?post=1168"}],"version-history":[{"count":11,"href":"https:\/\/cmu-edu.eu\/electromecanica\/wp-json\/wp\/v2\/pages\/1168\/revisions"}],"predecessor-version":[{"id":2096,"href":"https:\/\/cmu-edu.eu\/electromecanica\/wp-json\/wp\/v2\/pages\/1168\/revisions\/2096"}],"wp:attachment":[{"href":"https:\/\/cmu-edu.eu\/electromecanica\/wp-json\/wp\/v2\/media?parent=1168"}],"curies":[{"name":"wp","href":"https:\/\/api.w.org\/{rel}","templated":true}]}}