{"id":1373,"date":"2023-04-11T12:09:21","date_gmt":"2023-04-11T12:09:21","guid":{"rendered":"https:\/\/cmu-edu.eu\/electromecanica\/?page_id=1373"},"modified":"2025-06-13T14:58:45","modified_gmt":"2025-06-13T14:58:45","slug":"securitate-cibernetica","status":"publish","type":"page","link":"https:\/\/cmu-edu.eu\/electromecanica\/programe-de-studii\/securitate-cibernetica\/","title":{"rendered":"SECURITATE CIBERNETIC\u0102"},"content":{"rendered":"<h1 style=\"text-align: center; margin: 10px 0 10px; color: #000 !important;\">Preg\u0103te\u0219te-te pentru o carier\u0103 dinamic\u0103 \u0219i bine pl\u0103tit\u0103 \u00een<\/h1>\n<h1 style=\"text-align: center; margin: 10px 0 60px; color: #000 !important; font-size: 32px !important;\">Securitate\u00a0Cibernetic\u0103<\/h1>\n<p><iframe loading=\"lazy\" title=\"Specializarea Securitate Cibernetica\u0306\" width=\"640\" height=\"360\" src=\"https:\/\/www.youtube.com\/embed\/pczdbqLjWco?feature=oembed\" frameborder=\"0\" allow=\"accelerometer; autoplay; clipboard-write; encrypted-media; gyroscope; picture-in-picture; web-share\" referrerpolicy=\"strict-origin-when-cross-origin\" allowfullscreen><\/iframe><\/p>\n<div class=\"clearfix ap-row\"><div class=\"ap_column ap-span3\"><h2><strong>Scuritate Cibernetic\u0103<\/strong><\/h2>\n<p>Mediul \u00een care tr\u0103im se schimb\u0103 rapid, evolu\u021bia fiind impulsionat\u0103 de progresele \u00een tehnologiile informa\u021bionale, inteligen\u021ba artificial\u0103 \u0219i calculul cuantic.<\/p>\n<p>Frecven\u021ba ridicat\u0103 a atacurilor cibernetice, precum \u0219i accesibilitatea online a instrumentelor utilizate \u00een aceste atacuri, impun stabilirea unor obiective strategice esen\u021biale de preven\u021bie, instruire, protec\u021bie \u0219i securitate. Acest lucru subliniaz\u0103 necesitatea preg\u0103tirii complexe a exper\u021bilor \u00een domeniu.<\/p>\n<p>Specializarea \u00ee\u0219i propune s\u0103 ofere competen\u021bele necesare pentru \u00een\u021belegerea tehnologiilor \u0219i principiilor de securitate cibernetic\u0103, conceptualizarea, evaluarea \u0219i participarea la implementarea sistemelor specifice, asigur\u00e2nd succesul pe pia\u021ba muncii viitoare.\n<a class=\"but2\" href=\"https:\/\/cmu-edu.eu\/electromecanica\/wp-content\/uploads\/sites\/19\/2025\/03\/FLAIER-Securitate-Cibernetica.pdf\">Descarca Pliant<\/a><\/div>\n<div class=\"ap_column ap-span3\"><h2><strong>Misiunea programului<\/strong><\/h2>\n<p>Misiunea acestui program de studii este de a forma speciali\u0219ti cu o preg\u0103tire teoretic\u0103 \u0219i practic\u0103 solid\u0103 \u00een domeniul calculatoarelor, tehnologiei informa\u021biei \u0219i securit\u0103\u021bii cibernetice.<\/p>\n<p>Absolven\u021bii acestui program sunt preg\u0103ti\u021bi s\u0103 de\u021bin\u0103 competen\u021be conforme cu cerin\u021bele pie\u021bei muncii \u0219i cu cadrul european al calific\u0103rilor.<\/p>\n<p>Ei vor avea cuno\u0219tin\u021be solide \u00een domeniul securit\u0103\u021bii cibernetice, permi\u021b\u00e2ndu-le s\u0103 practice profesia de inginer \u00een acest domeniu de mare actualitate, respect\u00e2nd standardele interna\u021bionale.<\/p>\n<div><a class=\"button3\" href=\"https:\/\/cmu-edu.eu\/electromecanica\/wp-content\/uploads\/sites\/19\/2024\/05\/Plan-inv-Securitate-cibernetica_Redacted.pdf\">DESCARC\u0102 PLANUL DE INVATAMANT<\/a><\/div><\/div><\/div>\n<p><div class=\"clearfix ap-row\"><div class=\"ap_column ap-span4\"><h3><strong>Ce studiezi?<\/strong><\/h3>\n<p>O specializare \u00een securitate cibernetic\u0103 preg\u0103te\u0219te studen\u021bii s\u0103 devin\u0103 profesioni\u0219ti \u00een domeniul securit\u0103\u021bii informatice, abord\u00e2nd o varietate de subiecte relevante, printre care:<\/p>\n<ul class=\"lista-doi\">\n<li><strong>Securitatea re\u021belelor<\/strong>: Studen\u021bii \u00eenva\u021b\u0103 despre conceptele \u0219i tehnicile pentru protejarea re\u021belelor de comunica\u021bii \u00eempotriva accesului neautorizat, intercept\u0103rii \u0219i manipul\u0103rii datelor.<\/li>\n<li><strong>Securitatea sistemelor informatice<\/strong>: Acest aspect se concentreaz\u0103 pe protejarea sistemelor de operare, bazelor de date \u0219i a altor componente ale infrastructurii informatice \u00eempotriva atacurilor \u0219i a defec\u021biunilor.<\/li>\n<li><strong>Criptografia<\/strong>: Studen\u021bii \u00eenva\u021b\u0103 despre metodele de criptare a datelor pentru a le proteja \u00eempotriva intercept\u0103rii \u0219i utiliz\u0103rii neautorizate.<\/li>\n<li><strong>Analiza \u0219i gestionarea riscurilor<\/strong>: Aceast\u0103 component\u0103 implic\u0103 identificarea \u0219i evaluarea amenin\u021b\u0103rilor poten\u021biale la adresa securit\u0103\u021bii cibernetice \u0219i dezvoltarea strategiilor \u0219i politicilor pentru a minimiza aceste riscuri.<\/li>\n<li><strong>Investigarea incidentelor de securitate cibernetic\u0103<\/strong>: Studen\u021bii \u00eenva\u021b\u0103 cum s\u0103 detecteze, s\u0103 investigheze \u0219i s\u0103 r\u0103spund\u0103 la incidente de securitate, cum ar fi atacurile informatice \u0219i \u00eenc\u0103lc\u0103rile de date.<\/li>\n<\/ul><\/div>\n<div class=\"ap_column ap-span2\"><img loading=\"lazy\" decoding=\"async\" class=\"alignnone size-full wp-image-1509\" src=\"https:\/\/cmu-edu.eu\/electromecanica\/wp-content\/uploads\/sites\/19\/2024\/06\/Pg-32_1_8387.jpg\" alt=\"\" width=\"3120\" height=\"3324\" \/><\/div><\/div><br \/>\n<div class=\"clearfix ap-row\"><div class=\"ap_column ap-span4\"><h3><strong>Avantajele unei specializ\u0103ri \u00een securitate cibernetic\u0103 includ:<\/strong><\/h3>\n<ul class=\"lista-doi\">\n<li><strong>Cerin\u021b\u0103 crescut\u0103 pe pia\u021ba muncii<\/strong>:\nCu cre\u0219terea amenin\u021b\u0103rilor cibernetice, exist\u0103 o cerere semnificativ\u0103 pentru profesioni\u0219ti bine preg\u0103ti\u021bi \u00een acest domeniu.<\/li>\n<li><strong>Perspective de carier\u0103 variate<\/strong>:\nAbsolven\u021bii pot urma o varietate de cariere \u00een domeniul securit\u0103\u021bii cibernetice, inclusiv anali\u0219ti de securitate, administratori de re\u021bea, speciali\u0219ti \u00een criptografie \u0219i consultan\u021bi de securitate.<\/li>\n<li><strong>Salarii competitive<\/strong>:\nProfesioni\u0219tii \u00een securitate cibernetic\u0103 sunt pl\u0103ti\u021bi \u00een mod obi\u0219nuit foarte bine, dat\u0103 fiind importan\u021ba critic\u0103 a protej\u0103rii datelor \u0219i a sistemelor informatice.<\/li>\n<\/ul><\/div>\n<div class=\"ap_column ap-span2\"><img loading=\"lazy\" decoding=\"async\" class=\"alignleft\" style=\"margin-top: 20px;\" src=\"https:\/\/cmu-edu.eu\/electromecanica\/wp-content\/uploads\/sites\/19\/2024\/06\/logo-center.png\" alt=\"\" width=\"89\" height=\"136\" \/><\/p>\n<div style=\"text-align: center; color: #497195; font-size: 18px; line-height: 1.2; margin-top: 60px;\">Centrul de Excelen\u021b\u0103 pentru\nSecuritate Cibernetic\u0103 Maritim\u0103<\/div>\n<div style=\"text-align: center; margin-top: 10px; font-weight: 600; font-style: italic;\"><a href=\"https:\/\/www.cysec.center\/\" target=\"_blank\" rel=\"noopener\">cysec.center<\/a><\/div><\/div><\/div><\/p>\n<p><img loading=\"lazy\" decoding=\"async\" class=\"alignnone size-full wp-image-1511\" style=\"margin-top: 20px;\" src=\"https:\/\/cmu-edu.eu\/electromecanica\/wp-content\/uploads\/sites\/19\/2024\/06\/banner-cyber.jpg\" alt=\"\" width=\"1920\" height=\"460\" \/><\/p>\n<div style=\"background-color: #f5f5f5; padding: 10px; text-align: center;\">\n<h1 style=\"margin: 30px 0;\">BENEFICII<\/h1>\n<div class=\"clearfix ap-row\"><div class=\"ap_column ap-span3\"><div style=\"background-color: #ffffff; padding: 10px; margin: 10px; min-height: 300px;\">\n<h3>Recunoa\u0219tere interna\u021bional\u0103<\/h3>\n<p>Specializarea \u00een securitate cibernetic\u0103 beneficiaz\u0103 de recunoa\u0219tere interna\u021bional\u0103, asigur\u00e2ndu-le absolven\u021bilor competitivitate pe pia\u021ba global\u0103 a muncii.<\/p>\n<h3>Oportunit\u0103\u021bi de studiu \u00een str\u0103in\u0103tate<\/h3>\n<p>Mul\u021bi dintre studen\u021bii no\u0219tri aleg s\u0103 studieze un semestru la una dintre facult\u0103\u021bile partenere, beneficiind de bursa ERASMUS.<\/p>\n<\/div><\/div>\n<div class=\"ap_column ap-span3\"><div style=\"background-color: #ffffff; padding: 10px; margin: 10px; min-height: 300px;\">\n<h3>Tehnologii moderne<\/h3>\n<p>Domeniul securit\u0103\u021bii cibernetice devine tot mai important \u00een societatea contemporan\u0103, iar facilit\u0103\u021bile universit\u0103\u021bii noastre sunt conforme cu standardele interna\u021bionale. Vei avea ocazia s\u0103 studiezi \u00een laboratoare de ultim\u0103 genera\u021bie.<\/p>\n<h3>Aprofundarea Studiilor<\/h3>\n<p>Posibilitate de continuare a studiilor, absolven\u021bii pot aprofunda cuno\u0219tin\u021bele dob\u00e2ndite prin studii de masterat de cercetare \u00een domeniul Securitate cibernetic\u0103 \u0219i managementul riscurilor.<\/p>\n<\/div><\/div><\/div>\n<\/div>\n<div style=\"background-color: #ffffff; padding: 10px; margin: 10px;\"><div class=\"clearfix ap-row\"><div class=\"ap_column ap-span3\"><h3>Oportunit\u0103\u021bi de carier\u0103<\/h3>\n<ul class=\"lista-doi\">\n<li>Analist de Securitate Cibernetic\u0103<\/li>\n<li>Inginer de Securitate<\/li>\n<li>Consultant de Securitate<\/li>\n<li>Specialist \u00een R\u0103spuns la Incidente<\/li>\n<li>Administrator de Securitate IT<\/li>\n<li>Cercet\u0103tor \u00een Securitate Cibernetic\u0103<\/li>\n<li>Manager de Securitate Cibernetic\u0103<\/li>\n<li>Specialist \u00een Conformitate \u0219i Reglementare<\/li>\n<li>Criminalist Informatic<\/li>\n<li>Specialist \u00een Protec\u021bia Datelor<\/li>\n<\/ul><\/div>\n<div class=\"ap_column ap-span3\"><h3>Practic\u0103<\/h3>\n<p>Anii doi si trei de facultate i\u021bi vor oferi cadrul perfect pentru consolidarea cuno\u0219tin\u021belor teoretice \u015fi pentru formarea abilit\u0103\u021bilor, spre a le aplica \u00een concordan\u021b\u0103 cu specializarea pentru care e\u0219ti instruit, la diver\u0219i agen\u021bi economici cu care universitatea are \u00eencheiate parteneriate \u0219i in laboratoarele de specialitate.<\/p>\n<ul class=\"lista-doi\">\n<li><strong>Practic\u0103 \u00een domeniu &#8211; <\/strong>Anul II<\/li>\n<li><strong>Practic\u0103 de specialitate &#8211; <\/strong>Anul III<\/li>\n<li><strong>Practic\u0103 pentru proiectul de diplom\u0103 &#8211; <\/strong>Anul IV<\/li>\n<li><strong>Practic\u0103 asigurat\u0103 la companii de profil partenere<\/strong><\/li>\n<\/ul><\/div><\/div><\/p>\n<\/div>\n<p><a class=\"animation-but\" href=\"https:\/\/cmu-edu.eu\/admitere\/\" target=\"_blank\" rel=\"noopener\">Admitere<\/a><\/p>\n","protected":false},"excerpt":{"rendered":"<p>Preg\u0103te\u0219te-te pentru o carier\u0103 dinamic\u0103 \u0219i bine pl\u0103tit\u0103 \u00een Securitate\u00a0Cibernetic\u0103 BENEFICII Admitere<\/p>\n","protected":false},"author":4,"featured_media":0,"parent":9,"menu_order":0,"comment_status":"closed","ping_status":"closed","template":"","meta":{"footnotes":""},"class_list":["post-1373","page","type-page","status-publish","hentry"],"_links":{"self":[{"href":"https:\/\/cmu-edu.eu\/electromecanica\/wp-json\/wp\/v2\/pages\/1373","targetHints":{"allow":["GET"]}}],"collection":[{"href":"https:\/\/cmu-edu.eu\/electromecanica\/wp-json\/wp\/v2\/pages"}],"about":[{"href":"https:\/\/cmu-edu.eu\/electromecanica\/wp-json\/wp\/v2\/types\/page"}],"author":[{"embeddable":true,"href":"https:\/\/cmu-edu.eu\/electromecanica\/wp-json\/wp\/v2\/users\/4"}],"replies":[{"embeddable":true,"href":"https:\/\/cmu-edu.eu\/electromecanica\/wp-json\/wp\/v2\/comments?post=1373"}],"version-history":[{"count":28,"href":"https:\/\/cmu-edu.eu\/electromecanica\/wp-json\/wp\/v2\/pages\/1373\/revisions"}],"predecessor-version":[{"id":1730,"href":"https:\/\/cmu-edu.eu\/electromecanica\/wp-json\/wp\/v2\/pages\/1373\/revisions\/1730"}],"up":[{"embeddable":true,"href":"https:\/\/cmu-edu.eu\/electromecanica\/wp-json\/wp\/v2\/pages\/9"}],"wp:attachment":[{"href":"https:\/\/cmu-edu.eu\/electromecanica\/wp-json\/wp\/v2\/media?parent=1373"}],"curies":[{"name":"wp","href":"https:\/\/api.w.org\/{rel}","templated":true}]}}