{"id":1515,"date":"2024-06-07T07:58:10","date_gmt":"2024-06-07T07:58:10","guid":{"rendered":"https:\/\/cmu-edu.eu\/electromecanica\/?page_id=1515"},"modified":"2024-07-09T08:25:29","modified_gmt":"2024-07-09T08:25:29","slug":"scmr","status":"publish","type":"page","link":"https:\/\/cmu-edu.eu\/electromecanica\/programe-de-studii\/scmr\/","title":{"rendered":"SECURITATE CIBERNETICA SI MANAGEMENTUL RISCURILOR"},"content":{"rendered":"<h1 style=\"text-align: center; margin: 10px 0 60px; color: #000 !important;\">Transform\u0103-\u021bi pasiunea pentru tehnologie \u00eentr-o carier\u0103\u00a0de\u00a0succes!<\/h1>\n<p><iframe loading=\"lazy\" title=\"Specializarea Securitate Cibernetica\u0306\" width=\"640\" height=\"360\" src=\"https:\/\/www.youtube.com\/embed\/f5fMnbx2VVM?feature=oembed\" frameborder=\"0\" allow=\"accelerometer; autoplay; clipboard-write; encrypted-media; gyroscope; picture-in-picture; web-share\" referrerpolicy=\"strict-origin-when-cross-origin\" allowfullscreen><\/iframe><\/p>\n<p><div class=\"clearfix ap-row\"><div class=\"ap_column ap-span4\"><h2><strong>Diplom\u0103 de master <\/strong><\/h2>\n<p>Absolven\u0163ii cu diploma de licen\u0163\u0103 ce doresc s\u0103 activeze \u00een domeniul securit\u0103\u0163ii cibernetice, pot alege s\u0103 \u00ee\u015fi dezvolte competen\u0163ele profesionale pentru o carier\u0103 de succes, ob\u021bin\u00e2nd o diplom\u0103 de masterat \u00een securitate cibernetic\u0103 \u015fi managementul riscurilor.<\/p>\n<p>Programul de master \u00een securitate cibernetic\u0103 cu titlul \u201eSecuritate cibernetic\u0103 \u0219i managementul riscurilor\u201d ofer\u0103 o curricul\u0103 solid\u0103 de discipline pentru dob\u00e2ndirea de cuno\u0219tin\u021be tehnice detaliate \u00een securitate, confiden\u021bialitate \u0219i criptografie.<\/p>\n<p>Programel de master \u00een securitate cibernetic\u0103 are o durat\u0103 de doi ani de studii.<\/p>\n<p>Absolven\u0163ii cu diplom\u0103 de master \u00een securitate cibernetic\u0103, dob\u00e2ndesc o baz\u0103 cuprinz\u0103toare de abilit\u0103\u021bi tehnice, care le ofert\u0103 compenten\u0163e \u00een men\u021binerea sistemelor informatice, a re\u021belelor \u0219i datelor oric\u0103rei companii \u00een siguran\u021b\u0103, securizate. Prin programul de master \u00een securitate cibernetic\u0103, ve\u021bi:<\/p>\n<ul class=\"lista-doi\">\n<li>dob\u00e2ndi cuno\u0219tin\u021bele \u0219i abilit\u0103\u021bile pentru a planifica, gestiona \u0219i men\u021bine securitatea infrastructurii, re\u021belelor \u0219i aplica\u021biilor informatice ale unei companii.<\/li>\n<li>avea o \u00een\u021belegere a infrastructurii re\u021belei de date \u0219i a tehnologiei, arhitecturii \u0219i a modului de a realiza managementul comunica\u021biilor.<\/li>\n<li>putea realiza strategii pentru atenuarea riscurilor de securitate pentru mediile tradi\u021bionale \u0219i a celor bazate pe cloud.<\/li>\n<li>putea s\u0103 \u00eentocmi\u0163i politici eficiente de securitate a informa\u021biilor pentru comapnii, care abordeaz\u0103 amenin\u021b\u0103rile interne \u0219i externe, na\u021bionale \u0219i interna\u021bionale.<\/li>\n<\/ul><\/div>\n<div class=\"ap_column ap-span2\"><div style=\"background-color: #f5f5f5; padding: 10px;\">\n<h2><strong>Studen\u021bii de master, de obicei urmeaz\u0103 cursuri pe urm\u0103toarele subiecte:<\/strong><\/h2>\n<ul class=\"lista-doi\">\n<li>Information technology<\/li>\n<li>Cybersecurity theory<\/li>\n<li>Cybersecurity management<\/li>\n<li>Risk analysis<\/li>\n<li>Cryptography<\/li>\n<li>Network security<\/li>\n<li>Cyberdefense<\/li>\n<li>Digital forensics<\/li>\n<li>Digital forensics<\/li>\n<li>Cyberlaw and policy<\/li>\n<li>Cybercrime<\/li>\n<li>Information technology<\/li>\n<li>Data communications and networking<\/li>\n<li>Ethics, law and policy<\/li>\n<\/ul>\n<div style=\"margin-top: 20px;\"><a class=\"button3\" href=\"https:\/\/cmu-edu.eu\/electromecanica\/wp-content\/uploads\/sites\/19\/2024\/05\/Plan-inv_SCMR_Redacted.pdf\">DESCARC\u0102 PLANUL DE INVATAMANT<\/a><\/div>\n<\/div><\/div><\/div><br \/>\n<div class=\"clearfix ap-row\"><div class=\"ap_column ap-span4\"><p style=\"text-align: center; padding: 10px; background-color: #f5f5f5; margin: 20px 0;\">Dup\u0103 absolvirea programului de masterat, ace\u015ftia \u00ee\u015fi vor putea exercita aceste abilit\u0103\u021bi \u00een timpul incidentelor de securitate cibernetic\u0103 pentru a ajuta la minimizarea oric\u0103rui impact negativ. \u00cen prezent majoritatea industriilor, inclusiv sectorul financiar, cel de s\u0103n\u0103tate, tehnologia informa\u021biei \u0219i sectorul public, se confrunt\u0103 cu provoc\u0103ri reale de securitate cibernetic\u0103.\nAceasta \u00eenseamn\u0103 c\u0103, \u00een calitate de expert \u00een securitate cibernetic\u0103, ob\u0163inut\u0103 de studen\u021bii la absolvirea programului vor avea de ales sectorul unde vor aplica, pentru o carier\u0103 profitabil\u0103 \u015fi de success.<\/p><\/div>\n<div class=\"ap_column ap-span2\"><img loading=\"lazy\" decoding=\"async\" class=\"alignleft\" style=\"margin-top: 20px;\" src=\"https:\/\/cmu-edu.eu\/electromecanica\/wp-content\/uploads\/sites\/19\/2024\/06\/logo-center.png\" alt=\"\" width=\"89\" height=\"136\" \/><\/p>\n<div style=\"text-align: center; color: #497195; font-size: 18px; line-height: 1.2; margin-top: 60px;\">Centrul de Excelen\u021b\u0103 pentru\nSecuritate Cibernetic\u0103 Maritim\u0103<\/div>\n<div style=\"text-align: center; margin-top: 10px; font-weight: 600; font-style: italic;\"><a href=\"https:\/\/www.cysec.center\/\" target=\"_blank\" rel=\"noopener\">cysec.center<\/a><\/div><\/div><\/div><br \/>\n<div class=\"clearfix ap-row\"><div class=\"ap_column ap-span3\"><h3><strong>Ce po\u021bi face cu un masterat \u00een securitate cibernetic\u0103?<\/strong><\/h3>\n<p>Un masterat \u00een securitate cibernetic\u0103 te poate califica pentru diferite roluri \u0219i cariere de succes \u00een domeniu. Cu toate acestea, este esen\u021bial s\u0103 re\u021bine\u021bi c\u0103 aceste calific\u0103rile pot varia \u00een func\u021bie de companie \u0219i de titlul postului vizat. Unele firme sau organiza\u021bii pot solicita acredit\u0103ri suplimentare, cum ar fi certific\u0103ri industriale de specialitate, pentru a se asigura c\u0103 viitorii candida\u021bii lor pot \u00eendeplini cerin\u021bele postului vacant.\n<hr class=\"ap-spacing\" style=\"height:10px\"\/><\/p>\n<h3><strong>Avantajele unei specializ\u0103ri \u00een securitate cibernetic\u0103 includ:<\/strong><\/h3>\n<ul class=\"lista-doi\">\n<li><strong>Cerin\u021b\u0103 crescut\u0103 pe pia\u021ba muncii<\/strong>:\nCu cre\u0219terea amenin\u021b\u0103rilor cibernetice, exist\u0103 o cerere semnificativ\u0103 pentru profesioni\u0219ti bine preg\u0103ti\u021bi \u00een acest domeniu.<\/li>\n<li><strong>Perspective de carier\u0103 variate<\/strong>:\nAbsolven\u021bii pot urma o varietate de cariere \u00een domeniul securit\u0103\u021bii cibernetice, inclusiv anali\u0219ti de securitate, administratori de re\u021bea, speciali\u0219ti \u00een criptografie \u0219i consultan\u021bi de securitate.<\/li>\n<li><strong>Salarii competitive<\/strong>:\nProfesioni\u0219tii \u00een securitate cibernetic\u0103 sunt pl\u0103ti\u021bi \u00een mod obi\u0219nuit foarte bine, dat\u0103 fiind importan\u021ba critic\u0103 a protej\u0103rii datelor \u0219i a sistemelor informatice.<\/li>\n<\/ul><\/div>\n<div class=\"ap_column ap-span3\"><img loading=\"lazy\" decoding=\"async\" class=\"alignnone wp-image-1521 size-full\" src=\"https:\/\/cmu-edu.eu\/electromecanica\/wp-content\/uploads\/sites\/19\/2024\/06\/cyber2.jpg\" alt=\"\" width=\"1400\" height=\"1130\" \/><\/div><\/div><\/p>\n<h3 style=\"text-align: center; margin: 40px 0 60px; color: #000 !important;\">Mai jos, exemplific\u0103m c\u00e2teva poten\u021biale joburi pentru absolven\u021bii de licen\u021b\u0103 \u00een domeniul securit\u0103\u021bii cibernetice.<\/h3>\n<p><div class=\"clearfix ap-row\"><div class=\"ap_column ap-span3\"><h3><strong>Inginer de securitate cibernetic\u0103<\/strong><\/h3>\n<p><img loading=\"lazy\" decoding=\"async\" class=\"alignnone size-full wp-image-1523\" src=\"https:\/\/cmu-edu.eu\/electromecanica\/wp-content\/uploads\/sites\/19\/2024\/06\/Pg-423_1_0290-web.jpg\" alt=\"\" width=\"3452\" height=\"2118\" \/><\/p>\n<p><strong>Calific\u0103ri:<\/strong> diplom\u0103 de licen\u021b\u0103 \u00een IT sau securitate cibernetic\u0103 sau un domeniu conex.<\/p>\n<p><strong>Descrierea postului:<\/strong> Inginerii de securitate cibernetic\u0103 proiecteaz\u0103 \u0219i implementeaz\u0103 solu\u021bii de re\u021bea sigure pentru a proteja re\u021belele, sistemele \u0219i datele unei organiza\u021bii \u00eempotriva atacurilor cibernetice, hackerilor \u0219i a altor amenin\u021b\u0103ri importante.<\/p>\n<p>Ace\u0219ti profesioni\u0219ti testeaz\u0103, monitorizeaz\u0103 \u0219i depaneaz\u0103 sistemele pentru a se asigura c\u0103 toate ap\u0103r\u0103rile sunt actualizate \u0219i func\u021bioneaz\u0103 eficient.<\/p>\n<p>Inginerii de securitate cibernetic\u0103 efectueaz\u0103 periodic teste de penetrare pentru a identifica vulnerabilit\u0103\u021bile re\u021belei \u0219i ale sistemului \u0219i s\u0103 realizeze identificarea bre\u0219elor de securitate.<\/p><\/div>\n<div class=\"ap_column ap-span3\"><h3><strong>Analist Securitate Informa\u021bional\u0103<\/strong><\/h3>\n<p><img loading=\"lazy\" decoding=\"async\" class=\"alignnone size-full wp-image-1524\" src=\"https:\/\/cmu-edu.eu\/electromecanica\/wp-content\/uploads\/sites\/19\/2024\/06\/Pg-42_1_0290-web.jpg\" alt=\"\" width=\"1900\" height=\"1166\" \/><\/p>\n<p><strong>Calific\u0103ri:<\/strong> diplom\u0103 de licen\u021b\u0103 \u00een securitate cibernetic\u0103, securitate informa\u021bional\u0103, informatic\u0103, programare sau un domeniu str\u00e2ns legat.<\/p>\n<p><strong>Descrierea postului:<\/strong> Anali\u0219tii de securitate a informa\u021biilor protejeaz\u0103 re\u021belele de computere, sistemele \u0219i bazele de date ale unei organiza\u021bii de atacuri cibernetice, \u00eenc\u0103lc\u0103ri ale datelor \u0219i alte amenin\u021b\u0103ri. Ace\u0219ti profesioni\u0219ti monitorizeaz\u0103 re\u021belele de informa\u021bii \u0219i infrastructura computerelor pentru a identifica vulnerabilit\u0103\u021bile sistemelor de securitate digital\u0103, p\u0103str\u00e2nd informa\u021biile sensibile \u0219i datele \u00een siguran\u021b\u0103.<\/p><\/div><\/div><br \/>\n<a class=\"animation-but\" href=\"https:\/\/cmu-edu.eu\/admitere\/admitere-studii-master\/\" target=\"_blank\" rel=\"noopener\">Admitere<\/a><\/p>\n","protected":false},"excerpt":{"rendered":"<p>Transform\u0103-\u021bi pasiunea pentru tehnologie \u00eentr-o carier\u0103\u00a0de\u00a0succes! Mai jos, exemplific\u0103m c\u00e2teva poten\u021biale joburi pentru absolven\u021bii de licen\u021b\u0103 \u00een domeniul securit\u0103\u021bii cibernetice. Admitere<\/p>\n","protected":false},"author":4,"featured_media":0,"parent":9,"menu_order":0,"comment_status":"closed","ping_status":"closed","template":"","meta":{"footnotes":""},"class_list":["post-1515","page","type-page","status-publish","hentry"],"_links":{"self":[{"href":"https:\/\/cmu-edu.eu\/electromecanica\/wp-json\/wp\/v2\/pages\/1515","targetHints":{"allow":["GET"]}}],"collection":[{"href":"https:\/\/cmu-edu.eu\/electromecanica\/wp-json\/wp\/v2\/pages"}],"about":[{"href":"https:\/\/cmu-edu.eu\/electromecanica\/wp-json\/wp\/v2\/types\/page"}],"author":[{"embeddable":true,"href":"https:\/\/cmu-edu.eu\/electromecanica\/wp-json\/wp\/v2\/users\/4"}],"replies":[{"embeddable":true,"href":"https:\/\/cmu-edu.eu\/electromecanica\/wp-json\/wp\/v2\/comments?post=1515"}],"version-history":[{"count":14,"href":"https:\/\/cmu-edu.eu\/electromecanica\/wp-json\/wp\/v2\/pages\/1515\/revisions"}],"predecessor-version":[{"id":1566,"href":"https:\/\/cmu-edu.eu\/electromecanica\/wp-json\/wp\/v2\/pages\/1515\/revisions\/1566"}],"up":[{"embeddable":true,"href":"https:\/\/cmu-edu.eu\/electromecanica\/wp-json\/wp\/v2\/pages\/9"}],"wp:attachment":[{"href":"https:\/\/cmu-edu.eu\/electromecanica\/wp-json\/wp\/v2\/media?parent=1515"}],"curies":[{"name":"wp","href":"https:\/\/api.w.org\/{rel}","templated":true}]}}