{"id":1718,"date":"2025-05-12T11:51:21","date_gmt":"2025-05-12T11:51:21","guid":{"rendered":"https:\/\/cmu-edu.eu\/electromecanica\/?page_id=1718"},"modified":"2025-05-12T11:51:21","modified_gmt":"2025-05-12T11:51:21","slug":"str-cons","status":"publish","type":"page","link":"https:\/\/cmu-edu.eu\/electromecanica\/despre-facultate\/str-cons\/","title":{"rendered":"Structura Consiliilor departamentelor didactice"},"content":{"rendered":"<div><strong>CONSILIUL DEPARTAMENTUL \u0218TIIN\u021aE GENERALE INGINERE\u0218TI<\/strong><\/div>\n<ul class=\"lista-doi\">\n<li><strong>Director Departament<\/strong><\/li>\n<li>Conf.univ.dr.ing. Alexandra RAICU<\/li>\n<li><strong>Membri:<\/strong><\/li>\n<li>Prof.univ.dr.ing. Emil OAN\u021a\u0102<\/li>\n<li>Prof.univ.dr.ing. Remus Z\u0102GAN<\/li>\n<\/ul>\n<hr class=\"ap-spacing\" style=\"height:10px\"\/>\n<div><strong>CONSILIUL DEPARTAMENTUL \u0218TIIN\u021aE INGINERE\u0218TI \u00ceN DOMENIUL MECANIC \u0218I MEDIU<\/strong><\/div>\n<ul class=\"lista-doi\">\n<li><strong>Director Departament<\/strong><\/li>\n<li>S.l. univ.dr.ing. C\u0103t\u0103lin FAIT\u0102R<\/li>\n<li><strong>Membri:<\/strong><\/li>\n<li>Lector univ.dr. Simona GHI\u021a\u0102<\/li>\n<li>\u0218.l.univ.dr.ing. Ionut VOICU<\/li>\n<\/ul>\n<hr class=\"ap-spacing\" style=\"height:10px\"\/>\n<div><strong>CONSILIUL DEPARTAMENTUL \u0218TIIN\u021aE INGINERE\u0218TI \u00ceN DOMENIUL ELECTRIC<\/strong><\/div>\n<ul class=\"lista-doi\">\n<li><strong>Director Departament<\/strong><\/li>\n<li>Conf.univ.dr.ing. Marian DORDESCU<\/li>\n<li><strong>Membri:<\/strong><\/li>\n<li>\u0218.l.univ.dr.ing. Carmen DUMITRESCU<\/li>\n<li>\u0218.l.univ.dr.ing. Florin NICOLESCU<\/li>\n<\/ul>\n<hr class=\"ap-spacing\" style=\"height:10px\"\/>\n<div><strong>CONSILIUL DEPARTAMENTUL ELECTRONIC\u0102 \u0218I TELECOMUNICA\u021aII<\/strong><\/div>\n<ul class=\"lista-doi\">\n<li><strong>Director Departament<\/strong><\/li>\n<li>Prof.univ.dr.ing. R\u0103zvan TAMA\u0218<\/li>\n<li><strong>Membri:<\/strong><\/li>\n<li>Conf.univ.dr.ing. Mirel Cristian P\u0102UN<\/li>\n<li>\u0218.l.univ.dr.ing. Andreea PL\u0102TIC\u0102<\/li>\n<\/ul>\n","protected":false},"excerpt":{"rendered":"<p>CONSILIUL DEPARTAMENTUL \u0218TIIN\u021aE GENERALE INGINERE\u0218TI Director Departament Conf.univ.dr.ing. Alexandra RAICU Membri: Prof.univ.dr.ing. Emil OAN\u021a\u0102 Prof.univ.dr.ing. Remus Z\u0102GAN CONSILIUL DEPARTAMENTUL \u0218TIIN\u021aE INGINERE\u0218TI \u00ceN DOMENIUL MECANIC \u0218I MEDIU Director Departament S.l. univ.dr.ing. C\u0103t\u0103lin FAIT\u0102R Membri: Lector univ.dr. Simona GHI\u021a\u0102 \u0218.l.univ.dr.ing. Ionut VOICU CONSILIUL DEPARTAMENTUL \u0218TIIN\u021aE INGINERE\u0218TI \u00ceN DOMENIUL ELECTRIC Director Departament Conf.univ.dr.ing. Marian DORDESCU Membri: \u0218.l.univ.dr.ing. Carmen [&hellip;]<\/p>\n","protected":false},"author":4,"featured_media":0,"parent":7,"menu_order":0,"comment_status":"closed","ping_status":"closed","template":"","meta":{"footnotes":""},"class_list":["post-1718","page","type-page","status-publish","hentry"],"_links":{"self":[{"href":"https:\/\/cmu-edu.eu\/electromecanica\/wp-json\/wp\/v2\/pages\/1718","targetHints":{"allow":["GET"]}}],"collection":[{"href":"https:\/\/cmu-edu.eu\/electromecanica\/wp-json\/wp\/v2\/pages"}],"about":[{"href":"https:\/\/cmu-edu.eu\/electromecanica\/wp-json\/wp\/v2\/types\/page"}],"author":[{"embeddable":true,"href":"https:\/\/cmu-edu.eu\/electromecanica\/wp-json\/wp\/v2\/users\/4"}],"replies":[{"embeddable":true,"href":"https:\/\/cmu-edu.eu\/electromecanica\/wp-json\/wp\/v2\/comments?post=1718"}],"version-history":[{"count":3,"href":"https:\/\/cmu-edu.eu\/electromecanica\/wp-json\/wp\/v2\/pages\/1718\/revisions"}],"predecessor-version":[{"id":1721,"href":"https:\/\/cmu-edu.eu\/electromecanica\/wp-json\/wp\/v2\/pages\/1718\/revisions\/1721"}],"up":[{"embeddable":true,"href":"https:\/\/cmu-edu.eu\/electromecanica\/wp-json\/wp\/v2\/pages\/7"}],"wp:attachment":[{"href":"https:\/\/cmu-edu.eu\/electromecanica\/wp-json\/wp\/v2\/media?parent=1718"}],"curies":[{"name":"wp","href":"https:\/\/api.w.org\/{rel}","templated":true}]}}