{"id":1763,"date":"2025-07-10T10:57:26","date_gmt":"2025-07-10T10:57:26","guid":{"rendered":"https:\/\/cmu-edu.eu\/electromecanica\/?page_id=1763"},"modified":"2026-05-01T08:10:31","modified_gmt":"2026-05-01T08:10:31","slug":"inginerie-marina","status":"publish","type":"page","link":"https:\/\/cmu-edu.eu\/electromecanica\/programe-de-studii\/inginerie-marina\/","title":{"rendered":"INGINERIE MARIN\u0102 (MARINE ENGINEERING)"},"content":{"rendered":"<p>Programul de Studii \u201eInginerie marin\u0103\u201d, este un program de master interna\u0163ional cu predare \u00een limba englez\u0103, cu o durata de studii de 2 ani, av\u00e2nd dou\u0103 direc\u0163ii de aprofundare: o direc\u0163ie pe inginerie marin\u0103 \u015fi alt ape ingineria offshore de petrol \u015fi gaze. Obiectivul asumat de programul de studii \u201eInginerie marin\u0103\u201d il reprezinta profesionalizarea inginerilor pentru a dob\u00e2ndi competen\u0163e \u00een proiectarea, construc\u0163ia, montarea, exploatarea, \u00eentre\u0163inerea \u015fi repararea navelor speciale \u015fi a structurilor marine, a utilajelor, instala\u0163iilor, sistemelor \u015fi echipamentelor specifice industriei navale \u015fi a celei de offshore, corespunz\u0103tor standardelor economiei concuren\u0163iale, av\u00e2nd cuno\u015ftin\u0163e inginere\u015fti \u015fi manageriale actuale \u015fi de perspectiv\u0103 adecvate industriei maritime \u015fi sectoarelor industriale conexe.<\/p>\n<p><a class=\"but1\" href=\"https:\/\/univmaritima.sharepoint.com\/:f:\/g\/IgA1f2vnQfBuTYhEP_DFn5ImAWys74v1m2wfuhKAhU6b4Uo?e=Xal4V4\" target=\"_blank\" rel=\"noopener\">Plan de \u00eenv\u0103\u021b\u0103m\u00e2nt\/Fi\u0219e de Disciplin\u0103<\/a><\/p>\n","protected":false},"excerpt":{"rendered":"<p>Programul de Studii \u201eInginerie marin\u0103\u201d, este un program de master interna\u0163ional cu predare \u00een limba englez\u0103, cu o durata de studii de 2 ani, av\u00e2nd dou\u0103 direc\u0163ii de aprofundare: o direc\u0163ie pe inginerie marin\u0103 \u015fi alt ape ingineria offshore de petrol \u015fi gaze. Obiectivul asumat de programul de studii \u201eInginerie marin\u0103\u201d il reprezinta profesionalizarea inginerilor [&hellip;]<\/p>\n","protected":false},"author":4,"featured_media":0,"parent":9,"menu_order":0,"comment_status":"closed","ping_status":"closed","template":"","meta":{"footnotes":""},"class_list":["post-1763","page","type-page","status-publish","hentry"],"_links":{"self":[{"href":"https:\/\/cmu-edu.eu\/electromecanica\/wp-json\/wp\/v2\/pages\/1763","targetHints":{"allow":["GET"]}}],"collection":[{"href":"https:\/\/cmu-edu.eu\/electromecanica\/wp-json\/wp\/v2\/pages"}],"about":[{"href":"https:\/\/cmu-edu.eu\/electromecanica\/wp-json\/wp\/v2\/types\/page"}],"author":[{"embeddable":true,"href":"https:\/\/cmu-edu.eu\/electromecanica\/wp-json\/wp\/v2\/users\/4"}],"replies":[{"embeddable":true,"href":"https:\/\/cmu-edu.eu\/electromecanica\/wp-json\/wp\/v2\/comments?post=1763"}],"version-history":[{"count":3,"href":"https:\/\/cmu-edu.eu\/electromecanica\/wp-json\/wp\/v2\/pages\/1763\/revisions"}],"predecessor-version":[{"id":2099,"href":"https:\/\/cmu-edu.eu\/electromecanica\/wp-json\/wp\/v2\/pages\/1763\/revisions\/2099"}],"up":[{"embeddable":true,"href":"https:\/\/cmu-edu.eu\/electromecanica\/wp-json\/wp\/v2\/pages\/9"}],"wp:attachment":[{"href":"https:\/\/cmu-edu.eu\/electromecanica\/wp-json\/wp\/v2\/media?parent=1763"}],"curies":[{"name":"wp","href":"https:\/\/api.w.org\/{rel}","templated":true}]}}