{"id":1766,"date":"2025-07-31T08:24:59","date_gmt":"2025-07-31T08:24:59","guid":{"rendered":"https:\/\/cmu-edu.eu\/electromecanica\/?page_id=1766"},"modified":"2025-07-31T08:37:11","modified_gmt":"2025-07-31T08:37:11","slug":"admitere-doctorat","status":"publish","type":"page","link":"https:\/\/cmu-edu.eu\/electromecanica\/doctorat\/admitere-doctorat\/","title":{"rendered":"Admitere Doctorat"},"content":{"rendered":"<h1 style=\"text-align: center; margin: 10px auto 40px;\"><strong>INFORMA\u021aII ADMITERE STUDII UNIVERSITARE DE DOCTORAT<\/strong><\/h1>\n<div class=\"titlu-blue\">SESIUNEA SEPTEMBRIE 2025<\/div>\n<p><strong>Num\u0103rul de locuri cu tax\u0103 pentru studiile la \u00eenv\u0103\u021b\u0103m\u00e2nt cu frecven\u021b\u0103 redus\u0103\u00a0 &#8211; 3<\/strong><\/p>\n<ul class=\"lista-doi\">\n<li><strong>Taxe de \u00eenscriere \u0219i evaluare dosare:<\/strong><\/li>\n<li>Studen\u021bi rom\u00e2ni\/U.E. 500 lei<\/li>\n<li>Studen\u021bi str\u0103ini \u00een regim cont propriu valutar: 500 euro (taxa colocviu admitere cf. O.G. nr. 22\/2009 privind stabilirea cuantumului minim al taxelor de \u015fcolarizare, \u00een valut\u0103, a cet\u0103\u0163enilor care studiaz\u0103 pe cont propriu \u00een Rom\u00e2nia, din state care nu sunt membre ale Uniunii Europene, precum \u015fi din cele care nu fac parte din Spa\u0163iul Economic European \u015fi din Confedera\u0163ia Elve\u0163ian\u0103)<\/li>\n<\/ul>\n<hr class=\"ap-spacing\" style=\"height:10px\"\/>\n<ul class=\"lista-doi\">\n<li><strong>Taxe de \u0219colarizare pentru studen\u021bii \u00eenmatricula\u021bi pe locuri cu tax\u0103 :<\/strong><\/li>\n<li>Studen\u021bi rom\u00e2ni\/U.E. 10.000 lei<\/li>\n<li>Studen\u021bi str\u0103ini \u00een regim cont propriu valutar : 5.000 euro.<\/li>\n<\/ul>\n<p><hr class=\"ap-spacing\" style=\"height:10px\"\/><br \/>\n<div class=\"clearfix ap-row\"><div class=\"ap_column ap-span3\"><strong>Depunerea dosarelor 8-19 septembrie 2025<\/strong>\n<strong>Persoana de contact:<\/strong> Edith P\u0103dineanu, secretar \u015ecoala Doctoral\u0103, Constan\u0163a, str. Mircea cel B\u0103tr\u00e2n, nr. 104, P003, +40-241-664740, int.104, <a href=\"mailto:edith.padineanu@cmu-edu.eu\">edith.padineanu@cmu-edu.eu<\/a><\/p>\n<table>\n<tbody>\n<tr>\n<td width=\"598\"><strong>PROBE ADMITERE<\/strong><\/td>\n<\/tr>\n<tr>\n<td width=\"598\"><strong>EXAMEN COMPETEN\u021a\u0102 LINGVISTIC\u0102, 25.09.2025, ora 10, sala E208<\/strong><\/td>\n<\/tr>\n<tr>\n<td width=\"598\"><strong>COLOCVIU ADMITERE 26.09.2025, ora 11 sala P005<\/strong><\/td>\n<\/tr>\n<\/tbody>\n<\/table><\/div>\n<div class=\"ap_column ap-span3\"><h3>Formulare Necesare<\/h3>\n<ul class=\"lista-doi\">\n<li><a href=\"https:\/\/cmu-edu.eu\/electromecanica\/wp-content\/uploads\/sites\/19\/2025\/07\/Act-aditional-cotract.docx\">Act adi\u021bional contract<\/a><\/li>\n<li><a href=\"https:\/\/cmu-edu.eu\/electromecanica\/wp-content\/uploads\/sites\/19\/2025\/07\/Cerere-de-inscriere-doctorat.docx\">Cerere de \u00eenscriere doctorat<\/a><\/li>\n<li><a href=\"https:\/\/cmu-edu.eu\/electromecanica\/wp-content\/uploads\/sites\/19\/2025\/07\/Contract-scoala-doctorala-ro-eng.docx\">Contract \u0218coala Doctorala Ro-Eng<\/a><\/li>\n<li><a href=\"https:\/\/cmu-edu.eu\/electromecanica\/wp-content\/uploads\/sites\/19\/2025\/07\/Declaratie-consimtamant-doctorat.docx\">Declara\u021bie de consim\u021b\u0103m\u00e2nt doctorat<\/a><\/li>\n<li><a href=\"https:\/\/cmu-edu.eu\/electromecanica\/wp-content\/uploads\/sites\/19\/2025\/07\/Fisa-de-inscriere-doctorat.docx\">Fi\u0219a de \u00eenscriere doctorat<\/a><\/li>\n<\/ul><\/div><\/div><\/p>\n<hr class=\"ap-spacing\" style=\"height:10px\"\/>\n<h3>Actele necesare pentru \u00eenscriere la studii de doctorat se depun la secretariatul \u015fcolii doctorale (parter, sala P003)<\/h3>\n<ul class=\"lista-doi\">\n<li>\u00a0Declara\u021bie de consim\u021b\u0103m\u00e2nt prelucrare date personale<\/li>\n<li>\u00a0Cerere de \u00eenscriere<\/li>\n<li>\u00a0Fi\u015f\u0103 personal\u0103 de \u00eenscriere<\/li>\n<li>\u00a0Curriculum vitae<\/li>\n<li>\u00a0Lista de lucr\u0103ri publicate.<\/li>\n<li>Originale \u015fi copii simple de pe: diplomele de studii (licenta, master cu foile matricole sau suplimentele la diplom\u0103); diploma de bacalaureat; certificat de na\u015ftere; certificat de c\u0103s\u0103torie sau alt act de schimbare a numelui (unde este cazul).<\/li>\n<li>Chitan\u0163\u0103 privind plata taxei de \u00eenscriere (500 lei)<\/li>\n<li>Copie buletin\/carte de identitate<\/li>\n<li>Candida\u021bii care de\u021bin un Certificat de competen\u021b\u0103 lingvistic\u0103 (Cambridge, TOEFL, IELTS etc.) vor include o copie simpl\u0103 \u00een dosarul de \u00eenscriere. Nivelul minim necesar- echivalent cu B2 conform Cadrului European Comun de Referin\u021b\u0103 pentru Limbi (CECRL). Candida\u021bii care nu de\u021bin un astfel de certificat vor sus\u021bine un examen de competen\u021b\u0103 lingvistic\u0103 \u00eenaintea colocviului de admitere.<\/li>\n<li><strong><em>Taxa de participare la acest examen este de 200 lei.<\/em><\/strong><\/li>\n<\/ul>\n<hr class=\"ap-spacing\" style=\"height:10px\"\/>\n<div class=\"titlu-blue\">ORGANIZAREA COLOCVIULUI DE ADMITERE<\/div>\n<p>Admiterea se realizeaz\u0103 prin concurs organizat la nivelul \u015ecolii doctorale, concursul const\u00e2nd \u00eentr-o prob\u0103 tip interviu, \u00een care se analizeaz\u0103:<\/p>\n<ol>\n<li>Parcursul academic \u015fi profesional al candidatului;<\/li>\n<li>Activitatea de cercetare desf\u0103\u0219urat\u0103 anterior \u015fi rezultatele acesteia;<\/li>\n<li>Subiectul tezei \u015fi cuno\u0219tin\u021bele \u00een domeniul propus pentru tez\u0103 (proba de specialitate).<\/li>\n<\/ol>\n<p><strong>Proba de specialitate <\/strong>const\u0103 din prezentarea oral\u0103 a preocup\u0103rilor proprii de cercetare \u015ftiin\u0163ific\u0103, a bibliografiei studiate \u015fi a unei direc\u021bii \u00een care ar urma s\u0103 fie finalizat\u0103 teza de doctorat. Aceast\u0103 prezentare este urmat\u0103 de o discu\u021bie clarificatoare cu membrii comisiei de admitere. Cu prilejul sus\u021binerii probei de specialitate candida\u0163ii sunt aprecia\u0163i \u00een raport cu nivelul de preg\u0103tire \u015fi informare \u00een domeniu, cu capacitatea de a eviden\u021bia orient\u0103rile majore ale cercet\u0103rii \u015fi cu capacitatea de a formula solu\u0163ii \u015fi c\u0103i de rezolvare (teoretice \u015fi experimentale) pentru o tem\u0103 de cercetare. Fiecare dintre membrii comisiilor pentru sus\u0163inerea probei de specialitate acord\u0103 fiec\u0103rui candidat c\u00e2te o not\u0103 (\u00eentreag\u0103), de la 1 la 10.<\/p>\n<ul class=\"lista-doi\">\n<li>(1) Media ob\u0163inut\u0103 la proba de specialitate pentru admiterea la doctorat este media aritmetic\u0103 a notelor de la 1 la 10, acordate de membrii comisiei de examinare.<\/li>\n<li>(2) Media general\u0103 de admitere se constituie ca medie aritmetic\u0103 din media ob\u0163inut\u0103 la proba de specialitate pentru admiterea la doctorat \u015fi media general\u0103 a anilor de studii, calculat\u0103 prin luarea \u00een considerare a anilor de studii de licen\u0163\u0103 \u015fi masterat.<\/li>\n<li>(3) Media general\u0103 de admitere trebuie s\u0103 fie <strong>minim 8,00 (opt)<\/strong>.<\/li>\n<\/ul>\n<p>Atunci c\u00e2nd este necesar\u0103 departajarea mai multor candida\u0163i care au aceea\u015fi medie se va utiliza criteriul:\u00a0media ob\u0163inut\u0103 la proba de specialitate.<\/p>\n","protected":false},"excerpt":{"rendered":"<p>INFORMA\u021aII ADMITERE STUDII UNIVERSITARE DE DOCTORAT SESIUNEA SEPTEMBRIE 2025 Num\u0103rul de locuri cu tax\u0103 pentru studiile la \u00eenv\u0103\u021b\u0103m\u00e2nt cu frecven\u021b\u0103 redus\u0103\u00a0 &#8211; 3 Taxe de \u00eenscriere \u0219i evaluare dosare: Studen\u021bi rom\u00e2ni\/U.E. 500 lei Studen\u021bi str\u0103ini \u00een regim cont propriu valutar: 500 euro (taxa colocviu admitere cf. O.G. nr. 22\/2009 privind stabilirea cuantumului minim al taxelor [&hellip;]<\/p>\n","protected":false},"author":4,"featured_media":0,"parent":65,"menu_order":0,"comment_status":"closed","ping_status":"closed","template":"","meta":{"footnotes":""},"class_list":["post-1766","page","type-page","status-publish","hentry"],"_links":{"self":[{"href":"https:\/\/cmu-edu.eu\/electromecanica\/wp-json\/wp\/v2\/pages\/1766","targetHints":{"allow":["GET"]}}],"collection":[{"href":"https:\/\/cmu-edu.eu\/electromecanica\/wp-json\/wp\/v2\/pages"}],"about":[{"href":"https:\/\/cmu-edu.eu\/electromecanica\/wp-json\/wp\/v2\/types\/page"}],"author":[{"embeddable":true,"href":"https:\/\/cmu-edu.eu\/electromecanica\/wp-json\/wp\/v2\/users\/4"}],"replies":[{"embeddable":true,"href":"https:\/\/cmu-edu.eu\/electromecanica\/wp-json\/wp\/v2\/comments?post=1766"}],"version-history":[{"count":15,"href":"https:\/\/cmu-edu.eu\/electromecanica\/wp-json\/wp\/v2\/pages\/1766\/revisions"}],"predecessor-version":[{"id":1789,"href":"https:\/\/cmu-edu.eu\/electromecanica\/wp-json\/wp\/v2\/pages\/1766\/revisions\/1789"}],"up":[{"embeddable":true,"href":"https:\/\/cmu-edu.eu\/electromecanica\/wp-json\/wp\/v2\/pages\/65"}],"wp:attachment":[{"href":"https:\/\/cmu-edu.eu\/electromecanica\/wp-json\/wp\/v2\/media?parent=1766"}],"curies":[{"name":"wp","href":"https:\/\/api.w.org\/{rel}","templated":true}]}}